{"id":38864,"date":"2023-05-08T17:20:00","date_gmt":"2023-05-08T15:20:00","guid":{"rendered":"https:\/\/iptvking.co\/zanesljiv-iptv\/"},"modified":"2025-12-08T12:31:42","modified_gmt":"2025-12-08T11:31:42","slug":"zanesljiv-iptv","status":"publish","type":"page","link":"https:\/\/iptvking.co\/sl\/zanesljiv-iptv\/","title":{"rendered":"Zanesljiv IPTV"},"content":{"rendered":"\t\t<div data-elementor-type=\"wp-page\" data-elementor-id=\"38864\" class=\"elementor elementor-38864 elementor-12485\" data-elementor-post-type=\"page\">\n\t\t\t\t\t\t<section class=\"elementor-section elementor-top-section elementor-element elementor-element-f844598 elementor-section-boxed elementor-section-height-default elementor-section-height-default\" data-id=\"f844598\" data-element_type=\"section\" data-e-type=\"section\">\n\t\t\t\t\t\t<div class=\"elementor-container elementor-column-gap-default\">\n\t\t\t\t\t<div class=\"elementor-column elementor-col-100 elementor-top-column elementor-element elementor-element-1f0b1a1\" data-id=\"1f0b1a1\" data-element_type=\"column\" data-e-type=\"column\">\n\t\t\t<div class=\"elementor-widget-wrap elementor-element-populated\">\n\t\t\t\t\t\t<div class=\"elementor-element elementor-element-43396b2 elementor-widget elementor-widget-heading\" data-id=\"43396b2\" data-element_type=\"widget\" data-e-type=\"widget\" data-widget_type=\"heading.default\">\n\t\t\t\t<div class=\"elementor-widget-container\">\n\t\t\t\t\t<h2 class=\"elementor-heading-title elementor-size-default\">Zanesljiv IPTV ponudnik<\/h2>\t\t\t\t<\/div>\n\t\t\t\t<\/div>\n\t\t\t\t<div class=\"elementor-element elementor-element-54c0e24 elementor-widget elementor-widget-text-editor\" data-id=\"54c0e24\" data-element_type=\"widget\" data-e-type=\"widget\" data-widget_type=\"text-editor.default\">\n\t\t\t\t<div class=\"elementor-widget-container\">\n\t\t\t\t\t\t\t\t\t<h2><strong>Zanesljive IPTV storitve: Kako najti najbolj\u0161ega ponudnika<\/strong><\/h2><p>IPTV ali Internet Protocol Television je priljubljen na\u010din pretakanja televizijskih kanalov v \u017eivo in video na zahtevo preko interneta. Vendar niso vse IPTV storitve enake. Nekateri ponudniki \u017eal ponujajo nezanesljive in nestabilne storitve, slabo podporo strankam in omejene mo\u017enosti kanalov. \u010ce i\u0161\u010de\u0161 zanesljivega <a href=\"https:\/\/iptvking.co\/sl\/?page_id=23636\">IPTV<\/a> ponudnika, ti bodo ti nasveti pomagali najti <a href=\"https:\/\/iptvking.co\/sl\/?page_id=23636\">najbolj\u0161ega IPTV ponudnika<\/a>.   <\/p><p>Pomisli na to:<\/p><ul><li>Preveri seznam kanalov.<\/li><li>Preveri kakovost kanalov z brezpla\u010dnim testom.<\/li><li>Testiraj podporo.<\/li><li>Cena ni najpomembnej\u0161a!<\/li><\/ul><h3><strong>Klju\u010dno za zanesljivega IPTV ponudnika<\/strong><\/h3><p>Zanesljive IPTV storitve morajo ponujati visokokakovostno pretakanje z minimalnim zakasnjevanjem in izpadi. Poi\u0161\u010di ponudnike, ki ponujajo brezpla\u010den test, da lahko preveri\u0161storitev, preden pla\u010da\u0161. Test ne potrebuje biti dolg, pomembno je, da ima\u0161 \u010das videti ponudbo na kanalu\/oddaji v \u017eivo. Namenske stre\u017enike in napredna tehnologija pretakanja so prav tako pomembni za zagotavljanje nemotene izku\u0161nje gledanja.    <a href=\"https:\/\/iptvking.co\/sl\/\">Svensk IPTV<\/a>  je eden redkih, ki ima to.<\/p>\t\t\t\t\t\t\t\t<\/div>\n\t\t\t\t<\/div>\n\t\t\t\t<div class=\"elementor-element elementor-element-7593d57 elementor-widget elementor-widget-text-editor\" data-id=\"7593d57\" data-element_type=\"widget\" data-e-type=\"widget\" data-widget_type=\"text-editor.default\">\n\t\t\t\t<div class=\"elementor-widget-container\">\n\t\t\t\t\t\t\t\t\t<h4><strong>Testiraj podporo<\/strong><\/h4><p>\u010ce ima\u0161 vpra\u0161anja ali naleti\u0161na te\u017eave z IPTV storitvijo, je pomembno imeti dobro podporo strankam, ki ti pomaga. Poi\u0161\u010di ponudnike, ki ponujajo hitro in dobro podporo. Podpora strankam, ki je na voljo 24\/7, je privla\u010dna, vendar v tem primeru ni relevantna, saj ta vrsta podpore pogosto ni dobra ali se celo ne ujema z ogla\u0161evanimi delovnimi \u010dasi. FAQ je pomemben, vendar je ve\u010d na\u010dinov stika \u0161e pomembnej\u0161ih. Ponudnik ne potrebuje deset razli\u010dnih na\u010dinov za stik, vendar mora obstajati stran za podporo in e-po\u0161tni naslov.   <\/p><h4><strong>Cena ni najpomembnej\u0161a<\/strong><\/h4><p>Kon\u010dno, PRENEHAJ dajati preve\u010d poudarka na cene razli\u010dnih IPTV ponudnikov. Obstajajo ponudniki, ki ponujajo IPTV za 15 EUR na leto, in drugi, ki ponujajo storitev za 200 EUR na leto. Normalna cena za IPTV je pribli\u017eno 60 EUR na leto s podporo vklju\u010deno v ceno. Vse drugo, kar je 10-20 EUR cenej\u0161e, \u017eal prina\u0161a opazno razliko v kakovosti.   <\/p><p>Nekateri ponudniki ponujajo mese\u010dne ali letne naro\u010dnine, medtem ko drugi ponujajo mo\u017enosti pla\u010dila na ogled ali paketne ponudbe.<\/p><p>Ponujamo vse kanale, filme, serije, dokumentarce in <span style=\"text-decoration: underline;\">VSE PPV dogodke!<\/span><\/p><p>S sledenjem tem nasvetom lahko najde\u0161 zanesljivo IPTV storitev, ki izpolnjuje tvoje potrebe in zagotavlja visokokakovostno pretakanje na varen in stabilen na\u010din.<\/p>\t\t\t\t\t\t\t\t<\/div>\n\t\t\t\t<\/div>\n\t\t\t\t<div class=\"elementor-element elementor-element-9543050 elementor-align-center elementor-widget elementor-widget-button\" data-id=\"9543050\" data-element_type=\"widget\" data-e-type=\"widget\" data-widget_type=\"button.default\">\n\t\t\t\t<div class=\"elementor-widget-container\">\n\t\t\t\t\t\t\t\t\t<div class=\"elementor-button-wrapper\">\n\t\t\t\t\t<a class=\"elementor-button elementor-button-link elementor-size-sm\" href=\"https:\/\/iptvking.co\/sl\/trgovina\/\">\n\t\t\t\t\t\t<span class=\"elementor-button-content-wrapper\">\n\t\t\t\t\t\t\t\t\t<span class=\"elementor-button-text\">Testiraj IPTV brezpla\u010dno<\/span>\n\t\t\t\t\t<\/span>\n\t\t\t\t\t<\/a>\n\t\t\t\t<\/div>\n\t\t\t\t\t\t\t\t<\/div>\n\t\t\t\t<\/div>\n\t\t\t\t\t<\/div>\n\t\t<\/div>\n\t\t\t\t\t<\/div>\n\t\t<\/section>\n\t\t\t\t<\/div>\n\t\t","protected":false},"excerpt":{"rendered":"<p>Zanesljiv IPTV ponudnik Zanesljive IPTV storitve: Kako najti najbolj\u0161ega ponudnika IPTV ali Internet Protocol Television je priljubljen na\u010din pretakanja televizijskih kanalov v \u017eivo in video na zahtevo preko interneta. Vendar niso vse IPTV storitve enake. Nekateri ponudniki \u017eal ponujajo nezanesljive in nestabilne storitve, slabo podporo strankam in omejene mo\u017enosti kanalov. \u010ce i\u0161\u010de\u0161 zanesljivega IPTV ponudnika, [&hellip;]<\/p>\n","protected":false},"author":3,"featured_media":38866,"parent":0,"menu_order":0,"comment_status":"closed","ping_status":"closed","template":"elementor_header_footer","meta":{"footnotes":""},"class_list":["post-38864","page","type-page","status-publish","has-post-thumbnail","hentry"],"acf":[],"yoast_head":"<!-- This site is optimized with the Yoast SEO plugin v26.9 - https:\/\/yoast.com\/product\/yoast-seo-wordpress\/ -->\n<title>Zanesljiv IPTV - Svensk IPTV<\/title>\n<meta name=\"description\" content=\"Nekateri ponudniki ponujajo nezanesljive in nestabilne storitve, slabo podporo strankam in omejene mo\u017enosti kanalov. Poi\u0161\u010di zanesljivega iptv pon...\" \/>\n<meta name=\"robots\" content=\"index, follow, max-snippet:-1, max-image-preview:large, max-video-preview:-1\" \/>\n<link rel=\"canonical\" href=\"https:\/\/iptvking.co\/sl\/zanesljiv-iptv\/\" \/>\n<meta property=\"og:locale\" content=\"sl_SI\" \/>\n<meta property=\"og:type\" content=\"article\" \/>\n<meta property=\"og:title\" content=\"Zanesljiv IPTV - Svensk IPTV\" \/>\n<meta property=\"og:description\" content=\"Nekateri ponudniki ponujajo nezanesljive in nestabilne storitve, slabo podporo strankam in omejene mo\u017enosti kanalov. Poi\u0161\u010di zanesljivega iptv pon...\" \/>\n<meta property=\"og:url\" content=\"https:\/\/iptvking.co\/sl\/zanesljiv-iptv\/\" \/>\n<meta property=\"og:site_name\" content=\"Svensk IPTV\" \/>\n<meta property=\"article:modified_time\" content=\"2025-12-08T11:31:42+00:00\" \/>\n<meta property=\"og:image\" content=\"https:\/\/iptvking.co\/wp-content\/uploads\/2023\/10\/Svensk-IPTV-background-3.png\" \/>\n\t<meta property=\"og:image:width\" content=\"1477\" \/>\n\t<meta property=\"og:image:height\" content=\"1217\" \/>\n\t<meta property=\"og:image:type\" content=\"image\/png\" \/>\n<meta name=\"twitter:card\" content=\"summary_large_image\" \/>\n<meta name=\"twitter:label1\" content=\"Est. reading time\" \/>\n\t<meta name=\"twitter:data1\" content=\"2 minuti\" \/>\n<script type=\"application\/ld+json\" class=\"yoast-schema-graph\">{\"@context\":\"https:\/\/schema.org\",\"@graph\":[{\"@type\":\"WebPage\",\"@id\":\"https:\/\/iptvking.co\/sl\/zanesljiv-iptv\/\",\"url\":\"https:\/\/iptvking.co\/sl\/zanesljiv-iptv\/\",\"name\":\"Zanesljiv IPTV - Svensk IPTV\",\"isPartOf\":{\"@id\":\"https:\/\/iptvking.co\/sl\/#website\"},\"primaryImageOfPage\":{\"@id\":\"https:\/\/iptvking.co\/sl\/zanesljiv-iptv\/#primaryimage\"},\"image\":{\"@id\":\"https:\/\/iptvking.co\/sl\/zanesljiv-iptv\/#primaryimage\"},\"thumbnailUrl\":\"https:\/\/iptvking.co\/wp-content\/uploads\/2023\/10\/Svensk-IPTV-background-3.png\",\"datePublished\":\"2023-05-08T15:20:00+00:00\",\"dateModified\":\"2025-12-08T11:31:42+00:00\",\"description\":\"Nekateri ponudniki ponujajo nezanesljive in nestabilne storitve, slabo podporo strankam in omejene mo\u017enosti kanalov. Poi\u0161\u010di zanesljivega iptv pon...\",\"breadcrumb\":{\"@id\":\"https:\/\/iptvking.co\/sl\/zanesljiv-iptv\/#breadcrumb\"},\"inLanguage\":\"sl-SI\",\"potentialAction\":[{\"@type\":\"ReadAction\",\"target\":[\"https:\/\/iptvking.co\/sl\/zanesljiv-iptv\/\"]}]},{\"@type\":\"ImageObject\",\"inLanguage\":\"sl-SI\",\"@id\":\"https:\/\/iptvking.co\/sl\/zanesljiv-iptv\/#primaryimage\",\"url\":\"https:\/\/iptvking.co\/wp-content\/uploads\/2023\/10\/Svensk-IPTV-background-3.png\",\"contentUrl\":\"https:\/\/iptvking.co\/wp-content\/uploads\/2023\/10\/Svensk-IPTV-background-3.png\",\"width\":1477,\"height\":1217,\"caption\":\"IPTV Slovenija\"},{\"@type\":\"BreadcrumbList\",\"@id\":\"https:\/\/iptvking.co\/sl\/zanesljiv-iptv\/#breadcrumb\",\"itemListElement\":[{\"@type\":\"ListItem\",\"position\":1,\"name\":\"Home\",\"item\":\"https:\/\/iptvking.co\/sl\/\"},{\"@type\":\"ListItem\",\"position\":2,\"name\":\"Zanesljiv IPTV\"}]},{\"@type\":\"WebSite\",\"@id\":\"https:\/\/iptvking.co\/sl\/#website\",\"url\":\"https:\/\/iptvking.co\/sl\/\",\"name\":\"IPTV King\",\"description\":\"B\u00e4st p\u00e5 Svensk IPTV!\",\"alternateName\":\"The King of IPTV!\",\"potentialAction\":[{\"@type\":\"SearchAction\",\"target\":{\"@type\":\"EntryPoint\",\"urlTemplate\":\"https:\/\/iptvking.co\/sl\/?s={search_term_string}\"},\"query-input\":{\"@type\":\"PropertyValueSpecification\",\"valueRequired\":true,\"valueName\":\"search_term_string\"}}],\"inLanguage\":\"sl-SI\"}]}<\/script>\n<!-- \/ Yoast SEO plugin. -->","yoast_head_json":{"title":"Zanesljiv IPTV - Svensk IPTV","description":"Nekateri ponudniki ponujajo nezanesljive in nestabilne storitve, slabo podporo strankam in omejene mo\u017enosti kanalov. Poi\u0161\u010di zanesljivega iptv pon...","robots":{"index":"index","follow":"follow","max-snippet":"max-snippet:-1","max-image-preview":"max-image-preview:large","max-video-preview":"max-video-preview:-1"},"canonical":"https:\/\/iptvking.co\/sl\/zanesljiv-iptv\/","og_locale":"sl_SI","og_type":"article","og_title":"Zanesljiv IPTV - Svensk IPTV","og_description":"Nekateri ponudniki ponujajo nezanesljive in nestabilne storitve, slabo podporo strankam in omejene mo\u017enosti kanalov. Poi\u0161\u010di zanesljivega iptv pon...","og_url":"https:\/\/iptvking.co\/sl\/zanesljiv-iptv\/","og_site_name":"Svensk IPTV","article_modified_time":"2025-12-08T11:31:42+00:00","og_image":[{"width":1477,"height":1217,"url":"https:\/\/iptvking.co\/wp-content\/uploads\/2023\/10\/Svensk-IPTV-background-3.png","type":"image\/png"}],"twitter_card":"summary_large_image","twitter_misc":{"Est. reading time":"2 minuti"},"schema":{"@context":"https:\/\/schema.org","@graph":[{"@type":"WebPage","@id":"https:\/\/iptvking.co\/sl\/zanesljiv-iptv\/","url":"https:\/\/iptvking.co\/sl\/zanesljiv-iptv\/","name":"Zanesljiv IPTV - Svensk IPTV","isPartOf":{"@id":"https:\/\/iptvking.co\/sl\/#website"},"primaryImageOfPage":{"@id":"https:\/\/iptvking.co\/sl\/zanesljiv-iptv\/#primaryimage"},"image":{"@id":"https:\/\/iptvking.co\/sl\/zanesljiv-iptv\/#primaryimage"},"thumbnailUrl":"https:\/\/iptvking.co\/wp-content\/uploads\/2023\/10\/Svensk-IPTV-background-3.png","datePublished":"2023-05-08T15:20:00+00:00","dateModified":"2025-12-08T11:31:42+00:00","description":"Nekateri ponudniki ponujajo nezanesljive in nestabilne storitve, slabo podporo strankam in omejene mo\u017enosti kanalov. Poi\u0161\u010di zanesljivega iptv pon...","breadcrumb":{"@id":"https:\/\/iptvking.co\/sl\/zanesljiv-iptv\/#breadcrumb"},"inLanguage":"sl-SI","potentialAction":[{"@type":"ReadAction","target":["https:\/\/iptvking.co\/sl\/zanesljiv-iptv\/"]}]},{"@type":"ImageObject","inLanguage":"sl-SI","@id":"https:\/\/iptvking.co\/sl\/zanesljiv-iptv\/#primaryimage","url":"https:\/\/iptvking.co\/wp-content\/uploads\/2023\/10\/Svensk-IPTV-background-3.png","contentUrl":"https:\/\/iptvking.co\/wp-content\/uploads\/2023\/10\/Svensk-IPTV-background-3.png","width":1477,"height":1217,"caption":"IPTV Slovenija"},{"@type":"BreadcrumbList","@id":"https:\/\/iptvking.co\/sl\/zanesljiv-iptv\/#breadcrumb","itemListElement":[{"@type":"ListItem","position":1,"name":"Home","item":"https:\/\/iptvking.co\/sl\/"},{"@type":"ListItem","position":2,"name":"Zanesljiv IPTV"}]},{"@type":"WebSite","@id":"https:\/\/iptvking.co\/sl\/#website","url":"https:\/\/iptvking.co\/sl\/","name":"IPTV King","description":"B\u00e4st p\u00e5 Svensk IPTV!","alternateName":"The King of IPTV!","potentialAction":[{"@type":"SearchAction","target":{"@type":"EntryPoint","urlTemplate":"https:\/\/iptvking.co\/sl\/?s={search_term_string}"},"query-input":{"@type":"PropertyValueSpecification","valueRequired":true,"valueName":"search_term_string"}}],"inLanguage":"sl-SI"}]}},"_links":{"self":[{"href":"https:\/\/iptvking.co\/sl\/wp-json\/wp\/v2\/pages\/38864","targetHints":{"allow":["GET"]}}],"collection":[{"href":"https:\/\/iptvking.co\/sl\/wp-json\/wp\/v2\/pages"}],"about":[{"href":"https:\/\/iptvking.co\/sl\/wp-json\/wp\/v2\/types\/page"}],"author":[{"embeddable":true,"href":"https:\/\/iptvking.co\/sl\/wp-json\/wp\/v2\/users\/3"}],"replies":[{"embeddable":true,"href":"https:\/\/iptvking.co\/sl\/wp-json\/wp\/v2\/comments?post=38864"}],"version-history":[{"count":1,"href":"https:\/\/iptvking.co\/sl\/wp-json\/wp\/v2\/pages\/38864\/revisions"}],"predecessor-version":[{"id":38868,"href":"https:\/\/iptvking.co\/sl\/wp-json\/wp\/v2\/pages\/38864\/revisions\/38868"}],"wp:featuredmedia":[{"embeddable":true,"href":"https:\/\/iptvking.co\/sl\/wp-json\/wp\/v2\/media\/38866"}],"wp:attachment":[{"href":"https:\/\/iptvking.co\/sl\/wp-json\/wp\/v2\/media?parent=38864"}],"curies":[{"name":"wp","href":"https:\/\/api.w.org\/{rel}","templated":true}]}}