{"id":38799,"date":"2024-07-05T12:19:42","date_gmt":"2024-07-05T10:19:42","guid":{"rendered":"https:\/\/iptvking.co\/najlepsi-box-pre-iptv\/"},"modified":"2025-12-08T12:29:51","modified_gmt":"2025-12-08T11:29:51","slug":"najlepsi-box-pre-iptv","status":"publish","type":"page","link":"https:\/\/iptvking.co\/sk\/najlepsi-box-pre-iptv\/","title":{"rendered":"Najlep\u0161\u00ed box pre IPTV"},"content":{"rendered":"\t\t<div data-elementor-type=\"wp-page\" data-elementor-id=\"38799\" class=\"elementor elementor-38799 elementor-12267\" data-elementor-post-type=\"page\">\n\t\t\t\t\t\t<section class=\"elementor-section elementor-top-section elementor-element elementor-element-630b150 elementor-section-boxed elementor-section-height-default elementor-section-height-default\" data-id=\"630b150\" data-element_type=\"section\" data-e-type=\"section\">\n\t\t\t\t\t\t<div class=\"elementor-container elementor-column-gap-default\">\n\t\t\t\t\t<div class=\"elementor-column elementor-col-100 elementor-top-column elementor-element elementor-element-ca46cf8\" data-id=\"ca46cf8\" data-element_type=\"column\" data-e-type=\"column\">\n\t\t\t<div class=\"elementor-widget-wrap elementor-element-populated\">\n\t\t\t\t\t\t<div class=\"elementor-element elementor-element-60ecc3f elementor-widget elementor-widget-text-editor\" data-id=\"60ecc3f\" data-element_type=\"widget\" data-e-type=\"widget\" data-widget_type=\"text-editor.default\">\n\t\t\t\t<div class=\"elementor-widget-container\">\n\t\t\t\t\t\t\t\t\t<h1 style=\"text-align: center;\"><strong>Najlep\u0161\u00ed IPTV box<\/strong><\/h1>\t\t\t\t\t\t\t\t<\/div>\n\t\t\t\t<\/div>\n\t\t\t\t<div class=\"elementor-element elementor-element-39e283a elementor-widget elementor-widget-text-editor\" data-id=\"39e283a\" data-element_type=\"widget\" data-e-type=\"widget\" data-widget_type=\"text-editor.default\">\n\t\t\t\t<div class=\"elementor-widget-container\">\n\t\t\t\t\t\t\t\t\t<span style=\"color: var( --e-global-color-text ); font-family: var( --e-global-typography-text-font-family ), Sans-serif;\"><b>Ktor\u00fd je najlep\u0161\u00ed IPTV box<\/b>? Najlep\u0161\u00ed box pre IPTV bude v\u017edy box s dobrou RAM pam\u00e4\u0165ou, dobr\u00fdm procesorom a pekn\u00fdm rozhran\u00edm. Odpor\u00fa\u010dame tieto boxy v\u0161etk\u00fdm, ktor\u00ed chc\u00fa pou\u017e\u00edva\u0165   <\/span><a href=\"https:\/\/iptvking.co\/sk\/?page_id=23636\">IPTV<\/a><span style=\"color: var( --e-global-color-text ); font-family: var( --e-global-typography-text-font-family ), Sans-serif;\">. Ak by sa vyskytli probl\u00e9my s boxom, v\u017edy existuje z\u00e1ruka v z\u00e1vislosti od toho, kde ho k\u00fapite. Odpor\u00fa\u010dame k\u00fapi\u0165 si IPTV box od n\u00e1s. <\/span>\n\n<span style=\"color: #000000;\">Najlep\u0161\u00ed box pre IPTV je niektor\u00fd z t\u00fdchto boxov. Spolu so  <a href=\"https:\/\/www.svenskiptv.com\/palitlig-iptv\/\"><\/a><a href=\"https:\/\/iptvking.co\/sk\/spolahlive-iptv\/\">spo\u013eahliv\u00fdm IPTV<\/a>\n poskytovate\u013eom z\u00edskate najlep\u0161\u00ed z\u00e1\u017eitok.<\/span>\n<ul>\n \t<li><span style=\"color: #000000;\">TVIP 705<\/span><\/li>\n \t<li><span style=\"color: #000000;\">Apple TV (najnov\u0161ia gener\u00e1cia)<\/span><\/li>\n \t<li><span style=\"color: #000000;\">Formuler Z11 Pro Max<\/span><\/li>\n \t<li><span style=\"color: #000000;\">Nvidia Shield<\/span><\/li>\n<\/ul>\t\t\t\t\t\t\t\t<\/div>\n\t\t\t\t<\/div>\n\t\t\t\t<section class=\"elementor-section elementor-inner-section elementor-element elementor-element-3c320be elementor-section-boxed elementor-section-height-default elementor-section-height-default\" data-id=\"3c320be\" data-element_type=\"section\" data-e-type=\"section\">\n\t\t\t\t\t\t<div class=\"elementor-container elementor-column-gap-default\">\n\t\t\t\t\t<div class=\"elementor-column elementor-col-100 elementor-inner-column elementor-element elementor-element-dca030c\" data-id=\"dca030c\" data-element_type=\"column\" data-e-type=\"column\">\n\t\t\t<div class=\"elementor-widget-wrap elementor-element-populated\">\n\t\t\t\t\t\t<div class=\"elementor-element elementor-element-200fc38 elementor-widget elementor-widget-text-editor\" data-id=\"200fc38\" data-element_type=\"widget\" data-e-type=\"widget\" data-widget_type=\"text-editor.default\">\n\t\t\t\t<div class=\"elementor-widget-container\">\n\t\t\t\t\t\t\t\t\t<p><strong>TVIP 705<\/strong> je box vytvoren\u00fd \u0161peci\u00e1lne na sledovanie IPTV. M\u00e1 siln\u00fd 4-jadrov\u00fd procesor, ktor\u00fd zvl\u00e1dne prehr\u00e1va\u0165 zvuk a obraz vo vysokej kvalite. <a href=\"https:\/\/www.tvipbox.tv\/tvip-sbox-v605.html\">Na webstr\u00e1nke TVIP<\/a> si m\u00f4\u017ee\u0161 pre\u010d\u00edta\u0165 viac o ich boxe. <\/p>\t\t\t\t\t\t\t\t<\/div>\n\t\t\t\t<\/div>\n\t\t\t\t<div class=\"elementor-element elementor-element-b77d68c elementor-widget elementor-widget-image\" data-id=\"b77d68c\" data-element_type=\"widget\" data-e-type=\"widget\" data-widget_type=\"image.default\">\n\t\t\t\t<div class=\"elementor-widget-container\">\n\t\t\t\t\t\t\t\t\t\t\t\t\t\t\t<img loading=\"lazy\" decoding=\"async\" width=\"768\" height=\"395\" src=\"https:\/\/iptvking.co\/wp-content\/uploads\/2024\/02\/basta-iptv-boxen-tvip-705-svenskiptv-768x395.png\" class=\"attachment-medium_large size-medium_large wp-image-38801\" alt=\"najlep\u0161\u00ed iptv box tvip 705 IPTV Slovak\" srcset=\"https:\/\/iptvking.co\/wp-content\/uploads\/2024\/02\/basta-iptv-boxen-tvip-705-svenskiptv-768x395.png 768w, https:\/\/iptvking.co\/wp-content\/uploads\/2024\/02\/basta-iptv-boxen-tvip-705-svenskiptv-300x154.png 300w, https:\/\/iptvking.co\/wp-content\/uploads\/2024\/02\/basta-iptv-boxen-tvip-705-svenskiptv-600x309.png 600w, https:\/\/iptvking.co\/wp-content\/uploads\/2024\/02\/basta-iptv-boxen-tvip-705-svenskiptv.png 1022w\" sizes=\"auto, (max-width: 768px) 100vw, 768px\" \/>\t\t\t\t\t\t\t\t\t\t\t\t\t\t\t<\/div>\n\t\t\t\t<\/div>\n\t\t\t\t<div class=\"elementor-element elementor-element-997cb4c elementor-align-center elementor-widget elementor-widget-button\" data-id=\"997cb4c\" data-element_type=\"widget\" data-e-type=\"widget\" data-widget_type=\"button.default\">\n\t\t\t\t<div class=\"elementor-widget-container\">\n\t\t\t\t\t\t\t\t\t<div class=\"elementor-button-wrapper\">\n\t\t\t\t\t<a class=\"elementor-button elementor-button-link elementor-size-sm\" href=\"https:\/\/www.svenskiptv.com\/packages\/\">\n\t\t\t\t\t\t<span class=\"elementor-button-content-wrapper\">\n\t\t\t\t\t\t\t\t\t<span class=\"elementor-button-text\">Vysk\u00fa\u0161aj IPTV<\/span>\n\t\t\t\t\t<\/span>\n\t\t\t\t\t<\/a>\n\t\t\t\t<\/div>\n\t\t\t\t\t\t\t\t<\/div>\n\t\t\t\t<\/div>\n\t\t\t\t<div class=\"elementor-element elementor-element-ac0a532 elementor-widget elementor-widget-text-editor\" data-id=\"ac0a532\" data-element_type=\"widget\" data-e-type=\"widget\" data-widget_type=\"text-editor.default\">\n\t\t\t\t<div class=\"elementor-widget-container\">\n\t\t\t\t\t\t\t\t\t<h2 style=\"text-align: center;\"><strong>Ktor\u00fd je najlep\u0161\u00ed IPTV box v roku 2026?<\/strong><\/h2>\t\t\t\t\t\t\t\t<\/div>\n\t\t\t\t<\/div>\n\t\t\t\t\t<\/div>\n\t\t<\/div>\n\t\t\t\t\t<\/div>\n\t\t<\/section>\n\t\t\t\t<div class=\"elementor-element elementor-element-2457b06 elementor-widget elementor-widget-text-editor\" data-id=\"2457b06\" data-element_type=\"widget\" data-e-type=\"widget\" data-widget_type=\"text-editor.default\">\n\t\t\t\t<div class=\"elementor-widget-container\">\n\t\t\t\t\t\t\t\t\t<strong>Dobr\u00fd IPTV box je TVIP 605. Av\u0161ak TVIP 705 a tie\u017e Apple TV s\u00fa absol\u00fatne najlep\u0161ie boxy <\/strong>. S\u00fa na rovnakej \u00farovni, \u010do sa t\u00fdka v\u00fdkonu. My osobne uprednost\u0148ujeme Apple TV, preto\u017ee sa d\u00e1 r\u00fdchlo a \u013eahko k\u00fapi\u0165 u n\u00e1s alebo v in\u00fdch obchodoch, box m\u00e1 tie\u017e ve\u013ea funkci\u00ed a nie je obmedzen\u00fd len na IPTV. \u010casom sme vysk\u00fa\u0161ali nieko\u013eko r\u00f4znych boxov, ktor\u00e9 fungovali dobre, ale vy\u0161\u0161ie uveden\u00e9 sa vyzna\u010dovali nie\u010d\u00edm extra. Boxy Formuler s\u00fa tie\u017e dobr\u00e9, ale po \u010dase m\u00f4\u017eu za\u010da\u0165 ma\u0165 zvl\u00e1\u0161tne probl\u00e9my ako \u010dierna obrazovka, zam\u0155zanie at\u010f.   \n\nBox Tvip 705 bol vyhl\u00e1sen\u00fd za najlep\u0161\u00ed box v roku 2022 a najlep\u0161\u00ed box v roku 2023. Ur\u010dite by sme chceli tvrdi\u0165, \u017ee TVIP 705 je najlep\u0161\u00ed IPTV box v roku 2025. Z\u00edska\u0161 \u00faplne in\u00fd z\u00e1\u017eitok, ke\u010f spoj\u00ed\u0161 box s   <a href=\"https:\/\/www.svenskiptv.com\/vilken-iptv-leverantor-ska-man-valja\/\"><\/a><a href=\"https:\/\/iptvking.co\/sk\/?page_id=23636\">najlep\u0161\u00edm IPTV poskytovate\u013eom<\/a>, aj ke\u010f boxy funguj\u00fa so v\u0161etk\u00fdmi poskytovate\u013emi.\t\t\t\t\t\t\t\t<\/div>\n\t\t\t\t<\/div>\n\t\t\t\t<div class=\"elementor-element elementor-element-c99c2eb elementor-widget elementor-widget-image\" data-id=\"c99c2eb\" data-element_type=\"widget\" data-e-type=\"widget\" data-widget_type=\"image.default\">\n\t\t\t\t<div class=\"elementor-widget-container\">\n\t\t\t\t\t\t\t\t\t\t\t\t\t\t\t<img loading=\"lazy\" decoding=\"async\" width=\"800\" height=\"343\" src=\"https:\/\/iptvking.co\/wp-content\/uploads\/2024\/02\/basta-iptv-boxen-apple-tv-svenskiptv-1024x439.jpg\" class=\"attachment-large size-large wp-image-38802\" alt=\"najlep\u0161\u00ed iptv box apple tv IPTV Slovak\" srcset=\"https:\/\/iptvking.co\/wp-content\/uploads\/2024\/02\/basta-iptv-boxen-apple-tv-svenskiptv-1024x439.jpg 1024w, https:\/\/iptvking.co\/wp-content\/uploads\/2024\/02\/basta-iptv-boxen-apple-tv-svenskiptv-300x129.jpg 300w, https:\/\/iptvking.co\/wp-content\/uploads\/2024\/02\/basta-iptv-boxen-apple-tv-svenskiptv-768x330.jpg 768w, https:\/\/iptvking.co\/wp-content\/uploads\/2024\/02\/basta-iptv-boxen-apple-tv-svenskiptv-600x258.jpg 600w, https:\/\/iptvking.co\/wp-content\/uploads\/2024\/02\/basta-iptv-boxen-apple-tv-svenskiptv.jpg 1200w\" sizes=\"auto, (max-width: 800px) 100vw, 800px\" \/>\t\t\t\t\t\t\t\t\t\t\t\t\t\t\t<\/div>\n\t\t\t\t<\/div>\n\t\t\t\t<div class=\"elementor-element elementor-element-e4fe7c8 elementor-widget elementor-widget-text-editor\" data-id=\"e4fe7c8\" data-element_type=\"widget\" data-e-type=\"widget\" data-widget_type=\"text-editor.default\">\n\t\t\t\t<div class=\"elementor-widget-container\">\n\t\t\t\t\t\t\t\t\t<strong>Apple TV<\/strong> je vlajkov\u00e1 lo\u010f Apple, ke\u010f pr\u00edde na sledovanie TV dnes. S ich mal\u00fdm boxom m\u00f4\u017ee\u0161 robi\u0165 v\u0161etko od hrania hier a\u017e po sledovanie TV, ale aj ove\u013ea viac. V App Store n\u00e1jde\u0161 najnov\u0161ie aplik\u00e1cie a toto zariadenie je ve\u013emi dobr\u00e9 na sledovanie IPTV. Tu si m\u00f4\u017ee\u0161 pre\u010d\u00edta\u0165 viac o sledovan\u00ed <a href=\"https:\/\/iptvking.co\/sk\/instrukcie-pre-iptv-apple-tv\/\">IPTV s Apple TV<\/a>.   \n\nSpolu s <a href=\"https:\/\/iptvking.co\/vilken-iptv-app-ar-bast\/\"><\/a><a href=\"https:\/\/iptvking.co\/sk\/ktora-iptv-aplikacia-je-najlepsia\/\">najlep\u0161ou IPTV aplik\u00e1ciou<\/a> je \u0165a\u017ek\u00e9 prekona\u0165 Apple TV. Jednak kv\u00f4li procesoru, ale aj preto, \u017ee si m\u00f4\u017ee\u0161 stiahnu\u0165 to\u013eko r\u00f4znych typov aplik\u00e1ci\u00ed. Ak sa ti nep\u00e1\u010di rozhranie jednej aplik\u00e1cie, stiahne\u0161 si \u010fal\u0161iu. S boxom TVIP si viazan\u00fd na jedno a to ist\u00e9 rozhranie (aj ke\u010f m\u00f4\u017ee\u0161 zmeni\u0165 t\u00e9mu).   \t\t\t\t\t\t\t\t<\/div>\n\t\t\t\t<\/div>\n\t\t\t\t<div class=\"elementor-element elementor-element-1a64f88 elementor-widget elementor-widget-text-editor\" data-id=\"1a64f88\" data-element_type=\"widget\" data-e-type=\"widget\" data-widget_type=\"text-editor.default\">\n\t\t\t\t<div class=\"elementor-widget-container\">\n\t\t\t\t\t\t\t\t\t<h3 style=\"text-align: center;\"><strong>IPTV Box najlep\u0161\u00ed v teste<\/strong><\/h3>\t\t\t\t\t\t\t\t<\/div>\n\t\t\t\t<\/div>\n\t\t\t\t<div class=\"elementor-element elementor-element-2b6f289 elementor-widget elementor-widget-text-editor\" data-id=\"2b6f289\" data-element_type=\"widget\" data-e-type=\"widget\" data-widget_type=\"text-editor.default\">\n\t\t\t\t<div class=\"elementor-widget-container\">\n\t\t\t\t\t\t\t\t\t<p><b>Dobr\u00fd IPTV box s Wifi<\/b> je teda nakoniec TVIP 705 alebo Apple TV. Uprednost\u0148ujeme Apple TV, preto\u017ee je flexibilnej\u0161ia, \u010do sa t\u00fdka funkci\u00ed a mo\u017enost\u00ed v\u00fdberu. Ak si kupuje\u0161 Apple TV, mal by si samozrejme k\u00fapi\u0165 nov\u00e9 nepou\u017eit\u00e9 zariadenie. Ak v\u0161ak h\u013ead\u00e1\u0161 pou\u017eit\u00e9, mal by si sa uisti\u0165, \u017ee je obnoven\u00e9 do tov\u00e1rensk\u00e9ho nastavenia a nes\u0165ahova\u0165 na\u0148 pr\u00edli\u0161 ve\u013ea aplik\u00e1ci\u00ed, aj ke\u010f <a href=\"https:\/\/www.apple.com\/app-store\/\">App Store<\/a> pon\u00faka tis\u00edce aplik\u00e1ci\u00ed!   <\/p>\t\t\t\t\t\t\t\t<\/div>\n\t\t\t\t<\/div>\n\t\t\t\t<div class=\"elementor-element elementor-element-b32b26c elementor-align-center elementor-widget elementor-widget-button\" data-id=\"b32b26c\" data-element_type=\"widget\" data-e-type=\"widget\" data-widget_type=\"button.default\">\n\t\t\t\t<div class=\"elementor-widget-container\">\n\t\t\t\t\t\t\t\t\t<div class=\"elementor-button-wrapper\">\n\t\t\t\t\t<a class=\"elementor-button elementor-button-link elementor-size-sm\" href=\"https:\/\/iptvking.co\/sk\/obchod\/\">\n\t\t\t\t\t\t<span class=\"elementor-button-content-wrapper\">\n\t\t\t\t\t\t\t\t\t<span class=\"elementor-button-text\">Vysk\u00fa\u0161aj IPTV<\/span>\n\t\t\t\t\t<\/span>\n\t\t\t\t\t<\/a>\n\t\t\t\t<\/div>\n\t\t\t\t\t\t\t\t<\/div>\n\t\t\t\t<\/div>\n\t\t\t\t\t<\/div>\n\t\t<\/div>\n\t\t\t\t\t<\/div>\n\t\t<\/section>\n\t\t\t\t<\/div>\n\t\t","protected":false},"excerpt":{"rendered":"<p>Najlep\u0161\u00ed IPTV box Ktor\u00fd je najlep\u0161\u00ed IPTV box? Najlep\u0161\u00ed box pre IPTV bude v\u017edy box s dobrou RAM pam\u00e4\u0165ou, dobr\u00fdm procesorom a pekn\u00fdm rozhran\u00edm. Odpor\u00fa\u010dame tieto boxy v\u0161etk\u00fdm, ktor\u00ed chc\u00fa pou\u017e\u00edva\u0165 IPTV. Ak by sa vyskytli probl\u00e9my s boxom, v\u017edy existuje z\u00e1ruka v z\u00e1vislosti od toho, kde ho k\u00fapite. Odpor\u00fa\u010dame k\u00fapi\u0165 si IPTV box od [&hellip;]<\/p>\n","protected":false},"author":3,"featured_media":0,"parent":0,"menu_order":0,"comment_status":"closed","ping_status":"closed","template":"elementor_header_footer","meta":{"footnotes":""},"class_list":["post-38799","page","type-page","status-publish","hentry"],"acf":[],"yoast_head":"<!-- This site is optimized with the Yoast SEO plugin v26.9 - https:\/\/yoast.com\/product\/yoast-seo-wordpress\/ -->\n<title>Najlep\u0161\u00ed box pre IPTV - Svensk IPTV<\/title>\n<meta name=\"description\" content=\"Najlep\u0161\u00ed box pre IPTV je TVIP 705, ale aj Apple TV. S\u00fa na rovnakej \u00farovni, \u010do sa t\u00fdka v\u00fdkonu. \u010casom...\" \/>\n<meta name=\"robots\" content=\"index, follow, max-snippet:-1, max-image-preview:large, max-video-preview:-1\" \/>\n<link rel=\"canonical\" href=\"https:\/\/iptvking.co\/sk\/najlepsi-box-pre-iptv\/\" \/>\n<meta property=\"og:locale\" content=\"sk_SK\" \/>\n<meta property=\"og:type\" content=\"article\" \/>\n<meta property=\"og:title\" content=\"Najlep\u0161\u00ed box pre IPTV - Svensk IPTV\" \/>\n<meta property=\"og:description\" content=\"Najlep\u0161\u00ed box pre IPTV je TVIP 705, ale aj Apple TV. S\u00fa na rovnakej \u00farovni, \u010do sa t\u00fdka v\u00fdkonu. \u010casom...\" \/>\n<meta property=\"og:url\" content=\"https:\/\/iptvking.co\/sk\/najlepsi-box-pre-iptv\/\" \/>\n<meta property=\"og:site_name\" content=\"Svensk IPTV\" \/>\n<meta property=\"article:modified_time\" content=\"2025-12-08T11:29:51+00:00\" \/>\n<meta property=\"og:image\" content=\"https:\/\/iptvking.co\/wp-content\/uploads\/2024\/02\/basta-iptv-boxen-tvip-705-svenskiptv.png\" \/>\n\t<meta property=\"og:image:width\" content=\"1022\" \/>\n\t<meta property=\"og:image:height\" content=\"526\" \/>\n\t<meta property=\"og:image:type\" content=\"image\/png\" \/>\n<meta name=\"twitter:card\" content=\"summary_large_image\" \/>\n<meta name=\"twitter:label1\" content=\"Predpokladan\u00fd \u010das \u010d\u00edtania\" \/>\n\t<meta name=\"twitter:data1\" content=\"3 min\u00faty\" \/>\n<script type=\"application\/ld+json\" class=\"yoast-schema-graph\">{\"@context\":\"https:\/\/schema.org\",\"@graph\":[{\"@type\":\"WebPage\",\"@id\":\"https:\/\/iptvking.co\/sk\/najlepsi-box-pre-iptv\/\",\"url\":\"https:\/\/iptvking.co\/sk\/najlepsi-box-pre-iptv\/\",\"name\":\"Najlep\u0161\u00ed box pre IPTV - Svensk IPTV\",\"isPartOf\":{\"@id\":\"https:\/\/iptvking.co\/sk\/#website\"},\"primaryImageOfPage\":{\"@id\":\"https:\/\/iptvking.co\/sk\/najlepsi-box-pre-iptv\/#primaryimage\"},\"image\":{\"@id\":\"https:\/\/iptvking.co\/sk\/najlepsi-box-pre-iptv\/#primaryimage\"},\"thumbnailUrl\":\"https:\/\/iptvking.co\/wp-content\/uploads\/2024\/02\/basta-iptv-boxen-tvip-705-svenskiptv-768x395.png\",\"datePublished\":\"2024-07-05T10:19:42+00:00\",\"dateModified\":\"2025-12-08T11:29:51+00:00\",\"description\":\"Najlep\u0161\u00ed box pre IPTV je TVIP 705, ale aj Apple TV. S\u00fa na rovnakej \u00farovni, \u010do sa t\u00fdka v\u00fdkonu. \u010casom...\",\"breadcrumb\":{\"@id\":\"https:\/\/iptvking.co\/sk\/najlepsi-box-pre-iptv\/#breadcrumb\"},\"inLanguage\":\"sk-SK\",\"potentialAction\":[{\"@type\":\"ReadAction\",\"target\":[\"https:\/\/iptvking.co\/sk\/najlepsi-box-pre-iptv\/\"]}]},{\"@type\":\"ImageObject\",\"inLanguage\":\"sk-SK\",\"@id\":\"https:\/\/iptvking.co\/sk\/najlepsi-box-pre-iptv\/#primaryimage\",\"url\":\"https:\/\/iptvking.co\/wp-content\/uploads\/2024\/02\/basta-iptv-boxen-tvip-705-svenskiptv-768x395.png\",\"contentUrl\":\"https:\/\/iptvking.co\/wp-content\/uploads\/2024\/02\/basta-iptv-boxen-tvip-705-svenskiptv-768x395.png\"},{\"@type\":\"BreadcrumbList\",\"@id\":\"https:\/\/iptvking.co\/sk\/najlepsi-box-pre-iptv\/#breadcrumb\",\"itemListElement\":[{\"@type\":\"ListItem\",\"position\":1,\"name\":\"Home\",\"item\":\"https:\/\/iptvking.co\/sk\/\"},{\"@type\":\"ListItem\",\"position\":2,\"name\":\"Najlep\u0161\u00ed box pre IPTV\"}]},{\"@type\":\"WebSite\",\"@id\":\"https:\/\/iptvking.co\/sk\/#website\",\"url\":\"https:\/\/iptvking.co\/sk\/\",\"name\":\"IPTV King\",\"description\":\"B\u00e4st p\u00e5 Svensk IPTV!\",\"alternateName\":\"The King of IPTV!\",\"potentialAction\":[{\"@type\":\"SearchAction\",\"target\":{\"@type\":\"EntryPoint\",\"urlTemplate\":\"https:\/\/iptvking.co\/sk\/?s={search_term_string}\"},\"query-input\":{\"@type\":\"PropertyValueSpecification\",\"valueRequired\":true,\"valueName\":\"search_term_string\"}}],\"inLanguage\":\"sk-SK\"}]}<\/script>\n<!-- \/ Yoast SEO plugin. -->","yoast_head_json":{"title":"Najlep\u0161\u00ed box pre IPTV - Svensk IPTV","description":"Najlep\u0161\u00ed box pre IPTV je TVIP 705, ale aj Apple TV. S\u00fa na rovnakej \u00farovni, \u010do sa t\u00fdka v\u00fdkonu. \u010casom...","robots":{"index":"index","follow":"follow","max-snippet":"max-snippet:-1","max-image-preview":"max-image-preview:large","max-video-preview":"max-video-preview:-1"},"canonical":"https:\/\/iptvking.co\/sk\/najlepsi-box-pre-iptv\/","og_locale":"sk_SK","og_type":"article","og_title":"Najlep\u0161\u00ed box pre IPTV - Svensk IPTV","og_description":"Najlep\u0161\u00ed box pre IPTV je TVIP 705, ale aj Apple TV. S\u00fa na rovnakej \u00farovni, \u010do sa t\u00fdka v\u00fdkonu. \u010casom...","og_url":"https:\/\/iptvking.co\/sk\/najlepsi-box-pre-iptv\/","og_site_name":"Svensk IPTV","article_modified_time":"2025-12-08T11:29:51+00:00","og_image":[{"width":1022,"height":526,"url":"https:\/\/iptvking.co\/wp-content\/uploads\/2024\/02\/basta-iptv-boxen-tvip-705-svenskiptv.png","type":"image\/png"}],"twitter_card":"summary_large_image","twitter_misc":{"Predpokladan\u00fd \u010das \u010d\u00edtania":"3 min\u00faty"},"schema":{"@context":"https:\/\/schema.org","@graph":[{"@type":"WebPage","@id":"https:\/\/iptvking.co\/sk\/najlepsi-box-pre-iptv\/","url":"https:\/\/iptvking.co\/sk\/najlepsi-box-pre-iptv\/","name":"Najlep\u0161\u00ed box pre IPTV - Svensk IPTV","isPartOf":{"@id":"https:\/\/iptvking.co\/sk\/#website"},"primaryImageOfPage":{"@id":"https:\/\/iptvking.co\/sk\/najlepsi-box-pre-iptv\/#primaryimage"},"image":{"@id":"https:\/\/iptvking.co\/sk\/najlepsi-box-pre-iptv\/#primaryimage"},"thumbnailUrl":"https:\/\/iptvking.co\/wp-content\/uploads\/2024\/02\/basta-iptv-boxen-tvip-705-svenskiptv-768x395.png","datePublished":"2024-07-05T10:19:42+00:00","dateModified":"2025-12-08T11:29:51+00:00","description":"Najlep\u0161\u00ed box pre IPTV je TVIP 705, ale aj Apple TV. S\u00fa na rovnakej \u00farovni, \u010do sa t\u00fdka v\u00fdkonu. \u010casom...","breadcrumb":{"@id":"https:\/\/iptvking.co\/sk\/najlepsi-box-pre-iptv\/#breadcrumb"},"inLanguage":"sk-SK","potentialAction":[{"@type":"ReadAction","target":["https:\/\/iptvking.co\/sk\/najlepsi-box-pre-iptv\/"]}]},{"@type":"ImageObject","inLanguage":"sk-SK","@id":"https:\/\/iptvking.co\/sk\/najlepsi-box-pre-iptv\/#primaryimage","url":"https:\/\/iptvking.co\/wp-content\/uploads\/2024\/02\/basta-iptv-boxen-tvip-705-svenskiptv-768x395.png","contentUrl":"https:\/\/iptvking.co\/wp-content\/uploads\/2024\/02\/basta-iptv-boxen-tvip-705-svenskiptv-768x395.png"},{"@type":"BreadcrumbList","@id":"https:\/\/iptvking.co\/sk\/najlepsi-box-pre-iptv\/#breadcrumb","itemListElement":[{"@type":"ListItem","position":1,"name":"Home","item":"https:\/\/iptvking.co\/sk\/"},{"@type":"ListItem","position":2,"name":"Najlep\u0161\u00ed box pre IPTV"}]},{"@type":"WebSite","@id":"https:\/\/iptvking.co\/sk\/#website","url":"https:\/\/iptvking.co\/sk\/","name":"IPTV King","description":"B\u00e4st p\u00e5 Svensk IPTV!","alternateName":"The King of IPTV!","potentialAction":[{"@type":"SearchAction","target":{"@type":"EntryPoint","urlTemplate":"https:\/\/iptvking.co\/sk\/?s={search_term_string}"},"query-input":{"@type":"PropertyValueSpecification","valueRequired":true,"valueName":"search_term_string"}}],"inLanguage":"sk-SK"}]}},"_links":{"self":[{"href":"https:\/\/iptvking.co\/sk\/wp-json\/wp\/v2\/pages\/38799","targetHints":{"allow":["GET"]}}],"collection":[{"href":"https:\/\/iptvking.co\/sk\/wp-json\/wp\/v2\/pages"}],"about":[{"href":"https:\/\/iptvking.co\/sk\/wp-json\/wp\/v2\/types\/page"}],"author":[{"embeddable":true,"href":"https:\/\/iptvking.co\/sk\/wp-json\/wp\/v2\/users\/3"}],"replies":[{"embeddable":true,"href":"https:\/\/iptvking.co\/sk\/wp-json\/wp\/v2\/comments?post=38799"}],"version-history":[{"count":1,"href":"https:\/\/iptvking.co\/sk\/wp-json\/wp\/v2\/pages\/38799\/revisions"}],"predecessor-version":[{"id":38803,"href":"https:\/\/iptvking.co\/sk\/wp-json\/wp\/v2\/pages\/38799\/revisions\/38803"}],"wp:attachment":[{"href":"https:\/\/iptvking.co\/sk\/wp-json\/wp\/v2\/media?parent=38799"}],"curies":[{"name":"wp","href":"https:\/\/api.w.org\/{rel}","templated":true}]}}