{"id":38745,"date":"2023-05-08T17:20:00","date_gmt":"2023-05-08T15:20:00","guid":{"rendered":"https:\/\/iptvking.co\/spolahlive-iptv\/"},"modified":"2025-12-08T12:29:12","modified_gmt":"2025-12-08T11:29:12","slug":"spolahlive-iptv","status":"publish","type":"page","link":"https:\/\/iptvking.co\/sk\/spolahlive-iptv\/","title":{"rendered":"Spo\u013eahliv\u00e9 IPTV"},"content":{"rendered":"\t\t<div data-elementor-type=\"wp-page\" data-elementor-id=\"38745\" class=\"elementor elementor-38745 elementor-12485\" data-elementor-post-type=\"page\">\n\t\t\t\t\t\t<section class=\"elementor-section elementor-top-section elementor-element elementor-element-f844598 elementor-section-boxed elementor-section-height-default elementor-section-height-default\" data-id=\"f844598\" data-element_type=\"section\" data-e-type=\"section\">\n\t\t\t\t\t\t<div class=\"elementor-container elementor-column-gap-default\">\n\t\t\t\t\t<div class=\"elementor-column elementor-col-100 elementor-top-column elementor-element elementor-element-1f0b1a1\" data-id=\"1f0b1a1\" data-element_type=\"column\" data-e-type=\"column\">\n\t\t\t<div class=\"elementor-widget-wrap elementor-element-populated\">\n\t\t\t\t\t\t<div class=\"elementor-element elementor-element-43396b2 elementor-widget elementor-widget-heading\" data-id=\"43396b2\" data-element_type=\"widget\" data-e-type=\"widget\" data-widget_type=\"heading.default\">\n\t\t\t\t<div class=\"elementor-widget-container\">\n\t\t\t\t\t<h2 class=\"elementor-heading-title elementor-size-default\">Spo\u013eahliv\u00fd poskytovate\u013e IPTV<\/h2>\t\t\t\t<\/div>\n\t\t\t\t<\/div>\n\t\t\t\t<div class=\"elementor-element elementor-element-54c0e24 elementor-widget elementor-widget-text-editor\" data-id=\"54c0e24\" data-element_type=\"widget\" data-e-type=\"widget\" data-widget_type=\"text-editor.default\">\n\t\t\t\t<div class=\"elementor-widget-container\">\n\t\t\t\t\t\t\t\t\t<h2><strong>Spo\u013eahliv\u00e9 IPTV slu\u017eby: Ako n\u00e1js\u0165 najlep\u0161ieho poskytovate\u013ea<\/strong><\/h2><p>IPTV, alebo Internet Protocol Television, je popul\u00e1rny sp\u00f4sob streamovania \u017eiv\u00fdch TV kan\u00e1lov a obsahu na po\u017eiadanie cez internet. Nie v\u0161etky IPTV slu\u017eby s\u00fa v\u0161ak rovnak\u00e9. Niektor\u00ed poskytovatelia bohu\u017eia\u013e pon\u00fakaj\u00fa nespo\u013eahliv\u00e9 a nestabiln\u00e9 slu\u017eby, zl\u00fa z\u00e1kazn\u00edcku podporu a obmedzen\u00e9 mo\u017enosti kan\u00e1lov. Ak h\u013ead\u00e1\u0161 spo\u013eahliv\u00e9ho poskytovate\u013ea <a href=\"https:\/\/iptvking.co\/sk\/?page_id=23636\">IPTV<\/a>, tieto tipy ti pom\u00f4\u017eu n\u00e1js\u0165 <a href=\"https:\/\/iptvking.co\/sk\/?page_id=23636\">najlep\u0161ieho poskytovate\u013ea IPTV<\/a>.   <\/p><p>Zv\u00e1\u017e toto:<\/p><ul><li>Skontroluj zoznam kan\u00e1lov.<\/li><li>Skontroluj kvalitu kan\u00e1lov napr\u00edklad prostredn\u00edctvom bezplatn\u00e9ho testu.<\/li><li>Otestuj podporu.<\/li><li>Cena nie je najd\u00f4le\u017eitej\u0161ia!<\/li><\/ul><h3><strong>Rozhoduj\u00face pre spo\u013eahliv\u00e9ho poskytovate\u013ea IPTV<\/strong><\/h3><p>Spo\u013eahliv\u00e9 IPTV slu\u017eby by mali pon\u00faka\u0165 vysokokvalitn\u00fd streaming s minim\u00e1lnym bufferovan\u00edm a v\u00fdpadkami. H\u013eadaj poskytovate\u013eov, ktor\u00ed pon\u00fakaj\u00fa bezplatn\u00fd test, aby si mohol dvojito skontrolova\u0165 slu\u017ebu pred zaplaten\u00edm. Test nemus\u00ed by\u0165 dlh\u00fd, najd\u00f4le\u017eitej\u0161ie je, aby si stihol vidie\u0165 ponuku na \u017eivom kan\u00e1li\/vysielan\u00ed. Dedikovan\u00e9 servery a pokro\u010dil\u00e1 streamovacia technol\u00f3gia s\u00fa tie\u017e d\u00f4le\u017eit\u00e9 pre zabezpe\u010denie plynul\u00e9ho z\u00e1\u017eitku zo sledovania.    <a href=\"https:\/\/iptvking.co\/sk\/\">Svensk IPTV<\/a> je jedn\u00fdm z m\u00e1la, ktor\u00ed toto maj\u00fa.<\/p>\t\t\t\t\t\t\t\t<\/div>\n\t\t\t\t<\/div>\n\t\t\t\t<div class=\"elementor-element elementor-element-7593d57 elementor-widget elementor-widget-text-editor\" data-id=\"7593d57\" data-element_type=\"widget\" data-e-type=\"widget\" data-widget_type=\"text-editor.default\">\n\t\t\t\t<div class=\"elementor-widget-container\">\n\t\t\t\t\t\t\t\t\t<h4><strong>Otestuj podporu<\/strong><\/h4><p>Ak m\u00e1\u0161 ot\u00e1zky alebo naraz\u00ed\u0161 na probl\u00e9my so svojou IPTV slu\u017ebou, je d\u00f4le\u017eit\u00e9 ma\u0165 dobr\u00fa z\u00e1kazn\u00edcku podporu, ktor\u00e1 ti pom\u00f4\u017ee. H\u013eadaj poskytovate\u013eov, ktor\u00ed pon\u00fakaj\u00fa r\u00fdchlu a dobr\u00fa podporu. Z\u00e1kazn\u00edcka podpora, ktor\u00e1 je k dispoz\u00edcii 24\/7, je l\u00e1kav\u00e1, ale v tomto pr\u00edpade to nie je relevantn\u00e9, preto\u017ee tento typ podpory \u010dasto nie je dobr\u00fd alebo dokonca nezodpoved\u00e1 inzerovan\u00fdm otv\u00e1rac\u00edm hodin\u00e1m. FAQ je d\u00f4le\u017eit\u00e9, ale viacero sp\u00f4sobov kontaktu je e\u0161te d\u00f4le\u017eitej\u0161ie. Poskytovate\u013e nemus\u00ed ma\u0165 desa\u0165 r\u00f4znych sp\u00f4sobov kontaktu, ale mala by existova\u0165 str\u00e1nka podpory a e-mailov\u00e1 adresa.   <\/p><h4><strong>Cena nie je najd\u00f4le\u017eitej\u0161ia<\/strong><\/h4><p>Nakoniec, PRESTA\u0147 kl\u00e1s\u0165 pr\u00edli\u0161 ve\u013ek\u00fd d\u00f4raz na ceny r\u00f4znych poskytovate\u013eov IPTV. Existuj\u00fa poskytovatelia, ktor\u00ed pon\u00fakaj\u00fa IPTV za 15 EUR ro\u010dne, a in\u00ed, ktor\u00ed pon\u00fakaj\u00fa slu\u017ebu za 200 EUR ro\u010dne. Norm\u00e1lna cena za IPTV je pribli\u017ene 60 EUR ro\u010dne s podporou zahrnutou v cene. V\u0161etko ostatn\u00e9, \u010do je o 10-20 EUR lacnej\u0161ie, bohu\u017eia\u013e prich\u00e1dza s v\u00fdrazn\u00fdm rozdielom v kvalite.   <\/p><p>Niektor\u00ed poskytovatelia pon\u00fakaj\u00fa mesa\u010dn\u00e9 alebo ro\u010dn\u00e9 predplatn\u00e9, zatia\u013e \u010do in\u00ed pon\u00fakaj\u00fa mo\u017enosti pay-per-view alebo bal\u00ed\u010dkov\u00e9 ponuky.<\/p><p>Pon\u00fakame v\u0161etky kan\u00e1ly, filmy, seri\u00e1ly, dokumenty a <span style=\"text-decoration: underline;\">V\u0160ETKY PPV podujatia!<\/span><\/p><p>Dodr\u017eiavan\u00edm t\u00fdchto tipov m\u00f4\u017ee\u0161 n\u00e1js\u0165 spo\u013eahliv\u00fa IPTV slu\u017ebu, ktor\u00e1 sp\u013a\u0148a tvoje potreby a poskytuje vysokokvalitn\u00fd streaming bezpe\u010dn\u00fdm a stabiln\u00fdm sp\u00f4sobom.<\/p>\t\t\t\t\t\t\t\t<\/div>\n\t\t\t\t<\/div>\n\t\t\t\t<div class=\"elementor-element elementor-element-9543050 elementor-align-center elementor-widget elementor-widget-button\" data-id=\"9543050\" data-element_type=\"widget\" data-e-type=\"widget\" data-widget_type=\"button.default\">\n\t\t\t\t<div class=\"elementor-widget-container\">\n\t\t\t\t\t\t\t\t\t<div class=\"elementor-button-wrapper\">\n\t\t\t\t\t<a class=\"elementor-button elementor-button-link elementor-size-sm\" href=\"https:\/\/iptvking.co\/sk\/obchod\/\">\n\t\t\t\t\t\t<span class=\"elementor-button-content-wrapper\">\n\t\t\t\t\t\t\t\t\t<span class=\"elementor-button-text\">Otestuj IPTV zadarmo<\/span>\n\t\t\t\t\t<\/span>\n\t\t\t\t\t<\/a>\n\t\t\t\t<\/div>\n\t\t\t\t\t\t\t\t<\/div>\n\t\t\t\t<\/div>\n\t\t\t\t\t<\/div>\n\t\t<\/div>\n\t\t\t\t\t<\/div>\n\t\t<\/section>\n\t\t\t\t<\/div>\n\t\t","protected":false},"excerpt":{"rendered":"<p>Spo\u013eahliv\u00fd poskytovate\u013e IPTV Spo\u013eahliv\u00e9 IPTV slu\u017eby: Ako n\u00e1js\u0165 najlep\u0161ieho poskytovate\u013ea IPTV, alebo Internet Protocol Television, je popul\u00e1rny sp\u00f4sob streamovania \u017eiv\u00fdch TV kan\u00e1lov a obsahu na po\u017eiadanie cez internet. Nie v\u0161etky IPTV slu\u017eby s\u00fa v\u0161ak rovnak\u00e9. Niektor\u00ed poskytovatelia bohu\u017eia\u013e pon\u00fakaj\u00fa nespo\u013eahliv\u00e9 a nestabiln\u00e9 slu\u017eby, zl\u00fa z\u00e1kazn\u00edcku podporu a obmedzen\u00e9 mo\u017enosti kan\u00e1lov. Ak h\u013ead\u00e1\u0161 spo\u013eahliv\u00e9ho poskytovate\u013ea IPTV, [&hellip;]<\/p>\n","protected":false},"author":3,"featured_media":38748,"parent":0,"menu_order":0,"comment_status":"closed","ping_status":"closed","template":"elementor_header_footer","meta":{"footnotes":""},"class_list":["post-38745","page","type-page","status-publish","has-post-thumbnail","hentry"],"acf":[],"yoast_head":"<!-- This site is optimized with the Yoast SEO plugin v26.9 - https:\/\/yoast.com\/product\/yoast-seo-wordpress\/ -->\n<title>Spo\u013eahliv\u00e9 IPTV - Svensk IPTV<\/title>\n<meta name=\"description\" content=\"Niektor\u00ed poskytovatelia pon\u00fakaj\u00fa nespo\u013eahliv\u00e9 a nestabiln\u00e9 slu\u017eby, zl\u00fa z\u00e1kazn\u00edcku podporu a obmedzen\u00e9 mo\u017enosti kan\u00e1lov. N\u00e1jdi spo\u013eahliv\u00e9ho poskytovate\u013ea iptv...\" \/>\n<meta name=\"robots\" content=\"index, follow, max-snippet:-1, max-image-preview:large, max-video-preview:-1\" \/>\n<link rel=\"canonical\" href=\"https:\/\/iptvking.co\/sk\/spolahlive-iptv\/\" \/>\n<meta property=\"og:locale\" content=\"sk_SK\" \/>\n<meta property=\"og:type\" content=\"article\" \/>\n<meta property=\"og:title\" content=\"Spo\u013eahliv\u00e9 IPTV - Svensk IPTV\" \/>\n<meta property=\"og:description\" content=\"Niektor\u00ed poskytovatelia pon\u00fakaj\u00fa nespo\u013eahliv\u00e9 a nestabiln\u00e9 slu\u017eby, zl\u00fa z\u00e1kazn\u00edcku podporu a obmedzen\u00e9 mo\u017enosti kan\u00e1lov. N\u00e1jdi spo\u013eahliv\u00e9ho poskytovate\u013ea iptv...\" \/>\n<meta property=\"og:url\" content=\"https:\/\/iptvking.co\/sk\/spolahlive-iptv\/\" \/>\n<meta property=\"og:site_name\" content=\"Svensk IPTV\" \/>\n<meta property=\"article:modified_time\" content=\"2025-12-08T11:29:12+00:00\" \/>\n<meta property=\"og:image\" content=\"https:\/\/iptvking.co\/wp-content\/uploads\/2023\/10\/Svensk-IPTV-background-3.png\" \/>\n\t<meta property=\"og:image:width\" content=\"1477\" \/>\n\t<meta property=\"og:image:height\" content=\"1217\" \/>\n\t<meta property=\"og:image:type\" content=\"image\/png\" \/>\n<meta name=\"twitter:card\" content=\"summary_large_image\" \/>\n<meta name=\"twitter:label1\" content=\"Predpokladan\u00fd \u010das \u010d\u00edtania\" \/>\n\t<meta name=\"twitter:data1\" content=\"2 min\u00faty\" \/>\n<script type=\"application\/ld+json\" class=\"yoast-schema-graph\">{\"@context\":\"https:\/\/schema.org\",\"@graph\":[{\"@type\":\"WebPage\",\"@id\":\"https:\/\/iptvking.co\/sk\/spolahlive-iptv\/\",\"url\":\"https:\/\/iptvking.co\/sk\/spolahlive-iptv\/\",\"name\":\"Spo\u013eahliv\u00e9 IPTV - Svensk IPTV\",\"isPartOf\":{\"@id\":\"https:\/\/iptvking.co\/sk\/#website\"},\"primaryImageOfPage\":{\"@id\":\"https:\/\/iptvking.co\/sk\/spolahlive-iptv\/#primaryimage\"},\"image\":{\"@id\":\"https:\/\/iptvking.co\/sk\/spolahlive-iptv\/#primaryimage\"},\"thumbnailUrl\":\"https:\/\/iptvking.co\/wp-content\/uploads\/2023\/10\/Svensk-IPTV-background-3.png\",\"datePublished\":\"2023-05-08T15:20:00+00:00\",\"dateModified\":\"2025-12-08T11:29:12+00:00\",\"description\":\"Niektor\u00ed poskytovatelia pon\u00fakaj\u00fa nespo\u013eahliv\u00e9 a nestabiln\u00e9 slu\u017eby, zl\u00fa z\u00e1kazn\u00edcku podporu a obmedzen\u00e9 mo\u017enosti kan\u00e1lov. N\u00e1jdi spo\u013eahliv\u00e9ho poskytovate\u013ea iptv...\",\"breadcrumb\":{\"@id\":\"https:\/\/iptvking.co\/sk\/spolahlive-iptv\/#breadcrumb\"},\"inLanguage\":\"sk-SK\",\"potentialAction\":[{\"@type\":\"ReadAction\",\"target\":[\"https:\/\/iptvking.co\/sk\/spolahlive-iptv\/\"]}]},{\"@type\":\"ImageObject\",\"inLanguage\":\"sk-SK\",\"@id\":\"https:\/\/iptvking.co\/sk\/spolahlive-iptv\/#primaryimage\",\"url\":\"https:\/\/iptvking.co\/wp-content\/uploads\/2023\/10\/Svensk-IPTV-background-3.png\",\"contentUrl\":\"https:\/\/iptvking.co\/wp-content\/uploads\/2023\/10\/Svensk-IPTV-background-3.png\",\"width\":1477,\"height\":1217,\"caption\":\"IPTV Slovak\"},{\"@type\":\"BreadcrumbList\",\"@id\":\"https:\/\/iptvking.co\/sk\/spolahlive-iptv\/#breadcrumb\",\"itemListElement\":[{\"@type\":\"ListItem\",\"position\":1,\"name\":\"Home\",\"item\":\"https:\/\/iptvking.co\/sk\/\"},{\"@type\":\"ListItem\",\"position\":2,\"name\":\"Spo\u013eahliv\u00e9 IPTV\"}]},{\"@type\":\"WebSite\",\"@id\":\"https:\/\/iptvking.co\/sk\/#website\",\"url\":\"https:\/\/iptvking.co\/sk\/\",\"name\":\"IPTV King\",\"description\":\"B\u00e4st p\u00e5 Svensk IPTV!\",\"alternateName\":\"The King of IPTV!\",\"potentialAction\":[{\"@type\":\"SearchAction\",\"target\":{\"@type\":\"EntryPoint\",\"urlTemplate\":\"https:\/\/iptvking.co\/sk\/?s={search_term_string}\"},\"query-input\":{\"@type\":\"PropertyValueSpecification\",\"valueRequired\":true,\"valueName\":\"search_term_string\"}}],\"inLanguage\":\"sk-SK\"}]}<\/script>\n<!-- \/ Yoast SEO plugin. -->","yoast_head_json":{"title":"Spo\u013eahliv\u00e9 IPTV - Svensk IPTV","description":"Niektor\u00ed poskytovatelia pon\u00fakaj\u00fa nespo\u013eahliv\u00e9 a nestabiln\u00e9 slu\u017eby, zl\u00fa z\u00e1kazn\u00edcku podporu a obmedzen\u00e9 mo\u017enosti kan\u00e1lov. N\u00e1jdi spo\u013eahliv\u00e9ho poskytovate\u013ea iptv...","robots":{"index":"index","follow":"follow","max-snippet":"max-snippet:-1","max-image-preview":"max-image-preview:large","max-video-preview":"max-video-preview:-1"},"canonical":"https:\/\/iptvking.co\/sk\/spolahlive-iptv\/","og_locale":"sk_SK","og_type":"article","og_title":"Spo\u013eahliv\u00e9 IPTV - Svensk IPTV","og_description":"Niektor\u00ed poskytovatelia pon\u00fakaj\u00fa nespo\u013eahliv\u00e9 a nestabiln\u00e9 slu\u017eby, zl\u00fa z\u00e1kazn\u00edcku podporu a obmedzen\u00e9 mo\u017enosti kan\u00e1lov. N\u00e1jdi spo\u013eahliv\u00e9ho poskytovate\u013ea iptv...","og_url":"https:\/\/iptvking.co\/sk\/spolahlive-iptv\/","og_site_name":"Svensk IPTV","article_modified_time":"2025-12-08T11:29:12+00:00","og_image":[{"width":1477,"height":1217,"url":"https:\/\/iptvking.co\/wp-content\/uploads\/2023\/10\/Svensk-IPTV-background-3.png","type":"image\/png"}],"twitter_card":"summary_large_image","twitter_misc":{"Predpokladan\u00fd \u010das \u010d\u00edtania":"2 min\u00faty"},"schema":{"@context":"https:\/\/schema.org","@graph":[{"@type":"WebPage","@id":"https:\/\/iptvking.co\/sk\/spolahlive-iptv\/","url":"https:\/\/iptvking.co\/sk\/spolahlive-iptv\/","name":"Spo\u013eahliv\u00e9 IPTV - Svensk IPTV","isPartOf":{"@id":"https:\/\/iptvking.co\/sk\/#website"},"primaryImageOfPage":{"@id":"https:\/\/iptvking.co\/sk\/spolahlive-iptv\/#primaryimage"},"image":{"@id":"https:\/\/iptvking.co\/sk\/spolahlive-iptv\/#primaryimage"},"thumbnailUrl":"https:\/\/iptvking.co\/wp-content\/uploads\/2023\/10\/Svensk-IPTV-background-3.png","datePublished":"2023-05-08T15:20:00+00:00","dateModified":"2025-12-08T11:29:12+00:00","description":"Niektor\u00ed poskytovatelia pon\u00fakaj\u00fa nespo\u013eahliv\u00e9 a nestabiln\u00e9 slu\u017eby, zl\u00fa z\u00e1kazn\u00edcku podporu a obmedzen\u00e9 mo\u017enosti kan\u00e1lov. N\u00e1jdi spo\u013eahliv\u00e9ho poskytovate\u013ea iptv...","breadcrumb":{"@id":"https:\/\/iptvking.co\/sk\/spolahlive-iptv\/#breadcrumb"},"inLanguage":"sk-SK","potentialAction":[{"@type":"ReadAction","target":["https:\/\/iptvking.co\/sk\/spolahlive-iptv\/"]}]},{"@type":"ImageObject","inLanguage":"sk-SK","@id":"https:\/\/iptvking.co\/sk\/spolahlive-iptv\/#primaryimage","url":"https:\/\/iptvking.co\/wp-content\/uploads\/2023\/10\/Svensk-IPTV-background-3.png","contentUrl":"https:\/\/iptvking.co\/wp-content\/uploads\/2023\/10\/Svensk-IPTV-background-3.png","width":1477,"height":1217,"caption":"IPTV Slovak"},{"@type":"BreadcrumbList","@id":"https:\/\/iptvking.co\/sk\/spolahlive-iptv\/#breadcrumb","itemListElement":[{"@type":"ListItem","position":1,"name":"Home","item":"https:\/\/iptvking.co\/sk\/"},{"@type":"ListItem","position":2,"name":"Spo\u013eahliv\u00e9 IPTV"}]},{"@type":"WebSite","@id":"https:\/\/iptvking.co\/sk\/#website","url":"https:\/\/iptvking.co\/sk\/","name":"IPTV King","description":"B\u00e4st p\u00e5 Svensk IPTV!","alternateName":"The King of IPTV!","potentialAction":[{"@type":"SearchAction","target":{"@type":"EntryPoint","urlTemplate":"https:\/\/iptvking.co\/sk\/?s={search_term_string}"},"query-input":{"@type":"PropertyValueSpecification","valueRequired":true,"valueName":"search_term_string"}}],"inLanguage":"sk-SK"}]}},"_links":{"self":[{"href":"https:\/\/iptvking.co\/sk\/wp-json\/wp\/v2\/pages\/38745","targetHints":{"allow":["GET"]}}],"collection":[{"href":"https:\/\/iptvking.co\/sk\/wp-json\/wp\/v2\/pages"}],"about":[{"href":"https:\/\/iptvking.co\/sk\/wp-json\/wp\/v2\/types\/page"}],"author":[{"embeddable":true,"href":"https:\/\/iptvking.co\/sk\/wp-json\/wp\/v2\/users\/3"}],"replies":[{"embeddable":true,"href":"https:\/\/iptvking.co\/sk\/wp-json\/wp\/v2\/comments?post=38745"}],"version-history":[{"count":1,"href":"https:\/\/iptvking.co\/sk\/wp-json\/wp\/v2\/pages\/38745\/revisions"}],"predecessor-version":[{"id":38749,"href":"https:\/\/iptvking.co\/sk\/wp-json\/wp\/v2\/pages\/38745\/revisions\/38749"}],"wp:featuredmedia":[{"embeddable":true,"href":"https:\/\/iptvking.co\/sk\/wp-json\/wp\/v2\/media\/38748"}],"wp:attachment":[{"href":"https:\/\/iptvking.co\/sk\/wp-json\/wp\/v2\/media?parent=38745"}],"curies":[{"name":"wp","href":"https:\/\/api.w.org\/{rel}","templated":true}]}}