{"id":38753,"date":"2023-05-08T17:20:00","date_gmt":"2023-05-08T15:20:00","guid":{"rendered":"https:\/\/iptvking.co\/iptv-de-incredere\/"},"modified":"2025-12-08T12:29:13","modified_gmt":"2025-12-08T11:29:13","slug":"iptv-de-incredere","status":"publish","type":"page","link":"https:\/\/iptvking.co\/ro\/iptv-de-incredere\/","title":{"rendered":"IPTV de \u00eencredere"},"content":{"rendered":"\t\t<div data-elementor-type=\"wp-page\" data-elementor-id=\"38753\" class=\"elementor elementor-38753 elementor-12485\" data-elementor-post-type=\"page\">\n\t\t\t\t\t\t<section class=\"elementor-section elementor-top-section elementor-element elementor-element-f844598 elementor-section-boxed elementor-section-height-default elementor-section-height-default\" data-id=\"f844598\" data-element_type=\"section\" data-e-type=\"section\">\n\t\t\t\t\t\t<div class=\"elementor-container elementor-column-gap-default\">\n\t\t\t\t\t<div class=\"elementor-column elementor-col-100 elementor-top-column elementor-element elementor-element-1f0b1a1\" data-id=\"1f0b1a1\" data-element_type=\"column\" data-e-type=\"column\">\n\t\t\t<div class=\"elementor-widget-wrap elementor-element-populated\">\n\t\t\t\t\t\t<div class=\"elementor-element elementor-element-43396b2 elementor-widget elementor-widget-heading\" data-id=\"43396b2\" data-element_type=\"widget\" data-e-type=\"widget\" data-widget_type=\"heading.default\">\n\t\t\t\t<div class=\"elementor-widget-container\">\n\t\t\t\t\t<h2 class=\"elementor-heading-title elementor-size-default\">Furnizor IPTV de \u00eencredere<\/h2>\t\t\t\t<\/div>\n\t\t\t\t<\/div>\n\t\t\t\t<div class=\"elementor-element elementor-element-54c0e24 elementor-widget elementor-widget-text-editor\" data-id=\"54c0e24\" data-element_type=\"widget\" data-e-type=\"widget\" data-widget_type=\"text-editor.default\">\n\t\t\t\t<div class=\"elementor-widget-container\">\n\t\t\t\t\t\t\t\t\t<h2><strong>Servicii IPTV de \u00eencredere: Cum s\u0103 g\u0103se\u0219ti cel mai bun furnizor<\/strong><\/h2><p>IPTV, sau Internet Protocol Television, este o modalitate popular\u0103 de a transmite canale TV live \u0219i con\u021binut video la cerere prin internet. Dar nu toate serviciile IPTV sunt create la fel. Din p\u0103cate, unii furnizori ofer\u0103 servicii nesigure \u0219i instabile, suport clien\u021bi slab \u0219i op\u021biuni limitate de canale. Dac\u0103 cau\u021bi un furnizor <a href=\"https:\/\/iptvking.co\/ro\/?page_id=23636\">IPTV<\/a> de \u00eencredere, aceste sfaturi te vor ajuta s\u0103 g\u0103se\u0219ti <a href=\"https:\/\/iptvking.co\/ro\/?page_id=23636\">cel mai bun furnizor IPTV<\/a>.   <\/p><p>\u021aine cont de urm\u0103toarele:<\/p><ul><li>Verific\u0103 lista de canale.<\/li><li>Verific\u0103 calitatea canalelor prin intermediul unei probe gratuite.<\/li><li>Testeaz\u0103 serviciul de suport.<\/li><li>Pre\u021bul nu este cel mai important!<\/li><\/ul><h3><strong>Aspecte decisive pentru un furnizor IPTV de \u00eencredere<\/strong><\/h3><p>Serviciile IPTV de \u00eencredere ar trebui s\u0103 ofere streaming de \u00eenalt\u0103 calitate cu buffer \u0219i timp mort minim. Caut\u0103 furnizori care ofer\u0103 o perioad\u0103 de test gratuit\u0103 pentru a putea verifica serviciul \u00eenainte de a pl\u0103ti. Testul nu trebuie s\u0103 fie lung, important este s\u0103 ai timp s\u0103 vezi oferta pe un canal\/transmisie live. Serverele dedicate \u0219i tehnologia avansat\u0103 de streaming sunt, de asemenea, importante pentru a asigura o experien\u021b\u0103 de vizionare f\u0103r\u0103 probleme.    <a href=\"https:\/\/iptvking.co\/ro\/\">Svensk IPTV<\/a> este unul dintre pu\u021binii care au acest lucru.<\/p>\t\t\t\t\t\t\t\t<\/div>\n\t\t\t\t<\/div>\n\t\t\t\t<div class=\"elementor-element elementor-element-7593d57 elementor-widget elementor-widget-text-editor\" data-id=\"7593d57\" data-element_type=\"widget\" data-e-type=\"widget\" data-widget_type=\"text-editor.default\">\n\t\t\t\t<div class=\"elementor-widget-container\">\n\t\t\t\t\t\t\t\t\t<h4><strong>Testeaz\u0103 suportul<\/strong><\/h4><p>Dac\u0103 ai \u00eentreb\u0103ri sau \u00eent\u00e2mpini probleme cu serviciul IPTV, este important s\u0103 ai un serviciu bun de asisten\u021b\u0103 pentru clien\u021bi care s\u0103 te ajute. Caut\u0103 furnizori care ofer\u0103 suport rapid \u0219i bun. Suportul pentru clien\u021bi disponibil 24\/7 poate p\u0103rea atractiv, dar \u00een acest caz nu este relevant, deoarece acest tip de suport adesea nu este bun sau nici m\u0103car nu corespunde cu orele de program promovate. FAQ-ul este important, dar mai multe metode de contact sunt \u0219i mai importante. Un furnizor nu trebuie s\u0103 aib\u0103 zece modalit\u0103\u021bi diferite de contact, dar ar trebui s\u0103 existe o pagin\u0103 de suport \u0219i o adres\u0103 de email.   <\/p><h4><strong>Pre\u021bul nu este cel mai important<\/strong><\/h4><p>\u00cen final, NU pune prea mult accent pe pre\u021burile diferitelor servicii IPTV. Exist\u0103 furnizori care ofer\u0103 IPTV pentru 15 EUR pe an \u0219i al\u021bii care ofer\u0103 serviciul pentru 200 EUR pe an. Pre\u021bul normal pentru IPTV este \u00een jur de 60 EUR pe an cu suport inclus \u00een pre\u021b. Orice este cu 10-20 EUR mai ieftin va avea, din p\u0103cate, o diferen\u021b\u0103 notabil\u0103 \u00een calitate.   <\/p><p>Unii furnizori ofer\u0103 abonamente lunare sau anuale, \u00een timp ce al\u021bii ofer\u0103 op\u021biuni pay-per-view sau pachete promo\u021bionale.<\/p><p>Oferim toate canalele, filmele, serialele, documentarele \u0219i <span style=\"text-decoration: underline;\">TOATE evenimentele PPV!<\/span><\/p><p>Urm\u00e2nd aceste sfaturi, po\u021bi g\u0103si un serviciu IPTV de \u00eencredere care s\u0103 \u00ee\u021bi satisfac\u0103 nevoile \u0219i s\u0103 ofere streaming de \u00eenalt\u0103 calitate \u00eentr-un mod sigur \u0219i stabil.<\/p>\t\t\t\t\t\t\t\t<\/div>\n\t\t\t\t<\/div>\n\t\t\t\t<div class=\"elementor-element elementor-element-9543050 elementor-align-center elementor-widget elementor-widget-button\" data-id=\"9543050\" data-element_type=\"widget\" data-e-type=\"widget\" data-widget_type=\"button.default\">\n\t\t\t\t<div class=\"elementor-widget-container\">\n\t\t\t\t\t\t\t\t\t<div class=\"elementor-button-wrapper\">\n\t\t\t\t\t<a class=\"elementor-button elementor-button-link elementor-size-sm\" href=\"https:\/\/iptvking.co\/ro\/magazin\/\">\n\t\t\t\t\t\t<span class=\"elementor-button-content-wrapper\">\n\t\t\t\t\t\t\t\t\t<span class=\"elementor-button-text\">Testeaz\u0103 IPTV gratuit<\/span>\n\t\t\t\t\t<\/span>\n\t\t\t\t\t<\/a>\n\t\t\t\t<\/div>\n\t\t\t\t\t\t\t\t<\/div>\n\t\t\t\t<\/div>\n\t\t\t\t\t<\/div>\n\t\t<\/div>\n\t\t\t\t\t<\/div>\n\t\t<\/section>\n\t\t\t\t<\/div>\n\t\t","protected":false},"excerpt":{"rendered":"<p>Furnizor IPTV de \u00eencredere Servicii IPTV de \u00eencredere: Cum s\u0103 g\u0103se\u0219ti cel mai bun furnizor IPTV, sau Internet Protocol Television, este o modalitate popular\u0103 de a transmite canale TV live \u0219i con\u021binut video la cerere prin internet. Dar nu toate serviciile IPTV sunt create la fel. Din p\u0103cate, unii furnizori ofer\u0103 servicii nesigure \u0219i instabile, [&hellip;]<\/p>\n","protected":false},"author":3,"featured_media":38756,"parent":0,"menu_order":0,"comment_status":"closed","ping_status":"closed","template":"elementor_header_footer","meta":{"footnotes":""},"class_list":["post-38753","page","type-page","status-publish","has-post-thumbnail","hentry"],"acf":[],"yoast_head":"<!-- This site is optimized with the Yoast SEO plugin v26.9 - https:\/\/yoast.com\/product\/yoast-seo-wordpress\/ -->\n<title>IPTV de \u00eencredere - Svensk IPTV<\/title>\n<meta name=\"description\" content=\"Unii furnizori ofer\u0103 servicii nesigure \u0219i instabile, suport clien\u021bi slab \u0219i op\u021biuni limitate de canale. G\u0103se\u0219te un furnizor de IPTV de \u00eencr...\" \/>\n<meta name=\"robots\" content=\"index, follow, max-snippet:-1, max-image-preview:large, max-video-preview:-1\" \/>\n<link rel=\"canonical\" href=\"https:\/\/iptvking.co\/ro\/iptv-de-incredere\/\" \/>\n<meta property=\"og:locale\" content=\"ro_RO\" \/>\n<meta property=\"og:type\" content=\"article\" \/>\n<meta property=\"og:title\" content=\"IPTV de \u00eencredere - Svensk IPTV\" \/>\n<meta property=\"og:description\" content=\"Unii furnizori ofer\u0103 servicii nesigure \u0219i instabile, suport clien\u021bi slab \u0219i op\u021biuni limitate de canale. G\u0103se\u0219te un furnizor de IPTV de \u00eencr...\" \/>\n<meta property=\"og:url\" content=\"https:\/\/iptvking.co\/ro\/iptv-de-incredere\/\" \/>\n<meta property=\"og:site_name\" content=\"Svensk IPTV\" \/>\n<meta property=\"article:modified_time\" content=\"2025-12-08T11:29:13+00:00\" \/>\n<meta property=\"og:image\" content=\"https:\/\/iptvking.co\/wp-content\/uploads\/2023\/10\/Svensk-IPTV-background-3.png\" \/>\n\t<meta property=\"og:image:width\" content=\"1477\" \/>\n\t<meta property=\"og:image:height\" content=\"1217\" \/>\n\t<meta property=\"og:image:type\" content=\"image\/png\" \/>\n<meta name=\"twitter:card\" content=\"summary_large_image\" \/>\n<meta name=\"twitter:label1\" content=\"Timp estimat pentru citire\" \/>\n\t<meta name=\"twitter:data1\" content=\"2 minute\" \/>\n<script type=\"application\/ld+json\" class=\"yoast-schema-graph\">{\"@context\":\"https:\/\/schema.org\",\"@graph\":[{\"@type\":\"WebPage\",\"@id\":\"https:\/\/iptvking.co\/ro\/iptv-de-incredere\/\",\"url\":\"https:\/\/iptvking.co\/ro\/iptv-de-incredere\/\",\"name\":\"IPTV de \u00eencredere - Svensk IPTV\",\"isPartOf\":{\"@id\":\"https:\/\/iptvking.co\/ro\/#website\"},\"primaryImageOfPage\":{\"@id\":\"https:\/\/iptvking.co\/ro\/iptv-de-incredere\/#primaryimage\"},\"image\":{\"@id\":\"https:\/\/iptvking.co\/ro\/iptv-de-incredere\/#primaryimage\"},\"thumbnailUrl\":\"https:\/\/iptvking.co\/wp-content\/uploads\/2023\/10\/Svensk-IPTV-background-3.png\",\"datePublished\":\"2023-05-08T15:20:00+00:00\",\"dateModified\":\"2025-12-08T11:29:13+00:00\",\"description\":\"Unii furnizori ofer\u0103 servicii nesigure \u0219i instabile, suport clien\u021bi slab \u0219i op\u021biuni limitate de canale. G\u0103se\u0219te un furnizor de IPTV de \u00eencr...\",\"breadcrumb\":{\"@id\":\"https:\/\/iptvking.co\/ro\/iptv-de-incredere\/#breadcrumb\"},\"inLanguage\":\"ro-RO\",\"potentialAction\":[{\"@type\":\"ReadAction\",\"target\":[\"https:\/\/iptvking.co\/ro\/iptv-de-incredere\/\"]}]},{\"@type\":\"ImageObject\",\"inLanguage\":\"ro-RO\",\"@id\":\"https:\/\/iptvking.co\/ro\/iptv-de-incredere\/#primaryimage\",\"url\":\"https:\/\/iptvking.co\/wp-content\/uploads\/2023\/10\/Svensk-IPTV-background-3.png\",\"contentUrl\":\"https:\/\/iptvking.co\/wp-content\/uploads\/2023\/10\/Svensk-IPTV-background-3.png\",\"width\":1477,\"height\":1217,\"caption\":\"IPTV Romania\"},{\"@type\":\"BreadcrumbList\",\"@id\":\"https:\/\/iptvking.co\/ro\/iptv-de-incredere\/#breadcrumb\",\"itemListElement\":[{\"@type\":\"ListItem\",\"position\":1,\"name\":\"Home\",\"item\":\"https:\/\/iptvking.co\/ro\/\"},{\"@type\":\"ListItem\",\"position\":2,\"name\":\"IPTV de \u00eencredere\"}]},{\"@type\":\"WebSite\",\"@id\":\"https:\/\/iptvking.co\/ro\/#website\",\"url\":\"https:\/\/iptvking.co\/ro\/\",\"name\":\"IPTV King\",\"description\":\"B\u00e4st p\u00e5 Svensk IPTV!\",\"alternateName\":\"The King of IPTV!\",\"potentialAction\":[{\"@type\":\"SearchAction\",\"target\":{\"@type\":\"EntryPoint\",\"urlTemplate\":\"https:\/\/iptvking.co\/ro\/?s={search_term_string}\"},\"query-input\":{\"@type\":\"PropertyValueSpecification\",\"valueRequired\":true,\"valueName\":\"search_term_string\"}}],\"inLanguage\":\"ro-RO\"}]}<\/script>\n<!-- \/ Yoast SEO plugin. -->","yoast_head_json":{"title":"IPTV de \u00eencredere - Svensk IPTV","description":"Unii furnizori ofer\u0103 servicii nesigure \u0219i instabile, suport clien\u021bi slab \u0219i op\u021biuni limitate de canale. G\u0103se\u0219te un furnizor de IPTV de \u00eencr...","robots":{"index":"index","follow":"follow","max-snippet":"max-snippet:-1","max-image-preview":"max-image-preview:large","max-video-preview":"max-video-preview:-1"},"canonical":"https:\/\/iptvking.co\/ro\/iptv-de-incredere\/","og_locale":"ro_RO","og_type":"article","og_title":"IPTV de \u00eencredere - Svensk IPTV","og_description":"Unii furnizori ofer\u0103 servicii nesigure \u0219i instabile, suport clien\u021bi slab \u0219i op\u021biuni limitate de canale. G\u0103se\u0219te un furnizor de IPTV de \u00eencr...","og_url":"https:\/\/iptvking.co\/ro\/iptv-de-incredere\/","og_site_name":"Svensk IPTV","article_modified_time":"2025-12-08T11:29:13+00:00","og_image":[{"width":1477,"height":1217,"url":"https:\/\/iptvking.co\/wp-content\/uploads\/2023\/10\/Svensk-IPTV-background-3.png","type":"image\/png"}],"twitter_card":"summary_large_image","twitter_misc":{"Timp estimat pentru citire":"2 minute"},"schema":{"@context":"https:\/\/schema.org","@graph":[{"@type":"WebPage","@id":"https:\/\/iptvking.co\/ro\/iptv-de-incredere\/","url":"https:\/\/iptvking.co\/ro\/iptv-de-incredere\/","name":"IPTV de \u00eencredere - Svensk IPTV","isPartOf":{"@id":"https:\/\/iptvking.co\/ro\/#website"},"primaryImageOfPage":{"@id":"https:\/\/iptvking.co\/ro\/iptv-de-incredere\/#primaryimage"},"image":{"@id":"https:\/\/iptvking.co\/ro\/iptv-de-incredere\/#primaryimage"},"thumbnailUrl":"https:\/\/iptvking.co\/wp-content\/uploads\/2023\/10\/Svensk-IPTV-background-3.png","datePublished":"2023-05-08T15:20:00+00:00","dateModified":"2025-12-08T11:29:13+00:00","description":"Unii furnizori ofer\u0103 servicii nesigure \u0219i instabile, suport clien\u021bi slab \u0219i op\u021biuni limitate de canale. G\u0103se\u0219te un furnizor de IPTV de \u00eencr...","breadcrumb":{"@id":"https:\/\/iptvking.co\/ro\/iptv-de-incredere\/#breadcrumb"},"inLanguage":"ro-RO","potentialAction":[{"@type":"ReadAction","target":["https:\/\/iptvking.co\/ro\/iptv-de-incredere\/"]}]},{"@type":"ImageObject","inLanguage":"ro-RO","@id":"https:\/\/iptvking.co\/ro\/iptv-de-incredere\/#primaryimage","url":"https:\/\/iptvking.co\/wp-content\/uploads\/2023\/10\/Svensk-IPTV-background-3.png","contentUrl":"https:\/\/iptvking.co\/wp-content\/uploads\/2023\/10\/Svensk-IPTV-background-3.png","width":1477,"height":1217,"caption":"IPTV Romania"},{"@type":"BreadcrumbList","@id":"https:\/\/iptvking.co\/ro\/iptv-de-incredere\/#breadcrumb","itemListElement":[{"@type":"ListItem","position":1,"name":"Home","item":"https:\/\/iptvking.co\/ro\/"},{"@type":"ListItem","position":2,"name":"IPTV de \u00eencredere"}]},{"@type":"WebSite","@id":"https:\/\/iptvking.co\/ro\/#website","url":"https:\/\/iptvking.co\/ro\/","name":"IPTV King","description":"B\u00e4st p\u00e5 Svensk IPTV!","alternateName":"The King of IPTV!","potentialAction":[{"@type":"SearchAction","target":{"@type":"EntryPoint","urlTemplate":"https:\/\/iptvking.co\/ro\/?s={search_term_string}"},"query-input":{"@type":"PropertyValueSpecification","valueRequired":true,"valueName":"search_term_string"}}],"inLanguage":"ro-RO"}]}},"_links":{"self":[{"href":"https:\/\/iptvking.co\/ro\/wp-json\/wp\/v2\/pages\/38753","targetHints":{"allow":["GET"]}}],"collection":[{"href":"https:\/\/iptvking.co\/ro\/wp-json\/wp\/v2\/pages"}],"about":[{"href":"https:\/\/iptvking.co\/ro\/wp-json\/wp\/v2\/types\/page"}],"author":[{"embeddable":true,"href":"https:\/\/iptvking.co\/ro\/wp-json\/wp\/v2\/users\/3"}],"replies":[{"embeddable":true,"href":"https:\/\/iptvking.co\/ro\/wp-json\/wp\/v2\/comments?post=38753"}],"version-history":[{"count":1,"href":"https:\/\/iptvking.co\/ro\/wp-json\/wp\/v2\/pages\/38753\/revisions"}],"predecessor-version":[{"id":38758,"href":"https:\/\/iptvking.co\/ro\/wp-json\/wp\/v2\/pages\/38753\/revisions\/38758"}],"wp:featuredmedia":[{"embeddable":true,"href":"https:\/\/iptvking.co\/ro\/wp-json\/wp\/v2\/media\/38756"}],"wp:attachment":[{"href":"https:\/\/iptvking.co\/ro\/wp-json\/wp\/v2\/media?parent=38753"}],"curies":[{"name":"wp","href":"https:\/\/api.w.org\/{rel}","templated":true}]}}