{"id":37921,"date":"2019-12-07T01:19:16","date_gmt":"2019-12-07T00:19:16","guid":{"rendered":"https:\/\/iptvking.co\/porque-escolher-nos\/"},"modified":"2025-12-07T19:51:44","modified_gmt":"2025-12-07T18:51:44","slug":"porque-escolher-nos","status":"publish","type":"page","link":"https:\/\/iptvking.co\/pt-pt\/porque-escolher-nos\/","title":{"rendered":"Porque Escolher-nos?"},"content":{"rendered":"\r\n<h1><strong>Porque escolher <a href=\"https:\/\/iptvking.co\/pt-pt\/\">Svensk IPTV<\/a>?<\/strong><\/h1>\r\n<p><strong>Temos um dos melhores tempos de atividade totais. O que significa isto? Significa que somos um dos fornecedores de IPTV com menos interrup\u00e7\u00f5es no nosso servi\u00e7o. As interrup\u00e7\u00f5es nunca podem ser evitadas a 100%, nem mesmo pelos grandes fornecedores oficiais de TV.    <\/strong><\/p>\r\n<p>No entanto, existem v\u00e1rias formas de minimizar as interrup\u00e7\u00f5es tanto quanto poss\u00edvel. Uma das formas \u00e9 ter v\u00e1rios servidores mais potentes como backup em caso de interrup\u00e7\u00e3o. Se um servidor falhar, existe outro que pode assumir. Esta forma de prevenir interrup\u00e7\u00f5es \u00e9 uma das mais populares. No entanto, custa bastante comprar o dobro dos servidores do que realmente se precisa. Por esta raz\u00e3o, muitos fornecedores ignoram isto, o que resulta numa qualidade inferior.     <\/p>\r\n<p>Outra forma \u00e9 investir em servidores mais caros e est\u00e1veis que conseguem lidar com mais tr\u00e1fego. Estes s\u00e3o muito mais caros do que as vers\u00f5es b\u00e1sicas normais de servidores que apenas lidam com coisas b\u00e1sicas como pequenas quantidades de tr\u00e1fego, pouco espa\u00e7o de armazenamento, etc. <\/p>\r\n<p>Para sermos um dos melhores fornecedores no mercado, decidimos investir em ambas as solu\u00e7\u00f5es e esta \u00e9 tamb\u00e9m uma das principais raz\u00f5es pelas quais somos mais caros do que muitos outros. No mundo do IPTV, a express\u00e3o &#8220;recebes aquilo por que pagas&#8221; \u00e9 realmente verdadeira. Com a configura\u00e7\u00e3o que temos, somos claramente superiores a outros servi\u00e7os mais baratos tanto em oferta como em estabilidade. Se quiseres pagar 20 EUR em vez de 50 EUR, podes faz\u00ea-lo, mas deves esperar pelo menos tr\u00eas vezes mais interrup\u00e7\u00f5es e tr\u00eas vezes pior oferta e qualidade. Duvidas das nossas afirma\u00e7\u00f5es?     <a href=\"https:\/\/iptvking.co\/pt-pt\/loja\/\">Experimenta-nos hoje!<\/a><\/p>\r\n<p><img decoding=\"async\" title=\"apple-products-iptv\" src=\"https:\/\/www.svenskiptv.com\/wp-content\/uploads\/2019\/06\/apple-products-iptv.png\" alt=\"apple-products-iptv\"><\/p>\r\n<p><strong>De aproximadamente 8760 horas (365 dias), o nosso servi\u00e7o esteve inativo durante cerca de 4 horas no total, o que nos d\u00e1 um tempo de atividade total de aproximadamente 99,99%. <\/strong><\/p>\r\n<p>\u00c9 mais do que alguns fornecedores oficiais de TV na Europa. Isto deve-se ao facto de os nossos servidores estarem distribu\u00eddos pelo mundo e geralmente existirem em v\u00e1rias c\u00f3pias. <\/p>\r\n<p>Por exemplo, um servidor pode ter um tempo de atividade de 30 dias. Isto significa que o servidor esteve ligado durante 30 dias seguidos. Se o servidor for subitamente desligado, o tempo de atividade recome\u00e7a. Se o servidor estiver ligado durante 10 dias ap\u00f3s a interrup\u00e7\u00e3o, o novo tempo de atividade \u00e9 de 10 dias. Se a interrup\u00e7\u00e3o durou 1 dia, significa que o tempo total de atividade do servidor foi de 39 dias (30-1+10=39).    <\/p>\r\n<p>Podemos dizer com orgulho que somos um dos tr\u00eas fornecedores de IPTV no mundo com o maior tempo de atividade em canais IPTV!<\/p>\r\n","protected":false},"excerpt":{"rendered":"","protected":false},"author":3,"featured_media":0,"parent":0,"menu_order":0,"comment_status":"closed","ping_status":"closed","template":"elementor_header_footer","meta":{"footnotes":""},"class_list":["post-37921","page","type-page","status-publish","hentry"],"acf":[],"yoast_head":"<!-- This site is optimized with the Yoast SEO plugin v26.9 - https:\/\/yoast.com\/product\/yoast-seo-wordpress\/ -->\n<title>Porque Escolher-nos?<\/title>\n<meta name=\"description\" content=\"Porque escolher-nos? Temos a maior e melhor sele\u00e7\u00e3o de IPTV. Da\u00ed o nome do site. N\u00e3o te vais arrepender...\" \/>\n<meta name=\"robots\" content=\"index, follow, max-snippet:-1, max-image-preview:large, max-video-preview:-1\" \/>\n<link rel=\"canonical\" href=\"https:\/\/iptvking.co\/pt-pt\/porque-escolher-nos\/\" \/>\n<meta property=\"og:locale\" content=\"pt_PT\" \/>\n<meta property=\"og:type\" content=\"article\" \/>\n<meta property=\"og:title\" content=\"Porque Escolher-nos?\" \/>\n<meta property=\"og:description\" content=\"Porque escolher-nos? Temos a maior e melhor sele\u00e7\u00e3o de IPTV. Da\u00ed o nome do site. N\u00e3o te vais arrepender...\" \/>\n<meta property=\"og:url\" content=\"https:\/\/iptvking.co\/pt-pt\/porque-escolher-nos\/\" \/>\n<meta property=\"og:site_name\" content=\"Svensk IPTV\" \/>\n<meta property=\"article:modified_time\" content=\"2025-12-07T18:51:44+00:00\" \/>\n<meta property=\"og:image\" content=\"https:\/\/www.svenskiptv.com\/wp-content\/uploads\/2019\/06\/apple-products-iptv.png\" \/>\n<meta name=\"twitter:card\" content=\"summary_large_image\" \/>\n<meta name=\"twitter:label1\" content=\"Tempo estimado de leitura\" \/>\n\t<meta name=\"twitter:data1\" content=\"2 minutos\" \/>\n<script type=\"application\/ld+json\" class=\"yoast-schema-graph\">{\"@context\":\"https:\/\/schema.org\",\"@graph\":[{\"@type\":\"WebPage\",\"@id\":\"https:\/\/iptvking.co\/pt-pt\/porque-escolher-nos\/\",\"url\":\"https:\/\/iptvking.co\/pt-pt\/porque-escolher-nos\/\",\"name\":\"Porque Escolher-nos?\",\"isPartOf\":{\"@id\":\"https:\/\/iptvking.co\/pt-pt\/#website\"},\"primaryImageOfPage\":{\"@id\":\"https:\/\/iptvking.co\/pt-pt\/porque-escolher-nos\/#primaryimage\"},\"image\":{\"@id\":\"https:\/\/iptvking.co\/pt-pt\/porque-escolher-nos\/#primaryimage\"},\"thumbnailUrl\":\"https:\/\/www.svenskiptv.com\/wp-content\/uploads\/2019\/06\/apple-products-iptv.png\",\"datePublished\":\"2019-12-07T00:19:16+00:00\",\"dateModified\":\"2025-12-07T18:51:44+00:00\",\"description\":\"Porque escolher-nos? Temos a maior e melhor sele\u00e7\u00e3o de IPTV. Da\u00ed o nome do site. N\u00e3o te vais arrepender...\",\"breadcrumb\":{\"@id\":\"https:\/\/iptvking.co\/pt-pt\/porque-escolher-nos\/#breadcrumb\"},\"inLanguage\":\"pt-PT\",\"potentialAction\":[{\"@type\":\"ReadAction\",\"target\":[\"https:\/\/iptvking.co\/pt-pt\/porque-escolher-nos\/\"]}]},{\"@type\":\"ImageObject\",\"inLanguage\":\"pt-PT\",\"@id\":\"https:\/\/iptvking.co\/pt-pt\/porque-escolher-nos\/#primaryimage\",\"url\":\"https:\/\/www.svenskiptv.com\/wp-content\/uploads\/2019\/06\/apple-products-iptv.png\",\"contentUrl\":\"https:\/\/www.svenskiptv.com\/wp-content\/uploads\/2019\/06\/apple-products-iptv.png\"},{\"@type\":\"BreadcrumbList\",\"@id\":\"https:\/\/iptvking.co\/pt-pt\/porque-escolher-nos\/#breadcrumb\",\"itemListElement\":[{\"@type\":\"ListItem\",\"position\":1,\"name\":\"Home\",\"item\":\"https:\/\/iptvking.co\/pt-pt\/\"},{\"@type\":\"ListItem\",\"position\":2,\"name\":\"Porque Escolher-nos?\"}]},{\"@type\":\"WebSite\",\"@id\":\"https:\/\/iptvking.co\/pt-pt\/#website\",\"url\":\"https:\/\/iptvking.co\/pt-pt\/\",\"name\":\"IPTV King\",\"description\":\"B\u00e4st p\u00e5 Svensk IPTV!\",\"alternateName\":\"The King of IPTV!\",\"potentialAction\":[{\"@type\":\"SearchAction\",\"target\":{\"@type\":\"EntryPoint\",\"urlTemplate\":\"https:\/\/iptvking.co\/pt-pt\/?s={search_term_string}\"},\"query-input\":{\"@type\":\"PropertyValueSpecification\",\"valueRequired\":true,\"valueName\":\"search_term_string\"}}],\"inLanguage\":\"pt-PT\"}]}<\/script>\n<!-- \/ Yoast SEO plugin. -->","yoast_head_json":{"title":"Porque Escolher-nos?","description":"Porque escolher-nos? Temos a maior e melhor sele\u00e7\u00e3o de IPTV. Da\u00ed o nome do site. N\u00e3o te vais arrepender...","robots":{"index":"index","follow":"follow","max-snippet":"max-snippet:-1","max-image-preview":"max-image-preview:large","max-video-preview":"max-video-preview:-1"},"canonical":"https:\/\/iptvking.co\/pt-pt\/porque-escolher-nos\/","og_locale":"pt_PT","og_type":"article","og_title":"Porque Escolher-nos?","og_description":"Porque escolher-nos? Temos a maior e melhor sele\u00e7\u00e3o de IPTV. Da\u00ed o nome do site. N\u00e3o te vais arrepender...","og_url":"https:\/\/iptvking.co\/pt-pt\/porque-escolher-nos\/","og_site_name":"Svensk IPTV","article_modified_time":"2025-12-07T18:51:44+00:00","og_image":[{"url":"https:\/\/www.svenskiptv.com\/wp-content\/uploads\/2019\/06\/apple-products-iptv.png","type":"","width":"","height":""}],"twitter_card":"summary_large_image","twitter_misc":{"Tempo estimado de leitura":"2 minutos"},"schema":{"@context":"https:\/\/schema.org","@graph":[{"@type":"WebPage","@id":"https:\/\/iptvking.co\/pt-pt\/porque-escolher-nos\/","url":"https:\/\/iptvking.co\/pt-pt\/porque-escolher-nos\/","name":"Porque Escolher-nos?","isPartOf":{"@id":"https:\/\/iptvking.co\/pt-pt\/#website"},"primaryImageOfPage":{"@id":"https:\/\/iptvking.co\/pt-pt\/porque-escolher-nos\/#primaryimage"},"image":{"@id":"https:\/\/iptvking.co\/pt-pt\/porque-escolher-nos\/#primaryimage"},"thumbnailUrl":"https:\/\/www.svenskiptv.com\/wp-content\/uploads\/2019\/06\/apple-products-iptv.png","datePublished":"2019-12-07T00:19:16+00:00","dateModified":"2025-12-07T18:51:44+00:00","description":"Porque escolher-nos? Temos a maior e melhor sele\u00e7\u00e3o de IPTV. Da\u00ed o nome do site. N\u00e3o te vais arrepender...","breadcrumb":{"@id":"https:\/\/iptvking.co\/pt-pt\/porque-escolher-nos\/#breadcrumb"},"inLanguage":"pt-PT","potentialAction":[{"@type":"ReadAction","target":["https:\/\/iptvking.co\/pt-pt\/porque-escolher-nos\/"]}]},{"@type":"ImageObject","inLanguage":"pt-PT","@id":"https:\/\/iptvking.co\/pt-pt\/porque-escolher-nos\/#primaryimage","url":"https:\/\/www.svenskiptv.com\/wp-content\/uploads\/2019\/06\/apple-products-iptv.png","contentUrl":"https:\/\/www.svenskiptv.com\/wp-content\/uploads\/2019\/06\/apple-products-iptv.png"},{"@type":"BreadcrumbList","@id":"https:\/\/iptvking.co\/pt-pt\/porque-escolher-nos\/#breadcrumb","itemListElement":[{"@type":"ListItem","position":1,"name":"Home","item":"https:\/\/iptvking.co\/pt-pt\/"},{"@type":"ListItem","position":2,"name":"Porque Escolher-nos?"}]},{"@type":"WebSite","@id":"https:\/\/iptvking.co\/pt-pt\/#website","url":"https:\/\/iptvking.co\/pt-pt\/","name":"IPTV King","description":"B\u00e4st p\u00e5 Svensk IPTV!","alternateName":"The King of IPTV!","potentialAction":[{"@type":"SearchAction","target":{"@type":"EntryPoint","urlTemplate":"https:\/\/iptvking.co\/pt-pt\/?s={search_term_string}"},"query-input":{"@type":"PropertyValueSpecification","valueRequired":true,"valueName":"search_term_string"}}],"inLanguage":"pt-PT"}]}},"_links":{"self":[{"href":"https:\/\/iptvking.co\/pt-pt\/wp-json\/wp\/v2\/pages\/37921","targetHints":{"allow":["GET"]}}],"collection":[{"href":"https:\/\/iptvking.co\/pt-pt\/wp-json\/wp\/v2\/pages"}],"about":[{"href":"https:\/\/iptvking.co\/pt-pt\/wp-json\/wp\/v2\/types\/page"}],"author":[{"embeddable":true,"href":"https:\/\/iptvking.co\/pt-pt\/wp-json\/wp\/v2\/users\/3"}],"replies":[{"embeddable":true,"href":"https:\/\/iptvking.co\/pt-pt\/wp-json\/wp\/v2\/comments?post=37921"}],"version-history":[{"count":5,"href":"https:\/\/iptvking.co\/pt-pt\/wp-json\/wp\/v2\/pages\/37921\/revisions"}],"predecessor-version":[{"id":37963,"href":"https:\/\/iptvking.co\/pt-pt\/wp-json\/wp\/v2\/pages\/37921\/revisions\/37963"}],"wp:attachment":[{"href":"https:\/\/iptvking.co\/pt-pt\/wp-json\/wp\/v2\/media?parent=37921"}],"curies":[{"name":"wp","href":"https:\/\/api.w.org\/{rel}","templated":true}]}}