{"id":40244,"date":"2023-05-08T17:20:00","date_gmt":"2023-05-08T15:20:00","guid":{"rendered":"https:\/\/iptvking.co\/niezawodne-iptv\/"},"modified":"2025-12-08T13:00:33","modified_gmt":"2025-12-08T12:00:33","slug":"niezawodne-iptv","status":"publish","type":"page","link":"https:\/\/iptvking.co\/pl\/niezawodne-iptv\/","title":{"rendered":"Niezawodne IPTV"},"content":{"rendered":"\t\t<div data-elementor-type=\"wp-page\" data-elementor-id=\"40244\" class=\"elementor elementor-40244 elementor-12485\" data-elementor-post-type=\"page\">\n\t\t\t\t\t\t<section class=\"elementor-section elementor-top-section elementor-element elementor-element-f844598 elementor-section-boxed elementor-section-height-default elementor-section-height-default\" data-id=\"f844598\" data-element_type=\"section\" data-e-type=\"section\">\n\t\t\t\t\t\t<div class=\"elementor-container elementor-column-gap-default\">\n\t\t\t\t\t<div class=\"elementor-column elementor-col-100 elementor-top-column elementor-element elementor-element-1f0b1a1\" data-id=\"1f0b1a1\" data-element_type=\"column\" data-e-type=\"column\">\n\t\t\t<div class=\"elementor-widget-wrap elementor-element-populated\">\n\t\t\t\t\t\t<div class=\"elementor-element elementor-element-43396b2 elementor-widget elementor-widget-heading\" data-id=\"43396b2\" data-element_type=\"widget\" data-e-type=\"widget\" data-widget_type=\"heading.default\">\n\t\t\t\t<div class=\"elementor-widget-container\">\n\t\t\t\t\t<h2 class=\"elementor-heading-title elementor-size-default\">Niezawodny dostawca IPTV<\/h2>\t\t\t\t<\/div>\n\t\t\t\t<\/div>\n\t\t\t\t<div class=\"elementor-element elementor-element-54c0e24 elementor-widget elementor-widget-text-editor\" data-id=\"54c0e24\" data-element_type=\"widget\" data-e-type=\"widget\" data-widget_type=\"text-editor.default\">\n\t\t\t\t<div class=\"elementor-widget-container\">\n\t\t\t\t\t\t\t\t\t<h2><strong>Niezawodne us\u0142ugi IPTV: Jak znale\u017a\u0107 najlepszego dostawc\u0119<\/strong><\/h2><p>IPTV, czyli Internet Protocol Television, to popularny spos\u00f3b streamowania kana\u0142\u00f3w telewizji na \u017cywo i tre\u015bci wideo na \u017c\u0105danie przez internet. Ale nie wszystkie us\u0142ugi IPTV s\u0105 stworzone jednakowo. Niekt\u00f3rzy dostawcy niestety oferuj\u0105 niezawodne i niestabilne us\u0142ugi, s\u0142ab\u0105 obs\u0142ug\u0119 klienta i ograniczone opcje kana\u0142\u00f3w. Je\u015bli szukasz niezawodnego dostawcy <a href=\"https:\/\/iptvking.co\/pl\/?page_id=23636\">IPTV<\/a>, te wskaz\u00f3wki pomog\u0105 ci znale\u017a\u0107 <a href=\"https:\/\/iptvking.co\/pl\/?page_id=23636\">najlepszego dostawc\u0119 IPTV<\/a>.   <\/p><p>Pomy\u015bl o tym:<\/p><ul><li>Sprawd\u017a list\u0119 kana\u0142\u00f3w.<\/li><li>Sprawd\u017a jako\u015b\u0107 kana\u0142\u00f3w na przyk\u0142ad przez darmowy test.<\/li><li>Przetestuj wsparcie.<\/li><li>Cena nie jest najwa\u017cniejsza!<\/li><\/ul><h3><strong>Kluczowe dla niezawodnego dostawcy IPTV<\/strong><\/h3><p>Niezawodne us\u0142ugi IPTV powinny oferowa\u0107 wysokiej jako\u015bci streaming z minimalnym buforowaniem i przestojami. Szukaj dostawc\u00f3w, kt\u00f3rzy oferuj\u0105 darmowy test, \u017ceby\u015b m\u00f3g\u0142 sprawdzi\u0107 us\u0142ug\u0119 przed zap\u0142aceniem. Test nie musi trwa\u0107 d\u0142ugo, najwa\u017cniejsze to \u017ceby\u015b zd\u0105\u017cy\u0142 zobaczy\u0107 ofert\u0119 na kanale na \u017cywo\/transmisji. Dedykowane serwery i zaawansowana technologia streamingu s\u0105 r\u00f3wnie\u017c wa\u017cne dla zapewnienia p\u0142ynnego do\u015bwiadczenia ogl\u0105dania.    <a href=\"https:\/\/iptvking.co\/pl\/\">Svensk IPTV<\/a>  to jeden z niewielu, kt\u00f3rzy to maj\u0105.<\/p>\t\t\t\t\t\t\t\t<\/div>\n\t\t\t\t<\/div>\n\t\t\t\t<div class=\"elementor-element elementor-element-7593d57 elementor-widget elementor-widget-text-editor\" data-id=\"7593d57\" data-element_type=\"widget\" data-e-type=\"widget\" data-widget_type=\"text-editor.default\">\n\t\t\t\t<div class=\"elementor-widget-container\">\n\t\t\t\t\t\t\t\t\t<h4><strong>Przetestuj wsparcie<\/strong><\/h4><p>Je\u015bli masz pytania lub napotkasz problemy z us\u0142ug\u0105 IPTV, wa\u017cne jest \u017ceby mie\u0107 dobr\u0105 obs\u0142ug\u0119 klienta, kt\u00f3ra ci pomo\u017ce. Szukaj dostawc\u00f3w, kt\u00f3rzy oferuj\u0105 szybkie i dobre wsparcie, obs\u0142uga klienta dost\u0119pna 24\/7 brzmi kusz\u0105co, ale w tym przypadku nie jest istotna, poniewa\u017c ten typ wsparcia cz\u0119sto nie jest dobry lub nawet nie zgadza si\u0119 z reklamowanymi godzinami otwarcia. FAQ jest wa\u017cne, ale kilka sposob\u00f3w kontaktu jest jeszcze wa\u017cniejsze. Dostawca nie musi mie\u0107 dziesi\u0119ciu r\u00f3\u017cnych sposob\u00f3w kontaktu, ale powinna by\u0107 strona wsparcia oraz adres e-mail.   <\/p><h4><strong>Cena nie jest najwa\u017cniejsza<\/strong><\/h4><p>Na koniec, PRZESTA\u0143 przywi\u0105zywa\u0107 zbyt du\u017c\u0105 wag\u0119 do cen r\u00f3\u017cnych dostawc\u00f3w IPTV. S\u0105 dostawcy, kt\u00f3rzy oferuj\u0105 IPTV za 15 EUR rocznie i s\u0105 inni, kt\u00f3rzy oferuj\u0105 us\u0142ug\u0119 za 200 EUR rocznie. Normalna cena za IPTV to oko\u0142o 60 EUR rocznie z wsparciem wliczonym w cen\u0119. Wszystko inne, co jest 10-20 EUR ta\u0144sze ni\u017c to, niestety wi\u0105\u017ce si\u0119 z zauwa\u017caln\u0105 r\u00f3\u017cnic\u0105 w jako\u015bci.   <\/p><p>Niekt\u00f3rzy dostawcy oferuj\u0105 miesi\u0119czne lub roczne subskrypcje, podczas gdy inni oferuj\u0105 opcje pay-per-view lub pakietowe oferty.<\/p><p>Oferujemy wszystkie kana\u0142y, filmy, seriale, dokumenty i <span style=\"text-decoration: underline;\">WSZYSTKIE wydarzenia PPV!<\/span><\/p><p>Post\u0119puj\u0105c zgodnie z tymi wskaz\u00f3wkami, mo\u017cesz znale\u017a\u0107 niezawodn\u0105 us\u0142ug\u0119 IPTV, kt\u00f3ra spe\u0142ni twoje potrzeby i zapewni wysokiej jako\u015bci streaming w bezpieczny i stabilny spos\u00f3b.<\/p>\t\t\t\t\t\t\t\t<\/div>\n\t\t\t\t<\/div>\n\t\t\t\t<div class=\"elementor-element elementor-element-9543050 elementor-align-center elementor-widget elementor-widget-button\" data-id=\"9543050\" data-element_type=\"widget\" data-e-type=\"widget\" data-widget_type=\"button.default\">\n\t\t\t\t<div class=\"elementor-widget-container\">\n\t\t\t\t\t\t\t\t\t<div class=\"elementor-button-wrapper\">\n\t\t\t\t\t<a class=\"elementor-button elementor-button-link elementor-size-sm\" href=\"https:\/\/iptvking.co\/pl\/sklep\/\">\n\t\t\t\t\t\t<span class=\"elementor-button-content-wrapper\">\n\t\t\t\t\t\t\t\t\t<span class=\"elementor-button-text\">Przetestuj IPTV za darmo<\/span>\n\t\t\t\t\t<\/span>\n\t\t\t\t\t<\/a>\n\t\t\t\t<\/div>\n\t\t\t\t\t\t\t\t<\/div>\n\t\t\t\t<\/div>\n\t\t\t\t\t<\/div>\n\t\t<\/div>\n\t\t\t\t\t<\/div>\n\t\t<\/section>\n\t\t\t\t<\/div>\n\t\t","protected":false},"excerpt":{"rendered":"<p>Niezawodny dostawca IPTV Niezawodne us\u0142ugi IPTV: Jak znale\u017a\u0107 najlepszego dostawc\u0119 IPTV, czyli Internet Protocol Television, to popularny spos\u00f3b streamowania kana\u0142\u00f3w telewizji na \u017cywo i tre\u015bci wideo na \u017c\u0105danie przez internet. Ale nie wszystkie us\u0142ugi IPTV s\u0105 stworzone jednakowo. Niekt\u00f3rzy dostawcy niestety oferuj\u0105 niezawodne i niestabilne us\u0142ugi, s\u0142ab\u0105 obs\u0142ug\u0119 klienta i ograniczone opcje kana\u0142\u00f3w. Je\u015bli szukasz [&hellip;]<\/p>\n","protected":false},"author":3,"featured_media":40250,"parent":0,"menu_order":0,"comment_status":"closed","ping_status":"closed","template":"elementor_header_footer","meta":{"footnotes":""},"class_list":["post-40244","page","type-page","status-publish","has-post-thumbnail","hentry"],"acf":[],"yoast_head":"<!-- This site is optimized with the Yoast SEO plugin v26.9 - https:\/\/yoast.com\/product\/yoast-seo-wordpress\/ -->\n<title>Niezawodne IPTV - Svensk IPTV<\/title>\n<meta name=\"description\" content=\"Niekt\u00f3rzy dostawcy oferuj\u0105 niezawodne i niestabilne us\u0142ugi, s\u0142ab\u0105 obs\u0142ug\u0119 klienta i ograniczone opcje kana\u0142\u00f3w. Znajd\u017a niezawodnego dostawc\u0119 iptv...\" \/>\n<meta name=\"robots\" content=\"index, follow, max-snippet:-1, max-image-preview:large, max-video-preview:-1\" \/>\n<link rel=\"canonical\" href=\"https:\/\/iptvking.co\/pl\/niezawodne-iptv\/\" \/>\n<meta property=\"og:locale\" content=\"pl_PL\" \/>\n<meta property=\"og:type\" content=\"article\" \/>\n<meta property=\"og:title\" content=\"Niezawodne IPTV - Svensk IPTV\" \/>\n<meta property=\"og:description\" content=\"Niekt\u00f3rzy dostawcy oferuj\u0105 niezawodne i niestabilne us\u0142ugi, s\u0142ab\u0105 obs\u0142ug\u0119 klienta i ograniczone opcje kana\u0142\u00f3w. Znajd\u017a niezawodnego dostawc\u0119 iptv...\" \/>\n<meta property=\"og:url\" content=\"https:\/\/iptvking.co\/pl\/niezawodne-iptv\/\" \/>\n<meta property=\"og:site_name\" content=\"Svensk IPTV\" \/>\n<meta property=\"article:modified_time\" content=\"2025-12-08T12:00:33+00:00\" \/>\n<meta property=\"og:image\" content=\"https:\/\/iptvking.co\/wp-content\/uploads\/2023\/10\/Svensk-IPTV-background-3.png\" \/>\n\t<meta property=\"og:image:width\" content=\"1477\" \/>\n\t<meta property=\"og:image:height\" content=\"1217\" \/>\n\t<meta property=\"og:image:type\" content=\"image\/png\" \/>\n<meta name=\"twitter:card\" content=\"summary_large_image\" \/>\n<meta name=\"twitter:label1\" content=\"Szacowany czas czytania\" \/>\n\t<meta name=\"twitter:data1\" content=\"2 minuty\" \/>\n<script type=\"application\/ld+json\" class=\"yoast-schema-graph\">{\"@context\":\"https:\/\/schema.org\",\"@graph\":[{\"@type\":\"WebPage\",\"@id\":\"https:\/\/iptvking.co\/pl\/niezawodne-iptv\/\",\"url\":\"https:\/\/iptvking.co\/pl\/niezawodne-iptv\/\",\"name\":\"Niezawodne IPTV - Svensk IPTV\",\"isPartOf\":{\"@id\":\"https:\/\/iptvking.co\/pl\/#website\"},\"primaryImageOfPage\":{\"@id\":\"https:\/\/iptvking.co\/pl\/niezawodne-iptv\/#primaryimage\"},\"image\":{\"@id\":\"https:\/\/iptvking.co\/pl\/niezawodne-iptv\/#primaryimage\"},\"thumbnailUrl\":\"https:\/\/iptvking.co\/wp-content\/uploads\/2023\/10\/Svensk-IPTV-background-3.png\",\"datePublished\":\"2023-05-08T15:20:00+00:00\",\"dateModified\":\"2025-12-08T12:00:33+00:00\",\"description\":\"Niekt\u00f3rzy dostawcy oferuj\u0105 niezawodne i niestabilne us\u0142ugi, s\u0142ab\u0105 obs\u0142ug\u0119 klienta i ograniczone opcje kana\u0142\u00f3w. Znajd\u017a niezawodnego dostawc\u0119 iptv...\",\"breadcrumb\":{\"@id\":\"https:\/\/iptvking.co\/pl\/niezawodne-iptv\/#breadcrumb\"},\"inLanguage\":\"pl-PL\",\"potentialAction\":[{\"@type\":\"ReadAction\",\"target\":[\"https:\/\/iptvking.co\/pl\/niezawodne-iptv\/\"]}]},{\"@type\":\"ImageObject\",\"inLanguage\":\"pl-PL\",\"@id\":\"https:\/\/iptvking.co\/pl\/niezawodne-iptv\/#primaryimage\",\"url\":\"https:\/\/iptvking.co\/wp-content\/uploads\/2023\/10\/Svensk-IPTV-background-3.png\",\"contentUrl\":\"https:\/\/iptvking.co\/wp-content\/uploads\/2023\/10\/Svensk-IPTV-background-3.png\",\"width\":1477,\"height\":1217,\"caption\":\"IPTV Poland\"},{\"@type\":\"BreadcrumbList\",\"@id\":\"https:\/\/iptvking.co\/pl\/niezawodne-iptv\/#breadcrumb\",\"itemListElement\":[{\"@type\":\"ListItem\",\"position\":1,\"name\":\"Home\",\"item\":\"https:\/\/iptvking.co\/pl\/\"},{\"@type\":\"ListItem\",\"position\":2,\"name\":\"Niezawodne IPTV\"}]},{\"@type\":\"WebSite\",\"@id\":\"https:\/\/iptvking.co\/pl\/#website\",\"url\":\"https:\/\/iptvking.co\/pl\/\",\"name\":\"IPTV King\",\"description\":\"B\u00e4st p\u00e5 Svensk IPTV!\",\"alternateName\":\"The King of IPTV!\",\"potentialAction\":[{\"@type\":\"SearchAction\",\"target\":{\"@type\":\"EntryPoint\",\"urlTemplate\":\"https:\/\/iptvking.co\/pl\/?s={search_term_string}\"},\"query-input\":{\"@type\":\"PropertyValueSpecification\",\"valueRequired\":true,\"valueName\":\"search_term_string\"}}],\"inLanguage\":\"pl-PL\"}]}<\/script>\n<!-- \/ Yoast SEO plugin. -->","yoast_head_json":{"title":"Niezawodne IPTV - Svensk IPTV","description":"Niekt\u00f3rzy dostawcy oferuj\u0105 niezawodne i niestabilne us\u0142ugi, s\u0142ab\u0105 obs\u0142ug\u0119 klienta i ograniczone opcje kana\u0142\u00f3w. Znajd\u017a niezawodnego dostawc\u0119 iptv...","robots":{"index":"index","follow":"follow","max-snippet":"max-snippet:-1","max-image-preview":"max-image-preview:large","max-video-preview":"max-video-preview:-1"},"canonical":"https:\/\/iptvking.co\/pl\/niezawodne-iptv\/","og_locale":"pl_PL","og_type":"article","og_title":"Niezawodne IPTV - Svensk IPTV","og_description":"Niekt\u00f3rzy dostawcy oferuj\u0105 niezawodne i niestabilne us\u0142ugi, s\u0142ab\u0105 obs\u0142ug\u0119 klienta i ograniczone opcje kana\u0142\u00f3w. Znajd\u017a niezawodnego dostawc\u0119 iptv...","og_url":"https:\/\/iptvking.co\/pl\/niezawodne-iptv\/","og_site_name":"Svensk IPTV","article_modified_time":"2025-12-08T12:00:33+00:00","og_image":[{"width":1477,"height":1217,"url":"https:\/\/iptvking.co\/wp-content\/uploads\/2023\/10\/Svensk-IPTV-background-3.png","type":"image\/png"}],"twitter_card":"summary_large_image","twitter_misc":{"Szacowany czas czytania":"2 minuty"},"schema":{"@context":"https:\/\/schema.org","@graph":[{"@type":"WebPage","@id":"https:\/\/iptvking.co\/pl\/niezawodne-iptv\/","url":"https:\/\/iptvking.co\/pl\/niezawodne-iptv\/","name":"Niezawodne IPTV - Svensk IPTV","isPartOf":{"@id":"https:\/\/iptvking.co\/pl\/#website"},"primaryImageOfPage":{"@id":"https:\/\/iptvking.co\/pl\/niezawodne-iptv\/#primaryimage"},"image":{"@id":"https:\/\/iptvking.co\/pl\/niezawodne-iptv\/#primaryimage"},"thumbnailUrl":"https:\/\/iptvking.co\/wp-content\/uploads\/2023\/10\/Svensk-IPTV-background-3.png","datePublished":"2023-05-08T15:20:00+00:00","dateModified":"2025-12-08T12:00:33+00:00","description":"Niekt\u00f3rzy dostawcy oferuj\u0105 niezawodne i niestabilne us\u0142ugi, s\u0142ab\u0105 obs\u0142ug\u0119 klienta i ograniczone opcje kana\u0142\u00f3w. Znajd\u017a niezawodnego dostawc\u0119 iptv...","breadcrumb":{"@id":"https:\/\/iptvking.co\/pl\/niezawodne-iptv\/#breadcrumb"},"inLanguage":"pl-PL","potentialAction":[{"@type":"ReadAction","target":["https:\/\/iptvking.co\/pl\/niezawodne-iptv\/"]}]},{"@type":"ImageObject","inLanguage":"pl-PL","@id":"https:\/\/iptvking.co\/pl\/niezawodne-iptv\/#primaryimage","url":"https:\/\/iptvking.co\/wp-content\/uploads\/2023\/10\/Svensk-IPTV-background-3.png","contentUrl":"https:\/\/iptvking.co\/wp-content\/uploads\/2023\/10\/Svensk-IPTV-background-3.png","width":1477,"height":1217,"caption":"IPTV Poland"},{"@type":"BreadcrumbList","@id":"https:\/\/iptvking.co\/pl\/niezawodne-iptv\/#breadcrumb","itemListElement":[{"@type":"ListItem","position":1,"name":"Home","item":"https:\/\/iptvking.co\/pl\/"},{"@type":"ListItem","position":2,"name":"Niezawodne IPTV"}]},{"@type":"WebSite","@id":"https:\/\/iptvking.co\/pl\/#website","url":"https:\/\/iptvking.co\/pl\/","name":"IPTV King","description":"B\u00e4st p\u00e5 Svensk IPTV!","alternateName":"The King of IPTV!","potentialAction":[{"@type":"SearchAction","target":{"@type":"EntryPoint","urlTemplate":"https:\/\/iptvking.co\/pl\/?s={search_term_string}"},"query-input":{"@type":"PropertyValueSpecification","valueRequired":true,"valueName":"search_term_string"}}],"inLanguage":"pl-PL"}]}},"_links":{"self":[{"href":"https:\/\/iptvking.co\/pl\/wp-json\/wp\/v2\/pages\/40244","targetHints":{"allow":["GET"]}}],"collection":[{"href":"https:\/\/iptvking.co\/pl\/wp-json\/wp\/v2\/pages"}],"about":[{"href":"https:\/\/iptvking.co\/pl\/wp-json\/wp\/v2\/types\/page"}],"author":[{"embeddable":true,"href":"https:\/\/iptvking.co\/pl\/wp-json\/wp\/v2\/users\/3"}],"replies":[{"embeddable":true,"href":"https:\/\/iptvking.co\/pl\/wp-json\/wp\/v2\/comments?post=40244"}],"version-history":[{"count":1,"href":"https:\/\/iptvking.co\/pl\/wp-json\/wp\/v2\/pages\/40244\/revisions"}],"predecessor-version":[{"id":40259,"href":"https:\/\/iptvking.co\/pl\/wp-json\/wp\/v2\/pages\/40244\/revisions\/40259"}],"wp:featuredmedia":[{"embeddable":true,"href":"https:\/\/iptvking.co\/pl\/wp-json\/wp\/v2\/media\/40250"}],"wp:attachment":[{"href":"https:\/\/iptvking.co\/pl\/wp-json\/wp\/v2\/media?parent=40244"}],"curies":[{"name":"wp","href":"https:\/\/api.w.org\/{rel}","templated":true}]}}