{"id":38575,"date":"2023-05-11T12:21:38","date_gmt":"2023-05-11T10:21:38","guid":{"rendered":"https:\/\/iptvking.co\/oferta\/"},"modified":"2025-12-08T12:13:13","modified_gmt":"2025-12-08T11:13:13","slug":"oferta","status":"publish","type":"page","link":"https:\/\/iptvking.co\/pl\/oferta\/","title":{"rendered":"Oferta"},"content":{"rendered":"\t\t<div data-elementor-type=\"wp-page\" data-elementor-id=\"38575\" class=\"elementor elementor-38575 elementor-12524\" data-elementor-post-type=\"page\">\n\t\t\t\t<div class=\"elementor-element elementor-element-ad46fe3 e-flex e-con-boxed e-con e-parent\" data-id=\"ad46fe3\" data-element_type=\"container\" data-e-type=\"container\">\n\t\t\t\t\t<div class=\"e-con-inner\">\n\t\t\t\t<div class=\"elementor-element elementor-element-c077013 elementor-widget elementor-widget-heading\" data-id=\"c077013\" data-element_type=\"widget\" data-e-type=\"widget\" data-widget_type=\"heading.default\">\n\t\t\t\t<div class=\"elementor-widget-container\">\n\t\t\t\t\t<h2 class=\"elementor-heading-title elementor-size-default\">INFORMACJE WKR\u00d3TCE!<\/h2>\t\t\t\t<\/div>\n\t\t\t\t<\/div>\n\t\t\t\t\t<\/div>\n\t\t\t\t<\/div>\n\t\t\t\t<\/div>\n\t\t","protected":false},"excerpt":{"rendered":"<p>INFORMACJE WKR\u00d3TCE!<\/p>\n","protected":false},"author":3,"featured_media":0,"parent":0,"menu_order":0,"comment_status":"closed","ping_status":"closed","template":"elementor_header_footer","meta":{"footnotes":""},"class_list":["post-38575","page","type-page","status-publish","hentry"],"acf":[],"yoast_head":"<!-- This site is optimized with the Yoast SEO plugin v26.9 - https:\/\/yoast.com\/product\/yoast-seo-wordpress\/ -->\n<title>Oferta - Svensk IPTV<\/title>\n<meta name=\"description\" content=\"Tutaj zobaczysz nasz\u0105 ofert\u0119. Mamy kana\u0142y z ca\u0142ego \u015bwiata, ale oczywi\u015bcie skupiamy si\u0119 na kana\u0142ach IPTV z Europy i reszty \u015bwiata!\" \/>\n<meta name=\"robots\" content=\"index, follow, max-snippet:-1, max-image-preview:large, max-video-preview:-1\" \/>\n<link rel=\"canonical\" href=\"https:\/\/iptvking.co\/pl\/oferta\/\" \/>\n<meta property=\"og:locale\" content=\"pl_PL\" \/>\n<meta property=\"og:type\" content=\"article\" \/>\n<meta property=\"og:title\" content=\"Oferta - Svensk IPTV\" \/>\n<meta property=\"og:description\" content=\"Tutaj zobaczysz nasz\u0105 ofert\u0119. Mamy kana\u0142y z ca\u0142ego \u015bwiata, ale oczywi\u015bcie skupiamy si\u0119 na kana\u0142ach IPTV z Europy i reszty \u015bwiata!\" \/>\n<meta property=\"og:url\" content=\"https:\/\/iptvking.co\/pl\/oferta\/\" \/>\n<meta property=\"og:site_name\" content=\"Svensk IPTV\" \/>\n<meta property=\"article:modified_time\" content=\"2025-12-08T11:13:13+00:00\" \/>\n<meta name=\"twitter:card\" content=\"summary_large_image\" \/>\n<script type=\"application\/ld+json\" class=\"yoast-schema-graph\">{\"@context\":\"https:\/\/schema.org\",\"@graph\":[{\"@type\":\"WebPage\",\"@id\":\"https:\/\/iptvking.co\/pl\/oferta\/\",\"url\":\"https:\/\/iptvking.co\/pl\/oferta\/\",\"name\":\"Oferta - Svensk IPTV\",\"isPartOf\":{\"@id\":\"https:\/\/iptvking.co\/pl\/#website\"},\"datePublished\":\"2023-05-11T10:21:38+00:00\",\"dateModified\":\"2025-12-08T11:13:13+00:00\",\"description\":\"Tutaj zobaczysz nasz\u0105 ofert\u0119. Mamy kana\u0142y z ca\u0142ego \u015bwiata, ale oczywi\u015bcie skupiamy si\u0119 na kana\u0142ach IPTV z Europy i reszty \u015bwiata!\",\"breadcrumb\":{\"@id\":\"https:\/\/iptvking.co\/pl\/oferta\/#breadcrumb\"},\"inLanguage\":\"pl-PL\",\"potentialAction\":[{\"@type\":\"ReadAction\",\"target\":[\"https:\/\/iptvking.co\/pl\/oferta\/\"]}]},{\"@type\":\"BreadcrumbList\",\"@id\":\"https:\/\/iptvking.co\/pl\/oferta\/#breadcrumb\",\"itemListElement\":[{\"@type\":\"ListItem\",\"position\":1,\"name\":\"Home\",\"item\":\"https:\/\/iptvking.co\/pl\/\"},{\"@type\":\"ListItem\",\"position\":2,\"name\":\"Oferta\"}]},{\"@type\":\"WebSite\",\"@id\":\"https:\/\/iptvking.co\/pl\/#website\",\"url\":\"https:\/\/iptvking.co\/pl\/\",\"name\":\"IPTV King\",\"description\":\"B\u00e4st p\u00e5 Svensk IPTV!\",\"alternateName\":\"The King of IPTV!\",\"potentialAction\":[{\"@type\":\"SearchAction\",\"target\":{\"@type\":\"EntryPoint\",\"urlTemplate\":\"https:\/\/iptvking.co\/pl\/?s={search_term_string}\"},\"query-input\":{\"@type\":\"PropertyValueSpecification\",\"valueRequired\":true,\"valueName\":\"search_term_string\"}}],\"inLanguage\":\"pl-PL\"}]}<\/script>\n<!-- \/ Yoast SEO plugin. -->","yoast_head_json":{"title":"Oferta - Svensk IPTV","description":"Tutaj zobaczysz nasz\u0105 ofert\u0119. Mamy kana\u0142y z ca\u0142ego \u015bwiata, ale oczywi\u015bcie skupiamy si\u0119 na kana\u0142ach IPTV z Europy i reszty \u015bwiata!","robots":{"index":"index","follow":"follow","max-snippet":"max-snippet:-1","max-image-preview":"max-image-preview:large","max-video-preview":"max-video-preview:-1"},"canonical":"https:\/\/iptvking.co\/pl\/oferta\/","og_locale":"pl_PL","og_type":"article","og_title":"Oferta - Svensk IPTV","og_description":"Tutaj zobaczysz nasz\u0105 ofert\u0119. Mamy kana\u0142y z ca\u0142ego \u015bwiata, ale oczywi\u015bcie skupiamy si\u0119 na kana\u0142ach IPTV z Europy i reszty \u015bwiata!","og_url":"https:\/\/iptvking.co\/pl\/oferta\/","og_site_name":"Svensk IPTV","article_modified_time":"2025-12-08T11:13:13+00:00","twitter_card":"summary_large_image","schema":{"@context":"https:\/\/schema.org","@graph":[{"@type":"WebPage","@id":"https:\/\/iptvking.co\/pl\/oferta\/","url":"https:\/\/iptvking.co\/pl\/oferta\/","name":"Oferta - Svensk IPTV","isPartOf":{"@id":"https:\/\/iptvking.co\/pl\/#website"},"datePublished":"2023-05-11T10:21:38+00:00","dateModified":"2025-12-08T11:13:13+00:00","description":"Tutaj zobaczysz nasz\u0105 ofert\u0119. Mamy kana\u0142y z ca\u0142ego \u015bwiata, ale oczywi\u015bcie skupiamy si\u0119 na kana\u0142ach IPTV z Europy i reszty \u015bwiata!","breadcrumb":{"@id":"https:\/\/iptvking.co\/pl\/oferta\/#breadcrumb"},"inLanguage":"pl-PL","potentialAction":[{"@type":"ReadAction","target":["https:\/\/iptvking.co\/pl\/oferta\/"]}]},{"@type":"BreadcrumbList","@id":"https:\/\/iptvking.co\/pl\/oferta\/#breadcrumb","itemListElement":[{"@type":"ListItem","position":1,"name":"Home","item":"https:\/\/iptvking.co\/pl\/"},{"@type":"ListItem","position":2,"name":"Oferta"}]},{"@type":"WebSite","@id":"https:\/\/iptvking.co\/pl\/#website","url":"https:\/\/iptvking.co\/pl\/","name":"IPTV King","description":"B\u00e4st p\u00e5 Svensk IPTV!","alternateName":"The King of IPTV!","potentialAction":[{"@type":"SearchAction","target":{"@type":"EntryPoint","urlTemplate":"https:\/\/iptvking.co\/pl\/?s={search_term_string}"},"query-input":{"@type":"PropertyValueSpecification","valueRequired":true,"valueName":"search_term_string"}}],"inLanguage":"pl-PL"}]}},"_links":{"self":[{"href":"https:\/\/iptvking.co\/pl\/wp-json\/wp\/v2\/pages\/38575","targetHints":{"allow":["GET"]}}],"collection":[{"href":"https:\/\/iptvking.co\/pl\/wp-json\/wp\/v2\/pages"}],"about":[{"href":"https:\/\/iptvking.co\/pl\/wp-json\/wp\/v2\/types\/page"}],"author":[{"embeddable":true,"href":"https:\/\/iptvking.co\/pl\/wp-json\/wp\/v2\/users\/3"}],"replies":[{"embeddable":true,"href":"https:\/\/iptvking.co\/pl\/wp-json\/wp\/v2\/comments?post=38575"}],"version-history":[{"count":1,"href":"https:\/\/iptvking.co\/pl\/wp-json\/wp\/v2\/pages\/38575\/revisions"}],"predecessor-version":[{"id":38577,"href":"https:\/\/iptvking.co\/pl\/wp-json\/wp\/v2\/pages\/38575\/revisions\/38577"}],"wp:attachment":[{"href":"https:\/\/iptvking.co\/pl\/wp-json\/wp\/v2\/media?parent=38575"}],"curies":[{"name":"wp","href":"https:\/\/api.w.org\/{rel}","templated":true}]}}