{"id":38741,"date":"2023-05-08T17:20:00","date_gmt":"2023-05-08T15:20:00","guid":{"rendered":"https:\/\/iptvking.co\/uzticams-iptv\/"},"modified":"2025-12-08T12:29:24","modified_gmt":"2025-12-08T11:29:24","slug":"uzticams-iptv","status":"publish","type":"page","link":"https:\/\/iptvking.co\/lv\/uzticams-iptv\/","title":{"rendered":"Uzticams IPTV"},"content":{"rendered":"\t\t<div data-elementor-type=\"wp-page\" data-elementor-id=\"38741\" class=\"elementor elementor-38741 elementor-12485\" data-elementor-post-type=\"page\">\n\t\t\t\t\t\t<section class=\"elementor-section elementor-top-section elementor-element elementor-element-f844598 elementor-section-boxed elementor-section-height-default elementor-section-height-default\" data-id=\"f844598\" data-element_type=\"section\" data-e-type=\"section\">\n\t\t\t\t\t\t<div class=\"elementor-container elementor-column-gap-default\">\n\t\t\t\t\t<div class=\"elementor-column elementor-col-100 elementor-top-column elementor-element elementor-element-1f0b1a1\" data-id=\"1f0b1a1\" data-element_type=\"column\" data-e-type=\"column\">\n\t\t\t<div class=\"elementor-widget-wrap elementor-element-populated\">\n\t\t\t\t\t\t<div class=\"elementor-element elementor-element-43396b2 elementor-widget elementor-widget-heading\" data-id=\"43396b2\" data-element_type=\"widget\" data-e-type=\"widget\" data-widget_type=\"heading.default\">\n\t\t\t\t<div class=\"elementor-widget-container\">\n\t\t\t\t\t<h2 class=\"elementor-heading-title elementor-size-default\">Uzticams IPTV pakalpojumu sniedz\u0113js<\/h2>\t\t\t\t<\/div>\n\t\t\t\t<\/div>\n\t\t\t\t<div class=\"elementor-element elementor-element-54c0e24 elementor-widget elementor-widget-text-editor\" data-id=\"54c0e24\" data-element_type=\"widget\" data-e-type=\"widget\" data-widget_type=\"text-editor.default\">\n\t\t\t\t<div class=\"elementor-widget-container\">\n\t\t\t\t\t\t\t\t\t<h2><strong>Uzticami IPTV pakalpojumi: K\u0101 atrast lab\u0101ko pakalpojumu sniedz\u0113ju<\/strong><\/h2><p>IPTV jeb Internet Protocol Television ir popul\u0101rs veids, k\u0101 straum\u0113t tie\u0161raides TV kan\u0101lus un video p\u0113c piepras\u012bjuma saturu internet\u0101. Tom\u0113r ne visi IPTV pakalpojumi ir vien\u0101di. Diem\u017e\u0113l da\u017ei pakalpojumu sniedz\u0113ji pied\u0101v\u0101 neuzticamus un nestabilus pakalpojumus, sliktu klientu atbalstu un ierobe\u017eotas kan\u0101lu izv\u0113les. Ja mekl\u0113jat uzticamu <a href=\"https:\/\/iptvking.co\/lv\/?page_id=23636\">IPTV<\/a> pakalpojumu sniedz\u0113ju, \u0161ie padomi pal\u012bdz\u0113s atrast <a href=\"https:\/\/iptvking.co\/lv\/?page_id=23636\">lab\u0101ko IPTV pakalpojumu sniedz\u0113ju<\/a>.   <\/p><p>Piev\u0113rs uzman\u012bbu:<\/p><ul><li>P\u0101rbaudi kan\u0101lu sarakstu.<\/li><li>P\u0101rbaudi kan\u0101lu kvalit\u0101ti, izmantojot bezmaksas izm\u0113\u0123in\u0101jumu.<\/li><li>P\u0101rbaudi atbalsta dienestu.<\/li><li>Cena nav pats svar\u012bg\u0101kais!<\/li><\/ul><h3><strong>Iz\u0161\u0137iro\u0161ie faktori uzticamam IPTV pakalpojumu sniedz\u0113jam<\/strong><\/h3><p>Uzticamiem IPTV pakalpojumiem j\u0101nodro\u0161ina augstas kvalit\u0101tes straum\u0113\u0161ana ar minim\u0101lu buferiz\u0101ciju un d\u012bkst\u0101vi. Mekl\u0113 pakalpojumu sniedz\u0113jus, kas pied\u0101v\u0101 bezmaksas izm\u0113\u0123in\u0101jumu, lai var\u0113tu p\u0101rbaud\u012bt pakalpojumu pirms maks\u0101\u0161anas. Izm\u0113\u0123in\u0101jumam nav j\u0101b\u016bt ilgam, galvenais ir pasp\u0113t apskat\u012bt tie\u0161raides kan\u0101la\/p\u0101rraides pied\u0101v\u0101jumu. Ar\u012b \u012bpa\u0161i serveri un moderna straum\u0113\u0161anas tehnolo\u0123ija ir svar\u012bga, lai nodro\u0161in\u0101tu nevainojamu skat\u012b\u0161an\u0101s pieredzi.    <a href=\"https:\/\/iptvking.co\/lv\/\">Svensk IPTV<\/a> ir viens no retajiem, kam tas ir.<\/p>\t\t\t\t\t\t\t\t<\/div>\n\t\t\t\t<\/div>\n\t\t\t\t<div class=\"elementor-element elementor-element-7593d57 elementor-widget elementor-widget-text-editor\" data-id=\"7593d57\" data-element_type=\"widget\" data-e-type=\"widget\" data-widget_type=\"text-editor.default\">\n\t\t\t\t<div class=\"elementor-widget-container\">\n\t\t\t\t\t\t\t\t\t<h4><strong>P\u0101rbaudi atbalsta dienestu<\/strong><\/h4><p>Ja tev ir jaut\u0101jumi vai rodas probl\u0113mas ar IPTV pakalpojumu, ir svar\u012bgi, lai b\u016btu labs klientu atbalsts, kas tev pal\u012bdz\u0113tu. Mekl\u0113 pakalpojumu sniedz\u0113jus, kas pied\u0101v\u0101 \u0101tru un labu atbalstu. Klientu atbalsts 24\/7 izklaus\u0101s pievilc\u012bgi, bet \u0161aj\u0101 gad\u012bjum\u0101 tas nav b\u016btiski, jo \u0161\u0101da veida atbalsts bie\u017ei vien nav labs vai pat neatbilst reklam\u0113tajam darba laikam. BUJ ir svar\u012bgi, bet vair\u0101ki sazi\u0146as veidi ir v\u0113l svar\u012bg\u0101ki. Pakalpojumu sniedz\u0113jam nav vajadz\u012bgi desmit da\u017e\u0101di sazi\u0146as veidi, bet j\u0101b\u016bt atbalsta lapai un e-pasta adresei.   <\/p><h4><strong>Cena nav pats svar\u012bg\u0101kais<\/strong><\/h4><p>Visbeidzot, P\u0100RST\u0100J piev\u0113rst p\u0101r\u0101k lielu uzman\u012bbu da\u017e\u0101du IPTV pakalpojumu sniedz\u0113ju cen\u0101m. Ir pakalpojumu sniedz\u0113ji, kas pied\u0101v\u0101 IPTV par 15 EUR gad\u0101, un ir citi, kas pied\u0101v\u0101 pakalpojumu par 200 EUR gad\u0101. Norm\u0101la IPTV cena ir aptuveni 60 EUR gad\u0101 ar atbalstu, kas iek\u013cauts cen\u0101. Viss p\u0101r\u0113jais, kas ir par 10-20 EUR l\u0113t\u0101ks, diem\u017e\u0113l n\u0101k ar iev\u0113rojamu kvalit\u0101tes at\u0161\u0137ir\u012bbu.   <\/p><p>Da\u017ei pakalpojumu sniedz\u0113ji pied\u0101v\u0101 m\u0113ne\u0161a vai gada abonementus, savuk\u0101rt citi pied\u0101v\u0101 maksas skat\u012b\u0161an\u0101s iesp\u0113jas vai pakalpojumu komplektus.<\/p><p>M\u0113s pied\u0101v\u0101jam visus kan\u0101lus, filmas, seri\u0101lus, dokument\u0101l\u0101s filmas un <span style=\"text-decoration: underline;\">VISUS PPV pas\u0101kumus!<\/span><\/p><p>Sekojot \u0161iem padomiem, tu vari atrast uzticamu IPTV pakalpojumu, kas atbilst tav\u0101m vajadz\u012bb\u0101m un nodro\u0161ina augstas kvalit\u0101tes straum\u0113\u0161anu dro\u0161\u0101 un stabil\u0101 veid\u0101.<\/p>\t\t\t\t\t\t\t\t<\/div>\n\t\t\t\t<\/div>\n\t\t\t\t<div class=\"elementor-element elementor-element-9543050 elementor-align-center elementor-widget elementor-widget-button\" data-id=\"9543050\" data-element_type=\"widget\" data-e-type=\"widget\" data-widget_type=\"button.default\">\n\t\t\t\t<div class=\"elementor-widget-container\">\n\t\t\t\t\t\t\t\t\t<div class=\"elementor-button-wrapper\">\n\t\t\t\t\t<a class=\"elementor-button elementor-button-link elementor-size-sm\" href=\"https:\/\/iptvking.co\/lv\/veikals\/\">\n\t\t\t\t\t\t<span class=\"elementor-button-content-wrapper\">\n\t\t\t\t\t\t\t\t\t<span class=\"elementor-button-text\">Izm\u0113\u0123ini IPTV bez maksas<\/span>\n\t\t\t\t\t<\/span>\n\t\t\t\t\t<\/a>\n\t\t\t\t<\/div>\n\t\t\t\t\t\t\t\t<\/div>\n\t\t\t\t<\/div>\n\t\t\t\t\t<\/div>\n\t\t<\/div>\n\t\t\t\t\t<\/div>\n\t\t<\/section>\n\t\t\t\t<\/div>\n\t\t","protected":false},"excerpt":{"rendered":"<p>Uzticams IPTV pakalpojumu sniedz\u0113js Uzticami IPTV pakalpojumi: K\u0101 atrast lab\u0101ko pakalpojumu sniedz\u0113ju IPTV jeb Internet Protocol Television ir popul\u0101rs veids, k\u0101 straum\u0113t tie\u0161raides TV kan\u0101lus un video p\u0113c piepras\u012bjuma saturu internet\u0101. Tom\u0113r ne visi IPTV pakalpojumi ir vien\u0101di. Diem\u017e\u0113l da\u017ei pakalpojumu sniedz\u0113ji pied\u0101v\u0101 neuzticamus un nestabilus pakalpojumus, sliktu klientu atbalstu un ierobe\u017eotas kan\u0101lu izv\u0113les. Ja [&hellip;]<\/p>\n","protected":false},"author":3,"featured_media":38744,"parent":0,"menu_order":0,"comment_status":"closed","ping_status":"closed","template":"elementor_header_footer","meta":{"footnotes":""},"class_list":["post-38741","page","type-page","status-publish","has-post-thumbnail","hentry"],"acf":[],"yoast_head":"<!-- This site is optimized with the Yoast SEO plugin v26.9 - https:\/\/yoast.com\/product\/yoast-seo-wordpress\/ -->\n<title>Uzticams IPTV - Svensk IPTV<\/title>\n<meta name=\"description\" content=\"Da\u017ei pakalpojumu sniedz\u0113ji pied\u0101v\u0101 neuzticamus un nestabilus pakalpojumus, sliktu klientu atbalstu un ierobe\u017eotas kan\u0101lu izv\u0113les. Atrodi uzticamu IPTV pakalp...\" \/>\n<meta name=\"robots\" content=\"index, follow, max-snippet:-1, max-image-preview:large, max-video-preview:-1\" \/>\n<link rel=\"canonical\" href=\"https:\/\/iptvking.co\/lv\/uzticams-iptv\/\" \/>\n<meta property=\"og:locale\" content=\"lv_LV\" \/>\n<meta property=\"og:type\" content=\"article\" \/>\n<meta property=\"og:title\" content=\"Uzticams IPTV - Svensk IPTV\" \/>\n<meta property=\"og:description\" content=\"Da\u017ei pakalpojumu sniedz\u0113ji pied\u0101v\u0101 neuzticamus un nestabilus pakalpojumus, sliktu klientu atbalstu un ierobe\u017eotas kan\u0101lu izv\u0113les. Atrodi uzticamu IPTV pakalp...\" \/>\n<meta property=\"og:url\" content=\"https:\/\/iptvking.co\/lv\/uzticams-iptv\/\" \/>\n<meta property=\"og:site_name\" content=\"Svensk IPTV\" \/>\n<meta property=\"article:modified_time\" content=\"2025-12-08T11:29:24+00:00\" \/>\n<meta property=\"og:image\" content=\"https:\/\/iptvking.co\/wp-content\/uploads\/2023\/10\/Svensk-IPTV-background-3.png\" \/>\n\t<meta property=\"og:image:width\" content=\"1477\" \/>\n\t<meta property=\"og:image:height\" content=\"1217\" \/>\n\t<meta property=\"og:image:type\" content=\"image\/png\" \/>\n<meta name=\"twitter:card\" content=\"summary_large_image\" \/>\n<meta name=\"twitter:label1\" content=\"Est. reading time\" \/>\n\t<meta name=\"twitter:data1\" content=\"2 min\u016btes\" \/>\n<script type=\"application\/ld+json\" class=\"yoast-schema-graph\">{\"@context\":\"https:\/\/schema.org\",\"@graph\":[{\"@type\":\"WebPage\",\"@id\":\"https:\/\/iptvking.co\/lv\/uzticams-iptv\/\",\"url\":\"https:\/\/iptvking.co\/lv\/uzticams-iptv\/\",\"name\":\"Uzticams IPTV - Svensk IPTV\",\"isPartOf\":{\"@id\":\"https:\/\/iptvking.co\/lv\/#website\"},\"primaryImageOfPage\":{\"@id\":\"https:\/\/iptvking.co\/lv\/uzticams-iptv\/#primaryimage\"},\"image\":{\"@id\":\"https:\/\/iptvking.co\/lv\/uzticams-iptv\/#primaryimage\"},\"thumbnailUrl\":\"https:\/\/iptvking.co\/wp-content\/uploads\/2023\/10\/Svensk-IPTV-background-3.png\",\"datePublished\":\"2023-05-08T15:20:00+00:00\",\"dateModified\":\"2025-12-08T11:29:24+00:00\",\"description\":\"Da\u017ei pakalpojumu sniedz\u0113ji pied\u0101v\u0101 neuzticamus un nestabilus pakalpojumus, sliktu klientu atbalstu un ierobe\u017eotas kan\u0101lu izv\u0113les. Atrodi uzticamu IPTV pakalp...\",\"breadcrumb\":{\"@id\":\"https:\/\/iptvking.co\/lv\/uzticams-iptv\/#breadcrumb\"},\"inLanguage\":\"lv-LV\",\"potentialAction\":[{\"@type\":\"ReadAction\",\"target\":[\"https:\/\/iptvking.co\/lv\/uzticams-iptv\/\"]}]},{\"@type\":\"ImageObject\",\"inLanguage\":\"lv-LV\",\"@id\":\"https:\/\/iptvking.co\/lv\/uzticams-iptv\/#primaryimage\",\"url\":\"https:\/\/iptvking.co\/wp-content\/uploads\/2023\/10\/Svensk-IPTV-background-3.png\",\"contentUrl\":\"https:\/\/iptvking.co\/wp-content\/uploads\/2023\/10\/Svensk-IPTV-background-3.png\",\"width\":1477,\"height\":1217,\"caption\":\"IPTV Latvija\"},{\"@type\":\"BreadcrumbList\",\"@id\":\"https:\/\/iptvking.co\/lv\/uzticams-iptv\/#breadcrumb\",\"itemListElement\":[{\"@type\":\"ListItem\",\"position\":1,\"name\":\"Home\",\"item\":\"https:\/\/iptvking.co\/lv\/\"},{\"@type\":\"ListItem\",\"position\":2,\"name\":\"Uzticams IPTV\"}]},{\"@type\":\"WebSite\",\"@id\":\"https:\/\/iptvking.co\/lv\/#website\",\"url\":\"https:\/\/iptvking.co\/lv\/\",\"name\":\"IPTV King\",\"description\":\"B\u00e4st p\u00e5 Svensk IPTV!\",\"alternateName\":\"The King of IPTV!\",\"potentialAction\":[{\"@type\":\"SearchAction\",\"target\":{\"@type\":\"EntryPoint\",\"urlTemplate\":\"https:\/\/iptvking.co\/lv\/?s={search_term_string}\"},\"query-input\":{\"@type\":\"PropertyValueSpecification\",\"valueRequired\":true,\"valueName\":\"search_term_string\"}}],\"inLanguage\":\"lv-LV\"}]}<\/script>\n<!-- \/ Yoast SEO plugin. -->","yoast_head_json":{"title":"Uzticams IPTV - Svensk IPTV","description":"Da\u017ei pakalpojumu sniedz\u0113ji pied\u0101v\u0101 neuzticamus un nestabilus pakalpojumus, sliktu klientu atbalstu un ierobe\u017eotas kan\u0101lu izv\u0113les. Atrodi uzticamu IPTV pakalp...","robots":{"index":"index","follow":"follow","max-snippet":"max-snippet:-1","max-image-preview":"max-image-preview:large","max-video-preview":"max-video-preview:-1"},"canonical":"https:\/\/iptvking.co\/lv\/uzticams-iptv\/","og_locale":"lv_LV","og_type":"article","og_title":"Uzticams IPTV - Svensk IPTV","og_description":"Da\u017ei pakalpojumu sniedz\u0113ji pied\u0101v\u0101 neuzticamus un nestabilus pakalpojumus, sliktu klientu atbalstu un ierobe\u017eotas kan\u0101lu izv\u0113les. Atrodi uzticamu IPTV pakalp...","og_url":"https:\/\/iptvking.co\/lv\/uzticams-iptv\/","og_site_name":"Svensk IPTV","article_modified_time":"2025-12-08T11:29:24+00:00","og_image":[{"width":1477,"height":1217,"url":"https:\/\/iptvking.co\/wp-content\/uploads\/2023\/10\/Svensk-IPTV-background-3.png","type":"image\/png"}],"twitter_card":"summary_large_image","twitter_misc":{"Est. reading time":"2 min\u016btes"},"schema":{"@context":"https:\/\/schema.org","@graph":[{"@type":"WebPage","@id":"https:\/\/iptvking.co\/lv\/uzticams-iptv\/","url":"https:\/\/iptvking.co\/lv\/uzticams-iptv\/","name":"Uzticams IPTV - Svensk IPTV","isPartOf":{"@id":"https:\/\/iptvking.co\/lv\/#website"},"primaryImageOfPage":{"@id":"https:\/\/iptvking.co\/lv\/uzticams-iptv\/#primaryimage"},"image":{"@id":"https:\/\/iptvking.co\/lv\/uzticams-iptv\/#primaryimage"},"thumbnailUrl":"https:\/\/iptvking.co\/wp-content\/uploads\/2023\/10\/Svensk-IPTV-background-3.png","datePublished":"2023-05-08T15:20:00+00:00","dateModified":"2025-12-08T11:29:24+00:00","description":"Da\u017ei pakalpojumu sniedz\u0113ji pied\u0101v\u0101 neuzticamus un nestabilus pakalpojumus, sliktu klientu atbalstu un ierobe\u017eotas kan\u0101lu izv\u0113les. Atrodi uzticamu IPTV pakalp...","breadcrumb":{"@id":"https:\/\/iptvking.co\/lv\/uzticams-iptv\/#breadcrumb"},"inLanguage":"lv-LV","potentialAction":[{"@type":"ReadAction","target":["https:\/\/iptvking.co\/lv\/uzticams-iptv\/"]}]},{"@type":"ImageObject","inLanguage":"lv-LV","@id":"https:\/\/iptvking.co\/lv\/uzticams-iptv\/#primaryimage","url":"https:\/\/iptvking.co\/wp-content\/uploads\/2023\/10\/Svensk-IPTV-background-3.png","contentUrl":"https:\/\/iptvking.co\/wp-content\/uploads\/2023\/10\/Svensk-IPTV-background-3.png","width":1477,"height":1217,"caption":"IPTV Latvija"},{"@type":"BreadcrumbList","@id":"https:\/\/iptvking.co\/lv\/uzticams-iptv\/#breadcrumb","itemListElement":[{"@type":"ListItem","position":1,"name":"Home","item":"https:\/\/iptvking.co\/lv\/"},{"@type":"ListItem","position":2,"name":"Uzticams IPTV"}]},{"@type":"WebSite","@id":"https:\/\/iptvking.co\/lv\/#website","url":"https:\/\/iptvking.co\/lv\/","name":"IPTV King","description":"B\u00e4st p\u00e5 Svensk IPTV!","alternateName":"The King of IPTV!","potentialAction":[{"@type":"SearchAction","target":{"@type":"EntryPoint","urlTemplate":"https:\/\/iptvking.co\/lv\/?s={search_term_string}"},"query-input":{"@type":"PropertyValueSpecification","valueRequired":true,"valueName":"search_term_string"}}],"inLanguage":"lv-LV"}]}},"_links":{"self":[{"href":"https:\/\/iptvking.co\/lv\/wp-json\/wp\/v2\/pages\/38741","targetHints":{"allow":["GET"]}}],"collection":[{"href":"https:\/\/iptvking.co\/lv\/wp-json\/wp\/v2\/pages"}],"about":[{"href":"https:\/\/iptvking.co\/lv\/wp-json\/wp\/v2\/types\/page"}],"author":[{"embeddable":true,"href":"https:\/\/iptvking.co\/lv\/wp-json\/wp\/v2\/users\/3"}],"replies":[{"embeddable":true,"href":"https:\/\/iptvking.co\/lv\/wp-json\/wp\/v2\/comments?post=38741"}],"version-history":[{"count":1,"href":"https:\/\/iptvking.co\/lv\/wp-json\/wp\/v2\/pages\/38741\/revisions"}],"predecessor-version":[{"id":38746,"href":"https:\/\/iptvking.co\/lv\/wp-json\/wp\/v2\/pages\/38741\/revisions\/38746"}],"wp:featuredmedia":[{"embeddable":true,"href":"https:\/\/iptvking.co\/lv\/wp-json\/wp\/v2\/media\/38744"}],"wp:attachment":[{"href":"https:\/\/iptvking.co\/lv\/wp-json\/wp\/v2\/media?parent=38741"}],"curies":[{"name":"wp","href":"https:\/\/api.w.org\/{rel}","templated":true}]}}