{"id":38750,"date":"2023-05-08T17:20:00","date_gmt":"2023-05-08T15:20:00","guid":{"rendered":"https:\/\/iptvking.co\/patikima-iptv\/"},"modified":"2025-12-08T12:29:24","modified_gmt":"2025-12-08T11:29:24","slug":"patikima-iptv","status":"publish","type":"page","link":"https:\/\/iptvking.co\/lt\/patikima-iptv\/","title":{"rendered":"Patikima IPTV"},"content":{"rendered":"\t\t<div data-elementor-type=\"wp-page\" data-elementor-id=\"38750\" class=\"elementor elementor-38750 elementor-12485\" data-elementor-post-type=\"page\">\n\t\t\t\t\t\t<section class=\"elementor-section elementor-top-section elementor-element elementor-element-f844598 elementor-section-boxed elementor-section-height-default elementor-section-height-default\" data-id=\"f844598\" data-element_type=\"section\" data-e-type=\"section\">\n\t\t\t\t\t\t<div class=\"elementor-container elementor-column-gap-default\">\n\t\t\t\t\t<div class=\"elementor-column elementor-col-100 elementor-top-column elementor-element elementor-element-1f0b1a1\" data-id=\"1f0b1a1\" data-element_type=\"column\" data-e-type=\"column\">\n\t\t\t<div class=\"elementor-widget-wrap elementor-element-populated\">\n\t\t\t\t\t\t<div class=\"elementor-element elementor-element-43396b2 elementor-widget elementor-widget-heading\" data-id=\"43396b2\" data-element_type=\"widget\" data-e-type=\"widget\" data-widget_type=\"heading.default\">\n\t\t\t\t<div class=\"elementor-widget-container\">\n\t\t\t\t\t<h2 class=\"elementor-heading-title elementor-size-default\">Patikimas IPTV tiek\u0117jas<\/h2>\t\t\t\t<\/div>\n\t\t\t\t<\/div>\n\t\t\t\t<div class=\"elementor-element elementor-element-54c0e24 elementor-widget elementor-widget-text-editor\" data-id=\"54c0e24\" data-element_type=\"widget\" data-e-type=\"widget\" data-widget_type=\"text-editor.default\">\n\t\t\t\t<div class=\"elementor-widget-container\">\n\t\t\t\t\t\t\t\t\t<h2><strong>Patikimos IPTV paslaugos: Kaip rasti geriausi\u0105 tiek\u0117j\u0105<\/strong><\/h2><p>IPTV, arba Internet Protocol Television, yra populiarus b\u016bdas transliuoti tiesiogines TV kanalas ir vaizdo pagal poreik\u012f turin\u012f internetu. Ta\u010diau ne visos IPTV paslaugos yra vienodos. Kai kurie tiek\u0117jai, deja, si\u016blo nepatikimas ir nestabilias paslaugas, prast\u0105 klient\u0173 aptarnavim\u0105 ir ribotus kanal\u0173 pasirinkimus. Jei ie\u0161kote patikimo <a href=\"https:\/\/iptvking.co\/lt\/?page_id=23636\">IPTV<\/a> tiek\u0117jo, \u0161ie patarimai pad\u0117s jums rasti <a href=\"https:\/\/iptvking.co\/lt\/?page_id=23636\">geriausi\u0105 IPTV tiek\u0117j\u0105<\/a>.   <\/p><p>Apsvarstykite tai:<\/p><ul><li>Patikrinkite kanal\u0173 s\u0105ra\u0161\u0105.<\/li><li>Patikrinkite kanal\u0173 kokyb\u0119, pavyzd\u017eiui, naudodamiesi nemokamu bandymu.<\/li><li>I\u0161bandykite palaikym\u0105.<\/li><li>Kaina n\u0117ra svarbiausia!<\/li><\/ul><h3><strong>Svarbu patikimam IPTV tiek\u0117jui<\/strong><\/h3><p>Patikimos IPTV paslaugos tur\u0117t\u0173 si\u016blyti auk\u0161tos kokyb\u0117s transliacij\u0105 su minimaliu buferavimu ir prastovomis. Ie\u0161kokite tiek\u0117j\u0173, kurie si\u016blo nemokam\u0105 bandym\u0105, kad gal\u0117tum\u0117te patikrinti paslaug\u0105 prie\u0161 mok\u0117dami. Bandymas neturi b\u016bti ilgas, svarbiausia, kad sp\u0117tum\u0117te pamatyti pasi\u016bl\u0105 tiesioginiame kanale\/transliacijoje. Dedikuoti serveriai ir pa\u017eangi transliacijos technologija taip pat yra svarb\u016bs, kad b\u016bt\u0173 u\u017etikrinta sklandi \u017ei\u016br\u0117jimo patirtis.    <a href=\"https:\/\/iptvking.co\/lt\/\">Svensk IPTV<\/a>  yra vienas i\u0161 nedaugelio, kurie tai turi.<\/p>\t\t\t\t\t\t\t\t<\/div>\n\t\t\t\t<\/div>\n\t\t\t\t<div class=\"elementor-element elementor-element-7593d57 elementor-widget elementor-widget-text-editor\" data-id=\"7593d57\" data-element_type=\"widget\" data-e-type=\"widget\" data-widget_type=\"text-editor.default\">\n\t\t\t\t<div class=\"elementor-widget-container\">\n\t\t\t\t\t\t\t\t\t<h4><strong>I\u0161bandykite palaikym\u0105<\/strong><\/h4><p>Jei turite klausim\u0173 ar susiduriate su problemomis d\u0117l savo IPTV paslaugos, svarbu tur\u0117ti ger\u0105 klient\u0173 aptarnavim\u0105, kad jums pad\u0117t\u0173. Ie\u0161kokite tiek\u0117j\u0173, kurie si\u016blo greit\u0105 ir ger\u0105 palaikym\u0105, klient\u0173 aptarnavimas, kuris dirba 24\/7, yra patrauklus, bet \u0161iuo atveju tai n\u0117ra svarbu, nes tokio tipo palaikymas da\u017enai n\u0117ra geras ar net neatitinka reklamuojam\u0173 darbo valand\u0173. DUK yra svarbus, bet keli kontaktiniai b\u016bdai yra dar svarbesni. Tiek\u0117jui nereikia tur\u0117ti de\u0161imties skirting\u0173 kontakt\u0173 b\u016bd\u0173, bet tur\u0117t\u0173 b\u016bti palaikymo puslapis ir el. pa\u0161to adresas.   <\/p><h4><strong>Kaina n\u0117ra svarbiausia<\/strong><\/h4><p>Galiausiai, NUSTOKITE skirti per daug d\u0117mesio kainoms skirting\u0173 IPTV tiek\u0117j\u0173. Yra tiek\u0117j\u0173, kurie si\u016blo IPTV u\u017e 15 EUR per metus, ir yra kit\u0173, kurie si\u016blo paslaug\u0105 u\u017e 200 EUR per metus. Normalus IPTV kainos yra apie 60 EUR per metus su palaikymu, \u012ftrauktu \u012f kain\u0105. Viskas, kas yra 10-20 EUR pigiau nei tai, deja, ateina su pastebimu kokyb\u0117s skirtumu.   <\/p><p>Kai kurie tiek\u0117jai si\u016blo m\u0117nesinius ar metinius abonementus, o kiti si\u016blo mok\u0117jimo u\u017e per\u017ei\u016br\u0105 pasirinkimus ar paketinius pasi\u016blymus.<\/p><p>Mes si\u016blome visus kanalus, filmus, serialus, dokumentik\u0105 ir <span style=\"text-decoration: underline;\">VISUS PPV renginius!<\/span><\/p><p>Laikydamiesi \u0161i\u0173 patarim\u0173, galite rasti patikim\u0105 IPTV paslaug\u0105, kuri atitinka j\u016bs\u0173 poreikius ir u\u017etikrina auk\u0161tos kokyb\u0117s transliacij\u0105 saugiai ir stabiliai.<\/p>\t\t\t\t\t\t\t\t<\/div>\n\t\t\t\t<\/div>\n\t\t\t\t<div class=\"elementor-element elementor-element-9543050 elementor-align-center elementor-widget elementor-widget-button\" data-id=\"9543050\" data-element_type=\"widget\" data-e-type=\"widget\" data-widget_type=\"button.default\">\n\t\t\t\t<div class=\"elementor-widget-container\">\n\t\t\t\t\t\t\t\t\t<div class=\"elementor-button-wrapper\">\n\t\t\t\t\t<a class=\"elementor-button elementor-button-link elementor-size-sm\" href=\"https:\/\/iptvking.co\/lt\/parduotuve\/\">\n\t\t\t\t\t\t<span class=\"elementor-button-content-wrapper\">\n\t\t\t\t\t\t\t\t\t<span class=\"elementor-button-text\">I\u0161bandykite IPTV nemokamai<\/span>\n\t\t\t\t\t<\/span>\n\t\t\t\t\t<\/a>\n\t\t\t\t<\/div>\n\t\t\t\t\t\t\t\t<\/div>\n\t\t\t\t<\/div>\n\t\t\t\t\t<\/div>\n\t\t<\/div>\n\t\t\t\t\t<\/div>\n\t\t<\/section>\n\t\t\t\t<\/div>\n\t\t","protected":false},"excerpt":{"rendered":"<p>Patikimas IPTV tiek\u0117jas Patikimos IPTV paslaugos: Kaip rasti geriausi\u0105 tiek\u0117j\u0105 IPTV, arba Internet Protocol Television, yra populiarus b\u016bdas transliuoti tiesiogines TV kanalas ir vaizdo pagal poreik\u012f turin\u012f internetu. Ta\u010diau ne visos IPTV paslaugos yra vienodos. Kai kurie tiek\u0117jai, deja, si\u016blo nepatikimas ir nestabilias paslaugas, prast\u0105 klient\u0173 aptarnavim\u0105 ir ribotus kanal\u0173 pasirinkimus. Jei ie\u0161kote patikimo IPTV [&hellip;]<\/p>\n","protected":false},"author":3,"featured_media":38752,"parent":0,"menu_order":0,"comment_status":"closed","ping_status":"closed","template":"elementor_header_footer","meta":{"footnotes":""},"class_list":["post-38750","page","type-page","status-publish","has-post-thumbnail","hentry"],"acf":[],"yoast_head":"<!-- This site is optimized with the Yoast SEO plugin v26.9 - https:\/\/yoast.com\/product\/yoast-seo-wordpress\/ -->\n<title>Patikima IPTV - Svensk IPTV<\/title>\n<meta name=\"description\" content=\"Kai kurie tiek\u0117jai si\u016blo nepatikimas ir nestabilias paslaugas, prast\u0105 klient\u0173 aptarnavim\u0105 ir ribotus kanal\u0173 pasirinkimus. Raskite patikim\u0105 IPTV tiek\u0117j\u0105...\" \/>\n<meta name=\"robots\" content=\"index, follow, max-snippet:-1, max-image-preview:large, max-video-preview:-1\" \/>\n<link rel=\"canonical\" href=\"https:\/\/iptvking.co\/lt\/patikima-iptv\/\" \/>\n<meta property=\"og:locale\" content=\"lt_LT\" \/>\n<meta property=\"og:type\" content=\"article\" \/>\n<meta property=\"og:title\" content=\"Patikima IPTV - Svensk IPTV\" \/>\n<meta property=\"og:description\" content=\"Kai kurie tiek\u0117jai si\u016blo nepatikimas ir nestabilias paslaugas, prast\u0105 klient\u0173 aptarnavim\u0105 ir ribotus kanal\u0173 pasirinkimus. Raskite patikim\u0105 IPTV tiek\u0117j\u0105...\" \/>\n<meta property=\"og:url\" content=\"https:\/\/iptvking.co\/lt\/patikima-iptv\/\" \/>\n<meta property=\"og:site_name\" content=\"Svensk IPTV\" \/>\n<meta property=\"article:modified_time\" content=\"2025-12-08T11:29:24+00:00\" \/>\n<meta property=\"og:image\" content=\"https:\/\/iptvking.co\/wp-content\/uploads\/2023\/10\/Svensk-IPTV-background-3.png\" \/>\n\t<meta property=\"og:image:width\" content=\"1477\" \/>\n\t<meta property=\"og:image:height\" content=\"1217\" \/>\n\t<meta property=\"og:image:type\" content=\"image\/png\" \/>\n<meta name=\"twitter:card\" content=\"summary_large_image\" \/>\n<meta name=\"twitter:label1\" content=\"Est. reading time\" \/>\n\t<meta name=\"twitter:data1\" content=\"2 minut\u0117s\" \/>\n<script type=\"application\/ld+json\" class=\"yoast-schema-graph\">{\"@context\":\"https:\/\/schema.org\",\"@graph\":[{\"@type\":\"WebPage\",\"@id\":\"https:\/\/iptvking.co\/lt\/patikima-iptv\/\",\"url\":\"https:\/\/iptvking.co\/lt\/patikima-iptv\/\",\"name\":\"Patikima IPTV - Svensk IPTV\",\"isPartOf\":{\"@id\":\"https:\/\/iptvking.co\/lt\/#website\"},\"primaryImageOfPage\":{\"@id\":\"https:\/\/iptvking.co\/lt\/patikima-iptv\/#primaryimage\"},\"image\":{\"@id\":\"https:\/\/iptvking.co\/lt\/patikima-iptv\/#primaryimage\"},\"thumbnailUrl\":\"https:\/\/iptvking.co\/wp-content\/uploads\/2023\/10\/Svensk-IPTV-background-3.png\",\"datePublished\":\"2023-05-08T15:20:00+00:00\",\"dateModified\":\"2025-12-08T11:29:24+00:00\",\"description\":\"Kai kurie tiek\u0117jai si\u016blo nepatikimas ir nestabilias paslaugas, prast\u0105 klient\u0173 aptarnavim\u0105 ir ribotus kanal\u0173 pasirinkimus. Raskite patikim\u0105 IPTV tiek\u0117j\u0105...\",\"breadcrumb\":{\"@id\":\"https:\/\/iptvking.co\/lt\/patikima-iptv\/#breadcrumb\"},\"inLanguage\":\"lt-LT\",\"potentialAction\":[{\"@type\":\"ReadAction\",\"target\":[\"https:\/\/iptvking.co\/lt\/patikima-iptv\/\"]}]},{\"@type\":\"ImageObject\",\"inLanguage\":\"lt-LT\",\"@id\":\"https:\/\/iptvking.co\/lt\/patikima-iptv\/#primaryimage\",\"url\":\"https:\/\/iptvking.co\/wp-content\/uploads\/2023\/10\/Svensk-IPTV-background-3.png\",\"contentUrl\":\"https:\/\/iptvking.co\/wp-content\/uploads\/2023\/10\/Svensk-IPTV-background-3.png\",\"width\":1477,\"height\":1217,\"caption\":\"IPTV Lietuva\"},{\"@type\":\"BreadcrumbList\",\"@id\":\"https:\/\/iptvking.co\/lt\/patikima-iptv\/#breadcrumb\",\"itemListElement\":[{\"@type\":\"ListItem\",\"position\":1,\"name\":\"Home\",\"item\":\"https:\/\/iptvking.co\/lt\/\"},{\"@type\":\"ListItem\",\"position\":2,\"name\":\"Patikima IPTV\"}]},{\"@type\":\"WebSite\",\"@id\":\"https:\/\/iptvking.co\/lt\/#website\",\"url\":\"https:\/\/iptvking.co\/lt\/\",\"name\":\"IPTV King\",\"description\":\"B\u00e4st p\u00e5 Svensk IPTV!\",\"alternateName\":\"The King of IPTV!\",\"potentialAction\":[{\"@type\":\"SearchAction\",\"target\":{\"@type\":\"EntryPoint\",\"urlTemplate\":\"https:\/\/iptvking.co\/lt\/?s={search_term_string}\"},\"query-input\":{\"@type\":\"PropertyValueSpecification\",\"valueRequired\":true,\"valueName\":\"search_term_string\"}}],\"inLanguage\":\"lt-LT\"}]}<\/script>\n<!-- \/ Yoast SEO plugin. -->","yoast_head_json":{"title":"Patikima IPTV - Svensk IPTV","description":"Kai kurie tiek\u0117jai si\u016blo nepatikimas ir nestabilias paslaugas, prast\u0105 klient\u0173 aptarnavim\u0105 ir ribotus kanal\u0173 pasirinkimus. Raskite patikim\u0105 IPTV tiek\u0117j\u0105...","robots":{"index":"index","follow":"follow","max-snippet":"max-snippet:-1","max-image-preview":"max-image-preview:large","max-video-preview":"max-video-preview:-1"},"canonical":"https:\/\/iptvking.co\/lt\/patikima-iptv\/","og_locale":"lt_LT","og_type":"article","og_title":"Patikima IPTV - Svensk IPTV","og_description":"Kai kurie tiek\u0117jai si\u016blo nepatikimas ir nestabilias paslaugas, prast\u0105 klient\u0173 aptarnavim\u0105 ir ribotus kanal\u0173 pasirinkimus. Raskite patikim\u0105 IPTV tiek\u0117j\u0105...","og_url":"https:\/\/iptvking.co\/lt\/patikima-iptv\/","og_site_name":"Svensk IPTV","article_modified_time":"2025-12-08T11:29:24+00:00","og_image":[{"width":1477,"height":1217,"url":"https:\/\/iptvking.co\/wp-content\/uploads\/2023\/10\/Svensk-IPTV-background-3.png","type":"image\/png"}],"twitter_card":"summary_large_image","twitter_misc":{"Est. reading time":"2 minut\u0117s"},"schema":{"@context":"https:\/\/schema.org","@graph":[{"@type":"WebPage","@id":"https:\/\/iptvking.co\/lt\/patikima-iptv\/","url":"https:\/\/iptvking.co\/lt\/patikima-iptv\/","name":"Patikima IPTV - Svensk IPTV","isPartOf":{"@id":"https:\/\/iptvking.co\/lt\/#website"},"primaryImageOfPage":{"@id":"https:\/\/iptvking.co\/lt\/patikima-iptv\/#primaryimage"},"image":{"@id":"https:\/\/iptvking.co\/lt\/patikima-iptv\/#primaryimage"},"thumbnailUrl":"https:\/\/iptvking.co\/wp-content\/uploads\/2023\/10\/Svensk-IPTV-background-3.png","datePublished":"2023-05-08T15:20:00+00:00","dateModified":"2025-12-08T11:29:24+00:00","description":"Kai kurie tiek\u0117jai si\u016blo nepatikimas ir nestabilias paslaugas, prast\u0105 klient\u0173 aptarnavim\u0105 ir ribotus kanal\u0173 pasirinkimus. Raskite patikim\u0105 IPTV tiek\u0117j\u0105...","breadcrumb":{"@id":"https:\/\/iptvking.co\/lt\/patikima-iptv\/#breadcrumb"},"inLanguage":"lt-LT","potentialAction":[{"@type":"ReadAction","target":["https:\/\/iptvking.co\/lt\/patikima-iptv\/"]}]},{"@type":"ImageObject","inLanguage":"lt-LT","@id":"https:\/\/iptvking.co\/lt\/patikima-iptv\/#primaryimage","url":"https:\/\/iptvking.co\/wp-content\/uploads\/2023\/10\/Svensk-IPTV-background-3.png","contentUrl":"https:\/\/iptvking.co\/wp-content\/uploads\/2023\/10\/Svensk-IPTV-background-3.png","width":1477,"height":1217,"caption":"IPTV Lietuva"},{"@type":"BreadcrumbList","@id":"https:\/\/iptvking.co\/lt\/patikima-iptv\/#breadcrumb","itemListElement":[{"@type":"ListItem","position":1,"name":"Home","item":"https:\/\/iptvking.co\/lt\/"},{"@type":"ListItem","position":2,"name":"Patikima IPTV"}]},{"@type":"WebSite","@id":"https:\/\/iptvking.co\/lt\/#website","url":"https:\/\/iptvking.co\/lt\/","name":"IPTV King","description":"B\u00e4st p\u00e5 Svensk IPTV!","alternateName":"The King of IPTV!","potentialAction":[{"@type":"SearchAction","target":{"@type":"EntryPoint","urlTemplate":"https:\/\/iptvking.co\/lt\/?s={search_term_string}"},"query-input":{"@type":"PropertyValueSpecification","valueRequired":true,"valueName":"search_term_string"}}],"inLanguage":"lt-LT"}]}},"_links":{"self":[{"href":"https:\/\/iptvking.co\/lt\/wp-json\/wp\/v2\/pages\/38750","targetHints":{"allow":["GET"]}}],"collection":[{"href":"https:\/\/iptvking.co\/lt\/wp-json\/wp\/v2\/pages"}],"about":[{"href":"https:\/\/iptvking.co\/lt\/wp-json\/wp\/v2\/types\/page"}],"author":[{"embeddable":true,"href":"https:\/\/iptvking.co\/lt\/wp-json\/wp\/v2\/users\/3"}],"replies":[{"embeddable":true,"href":"https:\/\/iptvking.co\/lt\/wp-json\/wp\/v2\/comments?post=38750"}],"version-history":[{"count":1,"href":"https:\/\/iptvking.co\/lt\/wp-json\/wp\/v2\/pages\/38750\/revisions"}],"predecessor-version":[{"id":38754,"href":"https:\/\/iptvking.co\/lt\/wp-json\/wp\/v2\/pages\/38750\/revisions\/38754"}],"wp:featuredmedia":[{"embeddable":true,"href":"https:\/\/iptvking.co\/lt\/wp-json\/wp\/v2\/media\/38752"}],"wp:attachment":[{"href":"https:\/\/iptvking.co\/lt\/wp-json\/wp\/v2\/media?parent=38750"}],"curies":[{"name":"wp","href":"https:\/\/api.w.org\/{rel}","templated":true}]}}