{"id":44153,"date":"2023-05-08T17:20:00","date_gmt":"2023-05-08T15:20:00","guid":{"rendered":"https:\/\/iptvking.co\/iptv-affidabile\/"},"modified":"2025-12-08T14:08:46","modified_gmt":"2025-12-08T13:08:46","slug":"iptv-affidabile","status":"publish","type":"page","link":"https:\/\/iptvking.co\/it\/iptv-affidabile\/","title":{"rendered":"IPTV affidabile"},"content":{"rendered":"\t\t<div data-elementor-type=\"wp-page\" data-elementor-id=\"44153\" class=\"elementor elementor-44153 elementor-12485\" data-elementor-post-type=\"page\">\n\t\t\t\t\t\t<section class=\"elementor-section elementor-top-section elementor-element elementor-element-f844598 elementor-section-boxed elementor-section-height-default elementor-section-height-default\" data-id=\"f844598\" data-element_type=\"section\" data-e-type=\"section\">\n\t\t\t\t\t\t<div class=\"elementor-container elementor-column-gap-default\">\n\t\t\t\t\t<div class=\"elementor-column elementor-col-100 elementor-top-column elementor-element elementor-element-1f0b1a1\" data-id=\"1f0b1a1\" data-element_type=\"column\" data-e-type=\"column\">\n\t\t\t<div class=\"elementor-widget-wrap elementor-element-populated\">\n\t\t\t\t\t\t<div class=\"elementor-element elementor-element-43396b2 elementor-widget elementor-widget-heading\" data-id=\"43396b2\" data-element_type=\"widget\" data-e-type=\"widget\" data-widget_type=\"heading.default\">\n\t\t\t\t<div class=\"elementor-widget-container\">\n\t\t\t\t\t<h2 class=\"elementor-heading-title elementor-size-default\">Fornitore IPTV affidabile<\/h2>\t\t\t\t<\/div>\n\t\t\t\t<\/div>\n\t\t\t\t<div class=\"elementor-element elementor-element-54c0e24 elementor-widget elementor-widget-text-editor\" data-id=\"54c0e24\" data-element_type=\"widget\" data-e-type=\"widget\" data-widget_type=\"text-editor.default\">\n\t\t\t\t<div class=\"elementor-widget-container\">\n\t\t\t\t\t\t\t\t\t<h2><strong>Servizi IPTV affidabili: come trovare il miglior fornitore<\/strong><\/h2><p>IPTV, o Internet Protocol Television, \u00e8 un modo popolare per guardare canali TV in diretta streaming e contenuti video on-demand tramite Internet. Tuttavia, non tutti i servizi IPTV sono creati allo stesso modo. Purtroppo, alcuni fornitori offrono servizi inaffidabili e instabili, un&#8217;assistenza clienti scadente e opzioni di canali limitate. Se stai cercando un fornitore <a href=\"https:\/\/iptvking.co\/it\/?page_id=23636\">IPTV<\/a> affidabile, questi suggerimenti ti aiuteranno a trovare <a href=\"https:\/\/iptvking.co\/it\/?page_id=23636\">il miglior fornitore IPTV<\/a>.   <\/p><p>Tieni a mente questo:<\/p><ul><li>Controlla l&#8217;elenco dei canali.<\/li><li>Verifica la qualit\u00e0 dei canali, ad esempio con un test gratuito.<\/li><li>Metti alla prova l&#8217;assistenza.<\/li><li>Il prezzo non \u00e8 la cosa pi\u00f9 importante!<\/li><\/ul><h3><strong>Fondamentale per un fornitore IPTV affidabile<\/strong><\/h3><p>I servizi IPTV affidabili dovrebbero offrire streaming di alta qualit\u00e0 con buffering e tempi di inattivit\u00e0 minimi. Cerca fornitori che offrano una prova gratuita in modo da poter ricontrollare il servizio prima di pagare. Il test non deve durare a lungo, l&#8217;importante \u00e8 avere il tempo di vedere l&#8217;offerta su un canale\/trasmissione in diretta. Anche server dedicati e tecnologia di streaming avanzata sono importanti per garantire un&#8217;esperienza di visione fluida.    <a href=\"https:\/\/iptvking.co\/it\/\">Svensk IPTV<\/a>  \u00e8 uno dei pochi ad averlo.<\/p>\t\t\t\t\t\t\t\t<\/div>\n\t\t\t\t<\/div>\n\t\t\t\t<div class=\"elementor-element elementor-element-7593d57 elementor-widget elementor-widget-text-editor\" data-id=\"7593d57\" data-element_type=\"widget\" data-e-type=\"widget\" data-widget_type=\"text-editor.default\">\n\t\t\t\t<div class=\"elementor-widget-container\">\n\t\t\t\t\t\t\t\t\t<h4><strong>Metti alla prova l&#8217;assistenza<\/strong><\/h4><p>Se hai domande o riscontri problemi con il tuo servizio IPTV, \u00e8 importante avere una buona assistenza clienti che ti aiuti. Cerca fornitori che offrano un&#8217;assistenza rapida e valida; l&#8217;assistenza clienti aperta 24 ore su 24, 7 giorni su 7 \u00e8 allettante, ma in questo caso non \u00e8 rilevante, poich\u00e9 questo tipo di assistenza spesso non \u00e8 buono o non corrisponde nemmeno agli orari di apertura pubblicizzati. Le FAQ sono importanti, ma diversi metodi di contatto sono ancora pi\u00f9 importanti. Un fornitore non deve avere dieci modi diversi per essere contattato, ma dovrebbe esserci una pagina di assistenza e un indirizzo e-mail.   <\/p><h4><strong>Il prezzo non \u00e8 la cosa pi\u00f9 importante<\/strong><\/h4><p>Infine, SMETTI di dare troppa importanza ai prezzi dei diversi fornitori di IPTV. Ci sono fornitori che offrono IPTV a 15 EUR all&#8217;anno e altri che offrono il servizio a 200 EUR all&#8217;anno. Il prezzo normale per l&#8217;IPTV \u00e8 di circa 60 EUR all&#8217;anno con il supporto incluso nel prezzo. Purtroppo, tutto ci\u00f2 che costa 10-20 EUR in meno presenta una notevole differenza di qualit\u00e0.   <\/p><p>Alcuni fornitori offrono abbonamenti mensili o annuali, mentre altri offrono opzioni pay-per-view o offerte in pacchetto.<\/p><p>Offriamo tutti i canali, film, serie, documentari e <span style=\"text-decoration: underline;\">TUTTI gli eventi PPV!<\/span><\/p><p>Seguendo questi suggerimenti, puoi trovare un servizio IPTV affidabile che soddisfi le tue esigenze e offra streaming di alta qualit\u00e0 in modo sicuro e stabile.<\/p>\t\t\t\t\t\t\t\t<\/div>\n\t\t\t\t<\/div>\n\t\t\t\t<div class=\"elementor-element elementor-element-9543050 elementor-align-center elementor-widget elementor-widget-button\" data-id=\"9543050\" data-element_type=\"widget\" data-e-type=\"widget\" data-widget_type=\"button.default\">\n\t\t\t\t<div class=\"elementor-widget-container\">\n\t\t\t\t\t\t\t\t\t<div class=\"elementor-button-wrapper\">\n\t\t\t\t\t<a class=\"elementor-button elementor-button-link elementor-size-sm\" href=\"https:\/\/iptvking.co\/it\/negozio\/\">\n\t\t\t\t\t\t<span class=\"elementor-button-content-wrapper\">\n\t\t\t\t\t\t\t\t\t<span class=\"elementor-button-text\">Prova IPTV gratis<\/span>\n\t\t\t\t\t<\/span>\n\t\t\t\t\t<\/a>\n\t\t\t\t<\/div>\n\t\t\t\t\t\t\t\t<\/div>\n\t\t\t\t<\/div>\n\t\t\t\t\t<\/div>\n\t\t<\/div>\n\t\t\t\t\t<\/div>\n\t\t<\/section>\n\t\t\t\t<\/div>\n\t\t","protected":false},"excerpt":{"rendered":"<p>Fornitore IPTV affidabile Servizi IPTV affidabili: come trovare il miglior fornitore IPTV, o Internet Protocol Television, \u00e8 un modo popolare per guardare canali TV in diretta streaming e contenuti video on-demand tramite Internet. Tuttavia, non tutti i servizi IPTV sono creati allo stesso modo. Purtroppo, alcuni fornitori offrono servizi inaffidabili e instabili, un&#8217;assistenza clienti scadente [&hellip;]<\/p>\n","protected":false},"author":3,"featured_media":44155,"parent":0,"menu_order":0,"comment_status":"closed","ping_status":"closed","template":"elementor_header_footer","meta":{"footnotes":""},"class_list":["post-44153","page","type-page","status-publish","has-post-thumbnail","hentry"],"acf":[],"yoast_head":"<!-- This site is optimized with the Yoast SEO plugin v26.9 - https:\/\/yoast.com\/product\/yoast-seo-wordpress\/ -->\n<title>IPTV affidabile - Svensk IPTV<\/title>\n<meta name=\"description\" content=\"Alcuni fornitori offrono servizi inaffidabili e instabili, un&#039;assistenza clienti scadente e opzioni di canali limitate. Trova un fornitore IPTV affidabile...\" \/>\n<meta name=\"robots\" content=\"index, follow, max-snippet:-1, max-image-preview:large, max-video-preview:-1\" \/>\n<link rel=\"canonical\" href=\"https:\/\/iptvking.co\/it\/iptv-affidabile\/\" \/>\n<meta property=\"og:locale\" content=\"it_IT\" \/>\n<meta property=\"og:type\" content=\"article\" \/>\n<meta property=\"og:title\" content=\"IPTV affidabile - Svensk IPTV\" \/>\n<meta property=\"og:description\" content=\"Alcuni fornitori offrono servizi inaffidabili e instabili, un&#039;assistenza clienti scadente e opzioni di canali limitate. Trova un fornitore IPTV affidabile...\" \/>\n<meta property=\"og:url\" content=\"https:\/\/iptvking.co\/it\/iptv-affidabile\/\" \/>\n<meta property=\"og:site_name\" content=\"Svensk IPTV\" \/>\n<meta property=\"article:modified_time\" content=\"2025-12-08T13:08:46+00:00\" \/>\n<meta property=\"og:image\" content=\"https:\/\/iptvking.co\/wp-content\/uploads\/2023\/10\/Svensk-IPTV-background-3.png\" \/>\n\t<meta property=\"og:image:width\" content=\"1477\" \/>\n\t<meta property=\"og:image:height\" content=\"1217\" \/>\n\t<meta property=\"og:image:type\" content=\"image\/png\" \/>\n<meta name=\"twitter:card\" content=\"summary_large_image\" \/>\n<meta name=\"twitter:label1\" content=\"Tempo di lettura stimato\" \/>\n\t<meta name=\"twitter:data1\" content=\"2 minuti\" \/>\n<script type=\"application\/ld+json\" class=\"yoast-schema-graph\">{\"@context\":\"https:\/\/schema.org\",\"@graph\":[{\"@type\":\"WebPage\",\"@id\":\"https:\/\/iptvking.co\/it\/iptv-affidabile\/\",\"url\":\"https:\/\/iptvking.co\/it\/iptv-affidabile\/\",\"name\":\"IPTV affidabile - Svensk IPTV\",\"isPartOf\":{\"@id\":\"https:\/\/iptvking.co\/it\/#website\"},\"primaryImageOfPage\":{\"@id\":\"https:\/\/iptvking.co\/it\/iptv-affidabile\/#primaryimage\"},\"image\":{\"@id\":\"https:\/\/iptvking.co\/it\/iptv-affidabile\/#primaryimage\"},\"thumbnailUrl\":\"https:\/\/iptvking.co\/wp-content\/uploads\/2023\/10\/Svensk-IPTV-background-3.png\",\"datePublished\":\"2023-05-08T15:20:00+00:00\",\"dateModified\":\"2025-12-08T13:08:46+00:00\",\"description\":\"Alcuni fornitori offrono servizi inaffidabili e instabili, un'assistenza clienti scadente e opzioni di canali limitate. Trova un fornitore IPTV affidabile...\",\"breadcrumb\":{\"@id\":\"https:\/\/iptvking.co\/it\/iptv-affidabile\/#breadcrumb\"},\"inLanguage\":\"it-IT\",\"potentialAction\":[{\"@type\":\"ReadAction\",\"target\":[\"https:\/\/iptvking.co\/it\/iptv-affidabile\/\"]}]},{\"@type\":\"ImageObject\",\"inLanguage\":\"it-IT\",\"@id\":\"https:\/\/iptvking.co\/it\/iptv-affidabile\/#primaryimage\",\"url\":\"https:\/\/iptvking.co\/wp-content\/uploads\/2023\/10\/Svensk-IPTV-background-3.png\",\"contentUrl\":\"https:\/\/iptvking.co\/wp-content\/uploads\/2023\/10\/Svensk-IPTV-background-3.png\",\"width\":1477,\"height\":1217,\"caption\":\"IPTV Italiane\"},{\"@type\":\"BreadcrumbList\",\"@id\":\"https:\/\/iptvking.co\/it\/iptv-affidabile\/#breadcrumb\",\"itemListElement\":[{\"@type\":\"ListItem\",\"position\":1,\"name\":\"Home\",\"item\":\"https:\/\/iptvking.co\/it\/\"},{\"@type\":\"ListItem\",\"position\":2,\"name\":\"IPTV affidabile\"}]},{\"@type\":\"WebSite\",\"@id\":\"https:\/\/iptvking.co\/it\/#website\",\"url\":\"https:\/\/iptvking.co\/it\/\",\"name\":\"IPTV King\",\"description\":\"B\u00e4st p\u00e5 Svensk IPTV!\",\"alternateName\":\"The King of IPTV!\",\"potentialAction\":[{\"@type\":\"SearchAction\",\"target\":{\"@type\":\"EntryPoint\",\"urlTemplate\":\"https:\/\/iptvking.co\/it\/?s={search_term_string}\"},\"query-input\":{\"@type\":\"PropertyValueSpecification\",\"valueRequired\":true,\"valueName\":\"search_term_string\"}}],\"inLanguage\":\"it-IT\"}]}<\/script>\n<!-- \/ Yoast SEO plugin. -->","yoast_head_json":{"title":"IPTV affidabile - Svensk IPTV","description":"Alcuni fornitori offrono servizi inaffidabili e instabili, un'assistenza clienti scadente e opzioni di canali limitate. Trova un fornitore IPTV affidabile...","robots":{"index":"index","follow":"follow","max-snippet":"max-snippet:-1","max-image-preview":"max-image-preview:large","max-video-preview":"max-video-preview:-1"},"canonical":"https:\/\/iptvking.co\/it\/iptv-affidabile\/","og_locale":"it_IT","og_type":"article","og_title":"IPTV affidabile - Svensk IPTV","og_description":"Alcuni fornitori offrono servizi inaffidabili e instabili, un'assistenza clienti scadente e opzioni di canali limitate. Trova un fornitore IPTV affidabile...","og_url":"https:\/\/iptvking.co\/it\/iptv-affidabile\/","og_site_name":"Svensk IPTV","article_modified_time":"2025-12-08T13:08:46+00:00","og_image":[{"width":1477,"height":1217,"url":"https:\/\/iptvking.co\/wp-content\/uploads\/2023\/10\/Svensk-IPTV-background-3.png","type":"image\/png"}],"twitter_card":"summary_large_image","twitter_misc":{"Tempo di lettura stimato":"2 minuti"},"schema":{"@context":"https:\/\/schema.org","@graph":[{"@type":"WebPage","@id":"https:\/\/iptvking.co\/it\/iptv-affidabile\/","url":"https:\/\/iptvking.co\/it\/iptv-affidabile\/","name":"IPTV affidabile - Svensk IPTV","isPartOf":{"@id":"https:\/\/iptvking.co\/it\/#website"},"primaryImageOfPage":{"@id":"https:\/\/iptvking.co\/it\/iptv-affidabile\/#primaryimage"},"image":{"@id":"https:\/\/iptvking.co\/it\/iptv-affidabile\/#primaryimage"},"thumbnailUrl":"https:\/\/iptvking.co\/wp-content\/uploads\/2023\/10\/Svensk-IPTV-background-3.png","datePublished":"2023-05-08T15:20:00+00:00","dateModified":"2025-12-08T13:08:46+00:00","description":"Alcuni fornitori offrono servizi inaffidabili e instabili, un'assistenza clienti scadente e opzioni di canali limitate. Trova un fornitore IPTV affidabile...","breadcrumb":{"@id":"https:\/\/iptvking.co\/it\/iptv-affidabile\/#breadcrumb"},"inLanguage":"it-IT","potentialAction":[{"@type":"ReadAction","target":["https:\/\/iptvking.co\/it\/iptv-affidabile\/"]}]},{"@type":"ImageObject","inLanguage":"it-IT","@id":"https:\/\/iptvking.co\/it\/iptv-affidabile\/#primaryimage","url":"https:\/\/iptvking.co\/wp-content\/uploads\/2023\/10\/Svensk-IPTV-background-3.png","contentUrl":"https:\/\/iptvking.co\/wp-content\/uploads\/2023\/10\/Svensk-IPTV-background-3.png","width":1477,"height":1217,"caption":"IPTV Italiane"},{"@type":"BreadcrumbList","@id":"https:\/\/iptvking.co\/it\/iptv-affidabile\/#breadcrumb","itemListElement":[{"@type":"ListItem","position":1,"name":"Home","item":"https:\/\/iptvking.co\/it\/"},{"@type":"ListItem","position":2,"name":"IPTV affidabile"}]},{"@type":"WebSite","@id":"https:\/\/iptvking.co\/it\/#website","url":"https:\/\/iptvking.co\/it\/","name":"IPTV King","description":"B\u00e4st p\u00e5 Svensk IPTV!","alternateName":"The King of IPTV!","potentialAction":[{"@type":"SearchAction","target":{"@type":"EntryPoint","urlTemplate":"https:\/\/iptvking.co\/it\/?s={search_term_string}"},"query-input":{"@type":"PropertyValueSpecification","valueRequired":true,"valueName":"search_term_string"}}],"inLanguage":"it-IT"}]}},"_links":{"self":[{"href":"https:\/\/iptvking.co\/it\/wp-json\/wp\/v2\/pages\/44153","targetHints":{"allow":["GET"]}}],"collection":[{"href":"https:\/\/iptvking.co\/it\/wp-json\/wp\/v2\/pages"}],"about":[{"href":"https:\/\/iptvking.co\/it\/wp-json\/wp\/v2\/types\/page"}],"author":[{"embeddable":true,"href":"https:\/\/iptvking.co\/it\/wp-json\/wp\/v2\/users\/3"}],"replies":[{"embeddable":true,"href":"https:\/\/iptvking.co\/it\/wp-json\/wp\/v2\/comments?post=44153"}],"version-history":[{"count":1,"href":"https:\/\/iptvking.co\/it\/wp-json\/wp\/v2\/pages\/44153\/revisions"}],"predecessor-version":[{"id":44156,"href":"https:\/\/iptvking.co\/it\/wp-json\/wp\/v2\/pages\/44153\/revisions\/44156"}],"wp:featuredmedia":[{"embeddable":true,"href":"https:\/\/iptvking.co\/it\/wp-json\/wp\/v2\/media\/44155"}],"wp:attachment":[{"href":"https:\/\/iptvking.co\/it\/wp-json\/wp\/v2\/media?parent=44153"}],"curies":[{"name":"wp","href":"https:\/\/api.w.org\/{rel}","templated":true}]}}