{"id":38757,"date":"2023-05-08T17:20:00","date_gmt":"2023-05-08T15:20:00","guid":{"rendered":"https:\/\/iptvking.co\/megbizhato-iptv\/"},"modified":"2025-12-08T12:29:24","modified_gmt":"2025-12-08T11:29:24","slug":"megbizhato-iptv","status":"publish","type":"page","link":"https:\/\/iptvking.co\/hu\/megbizhato-iptv\/","title":{"rendered":"Megb\u00edzhat\u00f3 IPTV"},"content":{"rendered":"\t\t<div data-elementor-type=\"wp-page\" data-elementor-id=\"38757\" class=\"elementor elementor-38757 elementor-12485\" data-elementor-post-type=\"page\">\n\t\t\t\t\t\t<section class=\"elementor-section elementor-top-section elementor-element elementor-element-f844598 elementor-section-boxed elementor-section-height-default elementor-section-height-default\" data-id=\"f844598\" data-element_type=\"section\" data-e-type=\"section\">\n\t\t\t\t\t\t<div class=\"elementor-container elementor-column-gap-default\">\n\t\t\t\t\t<div class=\"elementor-column elementor-col-100 elementor-top-column elementor-element elementor-element-1f0b1a1\" data-id=\"1f0b1a1\" data-element_type=\"column\" data-e-type=\"column\">\n\t\t\t<div class=\"elementor-widget-wrap elementor-element-populated\">\n\t\t\t\t\t\t<div class=\"elementor-element elementor-element-43396b2 elementor-widget elementor-widget-heading\" data-id=\"43396b2\" data-element_type=\"widget\" data-e-type=\"widget\" data-widget_type=\"heading.default\">\n\t\t\t\t<div class=\"elementor-widget-container\">\n\t\t\t\t\t<h2 class=\"elementor-heading-title elementor-size-default\">Megb\u00edzhat\u00f3 IPTV szolg\u00e1ltat\u00f3<\/h2>\t\t\t\t<\/div>\n\t\t\t\t<\/div>\n\t\t\t\t<div class=\"elementor-element elementor-element-54c0e24 elementor-widget elementor-widget-text-editor\" data-id=\"54c0e24\" data-element_type=\"widget\" data-e-type=\"widget\" data-widget_type=\"text-editor.default\">\n\t\t\t\t<div class=\"elementor-widget-container\">\n\t\t\t\t\t\t\t\t\t<h2><strong>Megb\u00edzhat\u00f3 IPTV-szolg\u00e1ltat\u00e1sok: Hogyan tal\u00e1ld meg a legjobb szolg\u00e1ltat\u00f3t<\/strong><\/h2><p>Az IPTV, vagy Internet Protocol Television, egy n\u00e9pszer\u0171 m\u00f3dja az \u00e9l\u0151 TV-csatorn\u00e1k \u00e9s video-on-demand tartalmak interneten kereszt\u00fcli streamel\u00e9s\u00e9nek. De nem minden IPTV-szolg\u00e1ltat\u00e1s egyforma. Egyes szolg\u00e1ltat\u00f3k sajnos megb\u00edzhatatlan \u00e9s instabil szolg\u00e1ltat\u00e1sokat, rossz \u00fcgyf\u00e9lszolg\u00e1latot \u00e9s korl\u00e1tozott csatornav\u00e1laszt\u00e9kot k\u00edn\u00e1lnak. Ha megb\u00edzhat\u00f3 <a href=\"https:\/\/iptvking.co\/hu\/?page_id=23636\">IPTV<\/a> szolg\u00e1ltat\u00f3t keresel, ezek a tippek seg\u00edtenek megtal\u00e1lni <a href=\"https:\/\/iptvking.co\/hu\/?page_id=23636\">a legjobb IPTV szolg\u00e1ltat\u00f3t<\/a>.   <\/p><p>Gondolj erre:<\/p><ul><li>Ellen\u0151rizd a csatornalist\u00e1t.<\/li><li>Ellen\u0151rizd a csatorn\u00e1k min\u0151s\u00e9g\u00e9t p\u00e9ld\u00e1ul egy ingyenes teszttel.<\/li><li>Teszteld a t\u00e1mogat\u00e1st.<\/li><li>Az \u00e1r nem a legfontosabb!<\/li><\/ul><h3><strong>D\u00f6nt\u0151 egy megb\u00edzhat\u00f3 IPTV szolg\u00e1ltat\u00f3n\u00e1l<\/strong><\/h3><p>A megb\u00edzhat\u00f3 IPTV-szolg\u00e1ltat\u00e1soknak kiv\u00e1l\u00f3 min\u0151s\u00e9g\u0171 streamel\u00e9st kell k\u00edn\u00e1lniuk minim\u00e1lis pufferel\u00e9s \u00e9s le\u00e1ll\u00e1s mellett. Keress olyan szolg\u00e1ltat\u00f3kat, akik ingyenes tesztet k\u00edn\u00e1lnak, hogy ellen\u0151rizhessed a szolg\u00e1ltat\u00e1st, miel\u0151tt fizetsz. A tesztnek nem kell hossz\u00fa ideig tartania, a legfontosabb, hogy legyen id\u0151d megn\u00e9zni a k\u00edn\u00e1latot egy \u00e9l\u0151 csatorn\u00e1n\/ad\u00e1son. A dedik\u00e1lt szerverek \u00e9s fejlett streaming technol\u00f3gia szint\u00e9n fontos a z\u00f6kken\u0151mentes n\u00e9z\u00e9si \u00e9lm\u00e9ny biztos\u00edt\u00e1s\u00e1hoz.    <a href=\"https:\/\/iptvking.co\/hu\/\">Svensk IPTV<\/a>  az egyik a kevesek k\u00f6z\u00fcl, akinek ez megvan.<\/p>\t\t\t\t\t\t\t\t<\/div>\n\t\t\t\t<\/div>\n\t\t\t\t<div class=\"elementor-element elementor-element-7593d57 elementor-widget elementor-widget-text-editor\" data-id=\"7593d57\" data-element_type=\"widget\" data-e-type=\"widget\" data-widget_type=\"text-editor.default\">\n\t\t\t\t<div class=\"elementor-widget-container\">\n\t\t\t\t\t\t\t\t\t<h4><strong>Teszteld a t\u00e1mogat\u00e1st<\/strong><\/h4><p>Ha k\u00e9rd\u00e9seid vannak vagy probl\u00e9m\u00e1kba \u00fctk\u00f6z\u00f6l az IPTV-szolg\u00e1ltat\u00e1soddal, fontos, hogy j\u00f3 \u00fcgyf\u00e9lszolg\u00e1lat \u00e1lljon rendelkez\u00e9sre a seg\u00edts\u00e9gny\u00fajt\u00e1shoz. Keress olyan szolg\u00e1ltat\u00f3kat, akik gyors \u00e9s j\u00f3 t\u00e1mogat\u00e1st k\u00edn\u00e1lnak, a 24\/7 \u00fcgyf\u00e9lszolg\u00e1lat cs\u00e1b\u00edt\u00f3nak t\u0171nik, de ebben az esetben nem relev\u00e1ns, mivel az ilyen t\u00edpus\u00fa t\u00e1mogat\u00e1s gyakran nem j\u00f3, vagy nem is felel meg a hirdetett nyitvatart\u00e1si id\u0151knek. A GYIK fontos, de t\u00f6bb kapcsolatfelv\u00e9teli m\u00f3d m\u00e9g fontosabb. Egy szolg\u00e1ltat\u00f3nak nem kell t\u00edz k\u00fcl\u00f6nb\u00f6z\u0151 kapcsolatfelv\u00e9teli m\u00f3dja legyen, de lennie kell egy t\u00e1mogat\u00e1si oldalnak \u00e9s email c\u00edmnek.   <\/p><h4><strong>Az \u00e1r nem a legfontosabb<\/strong><\/h4><p>V\u00e9g\u00fcl, HAGYD ABBA, hogy t\u00fal nagy hangs\u00falyt fektess a k\u00fcl\u00f6nb\u00f6z\u0151 IPTV-szolg\u00e1ltat\u00f3k \u00e1raira. Vannak szolg\u00e1ltat\u00f3k, akik 15 EUR-\u00e9rt k\u00edn\u00e1lnak IPTV-t \u00e9vente, \u00e9s vannak olyanok, akik 200 EUR-\u00e9rt k\u00edn\u00e1lj\u00e1k a szolg\u00e1ltat\u00e1st \u00e9vente. A norm\u00e1l IPTV \u00e1r k\u00f6r\u00fclbel\u00fcl 60 EUR \u00e9vente, a t\u00e1mogat\u00e1ssal egy\u00fctt az \u00e1rban. Minden m\u00e1s, ami 10-20 EUR-val olcs\u00f3bb enn\u00e9l, sajnos \u00e9szrevehet\u0151 k\u00fcl\u00f6nbs\u00e9ggel j\u00e1r a min\u0151s\u00e9gben.   <\/p><p>Egyes szolg\u00e1ltat\u00f3k havi vagy \u00e9ves el\u0151fizet\u00e9seket k\u00edn\u00e1lnak, m\u00edg m\u00e1sok pay-per-view lehet\u0151s\u00e9geket vagy csomagolt aj\u00e1nlatokat.<\/p><p>Mi minden csatorn\u00e1t, filmet, sorozatot, dokumentumfilmet \u00e9s <span style=\"text-decoration: underline;\">MINDEN PPV esem\u00e9nyt<\/span> k\u00edn\u00e1lunk!<\/p><p>Ezeket a tippeket k\u00f6vetve megtal\u00e1lhatsz egy megb\u00edzhat\u00f3 IPTV-szolg\u00e1ltat\u00e1st, amely megfelel az ig\u00e9nyeidnek \u00e9s kiv\u00e1l\u00f3 min\u0151s\u00e9g\u0171 streamel\u00e9st biztos\u00edt biztons\u00e1gos \u00e9s stabil m\u00f3don.<\/p>\t\t\t\t\t\t\t\t<\/div>\n\t\t\t\t<\/div>\n\t\t\t\t<div class=\"elementor-element elementor-element-9543050 elementor-align-center elementor-widget elementor-widget-button\" data-id=\"9543050\" data-element_type=\"widget\" data-e-type=\"widget\" data-widget_type=\"button.default\">\n\t\t\t\t<div class=\"elementor-widget-container\">\n\t\t\t\t\t\t\t\t\t<div class=\"elementor-button-wrapper\">\n\t\t\t\t\t<a class=\"elementor-button elementor-button-link elementor-size-sm\" href=\"https:\/\/iptvking.co\/hu\/bolt\/\">\n\t\t\t\t\t\t<span class=\"elementor-button-content-wrapper\">\n\t\t\t\t\t\t\t\t\t<span class=\"elementor-button-text\">Teszteld az IPTV-t ingyen<\/span>\n\t\t\t\t\t<\/span>\n\t\t\t\t\t<\/a>\n\t\t\t\t<\/div>\n\t\t\t\t\t\t\t\t<\/div>\n\t\t\t\t<\/div>\n\t\t\t\t\t<\/div>\n\t\t<\/div>\n\t\t\t\t\t<\/div>\n\t\t<\/section>\n\t\t\t\t<\/div>\n\t\t","protected":false},"excerpt":{"rendered":"<p>Megb\u00edzhat\u00f3 IPTV szolg\u00e1ltat\u00f3 Megb\u00edzhat\u00f3 IPTV-szolg\u00e1ltat\u00e1sok: Hogyan tal\u00e1ld meg a legjobb szolg\u00e1ltat\u00f3t Az IPTV, vagy Internet Protocol Television, egy n\u00e9pszer\u0171 m\u00f3dja az \u00e9l\u0151 TV-csatorn\u00e1k \u00e9s video-on-demand tartalmak interneten kereszt\u00fcli streamel\u00e9s\u00e9nek. De nem minden IPTV-szolg\u00e1ltat\u00e1s egyforma. Egyes szolg\u00e1ltat\u00f3k sajnos megb\u00edzhatatlan \u00e9s instabil szolg\u00e1ltat\u00e1sokat, rossz \u00fcgyf\u00e9lszolg\u00e1latot \u00e9s korl\u00e1tozott csatornav\u00e1laszt\u00e9kot k\u00edn\u00e1lnak. Ha megb\u00edzhat\u00f3 IPTV szolg\u00e1ltat\u00f3t keresel, ezek a tippek [&hellip;]<\/p>\n","protected":false},"author":3,"featured_media":38760,"parent":0,"menu_order":0,"comment_status":"closed","ping_status":"closed","template":"elementor_header_footer","meta":{"footnotes":""},"class_list":["post-38757","page","type-page","status-publish","has-post-thumbnail","hentry"],"acf":[],"yoast_head":"<!-- This site is optimized with the Yoast SEO plugin v26.9 - https:\/\/yoast.com\/product\/yoast-seo-wordpress\/ -->\n<title>Megb\u00edzhat\u00f3 IPTV - Svensk IPTV<\/title>\n<meta name=\"description\" content=\"Egyes szolg\u00e1ltat\u00f3k megb\u00edzhatatlan \u00e9s instabil szolg\u00e1ltat\u00e1sokat, rossz \u00fcgyf\u00e9lszolg\u00e1latot \u00e9s korl\u00e1tozott csatornav\u00e1laszt\u00e9kot k\u00edn\u00e1lnak. Tal\u00e1lj egy megb\u00edzhat\u00f3 iptv szol...\" \/>\n<meta name=\"robots\" content=\"index, follow, max-snippet:-1, max-image-preview:large, max-video-preview:-1\" \/>\n<link rel=\"canonical\" href=\"https:\/\/iptvking.co\/hu\/megbizhato-iptv\/\" \/>\n<meta property=\"og:locale\" content=\"hu_HU\" \/>\n<meta property=\"og:type\" content=\"article\" \/>\n<meta property=\"og:title\" content=\"Megb\u00edzhat\u00f3 IPTV - Svensk IPTV\" \/>\n<meta property=\"og:description\" content=\"Egyes szolg\u00e1ltat\u00f3k megb\u00edzhatatlan \u00e9s instabil szolg\u00e1ltat\u00e1sokat, rossz \u00fcgyf\u00e9lszolg\u00e1latot \u00e9s korl\u00e1tozott csatornav\u00e1laszt\u00e9kot k\u00edn\u00e1lnak. Tal\u00e1lj egy megb\u00edzhat\u00f3 iptv szol...\" \/>\n<meta property=\"og:url\" content=\"https:\/\/iptvking.co\/hu\/megbizhato-iptv\/\" \/>\n<meta property=\"og:site_name\" content=\"Svensk IPTV\" \/>\n<meta property=\"article:modified_time\" content=\"2025-12-08T11:29:24+00:00\" \/>\n<meta property=\"og:image\" content=\"https:\/\/iptvking.co\/wp-content\/uploads\/2023\/10\/Svensk-IPTV-background-3.png\" \/>\n\t<meta property=\"og:image:width\" content=\"1477\" \/>\n\t<meta property=\"og:image:height\" content=\"1217\" \/>\n\t<meta property=\"og:image:type\" content=\"image\/png\" \/>\n<meta name=\"twitter:card\" content=\"summary_large_image\" \/>\n<meta name=\"twitter:label1\" content=\"Becs\u00fclt olvas\u00e1si id\u0151\" \/>\n\t<meta name=\"twitter:data1\" content=\"3 perc\" \/>\n<script type=\"application\/ld+json\" class=\"yoast-schema-graph\">{\"@context\":\"https:\/\/schema.org\",\"@graph\":[{\"@type\":\"WebPage\",\"@id\":\"https:\/\/iptvking.co\/hu\/megbizhato-iptv\/\",\"url\":\"https:\/\/iptvking.co\/hu\/megbizhato-iptv\/\",\"name\":\"Megb\u00edzhat\u00f3 IPTV - Svensk IPTV\",\"isPartOf\":{\"@id\":\"https:\/\/iptvking.co\/hu\/#website\"},\"primaryImageOfPage\":{\"@id\":\"https:\/\/iptvking.co\/hu\/megbizhato-iptv\/#primaryimage\"},\"image\":{\"@id\":\"https:\/\/iptvking.co\/hu\/megbizhato-iptv\/#primaryimage\"},\"thumbnailUrl\":\"https:\/\/iptvking.co\/wp-content\/uploads\/2023\/10\/Svensk-IPTV-background-3.png\",\"datePublished\":\"2023-05-08T15:20:00+00:00\",\"dateModified\":\"2025-12-08T11:29:24+00:00\",\"description\":\"Egyes szolg\u00e1ltat\u00f3k megb\u00edzhatatlan \u00e9s instabil szolg\u00e1ltat\u00e1sokat, rossz \u00fcgyf\u00e9lszolg\u00e1latot \u00e9s korl\u00e1tozott csatornav\u00e1laszt\u00e9kot k\u00edn\u00e1lnak. Tal\u00e1lj egy megb\u00edzhat\u00f3 iptv szol...\",\"breadcrumb\":{\"@id\":\"https:\/\/iptvking.co\/hu\/megbizhato-iptv\/#breadcrumb\"},\"inLanguage\":\"hu\",\"potentialAction\":[{\"@type\":\"ReadAction\",\"target\":[\"https:\/\/iptvking.co\/hu\/megbizhato-iptv\/\"]}]},{\"@type\":\"ImageObject\",\"inLanguage\":\"hu\",\"@id\":\"https:\/\/iptvking.co\/hu\/megbizhato-iptv\/#primaryimage\",\"url\":\"https:\/\/iptvking.co\/wp-content\/uploads\/2023\/10\/Svensk-IPTV-background-3.png\",\"contentUrl\":\"https:\/\/iptvking.co\/wp-content\/uploads\/2023\/10\/Svensk-IPTV-background-3.png\",\"width\":1477,\"height\":1217,\"caption\":\"IPTV Magyar\"},{\"@type\":\"BreadcrumbList\",\"@id\":\"https:\/\/iptvking.co\/hu\/megbizhato-iptv\/#breadcrumb\",\"itemListElement\":[{\"@type\":\"ListItem\",\"position\":1,\"name\":\"Home\",\"item\":\"https:\/\/iptvking.co\/hu\/\"},{\"@type\":\"ListItem\",\"position\":2,\"name\":\"Megb\u00edzhat\u00f3 IPTV\"}]},{\"@type\":\"WebSite\",\"@id\":\"https:\/\/iptvking.co\/hu\/#website\",\"url\":\"https:\/\/iptvking.co\/hu\/\",\"name\":\"IPTV King\",\"description\":\"B\u00e4st p\u00e5 Svensk IPTV!\",\"alternateName\":\"The King of IPTV!\",\"potentialAction\":[{\"@type\":\"SearchAction\",\"target\":{\"@type\":\"EntryPoint\",\"urlTemplate\":\"https:\/\/iptvking.co\/hu\/?s={search_term_string}\"},\"query-input\":{\"@type\":\"PropertyValueSpecification\",\"valueRequired\":true,\"valueName\":\"search_term_string\"}}],\"inLanguage\":\"hu\"}]}<\/script>\n<!-- \/ Yoast SEO plugin. -->","yoast_head_json":{"title":"Megb\u00edzhat\u00f3 IPTV - Svensk IPTV","description":"Egyes szolg\u00e1ltat\u00f3k megb\u00edzhatatlan \u00e9s instabil szolg\u00e1ltat\u00e1sokat, rossz \u00fcgyf\u00e9lszolg\u00e1latot \u00e9s korl\u00e1tozott csatornav\u00e1laszt\u00e9kot k\u00edn\u00e1lnak. Tal\u00e1lj egy megb\u00edzhat\u00f3 iptv szol...","robots":{"index":"index","follow":"follow","max-snippet":"max-snippet:-1","max-image-preview":"max-image-preview:large","max-video-preview":"max-video-preview:-1"},"canonical":"https:\/\/iptvking.co\/hu\/megbizhato-iptv\/","og_locale":"hu_HU","og_type":"article","og_title":"Megb\u00edzhat\u00f3 IPTV - Svensk IPTV","og_description":"Egyes szolg\u00e1ltat\u00f3k megb\u00edzhatatlan \u00e9s instabil szolg\u00e1ltat\u00e1sokat, rossz \u00fcgyf\u00e9lszolg\u00e1latot \u00e9s korl\u00e1tozott csatornav\u00e1laszt\u00e9kot k\u00edn\u00e1lnak. Tal\u00e1lj egy megb\u00edzhat\u00f3 iptv szol...","og_url":"https:\/\/iptvking.co\/hu\/megbizhato-iptv\/","og_site_name":"Svensk IPTV","article_modified_time":"2025-12-08T11:29:24+00:00","og_image":[{"width":1477,"height":1217,"url":"https:\/\/iptvking.co\/wp-content\/uploads\/2023\/10\/Svensk-IPTV-background-3.png","type":"image\/png"}],"twitter_card":"summary_large_image","twitter_misc":{"Becs\u00fclt olvas\u00e1si id\u0151":"3 perc"},"schema":{"@context":"https:\/\/schema.org","@graph":[{"@type":"WebPage","@id":"https:\/\/iptvking.co\/hu\/megbizhato-iptv\/","url":"https:\/\/iptvking.co\/hu\/megbizhato-iptv\/","name":"Megb\u00edzhat\u00f3 IPTV - Svensk IPTV","isPartOf":{"@id":"https:\/\/iptvking.co\/hu\/#website"},"primaryImageOfPage":{"@id":"https:\/\/iptvking.co\/hu\/megbizhato-iptv\/#primaryimage"},"image":{"@id":"https:\/\/iptvking.co\/hu\/megbizhato-iptv\/#primaryimage"},"thumbnailUrl":"https:\/\/iptvking.co\/wp-content\/uploads\/2023\/10\/Svensk-IPTV-background-3.png","datePublished":"2023-05-08T15:20:00+00:00","dateModified":"2025-12-08T11:29:24+00:00","description":"Egyes szolg\u00e1ltat\u00f3k megb\u00edzhatatlan \u00e9s instabil szolg\u00e1ltat\u00e1sokat, rossz \u00fcgyf\u00e9lszolg\u00e1latot \u00e9s korl\u00e1tozott csatornav\u00e1laszt\u00e9kot k\u00edn\u00e1lnak. Tal\u00e1lj egy megb\u00edzhat\u00f3 iptv szol...","breadcrumb":{"@id":"https:\/\/iptvking.co\/hu\/megbizhato-iptv\/#breadcrumb"},"inLanguage":"hu","potentialAction":[{"@type":"ReadAction","target":["https:\/\/iptvking.co\/hu\/megbizhato-iptv\/"]}]},{"@type":"ImageObject","inLanguage":"hu","@id":"https:\/\/iptvking.co\/hu\/megbizhato-iptv\/#primaryimage","url":"https:\/\/iptvking.co\/wp-content\/uploads\/2023\/10\/Svensk-IPTV-background-3.png","contentUrl":"https:\/\/iptvking.co\/wp-content\/uploads\/2023\/10\/Svensk-IPTV-background-3.png","width":1477,"height":1217,"caption":"IPTV Magyar"},{"@type":"BreadcrumbList","@id":"https:\/\/iptvking.co\/hu\/megbizhato-iptv\/#breadcrumb","itemListElement":[{"@type":"ListItem","position":1,"name":"Home","item":"https:\/\/iptvking.co\/hu\/"},{"@type":"ListItem","position":2,"name":"Megb\u00edzhat\u00f3 IPTV"}]},{"@type":"WebSite","@id":"https:\/\/iptvking.co\/hu\/#website","url":"https:\/\/iptvking.co\/hu\/","name":"IPTV King","description":"B\u00e4st p\u00e5 Svensk IPTV!","alternateName":"The King of IPTV!","potentialAction":[{"@type":"SearchAction","target":{"@type":"EntryPoint","urlTemplate":"https:\/\/iptvking.co\/hu\/?s={search_term_string}"},"query-input":{"@type":"PropertyValueSpecification","valueRequired":true,"valueName":"search_term_string"}}],"inLanguage":"hu"}]}},"_links":{"self":[{"href":"https:\/\/iptvking.co\/hu\/wp-json\/wp\/v2\/pages\/38757","targetHints":{"allow":["GET"]}}],"collection":[{"href":"https:\/\/iptvking.co\/hu\/wp-json\/wp\/v2\/pages"}],"about":[{"href":"https:\/\/iptvking.co\/hu\/wp-json\/wp\/v2\/types\/page"}],"author":[{"embeddable":true,"href":"https:\/\/iptvking.co\/hu\/wp-json\/wp\/v2\/users\/3"}],"replies":[{"embeddable":true,"href":"https:\/\/iptvking.co\/hu\/wp-json\/wp\/v2\/comments?post=38757"}],"version-history":[{"count":1,"href":"https:\/\/iptvking.co\/hu\/wp-json\/wp\/v2\/pages\/38757\/revisions"}],"predecessor-version":[{"id":38762,"href":"https:\/\/iptvking.co\/hu\/wp-json\/wp\/v2\/pages\/38757\/revisions\/38762"}],"wp:featuredmedia":[{"embeddable":true,"href":"https:\/\/iptvking.co\/hu\/wp-json\/wp\/v2\/media\/38760"}],"wp:attachment":[{"href":"https:\/\/iptvking.co\/hu\/wp-json\/wp\/v2\/media?parent=38757"}],"curies":[{"name":"wp","href":"https:\/\/api.w.org\/{rel}","templated":true}]}}