{"id":38770,"date":"2023-05-08T17:20:00","date_gmt":"2023-05-08T15:20:00","guid":{"rendered":"https:\/\/iptvking.co\/iptv-fiable\/"},"modified":"2025-12-08T12:29:50","modified_gmt":"2025-12-08T11:29:50","slug":"iptv-fiable","status":"publish","type":"page","link":"https:\/\/iptvking.co\/fr\/iptv-fiable\/","title":{"rendered":"IPTV fiable"},"content":{"rendered":"\t\t<div data-elementor-type=\"wp-page\" data-elementor-id=\"38770\" class=\"elementor elementor-38770 elementor-12485\" data-elementor-post-type=\"page\">\n\t\t\t\t\t\t<section class=\"elementor-section elementor-top-section elementor-element elementor-element-f844598 elementor-section-boxed elementor-section-height-default elementor-section-height-default\" data-id=\"f844598\" data-element_type=\"section\" data-e-type=\"section\">\n\t\t\t\t\t\t<div class=\"elementor-container elementor-column-gap-default\">\n\t\t\t\t\t<div class=\"elementor-column elementor-col-100 elementor-top-column elementor-element elementor-element-1f0b1a1\" data-id=\"1f0b1a1\" data-element_type=\"column\" data-e-type=\"column\">\n\t\t\t<div class=\"elementor-widget-wrap elementor-element-populated\">\n\t\t\t\t\t\t<div class=\"elementor-element elementor-element-43396b2 elementor-widget elementor-widget-heading\" data-id=\"43396b2\" data-element_type=\"widget\" data-e-type=\"widget\" data-widget_type=\"heading.default\">\n\t\t\t\t<div class=\"elementor-widget-container\">\n\t\t\t\t\t<h2 class=\"elementor-heading-title elementor-size-default\">Fournisseur d'IPTV fiable<\/h2>\t\t\t\t<\/div>\n\t\t\t\t<\/div>\n\t\t\t\t<div class=\"elementor-element elementor-element-54c0e24 elementor-widget elementor-widget-text-editor\" data-id=\"54c0e24\" data-element_type=\"widget\" data-e-type=\"widget\" data-widget_type=\"text-editor.default\">\n\t\t\t\t<div class=\"elementor-widget-container\">\n\t\t\t\t\t\t\t\t\t<h2><strong>Services IPTV fiables&nbsp;: comment trouver le meilleur fournisseur<\/strong><\/h2><p>L&rsquo;IPTV, ou Internet Protocol Television, est un moyen populaire de diffuser des cha\u00eenes de t\u00e9l\u00e9vision en direct et du contenu vid\u00e9o \u00e0 la demande sur Internet. Mais tous les services IPTV ne sont pas cr\u00e9\u00e9s \u00e9gaux. Certains fournisseurs proposent malheureusement des services peu fiables et instables, un mauvais support client et des options de cha\u00eenes limit\u00e9es. Si vous recherchez un fournisseur <a href=\"https:\/\/iptvking.co\/fr\/?page_id=23636\">IPTV<\/a> fiable, ces conseils vous aideront \u00e0 trouver <a href=\"https:\/\/iptvking.co\/fr\/?page_id=23636\">le meilleur fournisseur IPTV<\/a>.   <\/p><p>Pensez \u00e0 ceci&nbsp;:<\/p><ul><li>V\u00e9rifiez la liste des cha\u00eenes.<\/li><li>V\u00e9rifiez la qualit\u00e9 des cha\u00eenes, par exemple gr\u00e2ce \u00e0 un test gratuit.<\/li><li>Testez le support.<\/li><li>Le prix n&rsquo;est pas le plus important&nbsp;!<\/li><\/ul><h3><strong>Essentiel pour un fournisseur d&rsquo;IPTV fiable<\/strong><\/h3><p>Les services IPTV fiables doivent offrir une diffusion en continu de haute qualit\u00e9 avec une mise en m\u00e9moire tampon et un temps d&rsquo;arr\u00eat minimaux. Recherchez les fournisseurs qui offrent un test gratuit afin de pouvoir v\u00e9rifier le service avant de payer. Le test n&rsquo;a pas besoin d&rsquo;\u00eatre long, l&rsquo;important est que vous ayez le temps de voir la gamme sur une cha\u00eene\/\u00e9mission en direct. Des serveurs d\u00e9di\u00e9s et une technologie de diffusion avanc\u00e9e sont \u00e9galement importants pour garantir une exp\u00e9rience visuelle fluide.    <a href=\"https:\/\/iptvking.co\/fr\/\">Svensk IPTV<\/a> est l&rsquo;un des rares \u00e0 avoir cela.<\/p>\t\t\t\t\t\t\t\t<\/div>\n\t\t\t\t<\/div>\n\t\t\t\t<div class=\"elementor-element elementor-element-7593d57 elementor-widget elementor-widget-text-editor\" data-id=\"7593d57\" data-element_type=\"widget\" data-e-type=\"widget\" data-widget_type=\"text-editor.default\">\n\t\t\t\t<div class=\"elementor-widget-container\">\n\t\t\t\t\t\t\t\t\t<h4><strong>Testez le support<\/strong><\/h4><p>Si vous avez des questions ou rencontrez des probl\u00e8mes avec votre service IPTV, il est important d&rsquo;avoir un bon service client pour vous aider. Recherchez les fournisseurs qui offrent un support rapide et de qualit\u00e9, un support client ouvert 24h\/24 et 7j\/7 est attrayant, mais dans ce cas, ce n&rsquo;est pas pertinent car ce type de support n&rsquo;est souvent pas bon ou ne correspond m\u00eame pas aux heures d&rsquo;ouverture annonc\u00e9es. La FAQ est importante, mais plusieurs m\u00e9thodes de contact le sont encore plus. Un fournisseur n&rsquo;a pas besoin d&rsquo;avoir dix fa\u00e7ons diff\u00e9rentes de contacter, mais il doit y avoir une page de support et une adresse e-mail.   <\/p><h4><strong>Le prix n&rsquo;est pas le plus important<\/strong><\/h4><p>Enfin, ARR\u00caTEZ d&rsquo;accorder trop d&rsquo;importance aux prix des diff\u00e9rents fournisseurs d&rsquo;IPTV. Il existe des fournisseurs qui proposent l&rsquo;IPTV pour 15 EUR par an et d&rsquo;autres qui proposent le service pour 200 EUR par an. Le prix normal pour l&rsquo;IPTV est d&rsquo;environ 60 EUR par an avec le support inclus dans le prix. Tout ce qui co\u00fbte 10 \u00e0 20 EUR de moins entra\u00eenera malheureusement une diff\u00e9rence notable de qualit\u00e9.   <\/p><p>Certains fournisseurs proposent des abonnements mensuels ou annuels, tandis que d&rsquo;autres proposent des options de paiement \u00e0 la s\u00e9ance ou des offres group\u00e9es.<\/p><p>Nous proposons toutes les cha\u00eenes, films, s\u00e9ries, documentaires et <span style=\"text-decoration: underline;\">TOUS les \u00e9v\u00e9nements PPV&nbsp;!<\/span><\/p><p>En suivant ces conseils, vous pouvez trouver un service IPTV fiable qui r\u00e9pond \u00e0 vos besoins et offre une diffusion en continu de haute qualit\u00e9 de mani\u00e8re s\u00fbre et stable.<\/p>\t\t\t\t\t\t\t\t<\/div>\n\t\t\t\t<\/div>\n\t\t\t\t<div class=\"elementor-element elementor-element-9543050 elementor-align-center elementor-widget elementor-widget-button\" data-id=\"9543050\" data-element_type=\"widget\" data-e-type=\"widget\" data-widget_type=\"button.default\">\n\t\t\t\t<div class=\"elementor-widget-container\">\n\t\t\t\t\t\t\t\t\t<div class=\"elementor-button-wrapper\">\n\t\t\t\t\t<a class=\"elementor-button elementor-button-link elementor-size-sm\" href=\"https:\/\/iptvking.co\/fr\/boutique\/\">\n\t\t\t\t\t\t<span class=\"elementor-button-content-wrapper\">\n\t\t\t\t\t\t\t\t\t<span class=\"elementor-button-text\">Testez IPTV gratuitement<\/span>\n\t\t\t\t\t<\/span>\n\t\t\t\t\t<\/a>\n\t\t\t\t<\/div>\n\t\t\t\t\t\t\t\t<\/div>\n\t\t\t\t<\/div>\n\t\t\t\t\t<\/div>\n\t\t<\/div>\n\t\t\t\t\t<\/div>\n\t\t<\/section>\n\t\t\t\t<\/div>\n\t\t","protected":false},"excerpt":{"rendered":"<p>Fournisseur d&rsquo;IPTV fiable Services IPTV fiables&nbsp;: comment trouver le meilleur fournisseur L&rsquo;IPTV, ou Internet Protocol Television, est un moyen populaire de diffuser des cha\u00eenes de t\u00e9l\u00e9vision en direct et du contenu vid\u00e9o \u00e0 la demande sur Internet. Mais tous les services IPTV ne sont pas cr\u00e9\u00e9s \u00e9gaux. Certains fournisseurs proposent malheureusement des services peu fiables [&hellip;]<\/p>\n","protected":false},"author":3,"featured_media":38773,"parent":0,"menu_order":0,"comment_status":"closed","ping_status":"closed","template":"elementor_header_footer","meta":{"footnotes":""},"class_list":["post-38770","page","type-page","status-publish","has-post-thumbnail","hentry"],"acf":[],"yoast_head":"<!-- This site is optimized with the Yoast SEO plugin v26.9 - https:\/\/yoast.com\/product\/yoast-seo-wordpress\/ -->\n<title>IPTV fiable - Svensk IPTV<\/title>\n<meta name=\"description\" content=\"Certains fournisseurs proposent des services peu fiables et instables, un mauvais support client et des options de cha\u00eenes limit\u00e9es. Trouvez un fournisseur d&#039;IPTV fiable...\" \/>\n<meta name=\"robots\" content=\"index, follow, max-snippet:-1, max-image-preview:large, max-video-preview:-1\" \/>\n<link rel=\"canonical\" href=\"https:\/\/iptvking.co\/fr\/iptv-fiable\/\" \/>\n<meta property=\"og:locale\" content=\"fr_FR\" \/>\n<meta property=\"og:type\" content=\"article\" \/>\n<meta property=\"og:title\" content=\"IPTV fiable - Svensk IPTV\" \/>\n<meta property=\"og:description\" content=\"Certains fournisseurs proposent des services peu fiables et instables, un mauvais support client et des options de cha\u00eenes limit\u00e9es. Trouvez un fournisseur d&#039;IPTV fiable...\" \/>\n<meta property=\"og:url\" content=\"https:\/\/iptvking.co\/fr\/iptv-fiable\/\" \/>\n<meta property=\"og:site_name\" content=\"Svensk IPTV\" \/>\n<meta property=\"article:modified_time\" content=\"2025-12-08T11:29:50+00:00\" \/>\n<meta property=\"og:image\" content=\"https:\/\/iptvking.co\/wp-content\/uploads\/2023\/10\/Svensk-IPTV-background-3.png\" \/>\n\t<meta property=\"og:image:width\" content=\"1477\" \/>\n\t<meta property=\"og:image:height\" content=\"1217\" \/>\n\t<meta property=\"og:image:type\" content=\"image\/png\" \/>\n<meta name=\"twitter:card\" content=\"summary_large_image\" \/>\n<meta name=\"twitter:label1\" content=\"Dur\u00e9e de lecture estim\u00e9e\" \/>\n\t<meta name=\"twitter:data1\" content=\"2 minutes\" \/>\n<script type=\"application\/ld+json\" class=\"yoast-schema-graph\">{\"@context\":\"https:\/\/schema.org\",\"@graph\":[{\"@type\":\"WebPage\",\"@id\":\"https:\/\/iptvking.co\/fr\/iptv-fiable\/\",\"url\":\"https:\/\/iptvking.co\/fr\/iptv-fiable\/\",\"name\":\"IPTV fiable - Svensk IPTV\",\"isPartOf\":{\"@id\":\"https:\/\/iptvking.co\/fr\/#website\"},\"primaryImageOfPage\":{\"@id\":\"https:\/\/iptvking.co\/fr\/iptv-fiable\/#primaryimage\"},\"image\":{\"@id\":\"https:\/\/iptvking.co\/fr\/iptv-fiable\/#primaryimage\"},\"thumbnailUrl\":\"https:\/\/iptvking.co\/wp-content\/uploads\/2023\/10\/Svensk-IPTV-background-3.png\",\"datePublished\":\"2023-05-08T15:20:00+00:00\",\"dateModified\":\"2025-12-08T11:29:50+00:00\",\"description\":\"Certains fournisseurs proposent des services peu fiables et instables, un mauvais support client et des options de cha\u00eenes limit\u00e9es. Trouvez un fournisseur d'IPTV fiable...\",\"breadcrumb\":{\"@id\":\"https:\/\/iptvking.co\/fr\/iptv-fiable\/#breadcrumb\"},\"inLanguage\":\"fr-FR\",\"potentialAction\":[{\"@type\":\"ReadAction\",\"target\":[\"https:\/\/iptvking.co\/fr\/iptv-fiable\/\"]}]},{\"@type\":\"ImageObject\",\"inLanguage\":\"fr-FR\",\"@id\":\"https:\/\/iptvking.co\/fr\/iptv-fiable\/#primaryimage\",\"url\":\"https:\/\/iptvking.co\/wp-content\/uploads\/2023\/10\/Svensk-IPTV-background-3.png\",\"contentUrl\":\"https:\/\/iptvking.co\/wp-content\/uploads\/2023\/10\/Svensk-IPTV-background-3.png\",\"width\":1477,\"height\":1217,\"caption\":\"IPTV France\"},{\"@type\":\"BreadcrumbList\",\"@id\":\"https:\/\/iptvking.co\/fr\/iptv-fiable\/#breadcrumb\",\"itemListElement\":[{\"@type\":\"ListItem\",\"position\":1,\"name\":\"Home\",\"item\":\"https:\/\/iptvking.co\/fr\/\"},{\"@type\":\"ListItem\",\"position\":2,\"name\":\"IPTV fiable\"}]},{\"@type\":\"WebSite\",\"@id\":\"https:\/\/iptvking.co\/fr\/#website\",\"url\":\"https:\/\/iptvking.co\/fr\/\",\"name\":\"IPTV King\",\"description\":\"B\u00e4st p\u00e5 Svensk IPTV!\",\"alternateName\":\"The King of IPTV!\",\"potentialAction\":[{\"@type\":\"SearchAction\",\"target\":{\"@type\":\"EntryPoint\",\"urlTemplate\":\"https:\/\/iptvking.co\/fr\/?s={search_term_string}\"},\"query-input\":{\"@type\":\"PropertyValueSpecification\",\"valueRequired\":true,\"valueName\":\"search_term_string\"}}],\"inLanguage\":\"fr-FR\"}]}<\/script>\n<!-- \/ Yoast SEO plugin. -->","yoast_head_json":{"title":"IPTV fiable - Svensk IPTV","description":"Certains fournisseurs proposent des services peu fiables et instables, un mauvais support client et des options de cha\u00eenes limit\u00e9es. Trouvez un fournisseur d'IPTV fiable...","robots":{"index":"index","follow":"follow","max-snippet":"max-snippet:-1","max-image-preview":"max-image-preview:large","max-video-preview":"max-video-preview:-1"},"canonical":"https:\/\/iptvking.co\/fr\/iptv-fiable\/","og_locale":"fr_FR","og_type":"article","og_title":"IPTV fiable - Svensk IPTV","og_description":"Certains fournisseurs proposent des services peu fiables et instables, un mauvais support client et des options de cha\u00eenes limit\u00e9es. Trouvez un fournisseur d'IPTV fiable...","og_url":"https:\/\/iptvking.co\/fr\/iptv-fiable\/","og_site_name":"Svensk IPTV","article_modified_time":"2025-12-08T11:29:50+00:00","og_image":[{"width":1477,"height":1217,"url":"https:\/\/iptvking.co\/wp-content\/uploads\/2023\/10\/Svensk-IPTV-background-3.png","type":"image\/png"}],"twitter_card":"summary_large_image","twitter_misc":{"Dur\u00e9e de lecture estim\u00e9e":"2 minutes"},"schema":{"@context":"https:\/\/schema.org","@graph":[{"@type":"WebPage","@id":"https:\/\/iptvking.co\/fr\/iptv-fiable\/","url":"https:\/\/iptvking.co\/fr\/iptv-fiable\/","name":"IPTV fiable - Svensk IPTV","isPartOf":{"@id":"https:\/\/iptvking.co\/fr\/#website"},"primaryImageOfPage":{"@id":"https:\/\/iptvking.co\/fr\/iptv-fiable\/#primaryimage"},"image":{"@id":"https:\/\/iptvking.co\/fr\/iptv-fiable\/#primaryimage"},"thumbnailUrl":"https:\/\/iptvking.co\/wp-content\/uploads\/2023\/10\/Svensk-IPTV-background-3.png","datePublished":"2023-05-08T15:20:00+00:00","dateModified":"2025-12-08T11:29:50+00:00","description":"Certains fournisseurs proposent des services peu fiables et instables, un mauvais support client et des options de cha\u00eenes limit\u00e9es. Trouvez un fournisseur d'IPTV fiable...","breadcrumb":{"@id":"https:\/\/iptvking.co\/fr\/iptv-fiable\/#breadcrumb"},"inLanguage":"fr-FR","potentialAction":[{"@type":"ReadAction","target":["https:\/\/iptvking.co\/fr\/iptv-fiable\/"]}]},{"@type":"ImageObject","inLanguage":"fr-FR","@id":"https:\/\/iptvking.co\/fr\/iptv-fiable\/#primaryimage","url":"https:\/\/iptvking.co\/wp-content\/uploads\/2023\/10\/Svensk-IPTV-background-3.png","contentUrl":"https:\/\/iptvking.co\/wp-content\/uploads\/2023\/10\/Svensk-IPTV-background-3.png","width":1477,"height":1217,"caption":"IPTV France"},{"@type":"BreadcrumbList","@id":"https:\/\/iptvking.co\/fr\/iptv-fiable\/#breadcrumb","itemListElement":[{"@type":"ListItem","position":1,"name":"Home","item":"https:\/\/iptvking.co\/fr\/"},{"@type":"ListItem","position":2,"name":"IPTV fiable"}]},{"@type":"WebSite","@id":"https:\/\/iptvking.co\/fr\/#website","url":"https:\/\/iptvking.co\/fr\/","name":"IPTV King","description":"B\u00e4st p\u00e5 Svensk IPTV!","alternateName":"The King of IPTV!","potentialAction":[{"@type":"SearchAction","target":{"@type":"EntryPoint","urlTemplate":"https:\/\/iptvking.co\/fr\/?s={search_term_string}"},"query-input":{"@type":"PropertyValueSpecification","valueRequired":true,"valueName":"search_term_string"}}],"inLanguage":"fr-FR"}]}},"_links":{"self":[{"href":"https:\/\/iptvking.co\/fr\/wp-json\/wp\/v2\/pages\/38770","targetHints":{"allow":["GET"]}}],"collection":[{"href":"https:\/\/iptvking.co\/fr\/wp-json\/wp\/v2\/pages"}],"about":[{"href":"https:\/\/iptvking.co\/fr\/wp-json\/wp\/v2\/types\/page"}],"author":[{"embeddable":true,"href":"https:\/\/iptvking.co\/fr\/wp-json\/wp\/v2\/users\/3"}],"replies":[{"embeddable":true,"href":"https:\/\/iptvking.co\/fr\/wp-json\/wp\/v2\/comments?post=38770"}],"version-history":[{"count":1,"href":"https:\/\/iptvking.co\/fr\/wp-json\/wp\/v2\/pages\/38770\/revisions"}],"predecessor-version":[{"id":38777,"href":"https:\/\/iptvking.co\/fr\/wp-json\/wp\/v2\/pages\/38770\/revisions\/38777"}],"wp:featuredmedia":[{"embeddable":true,"href":"https:\/\/iptvking.co\/fr\/wp-json\/wp\/v2\/media\/38773"}],"wp:attachment":[{"href":"https:\/\/iptvking.co\/fr\/wp-json\/wp\/v2\/media?parent=38770"}],"curies":[{"name":"wp","href":"https:\/\/api.w.org\/{rel}","templated":true}]}}