{"id":40262,"date":"2023-05-08T17:20:00","date_gmt":"2023-05-08T15:20:00","guid":{"rendered":"https:\/\/iptvking.co\/usaldusvaarne-iptv\/"},"modified":"2025-12-08T13:00:33","modified_gmt":"2025-12-08T12:00:33","slug":"usaldusvaarne-iptv","status":"publish","type":"page","link":"https:\/\/iptvking.co\/et\/usaldusvaarne-iptv\/","title":{"rendered":"Usaldusv\u00e4\u00e4rne IPTV"},"content":{"rendered":"\t\t<div data-elementor-type=\"wp-page\" data-elementor-id=\"40262\" class=\"elementor elementor-40262 elementor-12485\" data-elementor-post-type=\"page\">\n\t\t\t\t\t\t<section class=\"elementor-section elementor-top-section elementor-element elementor-element-f844598 elementor-section-boxed elementor-section-height-default elementor-section-height-default\" data-id=\"f844598\" data-element_type=\"section\" data-e-type=\"section\">\n\t\t\t\t\t\t<div class=\"elementor-container elementor-column-gap-default\">\n\t\t\t\t\t<div class=\"elementor-column elementor-col-100 elementor-top-column elementor-element elementor-element-1f0b1a1\" data-id=\"1f0b1a1\" data-element_type=\"column\" data-e-type=\"column\">\n\t\t\t<div class=\"elementor-widget-wrap elementor-element-populated\">\n\t\t\t\t\t\t<div class=\"elementor-element elementor-element-43396b2 elementor-widget elementor-widget-heading\" data-id=\"43396b2\" data-element_type=\"widget\" data-e-type=\"widget\" data-widget_type=\"heading.default\">\n\t\t\t\t<div class=\"elementor-widget-container\">\n\t\t\t\t\t<h2 class=\"elementor-heading-title elementor-size-default\">Usaldusv\u00e4\u00e4rne IPTV pakkuja<\/h2>\t\t\t\t<\/div>\n\t\t\t\t<\/div>\n\t\t\t\t<div class=\"elementor-element elementor-element-54c0e24 elementor-widget elementor-widget-text-editor\" data-id=\"54c0e24\" data-element_type=\"widget\" data-e-type=\"widget\" data-widget_type=\"text-editor.default\">\n\t\t\t\t<div class=\"elementor-widget-container\">\n\t\t\t\t\t\t\t\t\t<h2><strong>Usaldusv\u00e4\u00e4rsed IPTV-teenused: Kuidas leida parim teenusepakkuja<\/strong><\/h2><p>IPTV ehk Internet Protocol Television on populaarne viis otse-TV-kanalite ja tellitava videosisu voogedastamiseks interneti kaudu. Kuid k\u00f5ik IPTV-teenused pole v\u00f5rdsed. Kahjuks pakuvad m\u00f5ned teenusepakkujad ebausaldusv\u00e4\u00e4rseid ja ebastabiilseid teenuseid, halba kliendituge ja piiratud kanalivalikut. Kui otsid usaldusv\u00e4\u00e4rset <a href=\"https:\/\/iptvking.co\/et\/?page_id=23636\">IPTV<\/a> pakkujat, aitavad need n\u00e4pun\u00e4ited sul leida <a href=\"https:\/\/iptvking.co\/et\/?page_id=23636\">parima IPTV pakkuja<\/a>.   <\/p><p>Pea meeles:<\/p><ul><li>Kontrolli kanalite nimekirja.<\/li><li>Kontrolli kanalite kvaliteeti n\u00e4iteks tasuta prooviversiooni kaudu.<\/li><li>Testi kliendituge.<\/li><li>Hind pole k\u00f5ige t\u00e4htsam!<\/li><\/ul><h3><strong>Usaldusv\u00e4\u00e4rse IPTV pakkuja olulised omadused<\/strong><\/h3><p>Usaldusv\u00e4\u00e4rsed IPTV-teenused peaksid pakkuma kvaliteetset voogedastust minimaalse puhverdamise ja seisakutega. Otsi pakkujaid, kes pakuvad tasuta prooviversiooni, et saaksid teenust enne maksmist kontrollida. Prooviaeg ei pea olema pikk, k\u00f5ige olulisem on, et j\u00f5uad vaadata otsekanali\/\u00fclekande valikut. P\u00fchendatud serverid ja t\u00e4iustatud voogedastustehnoloogia on samuti olulised sujuva vaatamiskogemuse tagamiseks.    <a href=\"https:\/\/iptvking.co\/et\/\">Svensk IPTV<\/a>  on \u00fcks v\u00e4hestest, kellel see on.<\/p>\t\t\t\t\t\t\t\t<\/div>\n\t\t\t\t<\/div>\n\t\t\t\t<div class=\"elementor-element elementor-element-7593d57 elementor-widget elementor-widget-text-editor\" data-id=\"7593d57\" data-element_type=\"widget\" data-e-type=\"widget\" data-widget_type=\"text-editor.default\">\n\t\t\t\t<div class=\"elementor-widget-container\">\n\t\t\t\t\t\t\t\t\t<h4><strong>Testi kliendituge<\/strong><\/h4><p>Kui sul on IPTV-teenuse kohta k\u00fcsimusi v\u00f5i tekib probleeme, on oluline, et oleks hea klienditugi, kes sind aitab. Otsi pakkujaid, kes pakuvad kiiret ja head tuge. 24\/7 klienditugi v\u00f5ib tunduda ahvatlev, kuid sel juhul pole see asjakohane, kuna selline tugi pole sageli hea v\u00f5i ei vasta isegi reklaamitud lahtiolekuaegadele. KKK on oluline, kuid mitu kontaktiviisi on veelgi olulisemad. Teenusepakkujal ei pea olema k\u00fcmmet erinevat kontaktiv\u00f5imalust, kuid olemas peaks olema tugileht ja e-posti aadress.   <\/p><h4><strong>Hind pole k\u00f5ige t\u00e4htsam<\/strong><\/h4><p>L\u00f5petuseks, \u00c4RA pane liiga suurt r\u00f5hku erinevate IPTV-pakkujate hindadele. On pakkujaid, kes pakuvad IPTV-d 15 euro eest aastas, ja teisi, kes pakuvad teenust 200 euro eest aastas. Tavaline IPTV hind on umbes 60 eurot aastas, koos klienditoega. K\u00f5ik, mis on sellest 10-20 eurot odavam, tuleb kahjuks m\u00e4rgatava kvaliteedierinevusega.   <\/p><p>M\u00f5ned pakkujad pakuvad kuu- v\u00f5i aastatellimuseid, teised pakuvad vaatamisekordse tasu v\u00f5imalust v\u00f5i paketipakkumisi.<\/p><p>Pakume k\u00f5iki kanaleid, filme, seriaale, dokumentaale ja <span style=\"text-decoration: underline;\">K\u00d5IKI PPV \u00fcritusi!<\/span><\/p><p>Neid n\u00e4pun\u00e4iteid j\u00e4rgides leiad usaldusv\u00e4\u00e4rse IPTV-teenuse, mis vastab sinu vajadustele ja pakub kvaliteetset voogedastust turvalisel ja stabiilsel viisil.<\/p>\t\t\t\t\t\t\t\t<\/div>\n\t\t\t\t<\/div>\n\t\t\t\t<div class=\"elementor-element elementor-element-9543050 elementor-align-center elementor-widget elementor-widget-button\" data-id=\"9543050\" data-element_type=\"widget\" data-e-type=\"widget\" data-widget_type=\"button.default\">\n\t\t\t\t<div class=\"elementor-widget-container\">\n\t\t\t\t\t\t\t\t\t<div class=\"elementor-button-wrapper\">\n\t\t\t\t\t<a class=\"elementor-button elementor-button-link elementor-size-sm\" href=\"https:\/\/iptvking.co\/et\/pood\/\">\n\t\t\t\t\t\t<span class=\"elementor-button-content-wrapper\">\n\t\t\t\t\t\t\t\t\t<span class=\"elementor-button-text\">Proovi IPTV-d tasuta<\/span>\n\t\t\t\t\t<\/span>\n\t\t\t\t\t<\/a>\n\t\t\t\t<\/div>\n\t\t\t\t\t\t\t\t<\/div>\n\t\t\t\t<\/div>\n\t\t\t\t\t<\/div>\n\t\t<\/div>\n\t\t\t\t\t<\/div>\n\t\t<\/section>\n\t\t\t\t<\/div>\n\t\t","protected":false},"excerpt":{"rendered":"<p>Usaldusv\u00e4\u00e4rne IPTV pakkuja Usaldusv\u00e4\u00e4rsed IPTV-teenused: Kuidas leida parim teenusepakkuja IPTV ehk Internet Protocol Television on populaarne viis otse-TV-kanalite ja tellitava videosisu voogedastamiseks interneti kaudu. Kuid k\u00f5ik IPTV-teenused pole v\u00f5rdsed. Kahjuks pakuvad m\u00f5ned teenusepakkujad ebausaldusv\u00e4\u00e4rseid ja ebastabiilseid teenuseid, halba kliendituge ja piiratud kanalivalikut. Kui otsid usaldusv\u00e4\u00e4rset IPTV pakkujat, aitavad need n\u00e4pun\u00e4ited sul leida parima IPTV pakkuja. [&hellip;]<\/p>\n","protected":false},"author":3,"featured_media":40264,"parent":0,"menu_order":0,"comment_status":"closed","ping_status":"closed","template":"elementor_header_footer","meta":{"footnotes":""},"class_list":["post-40262","page","type-page","status-publish","has-post-thumbnail","hentry"],"acf":[],"yoast_head":"<!-- This site is optimized with the Yoast SEO plugin v26.9 - https:\/\/yoast.com\/product\/yoast-seo-wordpress\/ -->\n<title>Usaldusv\u00e4\u00e4rne IPTV - Svensk IPTV<\/title>\n<meta name=\"description\" content=\"M\u00f5ned teenusepakkujad pakuvad ebausaldusv\u00e4\u00e4rseid ja ebastabiilseid teenuseid, halba kliendituge ja piiratud kanalivalikut. Leia usaldusv\u00e4\u00e4rne IPTV pak...\" \/>\n<meta name=\"robots\" content=\"index, follow, max-snippet:-1, max-image-preview:large, max-video-preview:-1\" \/>\n<link rel=\"canonical\" href=\"https:\/\/iptvking.co\/et\/usaldusvaarne-iptv\/\" \/>\n<meta property=\"og:locale\" content=\"et_EE\" \/>\n<meta property=\"og:type\" content=\"article\" \/>\n<meta property=\"og:title\" content=\"Usaldusv\u00e4\u00e4rne IPTV - Svensk IPTV\" \/>\n<meta property=\"og:description\" content=\"M\u00f5ned teenusepakkujad pakuvad ebausaldusv\u00e4\u00e4rseid ja ebastabiilseid teenuseid, halba kliendituge ja piiratud kanalivalikut. Leia usaldusv\u00e4\u00e4rne IPTV pak...\" \/>\n<meta property=\"og:url\" content=\"https:\/\/iptvking.co\/et\/usaldusvaarne-iptv\/\" \/>\n<meta property=\"og:site_name\" content=\"Svensk IPTV\" \/>\n<meta property=\"article:modified_time\" content=\"2025-12-08T12:00:33+00:00\" \/>\n<meta property=\"og:image\" content=\"https:\/\/iptvking.co\/wp-content\/uploads\/2023\/10\/Svensk-IPTV-background-3.png\" \/>\n\t<meta property=\"og:image:width\" content=\"1477\" \/>\n\t<meta property=\"og:image:height\" content=\"1217\" \/>\n\t<meta property=\"og:image:type\" content=\"image\/png\" \/>\n<meta name=\"twitter:card\" content=\"summary_large_image\" \/>\n<meta name=\"twitter:label1\" content=\"Est. reading time\" \/>\n\t<meta name=\"twitter:data1\" content=\"2 minutit\" \/>\n<script type=\"application\/ld+json\" class=\"yoast-schema-graph\">{\"@context\":\"https:\/\/schema.org\",\"@graph\":[{\"@type\":\"WebPage\",\"@id\":\"https:\/\/iptvking.co\/et\/usaldusvaarne-iptv\/\",\"url\":\"https:\/\/iptvking.co\/et\/usaldusvaarne-iptv\/\",\"name\":\"Usaldusv\u00e4\u00e4rne IPTV - Svensk IPTV\",\"isPartOf\":{\"@id\":\"https:\/\/iptvking.co\/et\/#website\"},\"primaryImageOfPage\":{\"@id\":\"https:\/\/iptvking.co\/et\/usaldusvaarne-iptv\/#primaryimage\"},\"image\":{\"@id\":\"https:\/\/iptvking.co\/et\/usaldusvaarne-iptv\/#primaryimage\"},\"thumbnailUrl\":\"https:\/\/iptvking.co\/wp-content\/uploads\/2023\/10\/Svensk-IPTV-background-3.png\",\"datePublished\":\"2023-05-08T15:20:00+00:00\",\"dateModified\":\"2025-12-08T12:00:33+00:00\",\"description\":\"M\u00f5ned teenusepakkujad pakuvad ebausaldusv\u00e4\u00e4rseid ja ebastabiilseid teenuseid, halba kliendituge ja piiratud kanalivalikut. Leia usaldusv\u00e4\u00e4rne IPTV pak...\",\"breadcrumb\":{\"@id\":\"https:\/\/iptvking.co\/et\/usaldusvaarne-iptv\/#breadcrumb\"},\"inLanguage\":\"et\",\"potentialAction\":[{\"@type\":\"ReadAction\",\"target\":[\"https:\/\/iptvking.co\/et\/usaldusvaarne-iptv\/\"]}]},{\"@type\":\"ImageObject\",\"inLanguage\":\"et\",\"@id\":\"https:\/\/iptvking.co\/et\/usaldusvaarne-iptv\/#primaryimage\",\"url\":\"https:\/\/iptvking.co\/wp-content\/uploads\/2023\/10\/Svensk-IPTV-background-3.png\",\"contentUrl\":\"https:\/\/iptvking.co\/wp-content\/uploads\/2023\/10\/Svensk-IPTV-background-3.png\",\"width\":1477,\"height\":1217,\"caption\":\"IPTV Eesti\"},{\"@type\":\"BreadcrumbList\",\"@id\":\"https:\/\/iptvking.co\/et\/usaldusvaarne-iptv\/#breadcrumb\",\"itemListElement\":[{\"@type\":\"ListItem\",\"position\":1,\"name\":\"Home\",\"item\":\"https:\/\/iptvking.co\/et\/\"},{\"@type\":\"ListItem\",\"position\":2,\"name\":\"Usaldusv\u00e4\u00e4rne IPTV\"}]},{\"@type\":\"WebSite\",\"@id\":\"https:\/\/iptvking.co\/et\/#website\",\"url\":\"https:\/\/iptvking.co\/et\/\",\"name\":\"IPTV King\",\"description\":\"B\u00e4st p\u00e5 Svensk IPTV!\",\"alternateName\":\"The King of IPTV!\",\"potentialAction\":[{\"@type\":\"SearchAction\",\"target\":{\"@type\":\"EntryPoint\",\"urlTemplate\":\"https:\/\/iptvking.co\/et\/?s={search_term_string}\"},\"query-input\":{\"@type\":\"PropertyValueSpecification\",\"valueRequired\":true,\"valueName\":\"search_term_string\"}}],\"inLanguage\":\"et\"}]}<\/script>\n<!-- \/ Yoast SEO plugin. -->","yoast_head_json":{"title":"Usaldusv\u00e4\u00e4rne IPTV - Svensk IPTV","description":"M\u00f5ned teenusepakkujad pakuvad ebausaldusv\u00e4\u00e4rseid ja ebastabiilseid teenuseid, halba kliendituge ja piiratud kanalivalikut. Leia usaldusv\u00e4\u00e4rne IPTV pak...","robots":{"index":"index","follow":"follow","max-snippet":"max-snippet:-1","max-image-preview":"max-image-preview:large","max-video-preview":"max-video-preview:-1"},"canonical":"https:\/\/iptvking.co\/et\/usaldusvaarne-iptv\/","og_locale":"et_EE","og_type":"article","og_title":"Usaldusv\u00e4\u00e4rne IPTV - Svensk IPTV","og_description":"M\u00f5ned teenusepakkujad pakuvad ebausaldusv\u00e4\u00e4rseid ja ebastabiilseid teenuseid, halba kliendituge ja piiratud kanalivalikut. Leia usaldusv\u00e4\u00e4rne IPTV pak...","og_url":"https:\/\/iptvking.co\/et\/usaldusvaarne-iptv\/","og_site_name":"Svensk IPTV","article_modified_time":"2025-12-08T12:00:33+00:00","og_image":[{"width":1477,"height":1217,"url":"https:\/\/iptvking.co\/wp-content\/uploads\/2023\/10\/Svensk-IPTV-background-3.png","type":"image\/png"}],"twitter_card":"summary_large_image","twitter_misc":{"Est. reading time":"2 minutit"},"schema":{"@context":"https:\/\/schema.org","@graph":[{"@type":"WebPage","@id":"https:\/\/iptvking.co\/et\/usaldusvaarne-iptv\/","url":"https:\/\/iptvking.co\/et\/usaldusvaarne-iptv\/","name":"Usaldusv\u00e4\u00e4rne IPTV - Svensk IPTV","isPartOf":{"@id":"https:\/\/iptvking.co\/et\/#website"},"primaryImageOfPage":{"@id":"https:\/\/iptvking.co\/et\/usaldusvaarne-iptv\/#primaryimage"},"image":{"@id":"https:\/\/iptvking.co\/et\/usaldusvaarne-iptv\/#primaryimage"},"thumbnailUrl":"https:\/\/iptvking.co\/wp-content\/uploads\/2023\/10\/Svensk-IPTV-background-3.png","datePublished":"2023-05-08T15:20:00+00:00","dateModified":"2025-12-08T12:00:33+00:00","description":"M\u00f5ned teenusepakkujad pakuvad ebausaldusv\u00e4\u00e4rseid ja ebastabiilseid teenuseid, halba kliendituge ja piiratud kanalivalikut. Leia usaldusv\u00e4\u00e4rne IPTV pak...","breadcrumb":{"@id":"https:\/\/iptvking.co\/et\/usaldusvaarne-iptv\/#breadcrumb"},"inLanguage":"et","potentialAction":[{"@type":"ReadAction","target":["https:\/\/iptvking.co\/et\/usaldusvaarne-iptv\/"]}]},{"@type":"ImageObject","inLanguage":"et","@id":"https:\/\/iptvking.co\/et\/usaldusvaarne-iptv\/#primaryimage","url":"https:\/\/iptvking.co\/wp-content\/uploads\/2023\/10\/Svensk-IPTV-background-3.png","contentUrl":"https:\/\/iptvking.co\/wp-content\/uploads\/2023\/10\/Svensk-IPTV-background-3.png","width":1477,"height":1217,"caption":"IPTV Eesti"},{"@type":"BreadcrumbList","@id":"https:\/\/iptvking.co\/et\/usaldusvaarne-iptv\/#breadcrumb","itemListElement":[{"@type":"ListItem","position":1,"name":"Home","item":"https:\/\/iptvking.co\/et\/"},{"@type":"ListItem","position":2,"name":"Usaldusv\u00e4\u00e4rne IPTV"}]},{"@type":"WebSite","@id":"https:\/\/iptvking.co\/et\/#website","url":"https:\/\/iptvking.co\/et\/","name":"IPTV King","description":"B\u00e4st p\u00e5 Svensk IPTV!","alternateName":"The King of IPTV!","potentialAction":[{"@type":"SearchAction","target":{"@type":"EntryPoint","urlTemplate":"https:\/\/iptvking.co\/et\/?s={search_term_string}"},"query-input":{"@type":"PropertyValueSpecification","valueRequired":true,"valueName":"search_term_string"}}],"inLanguage":"et"}]}},"_links":{"self":[{"href":"https:\/\/iptvking.co\/et\/wp-json\/wp\/v2\/pages\/40262","targetHints":{"allow":["GET"]}}],"collection":[{"href":"https:\/\/iptvking.co\/et\/wp-json\/wp\/v2\/pages"}],"about":[{"href":"https:\/\/iptvking.co\/et\/wp-json\/wp\/v2\/types\/page"}],"author":[{"embeddable":true,"href":"https:\/\/iptvking.co\/et\/wp-json\/wp\/v2\/users\/3"}],"replies":[{"embeddable":true,"href":"https:\/\/iptvking.co\/et\/wp-json\/wp\/v2\/comments?post=40262"}],"version-history":[{"count":1,"href":"https:\/\/iptvking.co\/et\/wp-json\/wp\/v2\/pages\/40262\/revisions"}],"predecessor-version":[{"id":40265,"href":"https:\/\/iptvking.co\/et\/wp-json\/wp\/v2\/pages\/40262\/revisions\/40265"}],"wp:featuredmedia":[{"embeddable":true,"href":"https:\/\/iptvking.co\/et\/wp-json\/wp\/v2\/media\/40264"}],"wp:attachment":[{"href":"https:\/\/iptvking.co\/et\/wp-json\/wp\/v2\/media?parent=40262"}],"curies":[{"name":"wp","href":"https:\/\/api.w.org\/{rel}","templated":true}]}}