{"id":38779,"date":"2023-05-08T17:20:00","date_gmt":"2023-05-08T15:20:00","guid":{"rendered":"https:\/\/iptvking.co\/iptv-fiable\/"},"modified":"2025-12-08T12:29:50","modified_gmt":"2025-12-08T11:29:50","slug":"iptv-fiable","status":"publish","type":"page","link":"https:\/\/iptvking.co\/es\/iptv-fiable\/","title":{"rendered":"IPTV fiable"},"content":{"rendered":"\t\t<div data-elementor-type=\"wp-page\" data-elementor-id=\"38779\" class=\"elementor elementor-38779 elementor-12485\" data-elementor-post-type=\"page\">\n\t\t\t\t\t\t<section class=\"elementor-section elementor-top-section elementor-element elementor-element-f844598 elementor-section-boxed elementor-section-height-default elementor-section-height-default\" data-id=\"f844598\" data-element_type=\"section\" data-e-type=\"section\">\n\t\t\t\t\t\t<div class=\"elementor-container elementor-column-gap-default\">\n\t\t\t\t\t<div class=\"elementor-column elementor-col-100 elementor-top-column elementor-element elementor-element-1f0b1a1\" data-id=\"1f0b1a1\" data-element_type=\"column\" data-e-type=\"column\">\n\t\t\t<div class=\"elementor-widget-wrap elementor-element-populated\">\n\t\t\t\t\t\t<div class=\"elementor-element elementor-element-43396b2 elementor-widget elementor-widget-heading\" data-id=\"43396b2\" data-element_type=\"widget\" data-e-type=\"widget\" data-widget_type=\"heading.default\">\n\t\t\t\t<div class=\"elementor-widget-container\">\n\t\t\t\t\t<h2 class=\"elementor-heading-title elementor-size-default\">Proveedor de IPTV fiable<\/h2>\t\t\t\t<\/div>\n\t\t\t\t<\/div>\n\t\t\t\t<div class=\"elementor-element elementor-element-54c0e24 elementor-widget elementor-widget-text-editor\" data-id=\"54c0e24\" data-element_type=\"widget\" data-e-type=\"widget\" data-widget_type=\"text-editor.default\">\n\t\t\t\t<div class=\"elementor-widget-container\">\n\t\t\t\t\t\t\t\t\t<h2><strong>Servicios de IPTV fiables: C\u00f3mo encontrar el mejor proveedor<\/strong><\/h2><p>IPTV, o Televisi\u00f3n por Protocolo de Internet, es una forma popular de transmitir canales de TV en vivo y contenido de video bajo demanda a trav\u00e9s de Internet. Pero no todos los servicios de IPTV son iguales. Desafortunadamente, algunos proveedores ofrecen servicios poco fiables e inestables, mala atenci\u00f3n al cliente y opciones de canales limitadas. Si est\u00e1s buscando un proveedor de <a href=\"https:\/\/iptvking.co\/es\/?page_id=23636\">IPTV<\/a> fiable, estos consejos te ayudar\u00e1n a encontrar <a href=\"https:\/\/iptvking.co\/es\/?page_id=23636\">el mejor proveedor de IPTV<\/a>.   <\/p><p>Ten en cuenta esto:<\/p><ul><li>Comprueba la lista de canales.<\/li><li>Comprueba la calidad de los canales, por ejemplo, con una prueba gratuita.<\/li><li>Prueba el soporte.<\/li><li>\u00a1El precio no es lo m\u00e1s importante!<\/li><\/ul><h3><strong>Decisivo para un proveedor de IPTV fiable<\/strong><\/h3><p>Los servicios de IPTV fiables deben ofrecer streaming de alta calidad con un m\u00ednimo de buffering y tiempo de inactividad. Busca proveedores que ofrezcan una prueba gratuita para que puedas verificar el servicio antes de pagar. La prueba no tiene que ser larga, lo importante es que tengas tiempo de ver la oferta en un canal\/transmisi\u00f3n en vivo. Los servidores dedicados y la tecnolog\u00eda de streaming avanzada tambi\u00e9n son importantes para garantizar una experiencia de visualizaci\u00f3n fluida.    <a href=\"https:\/\/iptvking.co\/es\/\">Svensk IPTV<\/a>  es uno de los pocos que tiene esto.<\/p>\t\t\t\t\t\t\t\t<\/div>\n\t\t\t\t<\/div>\n\t\t\t\t<div class=\"elementor-element elementor-element-7593d57 elementor-widget elementor-widget-text-editor\" data-id=\"7593d57\" data-element_type=\"widget\" data-e-type=\"widget\" data-widget_type=\"text-editor.default\">\n\t\t\t\t<div class=\"elementor-widget-container\">\n\t\t\t\t\t\t\t\t\t<h4><strong>Prueba el soporte<\/strong><\/h4><p>Si tienes preguntas o encuentras problemas con tu servicio de IPTV, es importante tener un buen servicio de atenci\u00f3n al cliente para ayudarte. Busca proveedores que ofrezcan soporte r\u00e1pido y bueno; el soporte al cliente que est\u00e1 abierto las 24 horas del d\u00eda, los 7 d\u00edas de la semana, es atractivo, pero en este caso no es relevante, ya que ese tipo de soporte a menudo no es bueno o ni siquiera coincide con el horario de apertura promocionado. Las preguntas frecuentes son importantes, pero varios m\u00e9todos de contacto son a\u00fan m\u00e1s importantes. Un proveedor no necesita tener diez formas diferentes de contacto, pero debe haber una p\u00e1gina de soporte y una direcci\u00f3n de correo electr\u00f3nico.   <\/p><h4><strong>El precio no es lo m\u00e1s importante<\/strong><\/h4><p>Finalmente, DEJA de darle demasiada importancia a los precios de los diferentes proveedores de IPTV. Hay proveedores que ofrecen IPTV por 15 EUR al a\u00f1o y hay otros que ofrecen el servicio por 200 EUR al a\u00f1o. El precio normal de IPTV es de unos 60 EUR al a\u00f1o con soporte incluido en el precio. Desafortunadamente, todo lo que sea entre 10 y 20 EUR m\u00e1s barato que eso vendr\u00e1 con una notable diferencia en la calidad.   <\/p><p>Algunos proveedores ofrecen suscripciones mensuales o anuales, mientras que otros ofrecen opciones de pago por visi\u00f3n u ofertas empaquetadas.<\/p><p>Ofrecemos todos los canales, pel\u00edculas, series, documentales y <span style=\"text-decoration: underline;\">\u00a1TODOS los eventos PPV!<\/span><\/p><p>Siguiendo estos consejos, puedes encontrar un servicio de IPTV fiable que satisfaga tus necesidades y ofrezca streaming de alta calidad de forma segura y estable.<\/p>\t\t\t\t\t\t\t\t<\/div>\n\t\t\t\t<\/div>\n\t\t\t\t<div class=\"elementor-element elementor-element-9543050 elementor-align-center elementor-widget elementor-widget-button\" data-id=\"9543050\" data-element_type=\"widget\" data-e-type=\"widget\" data-widget_type=\"button.default\">\n\t\t\t\t<div class=\"elementor-widget-container\">\n\t\t\t\t\t\t\t\t\t<div class=\"elementor-button-wrapper\">\n\t\t\t\t\t<a class=\"elementor-button elementor-button-link elementor-size-sm\" href=\"https:\/\/iptvking.co\/es\/tienda\/\">\n\t\t\t\t\t\t<span class=\"elementor-button-content-wrapper\">\n\t\t\t\t\t\t\t\t\t<span class=\"elementor-button-text\">Prueba IPTV gratis<\/span>\n\t\t\t\t\t<\/span>\n\t\t\t\t\t<\/a>\n\t\t\t\t<\/div>\n\t\t\t\t\t\t\t\t<\/div>\n\t\t\t\t<\/div>\n\t\t\t\t\t<\/div>\n\t\t<\/div>\n\t\t\t\t\t<\/div>\n\t\t<\/section>\n\t\t\t\t<\/div>\n\t\t","protected":false},"excerpt":{"rendered":"<p>Proveedor de IPTV fiable Servicios de IPTV fiables: C\u00f3mo encontrar el mejor proveedor IPTV, o Televisi\u00f3n por Protocolo de Internet, es una forma popular de transmitir canales de TV en vivo y contenido de video bajo demanda a trav\u00e9s de Internet. Pero no todos los servicios de IPTV son iguales. Desafortunadamente, algunos proveedores ofrecen servicios [&hellip;]<\/p>\n","protected":false},"author":3,"featured_media":38781,"parent":0,"menu_order":0,"comment_status":"closed","ping_status":"closed","template":"elementor_header_footer","meta":{"footnotes":""},"class_list":["post-38779","page","type-page","status-publish","has-post-thumbnail","hentry"],"acf":[],"yoast_head":"<!-- This site is optimized with the Yoast SEO plugin v26.9 - https:\/\/yoast.com\/product\/yoast-seo-wordpress\/ -->\n<title>IPTV fiable - Svensk IPTV<\/title>\n<meta name=\"description\" content=\"Algunos proveedores ofrecen servicios poco fiables e inestables, mala atenci\u00f3n al cliente y opciones de canales limitadas. Encuentra un proveedor de IPTV fiable...\" \/>\n<meta name=\"robots\" content=\"index, follow, max-snippet:-1, max-image-preview:large, max-video-preview:-1\" \/>\n<link rel=\"canonical\" href=\"https:\/\/iptvking.co\/es\/iptv-fiable\/\" \/>\n<meta property=\"og:locale\" content=\"es_ES\" \/>\n<meta property=\"og:type\" content=\"article\" \/>\n<meta property=\"og:title\" content=\"IPTV fiable - Svensk IPTV\" \/>\n<meta property=\"og:description\" content=\"Algunos proveedores ofrecen servicios poco fiables e inestables, mala atenci\u00f3n al cliente y opciones de canales limitadas. Encuentra un proveedor de IPTV fiable...\" \/>\n<meta property=\"og:url\" content=\"https:\/\/iptvking.co\/es\/iptv-fiable\/\" \/>\n<meta property=\"og:site_name\" content=\"Svensk IPTV\" \/>\n<meta property=\"article:modified_time\" content=\"2025-12-08T11:29:50+00:00\" \/>\n<meta property=\"og:image\" content=\"https:\/\/iptvking.co\/wp-content\/uploads\/2023\/10\/Svensk-IPTV-background-3.png\" \/>\n\t<meta property=\"og:image:width\" content=\"1477\" \/>\n\t<meta property=\"og:image:height\" content=\"1217\" \/>\n\t<meta property=\"og:image:type\" content=\"image\/png\" \/>\n<meta name=\"twitter:card\" content=\"summary_large_image\" \/>\n<meta name=\"twitter:label1\" content=\"Tiempo de lectura\" \/>\n\t<meta name=\"twitter:data1\" content=\"2 minutos\" \/>\n<script type=\"application\/ld+json\" class=\"yoast-schema-graph\">{\"@context\":\"https:\/\/schema.org\",\"@graph\":[{\"@type\":\"WebPage\",\"@id\":\"https:\/\/iptvking.co\/es\/iptv-fiable\/\",\"url\":\"https:\/\/iptvking.co\/es\/iptv-fiable\/\",\"name\":\"IPTV fiable - Svensk IPTV\",\"isPartOf\":{\"@id\":\"https:\/\/iptvking.co\/es\/#website\"},\"primaryImageOfPage\":{\"@id\":\"https:\/\/iptvking.co\/es\/iptv-fiable\/#primaryimage\"},\"image\":{\"@id\":\"https:\/\/iptvking.co\/es\/iptv-fiable\/#primaryimage\"},\"thumbnailUrl\":\"https:\/\/iptvking.co\/wp-content\/uploads\/2023\/10\/Svensk-IPTV-background-3.png\",\"datePublished\":\"2023-05-08T15:20:00+00:00\",\"dateModified\":\"2025-12-08T11:29:50+00:00\",\"description\":\"Algunos proveedores ofrecen servicios poco fiables e inestables, mala atenci\u00f3n al cliente y opciones de canales limitadas. Encuentra un proveedor de IPTV fiable...\",\"breadcrumb\":{\"@id\":\"https:\/\/iptvking.co\/es\/iptv-fiable\/#breadcrumb\"},\"inLanguage\":\"es\",\"potentialAction\":[{\"@type\":\"ReadAction\",\"target\":[\"https:\/\/iptvking.co\/es\/iptv-fiable\/\"]}]},{\"@type\":\"ImageObject\",\"inLanguage\":\"es\",\"@id\":\"https:\/\/iptvking.co\/es\/iptv-fiable\/#primaryimage\",\"url\":\"https:\/\/iptvking.co\/wp-content\/uploads\/2023\/10\/Svensk-IPTV-background-3.png\",\"contentUrl\":\"https:\/\/iptvking.co\/wp-content\/uploads\/2023\/10\/Svensk-IPTV-background-3.png\",\"width\":1477,\"height\":1217,\"caption\":\"IPTV Espana\"},{\"@type\":\"BreadcrumbList\",\"@id\":\"https:\/\/iptvking.co\/es\/iptv-fiable\/#breadcrumb\",\"itemListElement\":[{\"@type\":\"ListItem\",\"position\":1,\"name\":\"Home\",\"item\":\"https:\/\/iptvking.co\/es\/\"},{\"@type\":\"ListItem\",\"position\":2,\"name\":\"IPTV fiable\"}]},{\"@type\":\"WebSite\",\"@id\":\"https:\/\/iptvking.co\/es\/#website\",\"url\":\"https:\/\/iptvking.co\/es\/\",\"name\":\"IPTV King\",\"description\":\"B\u00e4st p\u00e5 Svensk IPTV!\",\"alternateName\":\"The King of IPTV!\",\"potentialAction\":[{\"@type\":\"SearchAction\",\"target\":{\"@type\":\"EntryPoint\",\"urlTemplate\":\"https:\/\/iptvking.co\/es\/?s={search_term_string}\"},\"query-input\":{\"@type\":\"PropertyValueSpecification\",\"valueRequired\":true,\"valueName\":\"search_term_string\"}}],\"inLanguage\":\"es\"}]}<\/script>\n<!-- \/ Yoast SEO plugin. -->","yoast_head_json":{"title":"IPTV fiable - Svensk IPTV","description":"Algunos proveedores ofrecen servicios poco fiables e inestables, mala atenci\u00f3n al cliente y opciones de canales limitadas. Encuentra un proveedor de IPTV fiable...","robots":{"index":"index","follow":"follow","max-snippet":"max-snippet:-1","max-image-preview":"max-image-preview:large","max-video-preview":"max-video-preview:-1"},"canonical":"https:\/\/iptvking.co\/es\/iptv-fiable\/","og_locale":"es_ES","og_type":"article","og_title":"IPTV fiable - Svensk IPTV","og_description":"Algunos proveedores ofrecen servicios poco fiables e inestables, mala atenci\u00f3n al cliente y opciones de canales limitadas. Encuentra un proveedor de IPTV fiable...","og_url":"https:\/\/iptvking.co\/es\/iptv-fiable\/","og_site_name":"Svensk IPTV","article_modified_time":"2025-12-08T11:29:50+00:00","og_image":[{"width":1477,"height":1217,"url":"https:\/\/iptvking.co\/wp-content\/uploads\/2023\/10\/Svensk-IPTV-background-3.png","type":"image\/png"}],"twitter_card":"summary_large_image","twitter_misc":{"Tiempo de lectura":"2 minutos"},"schema":{"@context":"https:\/\/schema.org","@graph":[{"@type":"WebPage","@id":"https:\/\/iptvking.co\/es\/iptv-fiable\/","url":"https:\/\/iptvking.co\/es\/iptv-fiable\/","name":"IPTV fiable - Svensk IPTV","isPartOf":{"@id":"https:\/\/iptvking.co\/es\/#website"},"primaryImageOfPage":{"@id":"https:\/\/iptvking.co\/es\/iptv-fiable\/#primaryimage"},"image":{"@id":"https:\/\/iptvking.co\/es\/iptv-fiable\/#primaryimage"},"thumbnailUrl":"https:\/\/iptvking.co\/wp-content\/uploads\/2023\/10\/Svensk-IPTV-background-3.png","datePublished":"2023-05-08T15:20:00+00:00","dateModified":"2025-12-08T11:29:50+00:00","description":"Algunos proveedores ofrecen servicios poco fiables e inestables, mala atenci\u00f3n al cliente y opciones de canales limitadas. Encuentra un proveedor de IPTV fiable...","breadcrumb":{"@id":"https:\/\/iptvking.co\/es\/iptv-fiable\/#breadcrumb"},"inLanguage":"es","potentialAction":[{"@type":"ReadAction","target":["https:\/\/iptvking.co\/es\/iptv-fiable\/"]}]},{"@type":"ImageObject","inLanguage":"es","@id":"https:\/\/iptvking.co\/es\/iptv-fiable\/#primaryimage","url":"https:\/\/iptvking.co\/wp-content\/uploads\/2023\/10\/Svensk-IPTV-background-3.png","contentUrl":"https:\/\/iptvking.co\/wp-content\/uploads\/2023\/10\/Svensk-IPTV-background-3.png","width":1477,"height":1217,"caption":"IPTV Espana"},{"@type":"BreadcrumbList","@id":"https:\/\/iptvking.co\/es\/iptv-fiable\/#breadcrumb","itemListElement":[{"@type":"ListItem","position":1,"name":"Home","item":"https:\/\/iptvking.co\/es\/"},{"@type":"ListItem","position":2,"name":"IPTV fiable"}]},{"@type":"WebSite","@id":"https:\/\/iptvking.co\/es\/#website","url":"https:\/\/iptvking.co\/es\/","name":"IPTV King","description":"B\u00e4st p\u00e5 Svensk IPTV!","alternateName":"The King of IPTV!","potentialAction":[{"@type":"SearchAction","target":{"@type":"EntryPoint","urlTemplate":"https:\/\/iptvking.co\/es\/?s={search_term_string}"},"query-input":{"@type":"PropertyValueSpecification","valueRequired":true,"valueName":"search_term_string"}}],"inLanguage":"es"}]}},"_links":{"self":[{"href":"https:\/\/iptvking.co\/es\/wp-json\/wp\/v2\/pages\/38779","targetHints":{"allow":["GET"]}}],"collection":[{"href":"https:\/\/iptvking.co\/es\/wp-json\/wp\/v2\/pages"}],"about":[{"href":"https:\/\/iptvking.co\/es\/wp-json\/wp\/v2\/types\/page"}],"author":[{"embeddable":true,"href":"https:\/\/iptvking.co\/es\/wp-json\/wp\/v2\/users\/3"}],"replies":[{"embeddable":true,"href":"https:\/\/iptvking.co\/es\/wp-json\/wp\/v2\/comments?post=38779"}],"version-history":[{"count":1,"href":"https:\/\/iptvking.co\/es\/wp-json\/wp\/v2\/pages\/38779\/revisions"}],"predecessor-version":[{"id":38782,"href":"https:\/\/iptvking.co\/es\/wp-json\/wp\/v2\/pages\/38779\/revisions\/38782"}],"wp:featuredmedia":[{"embeddable":true,"href":"https:\/\/iptvking.co\/es\/wp-json\/wp\/v2\/media\/38781"}],"wp:attachment":[{"href":"https:\/\/iptvking.co\/es\/wp-json\/wp\/v2\/media?parent=38779"}],"curies":[{"name":"wp","href":"https:\/\/api.w.org\/{rel}","templated":true}]}}