{"id":38587,"date":"2023-05-11T12:21:38","date_gmt":"2023-05-11T10:21:38","guid":{"rendered":"https:\/\/iptvking.co\/oferta\/"},"modified":"2025-12-08T12:13:32","modified_gmt":"2025-12-08T11:13:32","slug":"oferta","status":"publish","type":"page","link":"https:\/\/iptvking.co\/es\/oferta\/","title":{"rendered":"Oferta"},"content":{"rendered":"\t\t<div data-elementor-type=\"wp-page\" data-elementor-id=\"38587\" class=\"elementor elementor-38587 elementor-12524\" data-elementor-post-type=\"page\">\n\t\t\t\t<div class=\"elementor-element elementor-element-ad46fe3 e-flex e-con-boxed e-con e-parent\" data-id=\"ad46fe3\" data-element_type=\"container\" data-e-type=\"container\">\n\t\t\t\t\t<div class=\"e-con-inner\">\n\t\t\t\t<div class=\"elementor-element elementor-element-c077013 elementor-widget elementor-widget-heading\" data-id=\"c077013\" data-element_type=\"widget\" data-e-type=\"widget\" data-widget_type=\"heading.default\">\n\t\t\t\t<div class=\"elementor-widget-container\">\n\t\t\t\t\t<h2 class=\"elementor-heading-title elementor-size-default\">\u00a1PR\u00d3XIMAMENTE M\u00c1S INFORMACI\u00d3N!<\/h2>\t\t\t\t<\/div>\n\t\t\t\t<\/div>\n\t\t\t\t\t<\/div>\n\t\t\t\t<\/div>\n\t\t\t\t<\/div>\n\t\t","protected":false},"excerpt":{"rendered":"<p>\u00a1PR\u00d3XIMAMENTE M\u00c1S INFORMACI\u00d3N!<\/p>\n","protected":false},"author":3,"featured_media":0,"parent":0,"menu_order":0,"comment_status":"closed","ping_status":"closed","template":"elementor_header_footer","meta":{"footnotes":""},"class_list":["post-38587","page","type-page","status-publish","hentry"],"acf":[],"yoast_head":"<!-- This site is optimized with the Yoast SEO plugin v26.9 - https:\/\/yoast.com\/product\/yoast-seo-wordpress\/ -->\n<title>Oferta - Svensk IPTV<\/title>\n<meta name=\"description\" content=\"Aqu\u00ed puedes ver nuestra oferta. Tenemos canales de todo el mundo, pero nos centramos, por supuesto, en canales de IPTV de Europa y del resto del mundo.\" \/>\n<meta name=\"robots\" content=\"index, follow, max-snippet:-1, max-image-preview:large, max-video-preview:-1\" \/>\n<link rel=\"canonical\" href=\"https:\/\/iptvking.co\/es\/oferta\/\" \/>\n<meta property=\"og:locale\" content=\"es_ES\" \/>\n<meta property=\"og:type\" content=\"article\" \/>\n<meta property=\"og:title\" content=\"Oferta - Svensk IPTV\" \/>\n<meta property=\"og:description\" content=\"Aqu\u00ed puedes ver nuestra oferta. Tenemos canales de todo el mundo, pero nos centramos, por supuesto, en canales de IPTV de Europa y del resto del mundo.\" \/>\n<meta property=\"og:url\" content=\"https:\/\/iptvking.co\/es\/oferta\/\" \/>\n<meta property=\"og:site_name\" content=\"Svensk IPTV\" \/>\n<meta property=\"article:modified_time\" content=\"2025-12-08T11:13:32+00:00\" \/>\n<meta name=\"twitter:card\" content=\"summary_large_image\" \/>\n<script type=\"application\/ld+json\" class=\"yoast-schema-graph\">{\"@context\":\"https:\/\/schema.org\",\"@graph\":[{\"@type\":\"WebPage\",\"@id\":\"https:\/\/iptvking.co\/es\/oferta\/\",\"url\":\"https:\/\/iptvking.co\/es\/oferta\/\",\"name\":\"Oferta - Svensk IPTV\",\"isPartOf\":{\"@id\":\"https:\/\/iptvking.co\/es\/#website\"},\"datePublished\":\"2023-05-11T10:21:38+00:00\",\"dateModified\":\"2025-12-08T11:13:32+00:00\",\"description\":\"Aqu\u00ed puedes ver nuestra oferta. Tenemos canales de todo el mundo, pero nos centramos, por supuesto, en canales de IPTV de Europa y del resto del mundo.\",\"breadcrumb\":{\"@id\":\"https:\/\/iptvking.co\/es\/oferta\/#breadcrumb\"},\"inLanguage\":\"es\",\"potentialAction\":[{\"@type\":\"ReadAction\",\"target\":[\"https:\/\/iptvking.co\/es\/oferta\/\"]}]},{\"@type\":\"BreadcrumbList\",\"@id\":\"https:\/\/iptvking.co\/es\/oferta\/#breadcrumb\",\"itemListElement\":[{\"@type\":\"ListItem\",\"position\":1,\"name\":\"Home\",\"item\":\"https:\/\/iptvking.co\/es\/\"},{\"@type\":\"ListItem\",\"position\":2,\"name\":\"Oferta\"}]},{\"@type\":\"WebSite\",\"@id\":\"https:\/\/iptvking.co\/es\/#website\",\"url\":\"https:\/\/iptvking.co\/es\/\",\"name\":\"IPTV King\",\"description\":\"B\u00e4st p\u00e5 Svensk IPTV!\",\"alternateName\":\"The King of IPTV!\",\"potentialAction\":[{\"@type\":\"SearchAction\",\"target\":{\"@type\":\"EntryPoint\",\"urlTemplate\":\"https:\/\/iptvking.co\/es\/?s={search_term_string}\"},\"query-input\":{\"@type\":\"PropertyValueSpecification\",\"valueRequired\":true,\"valueName\":\"search_term_string\"}}],\"inLanguage\":\"es\"}]}<\/script>\n<!-- \/ Yoast SEO plugin. -->","yoast_head_json":{"title":"Oferta - Svensk IPTV","description":"Aqu\u00ed puedes ver nuestra oferta. Tenemos canales de todo el mundo, pero nos centramos, por supuesto, en canales de IPTV de Europa y del resto del mundo.","robots":{"index":"index","follow":"follow","max-snippet":"max-snippet:-1","max-image-preview":"max-image-preview:large","max-video-preview":"max-video-preview:-1"},"canonical":"https:\/\/iptvking.co\/es\/oferta\/","og_locale":"es_ES","og_type":"article","og_title":"Oferta - Svensk IPTV","og_description":"Aqu\u00ed puedes ver nuestra oferta. Tenemos canales de todo el mundo, pero nos centramos, por supuesto, en canales de IPTV de Europa y del resto del mundo.","og_url":"https:\/\/iptvking.co\/es\/oferta\/","og_site_name":"Svensk IPTV","article_modified_time":"2025-12-08T11:13:32+00:00","twitter_card":"summary_large_image","schema":{"@context":"https:\/\/schema.org","@graph":[{"@type":"WebPage","@id":"https:\/\/iptvking.co\/es\/oferta\/","url":"https:\/\/iptvking.co\/es\/oferta\/","name":"Oferta - Svensk IPTV","isPartOf":{"@id":"https:\/\/iptvking.co\/es\/#website"},"datePublished":"2023-05-11T10:21:38+00:00","dateModified":"2025-12-08T11:13:32+00:00","description":"Aqu\u00ed puedes ver nuestra oferta. Tenemos canales de todo el mundo, pero nos centramos, por supuesto, en canales de IPTV de Europa y del resto del mundo.","breadcrumb":{"@id":"https:\/\/iptvking.co\/es\/oferta\/#breadcrumb"},"inLanguage":"es","potentialAction":[{"@type":"ReadAction","target":["https:\/\/iptvking.co\/es\/oferta\/"]}]},{"@type":"BreadcrumbList","@id":"https:\/\/iptvking.co\/es\/oferta\/#breadcrumb","itemListElement":[{"@type":"ListItem","position":1,"name":"Home","item":"https:\/\/iptvking.co\/es\/"},{"@type":"ListItem","position":2,"name":"Oferta"}]},{"@type":"WebSite","@id":"https:\/\/iptvking.co\/es\/#website","url":"https:\/\/iptvking.co\/es\/","name":"IPTV King","description":"B\u00e4st p\u00e5 Svensk IPTV!","alternateName":"The King of IPTV!","potentialAction":[{"@type":"SearchAction","target":{"@type":"EntryPoint","urlTemplate":"https:\/\/iptvking.co\/es\/?s={search_term_string}"},"query-input":{"@type":"PropertyValueSpecification","valueRequired":true,"valueName":"search_term_string"}}],"inLanguage":"es"}]}},"_links":{"self":[{"href":"https:\/\/iptvking.co\/es\/wp-json\/wp\/v2\/pages\/38587","targetHints":{"allow":["GET"]}}],"collection":[{"href":"https:\/\/iptvking.co\/es\/wp-json\/wp\/v2\/pages"}],"about":[{"href":"https:\/\/iptvking.co\/es\/wp-json\/wp\/v2\/types\/page"}],"author":[{"embeddable":true,"href":"https:\/\/iptvking.co\/es\/wp-json\/wp\/v2\/users\/3"}],"replies":[{"embeddable":true,"href":"https:\/\/iptvking.co\/es\/wp-json\/wp\/v2\/comments?post=38587"}],"version-history":[{"count":1,"href":"https:\/\/iptvking.co\/es\/wp-json\/wp\/v2\/pages\/38587\/revisions"}],"predecessor-version":[{"id":38590,"href":"https:\/\/iptvking.co\/es\/wp-json\/wp\/v2\/pages\/38587\/revisions\/38590"}],"wp:attachment":[{"href":"https:\/\/iptvking.co\/es\/wp-json\/wp\/v2\/media?parent=38587"}],"curies":[{"name":"wp","href":"https:\/\/api.w.org\/{rel}","templated":true}]}}