{"id":43613,"date":"2023-05-08T17:20:00","date_gmt":"2023-05-08T15:20:00","guid":{"rendered":"https:\/\/iptvking.co\/zuverlaessiges-iptv\/"},"modified":"2025-12-08T13:51:22","modified_gmt":"2025-12-08T12:51:22","slug":"zuverlaessiges-iptv","status":"publish","type":"page","link":"https:\/\/iptvking.co\/de\/zuverlaessiges-iptv\/","title":{"rendered":"Zuverl\u00e4ssiges IPTV"},"content":{"rendered":"\t\t<div data-elementor-type=\"wp-page\" data-elementor-id=\"43613\" class=\"elementor elementor-43613 elementor-12485\" data-elementor-post-type=\"page\">\n\t\t\t\t\t\t<section class=\"elementor-section elementor-top-section elementor-element elementor-element-f844598 elementor-section-boxed elementor-section-height-default elementor-section-height-default\" data-id=\"f844598\" data-element_type=\"section\" data-e-type=\"section\">\n\t\t\t\t\t\t<div class=\"elementor-container elementor-column-gap-default\">\n\t\t\t\t\t<div class=\"elementor-column elementor-col-100 elementor-top-column elementor-element elementor-element-1f0b1a1\" data-id=\"1f0b1a1\" data-element_type=\"column\" data-e-type=\"column\">\n\t\t\t<div class=\"elementor-widget-wrap elementor-element-populated\">\n\t\t\t\t\t\t<div class=\"elementor-element elementor-element-43396b2 elementor-widget elementor-widget-heading\" data-id=\"43396b2\" data-element_type=\"widget\" data-e-type=\"widget\" data-widget_type=\"heading.default\">\n\t\t\t\t<div class=\"elementor-widget-container\">\n\t\t\t\t\t<h2 class=\"elementor-heading-title elementor-size-default\">Zuverl\u00e4ssiger IPTV-Anbieter<\/h2>\t\t\t\t<\/div>\n\t\t\t\t<\/div>\n\t\t\t\t<div class=\"elementor-element elementor-element-54c0e24 elementor-widget elementor-widget-text-editor\" data-id=\"54c0e24\" data-element_type=\"widget\" data-e-type=\"widget\" data-widget_type=\"text-editor.default\">\n\t\t\t\t<div class=\"elementor-widget-container\">\n\t\t\t\t\t\t\t\t\t<h2><strong>Zuverl\u00e4ssige IPTV-Dienste: So finden Sie den besten Anbieter<\/strong><\/h2><p>IPTV, oder Internet Protocol Television, ist eine beliebte M\u00f6glichkeit, Live-TV-Kan\u00e4le und Video-on-Demand-Inhalte \u00fcber das Internet zu streamen. Aber nicht alle IPTV-Dienste sind gleich. Einige Anbieter bieten leider unzuverl\u00e4ssige und instabile Dienste, schlechten Kundensupport und begrenzte Kanaloptionen. Wenn Sie nach einem zuverl\u00e4ssigen <a href=\"https:\/\/iptvking.co\/de\/?page_id=23636\">IPTV<\/a>-Anbieter suchen, helfen Ihnen diese Tipps, <a href=\"https:\/\/iptvking.co\/de\/?page_id=23636\">den besten IPTV-Anbieter<\/a> zu finden.   <\/p><p>Beachten Sie Folgendes:<\/p><ul><li>\u00dcberpr\u00fcfen Sie die Kanalliste.<\/li><li>\u00dcberpr\u00fcfen Sie die Qualit\u00e4t der Kan\u00e4le, beispielsweise durch einen kostenlosen Test.<\/li><li>Testen Sie den Support.<\/li><li>Der Preis ist nicht das Wichtigste!<\/li><\/ul><h3><strong>Entscheidend f\u00fcr einen zuverl\u00e4ssigen IPTV-Anbieter<\/strong><\/h3><p>Zuverl\u00e4ssige IPTV-Dienste sollten hochwertiges Streaming mit minimaler Pufferung und Ausfallzeiten bieten. Suchen Sie nach Anbietern, die einen kostenlosen Test anbieten, damit Sie den Dienst \u00fcberpr\u00fcfen k\u00f6nnen, bevor Sie bezahlen. Der Test muss nicht lange dauern, das Wichtigste ist, dass Sie die M\u00f6glichkeit haben, das Angebot auf einem Live-Kanal\/einer Live-Sendung zu sehen. Dedizierte Server und fortschrittliche Streaming-Technologie sind ebenfalls wichtig, um ein reibungsloses Seherlebnis zu gew\u00e4hrleisten.    <a href=\"https:\/\/iptvking.co\/de\/\">Svensk IPTV<\/a>  ist einer der wenigen, die dies haben.<\/p>\t\t\t\t\t\t\t\t<\/div>\n\t\t\t\t<\/div>\n\t\t\t\t<div class=\"elementor-element elementor-element-7593d57 elementor-widget elementor-widget-text-editor\" data-id=\"7593d57\" data-element_type=\"widget\" data-e-type=\"widget\" data-widget_type=\"text-editor.default\">\n\t\t\t\t<div class=\"elementor-widget-container\">\n\t\t\t\t\t\t\t\t\t<h4><strong>Testen Sie den Support<\/strong><\/h4><p>Wenn Sie Fragen haben oder Probleme mit Ihrem IPTV-Dienst auftreten, ist es wichtig, einen guten Kundenservice zu haben, der Ihnen hilft. Suchen Sie nach Anbietern, die schnellen und guten Support bieten. Ein Kundensupport, der rund um die Uhr ge\u00f6ffnet ist, ist verlockend, aber in diesem Fall ist er nicht relevant, da diese Art von Support oft nicht gut ist oder nicht einmal mit den beworbenen \u00d6ffnungszeiten \u00fcbereinstimmt. FAQs sind wichtig, aber mehrere Kontaktm\u00f6glichkeiten sind noch wichtiger. Ein Anbieter muss nicht zehn verschiedene Kontaktm\u00f6glichkeiten haben, aber es sollte eine Support-Seite und eine E-Mail-Adresse geben.   <\/p><h4><strong>Der Preis ist nicht das Wichtigste<\/strong><\/h4><p>Legen Sie abschlie\u00dfend KEINEN zu gro\u00dfen Wert auf die Preise verschiedener IPTV-Anbieter. Es gibt Anbieter, die IPTV f\u00fcr 15 EUR pro Jahr anbieten, und es gibt andere, die den Dienst f\u00fcr 200 EUR pro Jahr anbieten. Der normale Preis f\u00fcr IPTV betr\u00e4gt ca. 60 EUR pro Jahr mit Support im Preis inbegriffen. Alles andere, was 10-20 EUR billiger ist, wird leider einen deutlichen Unterschied in der Qualit\u00e4t aufweisen.   <\/p><p>Einige Anbieter bieten Monats- oder Jahresabonnements an, w\u00e4hrend andere Pay-per-View-Optionen oder Paketangebote anbieten.<\/p><p>Wir bieten alle Kan\u00e4le, Filme, Serien, Dokumentationen und <span style=\"text-decoration: underline;\">ALLE PPV-Events!<\/span><\/p><p>Indem Sie diese Tipps befolgen, k\u00f6nnen Sie einen zuverl\u00e4ssigen IPTV-Dienst finden, der Ihren Bed\u00fcrfnissen entspricht und qualitativ hochwertiges Streaming auf sichere und stabile Weise liefert.<\/p>\t\t\t\t\t\t\t\t<\/div>\n\t\t\t\t<\/div>\n\t\t\t\t<div class=\"elementor-element elementor-element-9543050 elementor-align-center elementor-widget elementor-widget-button\" data-id=\"9543050\" data-element_type=\"widget\" data-e-type=\"widget\" data-widget_type=\"button.default\">\n\t\t\t\t<div class=\"elementor-widget-container\">\n\t\t\t\t\t\t\t\t\t<div class=\"elementor-button-wrapper\">\n\t\t\t\t\t<a class=\"elementor-button elementor-button-link elementor-size-sm\" href=\"https:\/\/iptvking.co\/de\/shop\/\">\n\t\t\t\t\t\t<span class=\"elementor-button-content-wrapper\">\n\t\t\t\t\t\t\t\t\t<span class=\"elementor-button-text\">Testen Sie IPTV kostenlos<\/span>\n\t\t\t\t\t<\/span>\n\t\t\t\t\t<\/a>\n\t\t\t\t<\/div>\n\t\t\t\t\t\t\t\t<\/div>\n\t\t\t\t<\/div>\n\t\t\t\t\t<\/div>\n\t\t<\/div>\n\t\t\t\t\t<\/div>\n\t\t<\/section>\n\t\t\t\t<\/div>\n\t\t","protected":false},"excerpt":{"rendered":"<p>Zuverl\u00e4ssiger IPTV-Anbieter Zuverl\u00e4ssige IPTV-Dienste: So finden Sie den besten Anbieter IPTV, oder Internet Protocol Television, ist eine beliebte M\u00f6glichkeit, Live-TV-Kan\u00e4le und Video-on-Demand-Inhalte \u00fcber das Internet zu streamen. Aber nicht alle IPTV-Dienste sind gleich. Einige Anbieter bieten leider unzuverl\u00e4ssige und instabile Dienste, schlechten Kundensupport und begrenzte Kanaloptionen. Wenn Sie nach einem zuverl\u00e4ssigen IPTV-Anbieter suchen, helfen Ihnen [&hellip;]<\/p>\n","protected":false},"author":3,"featured_media":43615,"parent":0,"menu_order":0,"comment_status":"closed","ping_status":"closed","template":"elementor_header_footer","meta":{"footnotes":""},"class_list":["post-43613","page","type-page","status-publish","has-post-thumbnail","hentry"],"acf":[],"yoast_head":"<!-- This site is optimized with the Yoast SEO plugin v26.9 - https:\/\/yoast.com\/product\/yoast-seo-wordpress\/ -->\n<title>Zuverl\u00e4ssiges IPTV - Svensk IPTV<\/title>\n<meta name=\"description\" content=\"Einige Anbieter bieten unzuverl\u00e4ssige und instabile Dienste, schlechten Kundensupport und begrenzte Kanaloptionen. Finden Sie einen zuverl\u00e4ssigen IPTV-Anbieter...\" \/>\n<meta name=\"robots\" content=\"index, follow, max-snippet:-1, max-image-preview:large, max-video-preview:-1\" \/>\n<link rel=\"canonical\" href=\"https:\/\/iptvking.co\/de\/zuverlaessiges-iptv\/\" \/>\n<meta property=\"og:locale\" content=\"de_DE\" \/>\n<meta property=\"og:type\" content=\"article\" \/>\n<meta property=\"og:title\" content=\"Zuverl\u00e4ssiges IPTV - Svensk IPTV\" \/>\n<meta property=\"og:description\" content=\"Einige Anbieter bieten unzuverl\u00e4ssige und instabile Dienste, schlechten Kundensupport und begrenzte Kanaloptionen. Finden Sie einen zuverl\u00e4ssigen IPTV-Anbieter...\" \/>\n<meta property=\"og:url\" content=\"https:\/\/iptvking.co\/de\/zuverlaessiges-iptv\/\" \/>\n<meta property=\"og:site_name\" content=\"Svensk IPTV\" \/>\n<meta property=\"article:modified_time\" content=\"2025-12-08T12:51:22+00:00\" \/>\n<meta property=\"og:image\" content=\"https:\/\/iptvking.co\/wp-content\/uploads\/2023\/10\/Svensk-IPTV-background-3.png\" \/>\n\t<meta property=\"og:image:width\" content=\"1477\" \/>\n\t<meta property=\"og:image:height\" content=\"1217\" \/>\n\t<meta property=\"og:image:type\" content=\"image\/png\" \/>\n<meta name=\"twitter:card\" content=\"summary_large_image\" \/>\n<meta name=\"twitter:label1\" content=\"Gesch\u00e4tzte Lesezeit\" \/>\n\t<meta name=\"twitter:data1\" content=\"2\u00a0Minuten\" \/>\n<script type=\"application\/ld+json\" class=\"yoast-schema-graph\">{\"@context\":\"https:\/\/schema.org\",\"@graph\":[{\"@type\":\"WebPage\",\"@id\":\"https:\/\/iptvking.co\/de\/zuverlaessiges-iptv\/\",\"url\":\"https:\/\/iptvking.co\/de\/zuverlaessiges-iptv\/\",\"name\":\"Zuverl\u00e4ssiges IPTV - Svensk IPTV\",\"isPartOf\":{\"@id\":\"https:\/\/iptvking.co\/de\/#website\"},\"primaryImageOfPage\":{\"@id\":\"https:\/\/iptvking.co\/de\/zuverlaessiges-iptv\/#primaryimage\"},\"image\":{\"@id\":\"https:\/\/iptvking.co\/de\/zuverlaessiges-iptv\/#primaryimage\"},\"thumbnailUrl\":\"https:\/\/iptvking.co\/wp-content\/uploads\/2023\/10\/Svensk-IPTV-background-3.png\",\"datePublished\":\"2023-05-08T15:20:00+00:00\",\"dateModified\":\"2025-12-08T12:51:22+00:00\",\"description\":\"Einige Anbieter bieten unzuverl\u00e4ssige und instabile Dienste, schlechten Kundensupport und begrenzte Kanaloptionen. Finden Sie einen zuverl\u00e4ssigen IPTV-Anbieter...\",\"breadcrumb\":{\"@id\":\"https:\/\/iptvking.co\/de\/zuverlaessiges-iptv\/#breadcrumb\"},\"inLanguage\":\"de\",\"potentialAction\":[{\"@type\":\"ReadAction\",\"target\":[\"https:\/\/iptvking.co\/de\/zuverlaessiges-iptv\/\"]}]},{\"@type\":\"ImageObject\",\"inLanguage\":\"de\",\"@id\":\"https:\/\/iptvking.co\/de\/zuverlaessiges-iptv\/#primaryimage\",\"url\":\"https:\/\/iptvking.co\/wp-content\/uploads\/2023\/10\/Svensk-IPTV-background-3.png\",\"contentUrl\":\"https:\/\/iptvking.co\/wp-content\/uploads\/2023\/10\/Svensk-IPTV-background-3.png\",\"width\":1477,\"height\":1217,\"caption\":\"IPTV Anbieter Deutsch\"},{\"@type\":\"BreadcrumbList\",\"@id\":\"https:\/\/iptvking.co\/de\/zuverlaessiges-iptv\/#breadcrumb\",\"itemListElement\":[{\"@type\":\"ListItem\",\"position\":1,\"name\":\"Home\",\"item\":\"https:\/\/iptvking.co\/de\/\"},{\"@type\":\"ListItem\",\"position\":2,\"name\":\"Zuverl\u00e4ssiges IPTV\"}]},{\"@type\":\"WebSite\",\"@id\":\"https:\/\/iptvking.co\/de\/#website\",\"url\":\"https:\/\/iptvking.co\/de\/\",\"name\":\"IPTV King\",\"description\":\"B\u00e4st p\u00e5 Svensk IPTV!\",\"alternateName\":\"The King of IPTV!\",\"potentialAction\":[{\"@type\":\"SearchAction\",\"target\":{\"@type\":\"EntryPoint\",\"urlTemplate\":\"https:\/\/iptvking.co\/de\/?s={search_term_string}\"},\"query-input\":{\"@type\":\"PropertyValueSpecification\",\"valueRequired\":true,\"valueName\":\"search_term_string\"}}],\"inLanguage\":\"de\"}]}<\/script>\n<!-- \/ Yoast SEO plugin. -->","yoast_head_json":{"title":"Zuverl\u00e4ssiges IPTV - Svensk IPTV","description":"Einige Anbieter bieten unzuverl\u00e4ssige und instabile Dienste, schlechten Kundensupport und begrenzte Kanaloptionen. Finden Sie einen zuverl\u00e4ssigen IPTV-Anbieter...","robots":{"index":"index","follow":"follow","max-snippet":"max-snippet:-1","max-image-preview":"max-image-preview:large","max-video-preview":"max-video-preview:-1"},"canonical":"https:\/\/iptvking.co\/de\/zuverlaessiges-iptv\/","og_locale":"de_DE","og_type":"article","og_title":"Zuverl\u00e4ssiges IPTV - Svensk IPTV","og_description":"Einige Anbieter bieten unzuverl\u00e4ssige und instabile Dienste, schlechten Kundensupport und begrenzte Kanaloptionen. Finden Sie einen zuverl\u00e4ssigen IPTV-Anbieter...","og_url":"https:\/\/iptvking.co\/de\/zuverlaessiges-iptv\/","og_site_name":"Svensk IPTV","article_modified_time":"2025-12-08T12:51:22+00:00","og_image":[{"width":1477,"height":1217,"url":"https:\/\/iptvking.co\/wp-content\/uploads\/2023\/10\/Svensk-IPTV-background-3.png","type":"image\/png"}],"twitter_card":"summary_large_image","twitter_misc":{"Gesch\u00e4tzte Lesezeit":"2\u00a0Minuten"},"schema":{"@context":"https:\/\/schema.org","@graph":[{"@type":"WebPage","@id":"https:\/\/iptvking.co\/de\/zuverlaessiges-iptv\/","url":"https:\/\/iptvking.co\/de\/zuverlaessiges-iptv\/","name":"Zuverl\u00e4ssiges IPTV - Svensk IPTV","isPartOf":{"@id":"https:\/\/iptvking.co\/de\/#website"},"primaryImageOfPage":{"@id":"https:\/\/iptvking.co\/de\/zuverlaessiges-iptv\/#primaryimage"},"image":{"@id":"https:\/\/iptvking.co\/de\/zuverlaessiges-iptv\/#primaryimage"},"thumbnailUrl":"https:\/\/iptvking.co\/wp-content\/uploads\/2023\/10\/Svensk-IPTV-background-3.png","datePublished":"2023-05-08T15:20:00+00:00","dateModified":"2025-12-08T12:51:22+00:00","description":"Einige Anbieter bieten unzuverl\u00e4ssige und instabile Dienste, schlechten Kundensupport und begrenzte Kanaloptionen. Finden Sie einen zuverl\u00e4ssigen IPTV-Anbieter...","breadcrumb":{"@id":"https:\/\/iptvking.co\/de\/zuverlaessiges-iptv\/#breadcrumb"},"inLanguage":"de","potentialAction":[{"@type":"ReadAction","target":["https:\/\/iptvking.co\/de\/zuverlaessiges-iptv\/"]}]},{"@type":"ImageObject","inLanguage":"de","@id":"https:\/\/iptvking.co\/de\/zuverlaessiges-iptv\/#primaryimage","url":"https:\/\/iptvking.co\/wp-content\/uploads\/2023\/10\/Svensk-IPTV-background-3.png","contentUrl":"https:\/\/iptvking.co\/wp-content\/uploads\/2023\/10\/Svensk-IPTV-background-3.png","width":1477,"height":1217,"caption":"IPTV Anbieter Deutsch"},{"@type":"BreadcrumbList","@id":"https:\/\/iptvking.co\/de\/zuverlaessiges-iptv\/#breadcrumb","itemListElement":[{"@type":"ListItem","position":1,"name":"Home","item":"https:\/\/iptvking.co\/de\/"},{"@type":"ListItem","position":2,"name":"Zuverl\u00e4ssiges IPTV"}]},{"@type":"WebSite","@id":"https:\/\/iptvking.co\/de\/#website","url":"https:\/\/iptvking.co\/de\/","name":"IPTV King","description":"B\u00e4st p\u00e5 Svensk IPTV!","alternateName":"The King of IPTV!","potentialAction":[{"@type":"SearchAction","target":{"@type":"EntryPoint","urlTemplate":"https:\/\/iptvking.co\/de\/?s={search_term_string}"},"query-input":{"@type":"PropertyValueSpecification","valueRequired":true,"valueName":"search_term_string"}}],"inLanguage":"de"}]}},"_links":{"self":[{"href":"https:\/\/iptvking.co\/de\/wp-json\/wp\/v2\/pages\/43613","targetHints":{"allow":["GET"]}}],"collection":[{"href":"https:\/\/iptvking.co\/de\/wp-json\/wp\/v2\/pages"}],"about":[{"href":"https:\/\/iptvking.co\/de\/wp-json\/wp\/v2\/types\/page"}],"author":[{"embeddable":true,"href":"https:\/\/iptvking.co\/de\/wp-json\/wp\/v2\/users\/3"}],"replies":[{"embeddable":true,"href":"https:\/\/iptvking.co\/de\/wp-json\/wp\/v2\/comments?post=43613"}],"version-history":[{"count":1,"href":"https:\/\/iptvking.co\/de\/wp-json\/wp\/v2\/pages\/43613\/revisions"}],"predecessor-version":[{"id":43616,"href":"https:\/\/iptvking.co\/de\/wp-json\/wp\/v2\/pages\/43613\/revisions\/43616"}],"wp:featuredmedia":[{"embeddable":true,"href":"https:\/\/iptvking.co\/de\/wp-json\/wp\/v2\/media\/43615"}],"wp:attachment":[{"href":"https:\/\/iptvking.co\/de\/wp-json\/wp\/v2\/media?parent=43613"}],"curies":[{"name":"wp","href":"https:\/\/api.w.org\/{rel}","templated":true}]}}