{"id":38783,"date":"2023-05-08T17:20:00","date_gmt":"2023-05-08T15:20:00","guid":{"rendered":"https:\/\/iptvking.co\/spolehliva-iptv\/"},"modified":"2025-12-08T12:29:50","modified_gmt":"2025-12-08T11:29:50","slug":"spolehliva-iptv","status":"publish","type":"page","link":"https:\/\/iptvking.co\/cs\/spolehliva-iptv\/","title":{"rendered":"Spolehliv\u00e1 IPTV"},"content":{"rendered":"\t\t<div data-elementor-type=\"wp-page\" data-elementor-id=\"38783\" class=\"elementor elementor-38783 elementor-12485\" data-elementor-post-type=\"page\">\n\t\t\t\t\t\t<section class=\"elementor-section elementor-top-section elementor-element elementor-element-f844598 elementor-section-boxed elementor-section-height-default elementor-section-height-default\" data-id=\"f844598\" data-element_type=\"section\" data-e-type=\"section\">\n\t\t\t\t\t\t<div class=\"elementor-container elementor-column-gap-default\">\n\t\t\t\t\t<div class=\"elementor-column elementor-col-100 elementor-top-column elementor-element elementor-element-1f0b1a1\" data-id=\"1f0b1a1\" data-element_type=\"column\" data-e-type=\"column\">\n\t\t\t<div class=\"elementor-widget-wrap elementor-element-populated\">\n\t\t\t\t\t\t<div class=\"elementor-element elementor-element-43396b2 elementor-widget elementor-widget-heading\" data-id=\"43396b2\" data-element_type=\"widget\" data-e-type=\"widget\" data-widget_type=\"heading.default\">\n\t\t\t\t<div class=\"elementor-widget-container\">\n\t\t\t\t\t<h2 class=\"elementor-heading-title elementor-size-default\">Spolehliv\u00fd poskytovatel IPTV<\/h2>\t\t\t\t<\/div>\n\t\t\t\t<\/div>\n\t\t\t\t<div class=\"elementor-element elementor-element-54c0e24 elementor-widget elementor-widget-text-editor\" data-id=\"54c0e24\" data-element_type=\"widget\" data-e-type=\"widget\" data-widget_type=\"text-editor.default\">\n\t\t\t\t<div class=\"elementor-widget-container\">\n\t\t\t\t\t\t\t\t\t<h2><strong>Spolehliv\u00e9 IPTV slu\u017eby: Jak naj\u00edt nejlep\u0161\u00edho poskytovatele<\/strong><\/h2><p>IPTV, neboli Internet Protocol Television, je popul\u00e1rn\u00ed zp\u016fsob streamov\u00e1n\u00ed \u017eiv\u00fdch televizn\u00edch kan\u00e1l\u016f a obsahu na vy\u017e\u00e1d\u00e1n\u00ed p\u0159es internet. Ne v\u0161echny IPTV slu\u017eby jsou v\u0161ak stejn\u00e9. N\u011bkte\u0159\u00ed poskytovatel\u00e9 bohu\u017eel nab\u00edzej\u00ed nespolehliv\u00e9 a nestabiln\u00ed slu\u017eby, \u0161patnou z\u00e1kaznickou podporu a omezen\u00e9 mo\u017enosti kan\u00e1l\u016f. Pokud hled\u00e1te spolehliv\u00e9ho <a href=\"https:\/\/iptvking.co\/cs\/?page_id=23636\">IPTV<\/a> poskytovatele, tyto tipy v\u00e1m pomohou naj\u00edt <a href=\"https:\/\/iptvking.co\/cs\/?page_id=23636\">nejlep\u0161\u00edho IPTV poskytovatele<\/a>.   <\/p><p>M\u011bjte na pam\u011bti:<\/p><ul><li>Zkontrolujte seznam kan\u00e1l\u016f.<\/li><li>Zkontrolujte kvalitu kan\u00e1l\u016f nap\u0159\u00edklad pomoc\u00ed bezplatn\u00e9ho testu.<\/li><li>Otestujte podporu.<\/li><li>Cena nen\u00ed nejd\u016fle\u017eit\u011bj\u0161\u00ed!<\/li><\/ul><h3><strong>Kl\u00ed\u010dov\u00e9 pro spolehliv\u00e9ho poskytovatele IPTV<\/strong><\/h3><p>Spolehliv\u00e9 IPTV slu\u017eby by m\u011bly nab\u00edzet vysoce kvalitn\u00ed streamov\u00e1n\u00ed s minim\u00e1ln\u00edm ukl\u00e1d\u00e1n\u00edm do vyrovn\u00e1vac\u00ed pam\u011bti a v\u00fdpadky. Hledejte poskytovatele, kte\u0159\u00ed nab\u00edzej\u00ed bezplatn\u00fd test, abyste si mohli slu\u017ebu ov\u011b\u0159it p\u0159ed zaplacen\u00edm. Test nemus\u00ed b\u00fdt dlouh\u00fd, d\u016fle\u017eit\u00e9 je, abyste m\u011bli \u010das vid\u011bt nab\u00eddku na \u017eiv\u00e9m kan\u00e1lu\/vys\u00edl\u00e1n\u00ed. Dedikovan\u00e9 servery a pokro\u010dil\u00e1 streamovac\u00ed technologie jsou tak\u00e9 d\u016fle\u017eit\u00e9 pro zaji\u0161t\u011bn\u00ed plynul\u00e9ho z\u00e1\u017eitku ze sledov\u00e1n\u00ed.    <a href=\"https:\/\/iptvking.co\/cs\/\">Svensk IPTV<\/a>  je jedn\u00edm z m\u00e1la, kdo to m\u00e1.<\/p>\t\t\t\t\t\t\t\t<\/div>\n\t\t\t\t<\/div>\n\t\t\t\t<div class=\"elementor-element elementor-element-7593d57 elementor-widget elementor-widget-text-editor\" data-id=\"7593d57\" data-element_type=\"widget\" data-e-type=\"widget\" data-widget_type=\"text-editor.default\">\n\t\t\t\t<div class=\"elementor-widget-container\">\n\t\t\t\t\t\t\t\t\t<h4><strong>Otestujte podporu<\/strong><\/h4><p>Pokud m\u00e1te ot\u00e1zky nebo naraz\u00edte na probl\u00e9my se svou IPTV slu\u017ebou, je d\u016fle\u017eit\u00e9 m\u00edt dobrou z\u00e1kaznickou podporu, kter\u00e1 v\u00e1m pom\u016f\u017ee. Hledejte poskytovatele, kte\u0159\u00ed nab\u00edzej\u00ed rychlou a kvalitn\u00ed podporu, z\u00e1kaznickou podporu, kter\u00e1 je otev\u0159en\u00e1 24\/7, je l\u00e1kav\u00e1, ale v tomto p\u0159\u00edpad\u011b nen\u00ed relevantn\u00ed, proto\u017ee tento typ podpory \u010dasto nen\u00ed dobr\u00fd nebo ani neodpov\u00edd\u00e1 inzerovan\u00fdm otev\u00edrac\u00edm hodin\u00e1m. FAQ je d\u016fle\u017eit\u00e9, ale v\u00edce zp\u016fsob\u016f kontaktu je je\u0161t\u011b d\u016fle\u017eit\u011bj\u0161\u00ed. Poskytovatel nemus\u00ed m\u00edt deset r\u016fzn\u00fdch zp\u016fsob\u016f kontaktu, ale m\u011bla by existovat str\u00e1nka podpory a e-mailov\u00e1 adresa.   <\/p><h4><strong>Cena nen\u00ed nejd\u016fle\u017eit\u011bj\u0161\u00ed<\/strong><\/h4><p>Nakonec, P\u0158ESTA\u0147TE kl\u00e1st p\u0159\u00edli\u0161 velk\u00fd d\u016fraz na ceny r\u016fzn\u00fdch poskytovatel\u016f IPTV. Existuj\u00ed poskytovatel\u00e9, kte\u0159\u00ed nab\u00edzej\u00ed IPTV za 15 EUR ro\u010dn\u011b a jin\u00ed, kte\u0159\u00ed nab\u00edzej\u00ed slu\u017ebu za 200 EUR ro\u010dn\u011b. Norm\u00e1ln\u00ed cena za IPTV je p\u0159ibli\u017en\u011b 60 EUR ro\u010dn\u011b v\u010detn\u011b podpory v cen\u011b. V\u0161e ostatn\u00ed, co je o 10-20 EUR levn\u011bj\u0161\u00ed, bohu\u017eel p\u0159ich\u00e1z\u00ed s v\u00fdrazn\u00fdm rozd\u00edlem v kvalit\u011b.   <\/p><p>N\u011bkte\u0159\u00ed poskytovatel\u00e9 nab\u00edzej\u00ed m\u011bs\u00ed\u010dn\u00ed nebo ro\u010dn\u00ed p\u0159edplatn\u00e9, zat\u00edmco jin\u00ed nab\u00edzej\u00ed pay-per-view mo\u017enosti nebo bal\u00ed\u010dkov\u00e9 nab\u00eddky.<\/p><p>Nab\u00edz\u00edme v\u0161echny kan\u00e1ly, filmy, seri\u00e1ly, dokumenty a <span style=\"text-decoration: underline;\">V\u0160ECHNY PPV ud\u00e1losti!<\/span><\/p><p>Dodr\u017eov\u00e1n\u00edm t\u011bchto tip\u016f m\u016f\u017eete naj\u00edt spolehlivou IPTV slu\u017ebu, kter\u00e1 spln\u00ed va\u0161e pot\u0159eby a poskytne vysoce kvalitn\u00ed streamov\u00e1n\u00ed bezpe\u010dn\u00fdm a stabiln\u00edm zp\u016fsobem.<\/p>\t\t\t\t\t\t\t\t<\/div>\n\t\t\t\t<\/div>\n\t\t\t\t<div class=\"elementor-element elementor-element-9543050 elementor-align-center elementor-widget elementor-widget-button\" data-id=\"9543050\" data-element_type=\"widget\" data-e-type=\"widget\" data-widget_type=\"button.default\">\n\t\t\t\t<div class=\"elementor-widget-container\">\n\t\t\t\t\t\t\t\t\t<div class=\"elementor-button-wrapper\">\n\t\t\t\t\t<a class=\"elementor-button elementor-button-link elementor-size-sm\" href=\"https:\/\/iptvking.co\/cs\/obchod\/\">\n\t\t\t\t\t\t<span class=\"elementor-button-content-wrapper\">\n\t\t\t\t\t\t\t\t\t<span class=\"elementor-button-text\">Vyzkou\u0161ejte IPTV zdarma<\/span>\n\t\t\t\t\t<\/span>\n\t\t\t\t\t<\/a>\n\t\t\t\t<\/div>\n\t\t\t\t\t\t\t\t<\/div>\n\t\t\t\t<\/div>\n\t\t\t\t\t<\/div>\n\t\t<\/div>\n\t\t\t\t\t<\/div>\n\t\t<\/section>\n\t\t\t\t<\/div>\n\t\t","protected":false},"excerpt":{"rendered":"<p>Spolehliv\u00fd poskytovatel IPTV Spolehliv\u00e9 IPTV slu\u017eby: Jak naj\u00edt nejlep\u0161\u00edho poskytovatele IPTV, neboli Internet Protocol Television, je popul\u00e1rn\u00ed zp\u016fsob streamov\u00e1n\u00ed \u017eiv\u00fdch televizn\u00edch kan\u00e1l\u016f a obsahu na vy\u017e\u00e1d\u00e1n\u00ed p\u0159es internet. Ne v\u0161echny IPTV slu\u017eby jsou v\u0161ak stejn\u00e9. N\u011bkte\u0159\u00ed poskytovatel\u00e9 bohu\u017eel nab\u00edzej\u00ed nespolehliv\u00e9 a nestabiln\u00ed slu\u017eby, \u0161patnou z\u00e1kaznickou podporu a omezen\u00e9 mo\u017enosti kan\u00e1l\u016f. Pokud hled\u00e1te spolehliv\u00e9ho IPTV poskytovatele, [&hellip;]<\/p>\n","protected":false},"author":3,"featured_media":38786,"parent":0,"menu_order":0,"comment_status":"closed","ping_status":"closed","template":"elementor_header_footer","meta":{"footnotes":""},"class_list":["post-38783","page","type-page","status-publish","has-post-thumbnail","hentry"],"acf":[],"yoast_head":"<!-- This site is optimized with the Yoast SEO plugin v26.9 - https:\/\/yoast.com\/product\/yoast-seo-wordpress\/ -->\n<title>Spolehliv\u00e1 IPTV - Svensk IPTV<\/title>\n<meta name=\"description\" content=\"N\u011bkte\u0159\u00ed poskytovatel\u00e9 nab\u00edzej\u00ed nespolehliv\u00e9 a nestabiln\u00ed slu\u017eby, \u0161patnou z\u00e1kaznickou podporu a omezen\u00e9 mo\u017enosti kan\u00e1l\u016f. Najd\u011bte spolehliv\u00e9ho poskytovatele IPTV...\" \/>\n<meta name=\"robots\" content=\"index, follow, max-snippet:-1, max-image-preview:large, max-video-preview:-1\" \/>\n<link rel=\"canonical\" href=\"https:\/\/iptvking.co\/cs\/spolehliva-iptv\/\" \/>\n<meta property=\"og:locale\" content=\"cs_CZ\" \/>\n<meta property=\"og:type\" content=\"article\" \/>\n<meta property=\"og:title\" content=\"Spolehliv\u00e1 IPTV - Svensk IPTV\" \/>\n<meta property=\"og:description\" content=\"N\u011bkte\u0159\u00ed poskytovatel\u00e9 nab\u00edzej\u00ed nespolehliv\u00e9 a nestabiln\u00ed slu\u017eby, \u0161patnou z\u00e1kaznickou podporu a omezen\u00e9 mo\u017enosti kan\u00e1l\u016f. Najd\u011bte spolehliv\u00e9ho poskytovatele IPTV...\" \/>\n<meta property=\"og:url\" content=\"https:\/\/iptvking.co\/cs\/spolehliva-iptv\/\" \/>\n<meta property=\"og:site_name\" content=\"Svensk IPTV\" \/>\n<meta property=\"article:modified_time\" content=\"2025-12-08T11:29:50+00:00\" \/>\n<meta property=\"og:image\" content=\"https:\/\/iptvking.co\/wp-content\/uploads\/2023\/10\/Svensk-IPTV-background-3.png\" \/>\n\t<meta property=\"og:image:width\" content=\"1477\" \/>\n\t<meta property=\"og:image:height\" content=\"1217\" \/>\n\t<meta property=\"og:image:type\" content=\"image\/png\" \/>\n<meta name=\"twitter:card\" content=\"summary_large_image\" \/>\n<meta name=\"twitter:label1\" content=\"Odhadovan\u00e1 doba \u010dten\u00ed\" \/>\n\t<meta name=\"twitter:data1\" content=\"3 minuty\" \/>\n<script type=\"application\/ld+json\" class=\"yoast-schema-graph\">{\"@context\":\"https:\/\/schema.org\",\"@graph\":[{\"@type\":\"WebPage\",\"@id\":\"https:\/\/iptvking.co\/cs\/spolehliva-iptv\/\",\"url\":\"https:\/\/iptvking.co\/cs\/spolehliva-iptv\/\",\"name\":\"Spolehliv\u00e1 IPTV - Svensk IPTV\",\"isPartOf\":{\"@id\":\"https:\/\/iptvking.co\/cs\/#website\"},\"primaryImageOfPage\":{\"@id\":\"https:\/\/iptvking.co\/cs\/spolehliva-iptv\/#primaryimage\"},\"image\":{\"@id\":\"https:\/\/iptvking.co\/cs\/spolehliva-iptv\/#primaryimage\"},\"thumbnailUrl\":\"https:\/\/iptvking.co\/wp-content\/uploads\/2023\/10\/Svensk-IPTV-background-3.png\",\"datePublished\":\"2023-05-08T15:20:00+00:00\",\"dateModified\":\"2025-12-08T11:29:50+00:00\",\"description\":\"N\u011bkte\u0159\u00ed poskytovatel\u00e9 nab\u00edzej\u00ed nespolehliv\u00e9 a nestabiln\u00ed slu\u017eby, \u0161patnou z\u00e1kaznickou podporu a omezen\u00e9 mo\u017enosti kan\u00e1l\u016f. Najd\u011bte spolehliv\u00e9ho poskytovatele IPTV...\",\"breadcrumb\":{\"@id\":\"https:\/\/iptvking.co\/cs\/spolehliva-iptv\/#breadcrumb\"},\"inLanguage\":\"cs\",\"potentialAction\":[{\"@type\":\"ReadAction\",\"target\":[\"https:\/\/iptvking.co\/cs\/spolehliva-iptv\/\"]}]},{\"@type\":\"ImageObject\",\"inLanguage\":\"cs\",\"@id\":\"https:\/\/iptvking.co\/cs\/spolehliva-iptv\/#primaryimage\",\"url\":\"https:\/\/iptvking.co\/wp-content\/uploads\/2023\/10\/Svensk-IPTV-background-3.png\",\"contentUrl\":\"https:\/\/iptvking.co\/wp-content\/uploads\/2023\/10\/Svensk-IPTV-background-3.png\",\"width\":1477,\"height\":1217,\"caption\":\"IPTV Ceska\"},{\"@type\":\"BreadcrumbList\",\"@id\":\"https:\/\/iptvking.co\/cs\/spolehliva-iptv\/#breadcrumb\",\"itemListElement\":[{\"@type\":\"ListItem\",\"position\":1,\"name\":\"Home\",\"item\":\"https:\/\/iptvking.co\/cs\/\"},{\"@type\":\"ListItem\",\"position\":2,\"name\":\"Spolehliv\u00e1 IPTV\"}]},{\"@type\":\"WebSite\",\"@id\":\"https:\/\/iptvking.co\/cs\/#website\",\"url\":\"https:\/\/iptvking.co\/cs\/\",\"name\":\"IPTV King\",\"description\":\"B\u00e4st p\u00e5 Svensk IPTV!\",\"alternateName\":\"The King of IPTV!\",\"potentialAction\":[{\"@type\":\"SearchAction\",\"target\":{\"@type\":\"EntryPoint\",\"urlTemplate\":\"https:\/\/iptvking.co\/cs\/?s={search_term_string}\"},\"query-input\":{\"@type\":\"PropertyValueSpecification\",\"valueRequired\":true,\"valueName\":\"search_term_string\"}}],\"inLanguage\":\"cs\"}]}<\/script>\n<!-- \/ Yoast SEO plugin. -->","yoast_head_json":{"title":"Spolehliv\u00e1 IPTV - Svensk IPTV","description":"N\u011bkte\u0159\u00ed poskytovatel\u00e9 nab\u00edzej\u00ed nespolehliv\u00e9 a nestabiln\u00ed slu\u017eby, \u0161patnou z\u00e1kaznickou podporu a omezen\u00e9 mo\u017enosti kan\u00e1l\u016f. Najd\u011bte spolehliv\u00e9ho poskytovatele IPTV...","robots":{"index":"index","follow":"follow","max-snippet":"max-snippet:-1","max-image-preview":"max-image-preview:large","max-video-preview":"max-video-preview:-1"},"canonical":"https:\/\/iptvking.co\/cs\/spolehliva-iptv\/","og_locale":"cs_CZ","og_type":"article","og_title":"Spolehliv\u00e1 IPTV - Svensk IPTV","og_description":"N\u011bkte\u0159\u00ed poskytovatel\u00e9 nab\u00edzej\u00ed nespolehliv\u00e9 a nestabiln\u00ed slu\u017eby, \u0161patnou z\u00e1kaznickou podporu a omezen\u00e9 mo\u017enosti kan\u00e1l\u016f. Najd\u011bte spolehliv\u00e9ho poskytovatele IPTV...","og_url":"https:\/\/iptvking.co\/cs\/spolehliva-iptv\/","og_site_name":"Svensk IPTV","article_modified_time":"2025-12-08T11:29:50+00:00","og_image":[{"width":1477,"height":1217,"url":"https:\/\/iptvking.co\/wp-content\/uploads\/2023\/10\/Svensk-IPTV-background-3.png","type":"image\/png"}],"twitter_card":"summary_large_image","twitter_misc":{"Odhadovan\u00e1 doba \u010dten\u00ed":"3 minuty"},"schema":{"@context":"https:\/\/schema.org","@graph":[{"@type":"WebPage","@id":"https:\/\/iptvking.co\/cs\/spolehliva-iptv\/","url":"https:\/\/iptvking.co\/cs\/spolehliva-iptv\/","name":"Spolehliv\u00e1 IPTV - Svensk IPTV","isPartOf":{"@id":"https:\/\/iptvking.co\/cs\/#website"},"primaryImageOfPage":{"@id":"https:\/\/iptvking.co\/cs\/spolehliva-iptv\/#primaryimage"},"image":{"@id":"https:\/\/iptvking.co\/cs\/spolehliva-iptv\/#primaryimage"},"thumbnailUrl":"https:\/\/iptvking.co\/wp-content\/uploads\/2023\/10\/Svensk-IPTV-background-3.png","datePublished":"2023-05-08T15:20:00+00:00","dateModified":"2025-12-08T11:29:50+00:00","description":"N\u011bkte\u0159\u00ed poskytovatel\u00e9 nab\u00edzej\u00ed nespolehliv\u00e9 a nestabiln\u00ed slu\u017eby, \u0161patnou z\u00e1kaznickou podporu a omezen\u00e9 mo\u017enosti kan\u00e1l\u016f. Najd\u011bte spolehliv\u00e9ho poskytovatele IPTV...","breadcrumb":{"@id":"https:\/\/iptvking.co\/cs\/spolehliva-iptv\/#breadcrumb"},"inLanguage":"cs","potentialAction":[{"@type":"ReadAction","target":["https:\/\/iptvking.co\/cs\/spolehliva-iptv\/"]}]},{"@type":"ImageObject","inLanguage":"cs","@id":"https:\/\/iptvking.co\/cs\/spolehliva-iptv\/#primaryimage","url":"https:\/\/iptvking.co\/wp-content\/uploads\/2023\/10\/Svensk-IPTV-background-3.png","contentUrl":"https:\/\/iptvking.co\/wp-content\/uploads\/2023\/10\/Svensk-IPTV-background-3.png","width":1477,"height":1217,"caption":"IPTV Ceska"},{"@type":"BreadcrumbList","@id":"https:\/\/iptvking.co\/cs\/spolehliva-iptv\/#breadcrumb","itemListElement":[{"@type":"ListItem","position":1,"name":"Home","item":"https:\/\/iptvking.co\/cs\/"},{"@type":"ListItem","position":2,"name":"Spolehliv\u00e1 IPTV"}]},{"@type":"WebSite","@id":"https:\/\/iptvking.co\/cs\/#website","url":"https:\/\/iptvking.co\/cs\/","name":"IPTV King","description":"B\u00e4st p\u00e5 Svensk IPTV!","alternateName":"The King of IPTV!","potentialAction":[{"@type":"SearchAction","target":{"@type":"EntryPoint","urlTemplate":"https:\/\/iptvking.co\/cs\/?s={search_term_string}"},"query-input":{"@type":"PropertyValueSpecification","valueRequired":true,"valueName":"search_term_string"}}],"inLanguage":"cs"}]}},"_links":{"self":[{"href":"https:\/\/iptvking.co\/cs\/wp-json\/wp\/v2\/pages\/38783","targetHints":{"allow":["GET"]}}],"collection":[{"href":"https:\/\/iptvking.co\/cs\/wp-json\/wp\/v2\/pages"}],"about":[{"href":"https:\/\/iptvking.co\/cs\/wp-json\/wp\/v2\/types\/page"}],"author":[{"embeddable":true,"href":"https:\/\/iptvking.co\/cs\/wp-json\/wp\/v2\/users\/3"}],"replies":[{"embeddable":true,"href":"https:\/\/iptvking.co\/cs\/wp-json\/wp\/v2\/comments?post=38783"}],"version-history":[{"count":1,"href":"https:\/\/iptvking.co\/cs\/wp-json\/wp\/v2\/pages\/38783\/revisions"}],"predecessor-version":[{"id":38790,"href":"https:\/\/iptvking.co\/cs\/wp-json\/wp\/v2\/pages\/38783\/revisions\/38790"}],"wp:featuredmedia":[{"embeddable":true,"href":"https:\/\/iptvking.co\/cs\/wp-json\/wp\/v2\/media\/38786"}],"wp:attachment":[{"href":"https:\/\/iptvking.co\/cs\/wp-json\/wp\/v2\/media?parent=38783"}],"curies":[{"name":"wp","href":"https:\/\/api.w.org\/{rel}","templated":true}]}}