{"id":46854,"date":"2025-11-12T10:03:48","date_gmt":"2025-11-12T09:03:48","guid":{"rendered":"https:\/\/iptvking.co\/iptv-uredjaji\/"},"modified":"2025-12-08T15:21:37","modified_gmt":"2025-12-08T14:21:37","slug":"iptv-uredjaji","status":"publish","type":"page","link":"https:\/\/iptvking.co\/bs\/iptv-uredjaji\/","title":{"rendered":"IPTV ure\u0111aji"},"content":{"rendered":"\t\t<div data-elementor-type=\"wp-page\" data-elementor-id=\"46854\" class=\"elementor elementor-46854 elementor-36712\" data-elementor-post-type=\"page\">\n\t\t\t\t<div class=\"elementor-element elementor-element-5f7e81e e-flex e-con-boxed e-con e-parent\" data-id=\"5f7e81e\" data-element_type=\"container\" data-e-type=\"container\">\n\t\t\t\t\t<div class=\"e-con-inner\">\n\t\t<div class=\"elementor-element elementor-element-3677dd3 e-con-full e-flex e-con e-child\" data-id=\"3677dd3\" data-element_type=\"container\" data-e-type=\"container\" data-settings=\"{&quot;background_background&quot;:&quot;classic&quot;}\">\n\t\t<div class=\"elementor-element elementor-element-94220df e-con-full e-flex e-con e-child\" data-id=\"94220df\" data-element_type=\"container\" data-e-type=\"container\">\n\t\t<div class=\"elementor-element elementor-element-bed0aa3 e-con-full e-flex e-con e-child\" data-id=\"bed0aa3\" data-element_type=\"container\" data-e-type=\"container\">\n\t\t\t\t<div class=\"elementor-element elementor-element-d19f4dc elementor-widget elementor-widget-heading\" data-id=\"d19f4dc\" data-element_type=\"widget\" data-e-type=\"widget\" data-widget_type=\"heading.default\">\n\t\t\t\t<div class=\"elementor-widget-container\">\n\t\t\t\t\t<h2 class=\"elementor-heading-title elementor-size-default\">IPTV ure\u0111aji<\/h2>\t\t\t\t<\/div>\n\t\t\t\t<\/div>\n\t\t\t\t<div class=\"elementor-element elementor-element-5b228d4 elementor-widget elementor-widget-text-editor\" data-id=\"5b228d4\" data-element_type=\"widget\" data-e-type=\"widget\" data-widget_type=\"text-editor.default\">\n\t\t\t\t<div class=\"elementor-widget-container\">\n\t\t\t\t\t\t\t\t\tPremium ure\u0111aji za najbolje i najstabilnije IPTV iskustvo\t\t\t\t\t\t\t\t<\/div>\n\t\t\t\t<\/div>\n\t\t\t\t<\/div>\n\t\t\t\t<\/div>\n\t\t<div class=\"elementor-element elementor-element-0233729 e-con-full e-flex e-con e-child\" data-id=\"0233729\" data-element_type=\"container\" data-e-type=\"container\">\n\t\t<div class=\"elementor-element elementor-element-d8e3240 e-con-full e-flex e-con e-child\" data-id=\"d8e3240\" data-element_type=\"container\" data-e-type=\"container\">\n\t\t\t\t<div class=\"elementor-element elementor-element-81f86a8 elementor-widget elementor-widget-text-editor\" data-id=\"81f86a8\" data-element_type=\"widget\" data-e-type=\"widget\" data-widget_type=\"text-editor.default\">\n\t\t\t\t<div class=\"elementor-widget-container\">\n\t\t\t\t\t\t\t\t\tIPTV ure\u0111aji\t\t\t\t\t\t\t\t<\/div>\n\t\t\t\t<\/div>\n\t\t\t\t<div class=\"elementor-element elementor-element-0b38aa1 elementor-widget elementor-widget-shortcode\" data-id=\"0b38aa1\" data-element_type=\"widget\" data-e-type=\"widget\" data-widget_type=\"shortcode.default\">\n\t\t\t\t<div class=\"elementor-widget-container\">\n\t\t\t\t\t\t\t<div class=\"elementor-shortcode\"><div class=\"shtonmoy-box-products-empty\">Inga box-produkter hittades<\/div><\/div>\n\t\t\t\t\t\t<\/div>\n\t\t\t\t<\/div>\n\t\t\t\t<\/div>\n\t\t\t\t<\/div>\n\t\t\t\t<\/div>\n\t\t\t\t\t<\/div>\n\t\t\t\t<\/div>\n\t\t\t\t<\/div>\n\t\t","protected":false},"excerpt":{"rendered":"<p>IPTV ure\u0111aji Premium ure\u0111aji za najbolje i najstabilnije IPTV iskustvoIPTV ure\u0111aji<\/p>\n","protected":false},"author":142,"featured_media":0,"parent":0,"menu_order":0,"comment_status":"closed","ping_status":"closed","template":"elementor_header_footer","meta":{"footnotes":""},"class_list":["post-46854","page","type-page","status-publish","hentry"],"acf":[],"yoast_head":"<!-- This site is optimized with the Yoast SEO plugin v26.9 - https:\/\/yoast.com\/product\/yoast-seo-wordpress\/ -->\n<title>IPTV ure\u0111aji - Svensk IPTV<\/title>\n<meta name=\"robots\" content=\"index, follow, max-snippet:-1, max-image-preview:large, max-video-preview:-1\" \/>\n<link rel=\"canonical\" href=\"https:\/\/iptvking.co\/bs\/iptv-uredjaji\/\" \/>\n<meta property=\"og:locale\" content=\"bs_BA\" \/>\n<meta property=\"og:type\" content=\"article\" \/>\n<meta property=\"og:title\" content=\"IPTV ure\u0111aji - Svensk IPTV\" \/>\n<meta property=\"og:description\" content=\"IPTV ure\u0111aji Premium ure\u0111aji za najbolje i najstabilnije IPTV iskustvoIPTV ure\u0111aji\" \/>\n<meta property=\"og:url\" content=\"https:\/\/iptvking.co\/bs\/iptv-uredjaji\/\" \/>\n<meta property=\"og:site_name\" content=\"Svensk IPTV\" \/>\n<meta property=\"article:modified_time\" content=\"2025-12-08T14:21:37+00:00\" \/>\n<meta name=\"twitter:card\" content=\"summary_large_image\" \/>\n<script type=\"application\/ld+json\" class=\"yoast-schema-graph\">{\"@context\":\"https:\/\/schema.org\",\"@graph\":[{\"@type\":\"WebPage\",\"@id\":\"https:\/\/iptvking.co\/bs\/iptv-uredjaji\/\",\"url\":\"https:\/\/iptvking.co\/bs\/iptv-uredjaji\/\",\"name\":\"IPTV ure\u0111aji - Svensk IPTV\",\"isPartOf\":{\"@id\":\"https:\/\/iptvking.co\/bs\/#website\"},\"datePublished\":\"2025-11-12T09:03:48+00:00\",\"dateModified\":\"2025-12-08T14:21:37+00:00\",\"breadcrumb\":{\"@id\":\"https:\/\/iptvking.co\/bs\/iptv-uredjaji\/#breadcrumb\"},\"inLanguage\":\"bs-BA\",\"potentialAction\":[{\"@type\":\"ReadAction\",\"target\":[\"https:\/\/iptvking.co\/bs\/iptv-uredjaji\/\"]}]},{\"@type\":\"BreadcrumbList\",\"@id\":\"https:\/\/iptvking.co\/bs\/iptv-uredjaji\/#breadcrumb\",\"itemListElement\":[{\"@type\":\"ListItem\",\"position\":1,\"name\":\"Home\",\"item\":\"https:\/\/iptvking.co\/bs\/\"},{\"@type\":\"ListItem\",\"position\":2,\"name\":\"IPTV ure\u0111aji\"}]},{\"@type\":\"WebSite\",\"@id\":\"https:\/\/iptvking.co\/bs\/#website\",\"url\":\"https:\/\/iptvking.co\/bs\/\",\"name\":\"IPTV King\",\"description\":\"B\u00e4st p\u00e5 Svensk IPTV!\",\"alternateName\":\"The King of IPTV!\",\"potentialAction\":[{\"@type\":\"SearchAction\",\"target\":{\"@type\":\"EntryPoint\",\"urlTemplate\":\"https:\/\/iptvking.co\/bs\/?s={search_term_string}\"},\"query-input\":{\"@type\":\"PropertyValueSpecification\",\"valueRequired\":true,\"valueName\":\"search_term_string\"}}],\"inLanguage\":\"bs-BA\"}]}<\/script>\n<!-- \/ Yoast SEO plugin. -->","yoast_head_json":{"title":"IPTV ure\u0111aji - Svensk IPTV","robots":{"index":"index","follow":"follow","max-snippet":"max-snippet:-1","max-image-preview":"max-image-preview:large","max-video-preview":"max-video-preview:-1"},"canonical":"https:\/\/iptvking.co\/bs\/iptv-uredjaji\/","og_locale":"bs_BA","og_type":"article","og_title":"IPTV ure\u0111aji - Svensk IPTV","og_description":"IPTV ure\u0111aji Premium ure\u0111aji za najbolje i najstabilnije IPTV iskustvoIPTV ure\u0111aji","og_url":"https:\/\/iptvking.co\/bs\/iptv-uredjaji\/","og_site_name":"Svensk IPTV","article_modified_time":"2025-12-08T14:21:37+00:00","twitter_card":"summary_large_image","schema":{"@context":"https:\/\/schema.org","@graph":[{"@type":"WebPage","@id":"https:\/\/iptvking.co\/bs\/iptv-uredjaji\/","url":"https:\/\/iptvking.co\/bs\/iptv-uredjaji\/","name":"IPTV ure\u0111aji - Svensk IPTV","isPartOf":{"@id":"https:\/\/iptvking.co\/bs\/#website"},"datePublished":"2025-11-12T09:03:48+00:00","dateModified":"2025-12-08T14:21:37+00:00","breadcrumb":{"@id":"https:\/\/iptvking.co\/bs\/iptv-uredjaji\/#breadcrumb"},"inLanguage":"bs-BA","potentialAction":[{"@type":"ReadAction","target":["https:\/\/iptvking.co\/bs\/iptv-uredjaji\/"]}]},{"@type":"BreadcrumbList","@id":"https:\/\/iptvking.co\/bs\/iptv-uredjaji\/#breadcrumb","itemListElement":[{"@type":"ListItem","position":1,"name":"Home","item":"https:\/\/iptvking.co\/bs\/"},{"@type":"ListItem","position":2,"name":"IPTV ure\u0111aji"}]},{"@type":"WebSite","@id":"https:\/\/iptvking.co\/bs\/#website","url":"https:\/\/iptvking.co\/bs\/","name":"IPTV King","description":"B\u00e4st p\u00e5 Svensk IPTV!","alternateName":"The King of IPTV!","potentialAction":[{"@type":"SearchAction","target":{"@type":"EntryPoint","urlTemplate":"https:\/\/iptvking.co\/bs\/?s={search_term_string}"},"query-input":{"@type":"PropertyValueSpecification","valueRequired":true,"valueName":"search_term_string"}}],"inLanguage":"bs-BA"}]}},"_links":{"self":[{"href":"https:\/\/iptvking.co\/bs\/wp-json\/wp\/v2\/pages\/46854","targetHints":{"allow":["GET"]}}],"collection":[{"href":"https:\/\/iptvking.co\/bs\/wp-json\/wp\/v2\/pages"}],"about":[{"href":"https:\/\/iptvking.co\/bs\/wp-json\/wp\/v2\/types\/page"}],"author":[{"embeddable":true,"href":"https:\/\/iptvking.co\/bs\/wp-json\/wp\/v2\/users\/142"}],"replies":[{"embeddable":true,"href":"https:\/\/iptvking.co\/bs\/wp-json\/wp\/v2\/comments?post=46854"}],"version-history":[{"count":1,"href":"https:\/\/iptvking.co\/bs\/wp-json\/wp\/v2\/pages\/46854\/revisions"}],"predecessor-version":[{"id":46856,"href":"https:\/\/iptvking.co\/bs\/wp-json\/wp\/v2\/pages\/46854\/revisions\/46856"}],"wp:attachment":[{"href":"https:\/\/iptvking.co\/bs\/wp-json\/wp\/v2\/media?parent=46854"}],"curies":[{"name":"wp","href":"https:\/\/api.w.org\/{rel}","templated":true}]}}