{"id":40102,"date":"2023-05-08T17:20:00","date_gmt":"2023-05-08T15:20:00","guid":{"rendered":"https:\/\/iptvking.co\/pouzdana-iptv\/"},"modified":"2025-12-08T12:57:41","modified_gmt":"2025-12-08T11:57:41","slug":"pouzdana-iptv","status":"publish","type":"page","link":"https:\/\/iptvking.co\/bs\/pouzdana-iptv\/","title":{"rendered":"Pouzdana IPTV"},"content":{"rendered":"\t\t<div data-elementor-type=\"wp-page\" data-elementor-id=\"40102\" class=\"elementor elementor-40102 elementor-12485\" data-elementor-post-type=\"page\">\n\t\t\t\t\t\t<section class=\"elementor-section elementor-top-section elementor-element elementor-element-f844598 elementor-section-boxed elementor-section-height-default elementor-section-height-default\" data-id=\"f844598\" data-element_type=\"section\" data-e-type=\"section\">\n\t\t\t\t\t\t<div class=\"elementor-container elementor-column-gap-default\">\n\t\t\t\t\t<div class=\"elementor-column elementor-col-100 elementor-top-column elementor-element elementor-element-1f0b1a1\" data-id=\"1f0b1a1\" data-element_type=\"column\" data-e-type=\"column\">\n\t\t\t<div class=\"elementor-widget-wrap elementor-element-populated\">\n\t\t\t\t\t\t<div class=\"elementor-element elementor-element-43396b2 elementor-widget elementor-widget-heading\" data-id=\"43396b2\" data-element_type=\"widget\" data-e-type=\"widget\" data-widget_type=\"heading.default\">\n\t\t\t\t<div class=\"elementor-widget-container\">\n\t\t\t\t\t<h2 class=\"elementor-heading-title elementor-size-default\">Pouzdani IPTV pru\u017eatelj<\/h2>\t\t\t\t<\/div>\n\t\t\t\t<\/div>\n\t\t\t\t<div class=\"elementor-element elementor-element-54c0e24 elementor-widget elementor-widget-text-editor\" data-id=\"54c0e24\" data-element_type=\"widget\" data-e-type=\"widget\" data-widget_type=\"text-editor.default\">\n\t\t\t\t<div class=\"elementor-widget-container\">\n\t\t\t\t\t\t\t\t\t<h2><strong>Pouzdane IPTV usluge: Kako prona\u0107i najboljeg pru\u017eatelja<\/strong><\/h2><p>IPTV, ili Internet Protocol Television, popularan je na\u010din za strimovanje kanala u\u017eivo i video-on-demand sadr\u017eaja putem interneta. Me\u0111utim, nisu sve IPTV usluge iste. Na\u017ealost, neki pru\u017eatelji nude nepouzdane i nestabilne usluge, lo\u0161u korisni\u010dku podr\u0161ku i ograni\u010dene opcije kanala. Ako tra\u017eite pouzdanog <a href=\"https:\/\/iptvking.co\/bs\/?page_id=23636\">IPTV<\/a> pru\u017eatelja, ovi savjeti \u0107e vam pomo\u0107i da prona\u0111ete <a href=\"https:\/\/iptvking.co\/bs\/?page_id=23636\">najboljeg IPTV pru\u017eatelja<\/a>.   <\/p><p>Imajte na umu ovo:<\/p><ul><li>Provjerite listu kanala.<\/li><li>Provjerite kvalitet kanala, na primjer, putem besplatnog testa.<\/li><li>Testirajte podr\u0161ku.<\/li><li>Cijena nije najva\u017enija!<\/li><\/ul><h3><strong>Klju\u010dno za pouzdanog IPTV pru\u017eatelja<\/strong><\/h3><p>Pouzdane IPTV usluge trebaju nuditi visokokvalitetno strimovanje s minimalnim baferovanjem i prekidima. Tra\u017eite pru\u017eatelje koji nude besplatan test kako biste mogli provjeriti uslugu prije pla\u0107anja. Test ne mora biti dug, va\u017eno je da mo\u017eete vidjeti ponudu na nekom u\u017eivo kanalu\/prijenosu. Namjenski serveri i napredna tehnologija strimovanja tako\u0111er su va\u017eni za osiguranje glatkog iskustva gledanja.    <a href=\"https:\/\/iptvking.co\/bs\/\">Svensk IPTV<\/a> je jedan od rijetkih koji to ima.<\/p>\t\t\t\t\t\t\t\t<\/div>\n\t\t\t\t<\/div>\n\t\t\t\t<div class=\"elementor-element elementor-element-7593d57 elementor-widget elementor-widget-text-editor\" data-id=\"7593d57\" data-element_type=\"widget\" data-e-type=\"widget\" data-widget_type=\"text-editor.default\">\n\t\t\t\t<div class=\"elementor-widget-container\">\n\t\t\t\t\t\t\t\t\t<h4><strong>Testirajte podr\u0161ku<\/strong><\/h4><p>Ako imate pitanja ili nai\u0111ete na probleme s va\u0161om IPTV uslugom, va\u017eno je imati dobru korisni\u010dku podr\u0161ku koja \u0107e vam pomo\u0107i. Tra\u017eite pru\u017eatelje koji nude brzu i dobru podr\u0161ku, korisni\u010dka podr\u0161ka koja je dostupna 24\/7 je privla\u010dna, ali u ovom slu\u010daju nije relevantna jer ta vrsta podr\u0161ke \u010desto nije dobra ili \u010dak ne odgovara reklamiranim radnim vremenima. FAQ je va\u017ean, ali vi\u0161e na\u010dina kontakta je jo\u0161 va\u017enije. Pru\u017eatelj ne mora imati deset razli\u010ditih na\u010dina za kontakt, ali treba postojati stranica za podr\u0161ku i email adresa.   <\/p><h4><strong>Cijena nije najva\u017enija<\/strong><\/h4><p>Na kraju, PRESTANITE pridavati previ\u0161e va\u017enosti cijenama razli\u010ditih IPTV pru\u017eatelja. Postoje pru\u017eatelji koji nude IPTV za 15 EUR godi\u0161nje, a postoje i drugi koji nude uslugu za 200 EUR godi\u0161nje. Normalna cijena za IPTV je oko 60 EUR godi\u0161nje s podr\u0161kom uklju\u010denom u cijenu. Sve \u0161to je 10-20 EUR jeftinije od toga dolazi, na\u017ealost, s primjetnom razlikom u kvaliteti.   <\/p><p>Neki pru\u017eatelji nude mjese\u010dne ili godi\u0161nje pretplate, dok drugi nude pay-per-view opcije ili pakete ponuda.<\/p><p>Nudimo sve kanale, filmove, serije, dokumentarce i <span style=\"text-decoration: underline;\">SVE PPV doga\u0111aje!<\/span><\/p><p>Prate\u0107i ove savjete, mo\u017eete prona\u0107i pouzdanu IPTV uslugu koja zadovoljava va\u0161e potrebe i pru\u017ea visokokvalitetno strimovanje na siguran i stabilan na\u010din.<\/p>\t\t\t\t\t\t\t\t<\/div>\n\t\t\t\t<\/div>\n\t\t\t\t<div class=\"elementor-element elementor-element-9543050 elementor-align-center elementor-widget elementor-widget-button\" data-id=\"9543050\" data-element_type=\"widget\" data-e-type=\"widget\" data-widget_type=\"button.default\">\n\t\t\t\t<div class=\"elementor-widget-container\">\n\t\t\t\t\t\t\t\t\t<div class=\"elementor-button-wrapper\">\n\t\t\t\t\t<a class=\"elementor-button elementor-button-link elementor-size-sm\" href=\"https:\/\/iptvking.co\/bs\/prodavnica\/\">\n\t\t\t\t\t\t<span class=\"elementor-button-content-wrapper\">\n\t\t\t\t\t\t\t\t\t<span class=\"elementor-button-text\">Isprobajte IPTV besplatno<\/span>\n\t\t\t\t\t<\/span>\n\t\t\t\t\t<\/a>\n\t\t\t\t<\/div>\n\t\t\t\t\t\t\t\t<\/div>\n\t\t\t\t<\/div>\n\t\t\t\t\t<\/div>\n\t\t<\/div>\n\t\t\t\t\t<\/div>\n\t\t<\/section>\n\t\t\t\t<\/div>\n\t\t","protected":false},"excerpt":{"rendered":"<p>Pouzdani IPTV pru\u017eatelj Pouzdane IPTV usluge: Kako prona\u0107i najboljeg pru\u017eatelja IPTV, ili Internet Protocol Television, popularan je na\u010din za strimovanje kanala u\u017eivo i video-on-demand sadr\u017eaja putem interneta. Me\u0111utim, nisu sve IPTV usluge iste. Na\u017ealost, neki pru\u017eatelji nude nepouzdane i nestabilne usluge, lo\u0161u korisni\u010dku podr\u0161ku i ograni\u010dene opcije kanala. Ako tra\u017eite pouzdanog IPTV pru\u017eatelja, ovi savjeti [&hellip;]<\/p>\n","protected":false},"author":3,"featured_media":40104,"parent":0,"menu_order":0,"comment_status":"closed","ping_status":"closed","template":"elementor_header_footer","meta":{"footnotes":""},"class_list":["post-40102","page","type-page","status-publish","has-post-thumbnail","hentry"],"acf":[],"yoast_head":"<!-- This site is optimized with the Yoast SEO plugin v26.9 - https:\/\/yoast.com\/product\/yoast-seo-wordpress\/ -->\n<title>Pouzdana IPTV - Svensk IPTV<\/title>\n<meta name=\"description\" content=\"Neki pru\u017eatelji nude nepouzdane i nestabilne usluge, lo\u0161u korisni\u010dku podr\u0161ku i ograni\u010dene opcije kanala. Prona\u0111ite pouzdanog IPTV pru\u017eatelja...\" \/>\n<meta name=\"robots\" content=\"index, follow, max-snippet:-1, max-image-preview:large, max-video-preview:-1\" \/>\n<link rel=\"canonical\" href=\"https:\/\/iptvking.co\/bs\/pouzdana-iptv\/\" \/>\n<meta property=\"og:locale\" content=\"bs_BA\" \/>\n<meta property=\"og:type\" content=\"article\" \/>\n<meta property=\"og:title\" content=\"Pouzdana IPTV - Svensk IPTV\" \/>\n<meta property=\"og:description\" content=\"Neki pru\u017eatelji nude nepouzdane i nestabilne usluge, lo\u0161u korisni\u010dku podr\u0161ku i ograni\u010dene opcije kanala. Prona\u0111ite pouzdanog IPTV pru\u017eatelja...\" \/>\n<meta property=\"og:url\" content=\"https:\/\/iptvking.co\/bs\/pouzdana-iptv\/\" \/>\n<meta property=\"og:site_name\" content=\"Svensk IPTV\" \/>\n<meta property=\"article:modified_time\" content=\"2025-12-08T11:57:41+00:00\" \/>\n<meta property=\"og:image\" content=\"https:\/\/iptvking.co\/wp-content\/uploads\/2023\/10\/Svensk-IPTV-background-3.png\" \/>\n\t<meta property=\"og:image:width\" content=\"1477\" \/>\n\t<meta property=\"og:image:height\" content=\"1217\" \/>\n\t<meta property=\"og:image:type\" content=\"image\/png\" \/>\n<meta name=\"twitter:card\" content=\"summary_large_image\" \/>\n<meta name=\"twitter:label1\" content=\"Est. reading time\" \/>\n\t<meta name=\"twitter:data1\" content=\"2 minute\" \/>\n<script type=\"application\/ld+json\" class=\"yoast-schema-graph\">{\"@context\":\"https:\/\/schema.org\",\"@graph\":[{\"@type\":\"WebPage\",\"@id\":\"https:\/\/iptvking.co\/bs\/pouzdana-iptv\/\",\"url\":\"https:\/\/iptvking.co\/bs\/pouzdana-iptv\/\",\"name\":\"Pouzdana IPTV - Svensk IPTV\",\"isPartOf\":{\"@id\":\"https:\/\/iptvking.co\/bs\/#website\"},\"primaryImageOfPage\":{\"@id\":\"https:\/\/iptvking.co\/bs\/pouzdana-iptv\/#primaryimage\"},\"image\":{\"@id\":\"https:\/\/iptvking.co\/bs\/pouzdana-iptv\/#primaryimage\"},\"thumbnailUrl\":\"https:\/\/iptvking.co\/wp-content\/uploads\/2023\/10\/Svensk-IPTV-background-3.png\",\"datePublished\":\"2023-05-08T15:20:00+00:00\",\"dateModified\":\"2025-12-08T11:57:41+00:00\",\"description\":\"Neki pru\u017eatelji nude nepouzdane i nestabilne usluge, lo\u0161u korisni\u010dku podr\u0161ku i ograni\u010dene opcije kanala. Prona\u0111ite pouzdanog IPTV pru\u017eatelja...\",\"breadcrumb\":{\"@id\":\"https:\/\/iptvking.co\/bs\/pouzdana-iptv\/#breadcrumb\"},\"inLanguage\":\"bs-BA\",\"potentialAction\":[{\"@type\":\"ReadAction\",\"target\":[\"https:\/\/iptvking.co\/bs\/pouzdana-iptv\/\"]}]},{\"@type\":\"ImageObject\",\"inLanguage\":\"bs-BA\",\"@id\":\"https:\/\/iptvking.co\/bs\/pouzdana-iptv\/#primaryimage\",\"url\":\"https:\/\/iptvking.co\/wp-content\/uploads\/2023\/10\/Svensk-IPTV-background-3.png\",\"contentUrl\":\"https:\/\/iptvking.co\/wp-content\/uploads\/2023\/10\/Svensk-IPTV-background-3.png\",\"width\":1477,\"height\":1217,\"caption\":\"IPTV Bosna\"},{\"@type\":\"BreadcrumbList\",\"@id\":\"https:\/\/iptvking.co\/bs\/pouzdana-iptv\/#breadcrumb\",\"itemListElement\":[{\"@type\":\"ListItem\",\"position\":1,\"name\":\"Home\",\"item\":\"https:\/\/iptvking.co\/bs\/\"},{\"@type\":\"ListItem\",\"position\":2,\"name\":\"Pouzdana IPTV\"}]},{\"@type\":\"WebSite\",\"@id\":\"https:\/\/iptvking.co\/bs\/#website\",\"url\":\"https:\/\/iptvking.co\/bs\/\",\"name\":\"IPTV King\",\"description\":\"B\u00e4st p\u00e5 Svensk IPTV!\",\"alternateName\":\"The King of IPTV!\",\"potentialAction\":[{\"@type\":\"SearchAction\",\"target\":{\"@type\":\"EntryPoint\",\"urlTemplate\":\"https:\/\/iptvking.co\/bs\/?s={search_term_string}\"},\"query-input\":{\"@type\":\"PropertyValueSpecification\",\"valueRequired\":true,\"valueName\":\"search_term_string\"}}],\"inLanguage\":\"bs-BA\"}]}<\/script>\n<!-- \/ Yoast SEO plugin. -->","yoast_head_json":{"title":"Pouzdana IPTV - Svensk IPTV","description":"Neki pru\u017eatelji nude nepouzdane i nestabilne usluge, lo\u0161u korisni\u010dku podr\u0161ku i ograni\u010dene opcije kanala. Prona\u0111ite pouzdanog IPTV pru\u017eatelja...","robots":{"index":"index","follow":"follow","max-snippet":"max-snippet:-1","max-image-preview":"max-image-preview:large","max-video-preview":"max-video-preview:-1"},"canonical":"https:\/\/iptvking.co\/bs\/pouzdana-iptv\/","og_locale":"bs_BA","og_type":"article","og_title":"Pouzdana IPTV - Svensk IPTV","og_description":"Neki pru\u017eatelji nude nepouzdane i nestabilne usluge, lo\u0161u korisni\u010dku podr\u0161ku i ograni\u010dene opcije kanala. Prona\u0111ite pouzdanog IPTV pru\u017eatelja...","og_url":"https:\/\/iptvking.co\/bs\/pouzdana-iptv\/","og_site_name":"Svensk IPTV","article_modified_time":"2025-12-08T11:57:41+00:00","og_image":[{"width":1477,"height":1217,"url":"https:\/\/iptvking.co\/wp-content\/uploads\/2023\/10\/Svensk-IPTV-background-3.png","type":"image\/png"}],"twitter_card":"summary_large_image","twitter_misc":{"Est. reading time":"2 minute"},"schema":{"@context":"https:\/\/schema.org","@graph":[{"@type":"WebPage","@id":"https:\/\/iptvking.co\/bs\/pouzdana-iptv\/","url":"https:\/\/iptvking.co\/bs\/pouzdana-iptv\/","name":"Pouzdana IPTV - Svensk IPTV","isPartOf":{"@id":"https:\/\/iptvking.co\/bs\/#website"},"primaryImageOfPage":{"@id":"https:\/\/iptvking.co\/bs\/pouzdana-iptv\/#primaryimage"},"image":{"@id":"https:\/\/iptvking.co\/bs\/pouzdana-iptv\/#primaryimage"},"thumbnailUrl":"https:\/\/iptvking.co\/wp-content\/uploads\/2023\/10\/Svensk-IPTV-background-3.png","datePublished":"2023-05-08T15:20:00+00:00","dateModified":"2025-12-08T11:57:41+00:00","description":"Neki pru\u017eatelji nude nepouzdane i nestabilne usluge, lo\u0161u korisni\u010dku podr\u0161ku i ograni\u010dene opcije kanala. Prona\u0111ite pouzdanog IPTV pru\u017eatelja...","breadcrumb":{"@id":"https:\/\/iptvking.co\/bs\/pouzdana-iptv\/#breadcrumb"},"inLanguage":"bs-BA","potentialAction":[{"@type":"ReadAction","target":["https:\/\/iptvking.co\/bs\/pouzdana-iptv\/"]}]},{"@type":"ImageObject","inLanguage":"bs-BA","@id":"https:\/\/iptvking.co\/bs\/pouzdana-iptv\/#primaryimage","url":"https:\/\/iptvking.co\/wp-content\/uploads\/2023\/10\/Svensk-IPTV-background-3.png","contentUrl":"https:\/\/iptvking.co\/wp-content\/uploads\/2023\/10\/Svensk-IPTV-background-3.png","width":1477,"height":1217,"caption":"IPTV Bosna"},{"@type":"BreadcrumbList","@id":"https:\/\/iptvking.co\/bs\/pouzdana-iptv\/#breadcrumb","itemListElement":[{"@type":"ListItem","position":1,"name":"Home","item":"https:\/\/iptvking.co\/bs\/"},{"@type":"ListItem","position":2,"name":"Pouzdana IPTV"}]},{"@type":"WebSite","@id":"https:\/\/iptvking.co\/bs\/#website","url":"https:\/\/iptvking.co\/bs\/","name":"IPTV King","description":"B\u00e4st p\u00e5 Svensk IPTV!","alternateName":"The King of IPTV!","potentialAction":[{"@type":"SearchAction","target":{"@type":"EntryPoint","urlTemplate":"https:\/\/iptvking.co\/bs\/?s={search_term_string}"},"query-input":{"@type":"PropertyValueSpecification","valueRequired":true,"valueName":"search_term_string"}}],"inLanguage":"bs-BA"}]}},"_links":{"self":[{"href":"https:\/\/iptvking.co\/bs\/wp-json\/wp\/v2\/pages\/40102","targetHints":{"allow":["GET"]}}],"collection":[{"href":"https:\/\/iptvking.co\/bs\/wp-json\/wp\/v2\/pages"}],"about":[{"href":"https:\/\/iptvking.co\/bs\/wp-json\/wp\/v2\/types\/page"}],"author":[{"embeddable":true,"href":"https:\/\/iptvking.co\/bs\/wp-json\/wp\/v2\/users\/3"}],"replies":[{"embeddable":true,"href":"https:\/\/iptvking.co\/bs\/wp-json\/wp\/v2\/comments?post=40102"}],"version-history":[{"count":1,"href":"https:\/\/iptvking.co\/bs\/wp-json\/wp\/v2\/pages\/40102\/revisions"}],"predecessor-version":[{"id":40105,"href":"https:\/\/iptvking.co\/bs\/wp-json\/wp\/v2\/pages\/40102\/revisions\/40105"}],"wp:featuredmedia":[{"embeddable":true,"href":"https:\/\/iptvking.co\/bs\/wp-json\/wp\/v2\/media\/40104"}],"wp:attachment":[{"href":"https:\/\/iptvking.co\/bs\/wp-json\/wp\/v2\/media?parent=40102"}],"curies":[{"name":"wp","href":"https:\/\/api.w.org\/{rel}","templated":true}]}}