{"id":38312,"date":"2024-07-05T12:19:49","date_gmt":"2024-07-05T10:19:49","guid":{"rendered":"https:\/\/iptvking.co\/zasto-iptv-kaska\/"},"modified":"2025-12-08T11:08:30","modified_gmt":"2025-12-08T10:08:30","slug":"zasto-iptv-kaska","status":"publish","type":"page","link":"https:\/\/iptvking.co\/bs\/zasto-iptv-kaska\/","title":{"rendered":"Za\u0161to IPTV kaska?"},"content":{"rendered":"\t\t<div data-elementor-type=\"wp-page\" data-elementor-id=\"38312\" class=\"elementor elementor-38312 elementor-12144\" data-elementor-post-type=\"page\">\n\t\t\t\t\t\t<section class=\"elementor-section elementor-top-section elementor-element elementor-element-1745973 elementor-section-boxed elementor-section-height-default elementor-section-height-default\" data-id=\"1745973\" data-element_type=\"section\" data-e-type=\"section\">\n\t\t\t\t\t\t<div class=\"elementor-container elementor-column-gap-default\">\n\t\t\t\t\t<div class=\"elementor-column elementor-col-100 elementor-top-column elementor-element elementor-element-8435144\" data-id=\"8435144\" data-element_type=\"column\" data-e-type=\"column\">\n\t\t\t<div class=\"elementor-widget-wrap elementor-element-populated\">\n\t\t\t\t\t\t<div class=\"elementor-element elementor-element-9c01f65 elementor-widget elementor-widget-heading\" data-id=\"9c01f65\" data-element_type=\"widget\" data-e-type=\"widget\" data-widget_type=\"heading.default\">\n\t\t\t\t<div class=\"elementor-widget-container\">\n\t\t\t\t\t<h1 class=\"elementor-heading-title elementor-size-default\">Za\u0161to IPTV kaska?<\/h1>\t\t\t\t<\/div>\n\t\t\t\t<\/div>\n\t\t\t\t\t<\/div>\n\t\t<\/div>\n\t\t\t\t\t<\/div>\n\t\t<\/section>\n\t\t\t\t<section class=\"elementor-section elementor-top-section elementor-element elementor-element-ee3dacc elementor-section-boxed elementor-section-height-default elementor-section-height-default\" data-id=\"ee3dacc\" data-element_type=\"section\" data-e-type=\"section\">\n\t\t\t\t\t\t<div class=\"elementor-container elementor-column-gap-default\">\n\t\t\t\t\t<div class=\"elementor-column elementor-col-100 elementor-top-column elementor-element elementor-element-17f927d\" data-id=\"17f927d\" data-element_type=\"column\" data-e-type=\"column\">\n\t\t\t<div class=\"elementor-widget-wrap elementor-element-populated\">\n\t\t\t\t\t\t<div class=\"elementor-element elementor-element-42d248e elementor-widget elementor-widget-text-editor\" data-id=\"42d248e\" data-element_type=\"widget\" data-e-type=\"widget\" data-widget_type=\"text-editor.default\">\n\t\t\t\t<div class=\"elementor-widget-container\">\n\t\t\t\t\t\t\t\t\t<p>Da razumije\u0161 za\u0161to IPTV kaska, trebamo razumjeti kako IPTV funkcioni\u0161e. Kada se povezuje\u0161 na svoju IPTV uslugu, streamuje\u0161 na\u0161 sadr\u017eaj. Drugim rije\u010dima, povezuje\u0161 se na na\u0161 server, gdje automatski sa svojim korisni\u010dkim imenom i lozinkom dobiva\u0161 pristup na\u0161oj ponudi.  <\/p><p>Tvoj IPTV kaska zbog sljede\u0107ih razloga:<\/p><ul><li>Lo\u0161a konekcija<\/li><li>Preoptere\u0107ena mre\u017ea u zgradi\/oblasti<\/li><li>Neispravna oprema<\/li><li>Problemi sa serverom<\/li><li>Problemi kompatibilnosti (rijetko)<\/li><li>Tvoj ISP (internet provajder) ograni\u010dava tvoju konekciju (stvara ka\u0161njenja specifi\u010dno prema IPTV serverima). Ovo rje\u0161ava\u0161 kori\u0161tenjem VPN-a. <\/li><\/ul><p>Kada si povezan, stvara se veza izme\u0111u tvog ure\u0111aja (na primjer Smart TV) i na\u0161eg servera. Ako ima\u0161 smetnje u svojoj mre\u017ei, ova veza se naru\u0161ava\/ometa. Kada se to dogodi, tvoj TV poku\u0161ava prikazati sadr\u017eaj koji jo\u0161 nije stigao da se streamuje\/u\u010dita na tvoj TV i tada vidi\u0161 pikselizaciju, zamrzavanje, prekidanje itd.  <\/p><p>Jednostavno obja\u0161njeno, to je kao da poku\u0161ava\u0161 razgovarati sa kolegom koji stoji nekoliko metara dalje, dok drugi govore glasnije, vuku te i poku\u0161avaju zakloniti vam pogled. Tada ti je te\u0161ko da vidi\u0161 i \u010duje\u0161 drugu osobu i njene informacije ne sti\u017eu ili djelomi\u010dno sti\u017eu. <\/p><p>Ovo je vrlo jednostavno obja\u0161njeno i nije 100% ta\u010dno u tehni\u010dkim terminima, ali mo\u017eda ti daje malo razumijevanja kako princip funkcioni\u0161e.<\/p>\t\t\t\t\t\t\t\t<\/div>\n\t\t\t\t<\/div>\n\t\t\t\t\t<\/div>\n\t\t<\/div>\n\t\t\t\t\t<\/div>\n\t\t<\/section>\n\t\t\t\t<section class=\"elementor-section elementor-top-section elementor-element elementor-element-c9b7ffa elementor-section-boxed elementor-section-height-default elementor-section-height-default\" data-id=\"c9b7ffa\" data-element_type=\"section\" data-e-type=\"section\">\n\t\t\t\t\t\t<div class=\"elementor-container elementor-column-gap-default\">\n\t\t\t\t\t<div class=\"elementor-column elementor-col-100 elementor-top-column elementor-element elementor-element-f36e353\" data-id=\"f36e353\" data-element_type=\"column\" data-e-type=\"column\">\n\t\t\t<div class=\"elementor-widget-wrap elementor-element-populated\">\n\t\t\t\t\t\t<div class=\"elementor-element elementor-element-976aee2 elementor-widget elementor-widget-heading\" data-id=\"976aee2\" data-element_type=\"widget\" data-e-type=\"widget\" data-widget_type=\"heading.default\">\n\t\t\t\t<div class=\"elementor-widget-container\">\n\t\t\t\t\t<h2 class=\"elementor-heading-title elementor-size-default\">\u0160ta da radim ako moj IPTV kaska?<\/h2>\t\t\t\t<\/div>\n\t\t\t\t<\/div>\n\t\t\t\t\t<\/div>\n\t\t<\/div>\n\t\t\t\t\t<\/div>\n\t\t<\/section>\n\t\t\t\t<section class=\"elementor-section elementor-top-section elementor-element elementor-element-30aaa5b elementor-section-boxed elementor-section-height-default elementor-section-height-default\" data-id=\"30aaa5b\" data-element_type=\"section\" data-e-type=\"section\">\n\t\t\t\t\t\t<div class=\"elementor-container elementor-column-gap-default\">\n\t\t\t\t\t<div class=\"elementor-column elementor-col-100 elementor-top-column elementor-element elementor-element-e853d4d\" data-id=\"e853d4d\" data-element_type=\"column\" data-e-type=\"column\">\n\t\t\t<div class=\"elementor-widget-wrap elementor-element-populated\">\n\t\t\t\t\t\t<div class=\"elementor-element elementor-element-8379ca8 elementor-widget elementor-widget-text-editor\" data-id=\"8379ca8\" data-element_type=\"widget\" data-e-type=\"widget\" data-widget_type=\"text-editor.default\">\n\t\t\t\t<div class=\"elementor-widget-container\">\n\t\t\t\t\t\t\t\t\t<p>Ako tvoj IPTV kaska, preporu\u010dujemo ovo sljede\u0107im redoslijedom:<\/p><ol><li>Restartuj svoj ure\u0111aj i router (kao i opti\u010dki pretvara\u010d ako ima\u0161 optiku) tako \u0161to \u0107e\u0161 ih isklju\u010diti iz struje na 2-3 minuta.<\/li><li>Testiraj svoje kanale sa drugom mre\u017eom i na drugom ure\u0111aju (na primjer mobilnim sa mobilnom mre\u017eom u telefonu).<\/li><li>Pove\u0107aj buffer time na 5000ms u ure\u0111aju\/aplikaciji koju koristi\u0161.<\/li><li>Tra\u017ei isti stream\/me\u010d\/kanal u polju za pretragu aplikacije\/ure\u0111aja. Uvijek prikazujemo vi\u0161e streamova istog sadr\u017eaja tako da mo\u017ee\u0161 prona\u0107i barem jedan koji radi za tebe. <\/li><\/ol><div> <\/div><p>Ukratko, uvijek preporu\u010dujemo da restartuje\u0161 svoj ure\u0111aj, router i eventualno opti\u010dki pretvara\u010d\/opti\u010dku kutiju ako ima\u0161 takvu. Ako si ih isklju\u010dio iz struje na minutu ali problem i dalje postoji nakon pokretanja, trebao bi testirati sa drugom mre\u017eom, na primjer mobilnom mre\u017eom. Mo\u017ee\u0161 tada privremeno testirati kanale u mobilnom i vidjeti da li se isti problem javlja, \u0161to naravno zahtijeva da se nalazi\u0161 na mjestu gdje ima\u0161 dobru konekciju na svojoj mobilnoj mre\u017ei.  <\/p>\t\t\t\t\t\t\t\t<\/div>\n\t\t\t\t<\/div>\n\t\t\t\t\t<\/div>\n\t\t<\/div>\n\t\t\t\t\t<\/div>\n\t\t<\/section>\n\t\t\t\t<section class=\"elementor-section elementor-top-section elementor-element elementor-element-10fccc0 elementor-section-boxed elementor-section-height-default elementor-section-height-default\" data-id=\"10fccc0\" data-element_type=\"section\" data-e-type=\"section\">\n\t\t\t\t\t\t<div class=\"elementor-container elementor-column-gap-default\">\n\t\t\t\t\t<div class=\"elementor-column elementor-col-100 elementor-top-column elementor-element elementor-element-c5c1c26\" data-id=\"c5c1c26\" data-element_type=\"column\" data-e-type=\"column\">\n\t\t\t<div class=\"elementor-widget-wrap elementor-element-populated\">\n\t\t\t\t\t\t<div class=\"elementor-element elementor-element-ad0ea67 elementor-widget elementor-widget-heading\" data-id=\"ad0ea67\" data-element_type=\"widget\" data-e-type=\"widget\" data-widget_type=\"heading.default\">\n\t\t\t\t<div class=\"elementor-widget-container\">\n\t\t\t\t\t<h3 class=\"elementor-heading-title elementor-size-default\">Za\u0161to moj ip-tv prekida?<\/h3>\t\t\t\t<\/div>\n\t\t\t\t<\/div>\n\t\t\t\t\t<\/div>\n\t\t<\/div>\n\t\t\t\t\t<\/div>\n\t\t<\/section>\n\t\t\t\t<section class=\"elementor-section elementor-top-section elementor-element elementor-element-9b1446d elementor-section-boxed elementor-section-height-default elementor-section-height-default\" data-id=\"9b1446d\" data-element_type=\"section\" data-e-type=\"section\">\n\t\t\t\t\t\t<div class=\"elementor-container elementor-column-gap-default\">\n\t\t\t\t\t<div class=\"elementor-column elementor-col-100 elementor-top-column elementor-element elementor-element-2c4cce3\" data-id=\"2c4cce3\" data-element_type=\"column\" data-e-type=\"column\">\n\t\t\t<div class=\"elementor-widget-wrap elementor-element-populated\">\n\t\t\t\t\t\t<div class=\"elementor-element elementor-element-936cda7 elementor-widget elementor-widget-text-editor\" data-id=\"936cda7\" data-element_type=\"widget\" data-e-type=\"widget\" data-widget_type=\"text-editor.default\">\n\t\t\t\t<div class=\"elementor-widget-container\">\n\t\t\t\t\t\t\t\t\t<p>Moj IPTV ne kaska kada se povezujem preko mobilnog.<\/p><p>Ako je to slu\u010daj, vrlo vjerovatno ima\u0161 probleme u svojoj ku\u0107noj mre\u017ei. Internet provajderi na\u017ealost \u010desto obe\u0107avaju vi\u0161e nego \u0161to isporu\u010duju i brzina \u010desto postaje ograni\u010dena kasno popodne kada vi\u0161e ljudi koristi mre\u017eu. <\/p>\t\t\t\t\t\t\t\t<\/div>\n\t\t\t\t<\/div>\n\t\t\t\t\t<\/div>\n\t\t<\/div>\n\t\t\t\t\t<\/div>\n\t\t<\/section>\n\t\t\t\t<section class=\"elementor-section elementor-top-section elementor-element elementor-element-eb9ee36 elementor-section-boxed elementor-section-height-default elementor-section-height-default\" data-id=\"eb9ee36\" data-element_type=\"section\" data-e-type=\"section\">\n\t\t\t\t\t\t<div class=\"elementor-container elementor-column-gap-default\">\n\t\t\t\t\t<div class=\"elementor-column elementor-col-100 elementor-top-column elementor-element elementor-element-91e08cf\" data-id=\"91e08cf\" data-element_type=\"column\" data-e-type=\"column\">\n\t\t\t<div class=\"elementor-widget-wrap elementor-element-populated\">\n\t\t\t\t\t\t<div class=\"elementor-element elementor-element-1901cbb elementor-widget elementor-widget-image\" data-id=\"1901cbb\" data-element_type=\"widget\" data-e-type=\"widget\" data-widget_type=\"image.default\">\n\t\t\t\t<div class=\"elementor-widget-container\">\n\t\t\t\t\t\t\t\t\t\t\t\t\t\t\t<img loading=\"lazy\" decoding=\"async\" width=\"734\" height=\"405\" src=\"https:\/\/iptvking.co\/wp-content\/uploads\/2019\/06\/free-trial-iptgv.jpg\" class=\"attachment-large size-large wp-image-38313\" alt=\"\" srcset=\"https:\/\/iptvking.co\/wp-content\/uploads\/2019\/06\/free-trial-iptgv.jpg 734w, https:\/\/iptvking.co\/wp-content\/uploads\/2019\/06\/free-trial-iptgv-600x331.jpg 600w, https:\/\/iptvking.co\/wp-content\/uploads\/2019\/06\/free-trial-iptgv-300x166.jpg 300w\" sizes=\"auto, (max-width: 734px) 100vw, 734px\" \/>\t\t\t\t\t\t\t\t\t\t\t\t\t\t\t<\/div>\n\t\t\t\t<\/div>\n\t\t\t\t<div class=\"elementor-element elementor-element-0537231 elementor-align-center elementor-widget elementor-widget-button\" data-id=\"0537231\" data-element_type=\"widget\" data-e-type=\"widget\" data-widget_type=\"button.default\">\n\t\t\t\t<div class=\"elementor-widget-container\">\n\t\t\t\t\t\t\t\t\t<div class=\"elementor-button-wrapper\">\n\t\t\t\t\t<a class=\"elementor-button elementor-button-link elementor-size-sm\" href=\"https:\/\/iptvking.co\/bs\/prodavnica\/\">\n\t\t\t\t\t\t<span class=\"elementor-button-content-wrapper\">\n\t\t\t\t\t\t\t\t\t<span class=\"elementor-button-text\">Besplatan test<\/span>\n\t\t\t\t\t<\/span>\n\t\t\t\t\t<\/a>\n\t\t\t\t<\/div>\n\t\t\t\t\t\t\t\t<\/div>\n\t\t\t\t<\/div>\n\t\t\t\t\t<\/div>\n\t\t<\/div>\n\t\t\t\t\t<\/div>\n\t\t<\/section>\n\t\t\t\t<\/div>\n\t\t","protected":false},"excerpt":{"rendered":"<p>Za\u0161to IPTV kaska? Da razumije\u0161 za\u0161to IPTV kaska, trebamo razumjeti kako IPTV funkcioni\u0161e. Kada se povezuje\u0161 na svoju IPTV uslugu, streamuje\u0161 na\u0161 sadr\u017eaj. Drugim rije\u010dima, povezuje\u0161 se na na\u0161 server, gdje automatski sa svojim korisni\u010dkim imenom i lozinkom dobiva\u0161 pristup na\u0161oj ponudi. Tvoj IPTV kaska zbog sljede\u0107ih razloga: Lo\u0161a konekcija Preoptere\u0107ena mre\u017ea u zgradi\/oblasti Neispravna [&hellip;]<\/p>\n","protected":false},"author":3,"featured_media":0,"parent":0,"menu_order":0,"comment_status":"closed","ping_status":"closed","template":"elementor_header_footer","meta":{"footnotes":""},"class_list":["post-38312","page","type-page","status-publish","hentry"],"acf":[],"yoast_head":"<!-- This site is optimized with the Yoast SEO plugin v26.9 - https:\/\/yoast.com\/product\/yoast-seo-wordpress\/ -->\n<title>Za\u0161to IPTV kaska? - Svensk IPTV<\/title>\n<meta name=\"description\" content=\"Za\u0161to IPTV kaska? Tvoj IPTV kaska zbog sljede\u0107ih razloga, pro\u010ditaj tekst ispod da vidi\u0161 razloge...\" \/>\n<meta name=\"robots\" content=\"index, follow, max-snippet:-1, max-image-preview:large, max-video-preview:-1\" \/>\n<link rel=\"canonical\" href=\"https:\/\/iptvking.co\/bs\/zasto-iptv-kaska\/\" \/>\n<meta property=\"og:locale\" content=\"bs_BA\" \/>\n<meta property=\"og:type\" content=\"article\" \/>\n<meta property=\"og:title\" content=\"Za\u0161to IPTV kaska? - Svensk IPTV\" \/>\n<meta property=\"og:description\" content=\"Za\u0161to IPTV kaska? Tvoj IPTV kaska zbog sljede\u0107ih razloga, pro\u010ditaj tekst ispod da vidi\u0161 razloge...\" \/>\n<meta property=\"og:url\" content=\"https:\/\/iptvking.co\/bs\/zasto-iptv-kaska\/\" \/>\n<meta property=\"og:site_name\" content=\"Svensk IPTV\" \/>\n<meta property=\"article:modified_time\" content=\"2025-12-08T10:08:30+00:00\" \/>\n<meta property=\"og:image\" content=\"https:\/\/iptvking.co\/wp-content\/uploads\/2019\/06\/free-trial-iptgv.jpg\" \/>\n\t<meta property=\"og:image:width\" content=\"734\" \/>\n\t<meta property=\"og:image:height\" content=\"405\" \/>\n\t<meta property=\"og:image:type\" content=\"image\/jpeg\" \/>\n<meta name=\"twitter:card\" content=\"summary_large_image\" \/>\n<meta name=\"twitter:label1\" content=\"Est. reading time\" \/>\n\t<meta name=\"twitter:data1\" content=\"2 minute\" \/>\n<script type=\"application\/ld+json\" class=\"yoast-schema-graph\">{\"@context\":\"https:\/\/schema.org\",\"@graph\":[{\"@type\":\"WebPage\",\"@id\":\"https:\/\/iptvking.co\/bs\/zasto-iptv-kaska\/\",\"url\":\"https:\/\/iptvking.co\/bs\/zasto-iptv-kaska\/\",\"name\":\"Za\u0161to IPTV kaska? - Svensk IPTV\",\"isPartOf\":{\"@id\":\"https:\/\/iptvking.co\/bs\/#website\"},\"primaryImageOfPage\":{\"@id\":\"https:\/\/iptvking.co\/bs\/zasto-iptv-kaska\/#primaryimage\"},\"image\":{\"@id\":\"https:\/\/iptvking.co\/bs\/zasto-iptv-kaska\/#primaryimage\"},\"thumbnailUrl\":\"https:\/\/iptvking.co\/wp-content\/uploads\/2019\/06\/free-trial-iptgv.jpg\",\"datePublished\":\"2024-07-05T10:19:49+00:00\",\"dateModified\":\"2025-12-08T10:08:30+00:00\",\"description\":\"Za\u0161to IPTV kaska? Tvoj IPTV kaska zbog sljede\u0107ih razloga, pro\u010ditaj tekst ispod da vidi\u0161 razloge...\",\"breadcrumb\":{\"@id\":\"https:\/\/iptvking.co\/bs\/zasto-iptv-kaska\/#breadcrumb\"},\"inLanguage\":\"bs-BA\",\"potentialAction\":[{\"@type\":\"ReadAction\",\"target\":[\"https:\/\/iptvking.co\/bs\/zasto-iptv-kaska\/\"]}]},{\"@type\":\"ImageObject\",\"inLanguage\":\"bs-BA\",\"@id\":\"https:\/\/iptvking.co\/bs\/zasto-iptv-kaska\/#primaryimage\",\"url\":\"https:\/\/iptvking.co\/wp-content\/uploads\/2019\/06\/free-trial-iptgv.jpg\",\"contentUrl\":\"https:\/\/iptvking.co\/wp-content\/uploads\/2019\/06\/free-trial-iptgv.jpg\"},{\"@type\":\"BreadcrumbList\",\"@id\":\"https:\/\/iptvking.co\/bs\/zasto-iptv-kaska\/#breadcrumb\",\"itemListElement\":[{\"@type\":\"ListItem\",\"position\":1,\"name\":\"Home\",\"item\":\"https:\/\/iptvking.co\/bs\/\"},{\"@type\":\"ListItem\",\"position\":2,\"name\":\"Za\u0161to IPTV kaska?\"}]},{\"@type\":\"WebSite\",\"@id\":\"https:\/\/iptvking.co\/bs\/#website\",\"url\":\"https:\/\/iptvking.co\/bs\/\",\"name\":\"IPTV King\",\"description\":\"B\u00e4st p\u00e5 Svensk IPTV!\",\"alternateName\":\"The King of IPTV!\",\"potentialAction\":[{\"@type\":\"SearchAction\",\"target\":{\"@type\":\"EntryPoint\",\"urlTemplate\":\"https:\/\/iptvking.co\/bs\/?s={search_term_string}\"},\"query-input\":{\"@type\":\"PropertyValueSpecification\",\"valueRequired\":true,\"valueName\":\"search_term_string\"}}],\"inLanguage\":\"bs-BA\"}]}<\/script>\n<!-- \/ Yoast SEO plugin. -->","yoast_head_json":{"title":"Za\u0161to IPTV kaska? - Svensk IPTV","description":"Za\u0161to IPTV kaska? Tvoj IPTV kaska zbog sljede\u0107ih razloga, pro\u010ditaj tekst ispod da vidi\u0161 razloge...","robots":{"index":"index","follow":"follow","max-snippet":"max-snippet:-1","max-image-preview":"max-image-preview:large","max-video-preview":"max-video-preview:-1"},"canonical":"https:\/\/iptvking.co\/bs\/zasto-iptv-kaska\/","og_locale":"bs_BA","og_type":"article","og_title":"Za\u0161to IPTV kaska? - Svensk IPTV","og_description":"Za\u0161to IPTV kaska? Tvoj IPTV kaska zbog sljede\u0107ih razloga, pro\u010ditaj tekst ispod da vidi\u0161 razloge...","og_url":"https:\/\/iptvking.co\/bs\/zasto-iptv-kaska\/","og_site_name":"Svensk IPTV","article_modified_time":"2025-12-08T10:08:30+00:00","og_image":[{"width":734,"height":405,"url":"https:\/\/iptvking.co\/wp-content\/uploads\/2019\/06\/free-trial-iptgv.jpg","type":"image\/jpeg"}],"twitter_card":"summary_large_image","twitter_misc":{"Est. reading time":"2 minute"},"schema":{"@context":"https:\/\/schema.org","@graph":[{"@type":"WebPage","@id":"https:\/\/iptvking.co\/bs\/zasto-iptv-kaska\/","url":"https:\/\/iptvking.co\/bs\/zasto-iptv-kaska\/","name":"Za\u0161to IPTV kaska? - Svensk IPTV","isPartOf":{"@id":"https:\/\/iptvking.co\/bs\/#website"},"primaryImageOfPage":{"@id":"https:\/\/iptvking.co\/bs\/zasto-iptv-kaska\/#primaryimage"},"image":{"@id":"https:\/\/iptvking.co\/bs\/zasto-iptv-kaska\/#primaryimage"},"thumbnailUrl":"https:\/\/iptvking.co\/wp-content\/uploads\/2019\/06\/free-trial-iptgv.jpg","datePublished":"2024-07-05T10:19:49+00:00","dateModified":"2025-12-08T10:08:30+00:00","description":"Za\u0161to IPTV kaska? Tvoj IPTV kaska zbog sljede\u0107ih razloga, pro\u010ditaj tekst ispod da vidi\u0161 razloge...","breadcrumb":{"@id":"https:\/\/iptvking.co\/bs\/zasto-iptv-kaska\/#breadcrumb"},"inLanguage":"bs-BA","potentialAction":[{"@type":"ReadAction","target":["https:\/\/iptvking.co\/bs\/zasto-iptv-kaska\/"]}]},{"@type":"ImageObject","inLanguage":"bs-BA","@id":"https:\/\/iptvking.co\/bs\/zasto-iptv-kaska\/#primaryimage","url":"https:\/\/iptvking.co\/wp-content\/uploads\/2019\/06\/free-trial-iptgv.jpg","contentUrl":"https:\/\/iptvking.co\/wp-content\/uploads\/2019\/06\/free-trial-iptgv.jpg"},{"@type":"BreadcrumbList","@id":"https:\/\/iptvking.co\/bs\/zasto-iptv-kaska\/#breadcrumb","itemListElement":[{"@type":"ListItem","position":1,"name":"Home","item":"https:\/\/iptvking.co\/bs\/"},{"@type":"ListItem","position":2,"name":"Za\u0161to IPTV kaska?"}]},{"@type":"WebSite","@id":"https:\/\/iptvking.co\/bs\/#website","url":"https:\/\/iptvking.co\/bs\/","name":"IPTV King","description":"B\u00e4st p\u00e5 Svensk IPTV!","alternateName":"The King of IPTV!","potentialAction":[{"@type":"SearchAction","target":{"@type":"EntryPoint","urlTemplate":"https:\/\/iptvking.co\/bs\/?s={search_term_string}"},"query-input":{"@type":"PropertyValueSpecification","valueRequired":true,"valueName":"search_term_string"}}],"inLanguage":"bs-BA"}]}},"_links":{"self":[{"href":"https:\/\/iptvking.co\/bs\/wp-json\/wp\/v2\/pages\/38312","targetHints":{"allow":["GET"]}}],"collection":[{"href":"https:\/\/iptvking.co\/bs\/wp-json\/wp\/v2\/pages"}],"about":[{"href":"https:\/\/iptvking.co\/bs\/wp-json\/wp\/v2\/types\/page"}],"author":[{"embeddable":true,"href":"https:\/\/iptvking.co\/bs\/wp-json\/wp\/v2\/users\/3"}],"replies":[{"embeddable":true,"href":"https:\/\/iptvking.co\/bs\/wp-json\/wp\/v2\/comments?post=38312"}],"version-history":[{"count":1,"href":"https:\/\/iptvking.co\/bs\/wp-json\/wp\/v2\/pages\/38312\/revisions"}],"predecessor-version":[{"id":38314,"href":"https:\/\/iptvking.co\/bs\/wp-json\/wp\/v2\/pages\/38312\/revisions\/38314"}],"wp:attachment":[{"href":"https:\/\/iptvking.co\/bs\/wp-json\/wp\/v2\/media?parent=38312"}],"curies":[{"name":"wp","href":"https:\/\/api.w.org\/{rel}","templated":true}]}}